{"id":581,"date":"2015-04-27T13:16:13","date_gmt":"2015-04-27T11:16:13","guid":{"rendered":"http:\/\/alliancefr.se\/orebro4\/automne-2013-2\/"},"modified":"2024-01-30T11:27:05","modified_gmt":"2024-01-30T10:27:05","slug":"automne-2013-2","status":"publish","type":"page","link":"https:\/\/alliancefr.se\/orebro\/automne-2013-2\/","title":{"rendered":"Archives Programme d&rsquo;automne 2013"},"content":{"rendered":"\t\t<div data-elementor-type=\"wp-page\" data-elementor-id=\"581\" class=\"elementor elementor-581\">\n\t\t\t\t\t\t<section class=\"elementor-section elementor-top-section elementor-element elementor-element-5ecb3b83 elementor-section-boxed elementor-section-height-default elementor-section-height-default\" data-id=\"5ecb3b83\" data-element_type=\"section\">\n\t\t\t\t\t\t<div class=\"elementor-container elementor-column-gap-default\">\n\t\t\t\t\t<div class=\"elementor-column elementor-col-100 elementor-top-column elementor-element elementor-element-4460a266\" data-id=\"4460a266\" data-element_type=\"column\">\n\t\t\t<div class=\"elementor-widget-wrap elementor-element-populated\">\n\t\t\t\t\t\t<div class=\"elementor-element elementor-element-58dcecf5 elementor-widget elementor-widget-text-editor\" data-id=\"58dcecf5\" data-element_type=\"widget\" data-widget_type=\"text-editor.default\">\n\t\t\t\t<div class=\"elementor-widget-container\">\n\t\t\t\t\t\t\t\t\t<h3 style=\"text-align: center;\">\u00ab\u00a0Retombons en enfance, c&rsquo;est l&rsquo;heure du go\u00fbter !\u00a0\u00bb<\/h3><p><a href=\"https:\/\/alliancefr.se\/orebro\/wp-content\/uploads\/sites\/5\/2015\/04\/Boulangerie.jpg\"><img decoding=\"async\" class=\"size-full wp-image-618 alignleft\" src=\"https:\/\/alliancefr.se\/orebro\/wp-content\/uploads\/sites\/5\/2015\/04\/Boulangerie.jpg\" alt=\"boulangerie avec des p\u00e2tisseries fran\u00e7aises\" width=\"300\" height=\"142\" \/><\/a>Soir\u00e9e Cuisine anim\u00e9e par Thomas Wild\u00a0 &amp; Elodie Ponsot.<\/p><p>Rejoignez-nous dans une ambiance go\u00fbter-sortie d&rsquo;\u00e9cole ! Venez (re)d\u00e9couvrir avec nous cet incontournable appr\u00e9ci\u00e9 des petits comme des grands et\u00a0 pr\u00e9parer, d\u00e9guster croissants, marbr\u00e9 au chocolat, petits sabl\u00e9s, chouquettes, etc&#8230;<\/p><p>\u00a0<\/p><p>\u00a0<\/p><p><em>Mercredi 11 D\u00e9cembre \u00e0 18h30 (dur\u00e9e de la soir\u00e9e: au moins 2 heures)<\/em><br \/><em>Medborgarskolan, Storgatan 18. En collaboration avec Medborgarskolan, \u00d6rebro.<\/em><\/p><p>Merci de pr\u00e9voir une participation de 40 kr.\/pers pour les <span style=\"text-decoration: underline;\">non<\/span>-membres<\/p><p>\u00a0<\/p><h3 style=\"text-align: center;\">\u00ab\u00a0Lyon, sortie des eaux\u00a0\u00bb<\/h3><p><a href=\"https:\/\/alliancefr.se\/orebro\/wp-content\/uploads\/sites\/5\/2015\/04\/Lyon.jpg\"><img decoding=\"async\" class=\"size-full wp-image-619 alignleft\" src=\"https:\/\/alliancefr.se\/orebro\/wp-content\/uploads\/sites\/5\/2015\/04\/Lyon.jpg\" alt=\"Ville de Lyon en France\" width=\"300\" height=\"165\" \/><\/a>Conf\u00e9rence en fran\u00e7ais par Michel Barbier<\/p><p><em>Jeudi 28 Novembre \u00e0 19h00.<\/em><br \/><em>Startcentrum, Rudbecksgatan 26.<\/em><br \/><em>En collaboration avec LMS.<\/em><\/p><p>\u00a0<\/p><h3 style=\"text-align: center;\">\u00a0<\/h3><h3 style=\"text-align: center;\">\u00ab\u00a0La Francophonie, une bataille entre fran\u00e7ais et anglais ?\u00a0\u00bb<\/h3><p><a href=\"https:\/\/alliancefr.se\/orebro\/wp-content\/uploads\/sites\/5\/2023\/09\/Ambassade_de_France_en_Suede-LOGO.png\"><img fetchpriority=\"high\" decoding=\"async\" class=\"size-medium wp-image-9714 alignleft\" src=\"https:\/\/alliancefr.se\/orebro\/wp-content\/uploads\/sites\/5\/2023\/09\/Ambassade_de_France_en_Suede-LOGO-300x201.png\" alt=\"\" width=\"300\" height=\"201\" \/><\/a>Conf\u00e9rence en fran\u00e7ais par M. Pierre Labbe, Conseiller de Coop\u00e9ration et d&rsquo;Action Culturelle \u00e0 l&rsquo;Ambassade de France.<\/p><p><em>Mardi 15 Octobre \u00e0 18h30.<\/em><br \/><em>Startcentrum, Rudbecksgatan 26.<\/em><\/p><p>\u00a0<\/p><p>\u00a0<\/p><p>\u00a0<\/p><h3 style=\"text-align: center;\">\u00a0<\/h3><h3 style=\"text-align: center;\">\u00ab\u00a0Serge Gainsbourg, vie h\u00e9ro\u00efque\u00a0\u00bb<\/h3><p><a href=\"https:\/\/alliancefr.se\/orebro\/wp-content\/uploads\/sites\/5\/2015\/04\/serge-gainsbourg-vie-heroique-2009.jpg\"><img loading=\"lazy\" decoding=\"async\" class=\"size-medium wp-image-621 alignleft\" src=\"https:\/\/alliancefr.se\/orebro\/wp-content\/uploads\/sites\/5\/2015\/04\/serge-gainsbourg-vie-heroique-2009-250x300.jpg\" alt=\"Affiche du film fran\u00e7ais sur Serge Gainsbourg\" width=\"250\" height=\"300\" \/><\/a>Soir\u00e9e musique et cin\u00e9ma en fran\u00e7ais anim\u00e9e par Elodie Ponsot<\/p><p>Ce soir, rencontre avec un monument de la culture musicale contemporaine fran\u00e7aise et avec une \u0153uvre cin\u00e9matographique laur\u00e9ate de 7 r\u00e9compenses dont 3 C\u00e9sars et nomin\u00e9e 5 fois lors de la 36\u00e8me \u00e9dition des C\u00e9sars (2011): Serge Gainsbourg, vie h\u00e9ro\u00efque<\/p><p>Le film retrace la vie de Gainsbourg, du jeune Lucien Gainsbourg dans le Paris occup\u00e9 des ann\u00e9es 1940, jusqu&rsquo;au po\u00e8te, compositeur et chanteur c\u00e9l\u00e9br\u00e9 dans le monde entier.<\/p><p>Le film explore son itin\u00e9raire artistique, du jeune homme \u00e9pris de peinture \u00e0 la cons\u00e9cration de sa musique dont l&rsquo;avant-gardisme en a fait une v\u00e9ritable ic\u00f4ne de la culture fran\u00e7aise. Mais aussi la complexit\u00e9 de sa vie adulte \u00e0 travers ses amours tumultueuses.<\/p><p><em>Lundi 23 Septembre \u00e0 18h30 (dur\u00e9e de la soir\u00e9e: au moins 2 heures)<\/em><br \/><em>Startcentrum, Rudbecksgatan 26.<\/em><\/p><p>\u00a0<\/p>\t\t\t\t\t\t\t\t<\/div>\n\t\t\t\t<\/div>\n\t\t\t\t\t<\/div>\n\t\t<\/div>\n\t\t\t\t\t<\/div>\n\t\t<\/section>\n\t\t\t\t<\/div>\n\t\t","protected":false},"excerpt":{"rendered":"<p>\u00ab\u00a0Retombons en enfance, c&rsquo;est l&rsquo;heure du go\u00fbter !\u00a0\u00bb Soir\u00e9e Cuisine anim\u00e9e par Thomas Wild\u00a0 &amp; Elodie Ponsot. Rejoignez-nous dans une ambiance go\u00fbter-sortie d&rsquo;\u00e9cole ! Venez (re)d\u00e9couvrir avec nous cet incontournable appr\u00e9ci\u00e9 des petits comme des grands et\u00a0 pr\u00e9parer, d\u00e9guster croissants, marbr\u00e9 au chocolat, petits sabl\u00e9s, chouquettes, etc&#8230; \u00a0 \u00a0 Mercredi 11 D\u00e9cembre \u00e0 18h30 (dur\u00e9e de la soir\u00e9e: au moins 2 heures)Medborgarskolan, Storgatan 18. En collaboration avec Medborgarskolan, \u00d6rebro. Merci de pr\u00e9voir une participation de 40 kr.\/pers pour les non-membres \u00a0 \u00ab\u00a0Lyon, sortie des eaux\u00a0\u00bb Conf\u00e9rence en fran\u00e7ais par Michel Barbier Jeudi 28 Novembre \u00e0 19h00.Startcentrum, Rudbecksgatan 26.En collaboration avec LMS. \u00a0 \u00a0 \u00ab\u00a0La Francophonie, une bataille entre fran\u00e7ais et anglais ?\u00a0\u00bb Conf\u00e9rence en fran\u00e7ais par M. Pierre Labbe, Conseiller de Coop\u00e9ration et d&rsquo;Action Culturelle \u00e0 l&rsquo;Ambassade de France. Mardi 15 Octobre \u00e0 18h30.Startcentrum, Rudbecksgatan 26. \u00a0 \u00a0 \u00a0 \u00a0 \u00ab\u00a0Serge Gainsbourg, vie h\u00e9ro\u00efque\u00a0\u00bb Soir\u00e9e musique et cin\u00e9ma en fran\u00e7ais anim\u00e9e par Elodie Ponsot Ce soir, rencontre avec un monument de la culture musicale contemporaine fran\u00e7aise et avec une \u0153uvre cin\u00e9matographique laur\u00e9ate de 7 r\u00e9compenses dont 3 C\u00e9sars et nomin\u00e9e 5 fois lors de la 36\u00e8me \u00e9dition des C\u00e9sars (2011): Serge Gainsbourg, vie h\u00e9ro\u00efque Le film retrace la vie de Gainsbourg, du jeune Lucien Gainsbourg dans le Paris occup\u00e9 des ann\u00e9es 1940, jusqu&rsquo;au po\u00e8te, compositeur et chanteur c\u00e9l\u00e9br\u00e9 dans le monde entier. Le film explore son itin\u00e9raire artistique, du jeune homme \u00e9pris de peinture \u00e0 la cons\u00e9cration de sa musique dont l&rsquo;avant-gardisme en a fait une v\u00e9ritable ic\u00f4ne de la culture fran\u00e7aise. Mais aussi la complexit\u00e9 de sa vie adulte \u00e0 travers ses amours tumultueuses. Lundi 23 Septembre \u00e0 18h30 (dur\u00e9e de la soir\u00e9e: au moins 2 heures)Startcentrum, Rudbecksgatan 26. \u00a0<\/p>\n","protected":false},"author":1,"featured_media":0,"parent":0,"menu_order":0,"comment_status":"closed","ping_status":"closed","template":"","meta":{"om_disable_all_campaigns":false,"_monsterinsights_skip_tracking":false,"_monsterinsights_sitenote_active":false,"_monsterinsights_sitenote_note":"","_monsterinsights_sitenote_category":0,"_uf_show_specific_survey":0,"_uf_disable_surveys":false,"footnotes":""},"class_list":["post-581","page","type-page","status-publish","hentry"],"aioseo_notices":[],"rttpg_featured_image_url":null,"rttpg_author":{"display_name":"Super.admin","author_link":"https:\/\/alliancefr.se\/orebro\/author\/admin2174\/"},"rttpg_comment":0,"rttpg_category":" <a href=\"https:\/\/alliancefr.se\/orebro\/\" rel=\"tag\">Fran\u00e7ais<\/a>","rttpg_excerpt":"\u00ab\u00a0Retombons en enfance, c&rsquo;est l&rsquo;heure du go\u00fbter !\u00a0\u00bb Soir\u00e9e Cuisine anim\u00e9e par Thomas Wild\u00a0 &amp; Elodie Ponsot. Rejoignez-nous dans une ambiance go\u00fbter-sortie d&rsquo;\u00e9cole ! Venez (re)d\u00e9couvrir avec nous cet incontournable appr\u00e9ci\u00e9 des petits comme des grands et\u00a0 pr\u00e9parer, d\u00e9guster croissants, marbr\u00e9 au chocolat, petits sabl\u00e9s, chouquettes, etc&#8230; \u00a0 \u00a0 Mercredi 11 D\u00e9cembre \u00e0 18h30 (dur\u00e9e\u2026","_links":{"self":[{"href":"https:\/\/alliancefr.se\/orebro\/wp-json\/wp\/v2\/pages\/581","targetHints":{"allow":["GET"]}}],"collection":[{"href":"https:\/\/alliancefr.se\/orebro\/wp-json\/wp\/v2\/pages"}],"about":[{"href":"https:\/\/alliancefr.se\/orebro\/wp-json\/wp\/v2\/types\/page"}],"author":[{"embeddable":true,"href":"https:\/\/alliancefr.se\/orebro\/wp-json\/wp\/v2\/users\/1"}],"replies":[{"embeddable":true,"href":"https:\/\/alliancefr.se\/orebro\/wp-json\/wp\/v2\/comments?post=581"}],"version-history":[{"count":4,"href":"https:\/\/alliancefr.se\/orebro\/wp-json\/wp\/v2\/pages\/581\/revisions"}],"predecessor-version":[{"id":11146,"href":"https:\/\/alliancefr.se\/orebro\/wp-json\/wp\/v2\/pages\/581\/revisions\/11146"}],"wp:attachment":[{"href":"https:\/\/alliancefr.se\/orebro\/wp-json\/wp\/v2\/media?parent=581"}],"curies":[{"name":"wp","href":"https:\/\/api.w.org\/{rel}","templated":true}]}}