{"id":578,"date":"2015-04-27T13:12:42","date_gmt":"2015-04-27T11:12:42","guid":{"rendered":"http:\/\/alliancefr.se\/orebro4\/printemps-2014-2\/"},"modified":"2024-01-30T11:19:31","modified_gmt":"2024-01-30T10:19:31","slug":"printemps-2014-2","status":"publish","type":"page","link":"https:\/\/alliancefr.se\/orebro\/printemps-2014-2\/","title":{"rendered":"Archives Programme de printemps 2014"},"content":{"rendered":"\t\t<div data-elementor-type=\"wp-page\" data-elementor-id=\"578\" class=\"elementor elementor-578\">\n\t\t\t\t\t\t<section class=\"elementor-section elementor-top-section elementor-element elementor-element-aac8f2f elementor-section-boxed elementor-section-height-default elementor-section-height-default\" data-id=\"aac8f2f\" data-element_type=\"section\">\n\t\t\t\t\t\t<div class=\"elementor-container elementor-column-gap-default\">\n\t\t\t\t\t<div class=\"elementor-column elementor-col-100 elementor-top-column elementor-element elementor-element-55e6ba24\" data-id=\"55e6ba24\" data-element_type=\"column\">\n\t\t\t<div class=\"elementor-widget-wrap elementor-element-populated\">\n\t\t\t\t\t\t<div class=\"elementor-element elementor-element-6b8a304f elementor-widget elementor-widget-text-editor\" data-id=\"6b8a304f\" data-element_type=\"widget\" data-widget_type=\"text-editor.default\">\n\t\t\t\t<div class=\"elementor-widget-container\">\n\t\t\t\t\t\t\t\t\t<h3 style=\"text-align: center;\">\u00ab\u00a0Les \u00e9lections europ\u00e9ennes &#8211; d\u00e9cryptage\u00a0\u00bb<\/h3><p><a href=\"https:\/\/alliancefr.se\/orebro\/wp-content\/uploads\/sites\/5\/2015\/04\/drapeau-EU.jpg\"><img fetchpriority=\"high\" decoding=\"async\" class=\"size-full wp-image-607 alignleft\" src=\"https:\/\/alliancefr.se\/orebro\/wp-content\/uploads\/sites\/5\/2015\/04\/drapeau-EU.jpg\" alt=\"\" width=\"300\" height=\"204\" \/><\/a>Conf\u00e9rence en fran\u00e7ais par Claire Sandevoir, en collaboration avec l&rsquo; Ambassade de France en Su\u00e8de. Claire Sandevoir nous fera partager sa passion pour les \u00e9lections europ\u00e9ennes, son expertise sur le sujet mais aussi sa propre analyse quelques jours seulement apr\u00e8s les \u00e9lections de mai 2014. <em>Lundi 2 Juin \u00e0 19h00<\/em> <em> Startcentrum, Rudbecksgatan 26.<\/em><\/p><h3 style=\"text-align: center;\">\u00a0<\/h3><h3 style=\"text-align: center;\">Soir\u00e9e fran\u00e7aise en Su\u00e9dois<\/h3><p><a href=\"https:\/\/alliancefr.se\/orebro\/wp-content\/uploads\/sites\/5\/2015\/04\/logo-svenskastudenthemmet.gif\"><img decoding=\"async\" class=\"size-medium wp-image-610 alignleft\" src=\"https:\/\/alliancefr.se\/orebro\/wp-content\/uploads\/sites\/5\/2015\/04\/logo-svenskastudenthemmet-300x67.gif\" alt=\"Logo de la Maison des Etudiants Su\u00e9dois\" width=\"300\" height=\"67\" \/><\/a>&#8211; Chansons fran\u00e7aises, par H\u00e9l\u00e8ne Nevers et Tommy Nilsson (accompagnateur) &#8211; La Maison des Etudiants Su\u00e9dois \u00e0 Paris, une maison des \u00e9tudiants avec des origines royales, par fil.dr. Vivianne Lennartsson directrice de la Maison des \u00e9tudiants Su\u00e9dois de 2004 \u00e0 2012. \u00a0 -Fromages fran\u00e7ais Nous d\u00e9gusterons ensuite 5 fromages fran\u00e7ais avec du pain et des accompagnements. Ces fromages nous seront pr\u00e9sent\u00e9s par notre cher commissaire aux comptes Ulf Ludvigsson, propri\u00e9taire de Madame Nature \u00e0 Askersund. Vous pouvez si vous le souhaitez acheter un verre de vin sur place. Prix pour la soir\u00e9e : 250 kr par personne, inscription au plus tard le mercredi 26 mars <em>Jeudi 3 avril \u00e0 18h00<\/em> <em>Nikolai F\u00f6rsamlingshem, Vasagatan 14 En collaboration avec Bernadottesamfundet<\/em><\/p><h3 style=\"text-align: center;\">\u00a0<\/h3><h3 style=\"text-align: center;\">L\u2019\u00eele de P\u00e2ques<\/h3><p><a href=\"https:\/\/alliancefr.se\/orebro\/wp-content\/uploads\/sites\/5\/2015\/04\/IdP-pict.jpg\"><img decoding=\"async\" class=\"size-full wp-image-611 alignleft\" src=\"https:\/\/alliancefr.se\/orebro\/wp-content\/uploads\/sites\/5\/2015\/04\/IdP-pict.jpg\" alt=\"Photo \u00eele de p\u00e2ques\" width=\"300\" height=\"131\" \/><\/a>Conf\u00e9rence en fran\u00e7ais par Thomas Wild <em>Jeudi 13 mars \u00e0 19h00.<\/em> <em> Startcentrum, Rudbecksgatan 26.<\/em> <em> En collaboration avec LMS.<\/em> \u00a0<\/p><h3 style=\"text-align: center;\">\u00a0<\/h3><h3 style=\"text-align: center;\">\u00ab\u00a0L&rsquo;art en France-Quoi de neuf ?\u00a0\u00bb<\/h3><p><a href=\"https:\/\/alliancefr.se\/orebro\/wp-content\/uploads\/sites\/5\/2015\/04\/Konsthall-logo-montage.jpg\"><img loading=\"lazy\" decoding=\"async\" class=\"size-full wp-image-612 alignleft\" src=\"https:\/\/alliancefr.se\/orebro\/wp-content\/uploads\/sites\/5\/2015\/04\/Konsthall-logo-montage.jpg\" alt=\"Le konsthall et son logo \u00e0 \u00d6rebro, Su\u00e8de\" width=\"300\" height=\"252\" \/><\/a>Conf\u00e9rence en fran\u00e7ais par Anna-Karin Wulgu\u00e9, directrice d&rsquo;\u00d6rebro Konsthall. <em>Mercredi 12 F\u00e9vrier \u00e0 19h00 <\/em> <em> \u00d6rebro Konsthall, Olaigatan 17B. <\/em> <em> En collaboration avec \u00d6BKHL<\/em><\/p><p style=\"text-align: center;\">\u00a0<\/p>\t\t\t\t\t\t\t\t<\/div>\n\t\t\t\t<\/div>\n\t\t\t\t\t<\/div>\n\t\t<\/div>\n\t\t\t\t\t<\/div>\n\t\t<\/section>\n\t\t\t\t<\/div>\n\t\t","protected":false},"excerpt":{"rendered":"<p>\u00ab\u00a0Les \u00e9lections europ\u00e9ennes &#8211; d\u00e9cryptage\u00a0\u00bb Conf\u00e9rence en fran\u00e7ais par Claire Sandevoir, en collaboration avec l&rsquo; Ambassade de France en Su\u00e8de. Claire Sandevoir nous fera partager sa passion pour les \u00e9lections europ\u00e9ennes, son expertise sur le sujet mais aussi sa propre analyse quelques jours seulement apr\u00e8s les \u00e9lections de mai 2014. Lundi 2 Juin \u00e0 19h00 Startcentrum, Rudbecksgatan 26. \u00a0 Soir\u00e9e fran\u00e7aise en Su\u00e9dois &#8211; Chansons fran\u00e7aises, par H\u00e9l\u00e8ne Nevers et Tommy Nilsson (accompagnateur) &#8211; La Maison des Etudiants Su\u00e9dois \u00e0 Paris, une maison des \u00e9tudiants avec des origines royales, par fil.dr. Vivianne Lennartsson directrice de la Maison des \u00e9tudiants Su\u00e9dois de 2004 \u00e0 2012. \u00a0 -Fromages fran\u00e7ais Nous d\u00e9gusterons ensuite 5 fromages fran\u00e7ais avec du pain et des accompagnements. Ces fromages nous seront pr\u00e9sent\u00e9s par notre cher commissaire aux comptes Ulf Ludvigsson, propri\u00e9taire de Madame Nature \u00e0 Askersund. Vous pouvez si vous le souhaitez acheter un verre de vin sur place. Prix pour la soir\u00e9e : 250 kr par personne, inscription au plus tard le mercredi 26 mars Jeudi 3 avril \u00e0 18h00 Nikolai F\u00f6rsamlingshem, Vasagatan 14 En collaboration avec Bernadottesamfundet \u00a0 L\u2019\u00eele de P\u00e2ques Conf\u00e9rence en fran\u00e7ais par Thomas Wild Jeudi 13 mars \u00e0 19h00. Startcentrum, Rudbecksgatan 26. En collaboration avec LMS. \u00a0 \u00a0 \u00ab\u00a0L&rsquo;art en France-Quoi de neuf ?\u00a0\u00bb Conf\u00e9rence en fran\u00e7ais par Anna-Karin Wulgu\u00e9, directrice d&rsquo;\u00d6rebro Konsthall. Mercredi 12 F\u00e9vrier \u00e0 19h00 \u00d6rebro Konsthall, Olaigatan 17B. En collaboration avec \u00d6BKHL \u00a0<\/p>\n","protected":false},"author":1,"featured_media":0,"parent":0,"menu_order":0,"comment_status":"closed","ping_status":"closed","template":"","meta":{"om_disable_all_campaigns":false,"_monsterinsights_skip_tracking":false,"_monsterinsights_sitenote_active":false,"_monsterinsights_sitenote_note":"","_monsterinsights_sitenote_category":0,"_uf_show_specific_survey":0,"_uf_disable_surveys":false,"footnotes":""},"class_list":["post-578","page","type-page","status-publish","hentry"],"aioseo_notices":[],"rttpg_featured_image_url":null,"rttpg_author":{"display_name":"Super.admin","author_link":"https:\/\/alliancefr.se\/orebro\/author\/admin2174\/"},"rttpg_comment":0,"rttpg_category":" <a href=\"https:\/\/alliancefr.se\/orebro\/\" rel=\"tag\">Fran\u00e7ais<\/a>","rttpg_excerpt":"\u00ab\u00a0Les \u00e9lections europ\u00e9ennes &#8211; d\u00e9cryptage\u00a0\u00bb Conf\u00e9rence en fran\u00e7ais par Claire Sandevoir, en collaboration avec l&rsquo; Ambassade de France en Su\u00e8de. Claire Sandevoir nous fera partager sa passion pour les \u00e9lections europ\u00e9ennes, son expertise sur le sujet mais aussi sa propre analyse quelques jours seulement apr\u00e8s les \u00e9lections de mai 2014. Lundi 2 Juin \u00e0 19h00\u2026","_links":{"self":[{"href":"https:\/\/alliancefr.se\/orebro\/wp-json\/wp\/v2\/pages\/578","targetHints":{"allow":["GET"]}}],"collection":[{"href":"https:\/\/alliancefr.se\/orebro\/wp-json\/wp\/v2\/pages"}],"about":[{"href":"https:\/\/alliancefr.se\/orebro\/wp-json\/wp\/v2\/types\/page"}],"author":[{"embeddable":true,"href":"https:\/\/alliancefr.se\/orebro\/wp-json\/wp\/v2\/users\/1"}],"replies":[{"embeddable":true,"href":"https:\/\/alliancefr.se\/orebro\/wp-json\/wp\/v2\/comments?post=578"}],"version-history":[{"count":4,"href":"https:\/\/alliancefr.se\/orebro\/wp-json\/wp\/v2\/pages\/578\/revisions"}],"predecessor-version":[{"id":11142,"href":"https:\/\/alliancefr.se\/orebro\/wp-json\/wp\/v2\/pages\/578\/revisions\/11142"}],"wp:attachment":[{"href":"https:\/\/alliancefr.se\/orebro\/wp-json\/wp\/v2\/media?parent=578"}],"curies":[{"name":"wp","href":"https:\/\/api.w.org\/{rel}","templated":true}]}}