{"id":472,"date":"2015-04-27T09:29:28","date_gmt":"2015-04-27T07:29:28","guid":{"rendered":"http:\/\/alliancefr.se\/orebro4\/programme-dautomne-2014\/"},"modified":"2024-01-29T14:41:44","modified_gmt":"2024-01-29T13:41:44","slug":"programme-dautomne-2014","status":"publish","type":"page","link":"https:\/\/alliancefr.se\/orebro\/programme-dautomne-2014\/","title":{"rendered":"Archives Programme d&rsquo;automne 2014"},"content":{"rendered":"\t\t<div data-elementor-type=\"wp-page\" data-elementor-id=\"472\" class=\"elementor elementor-472\">\n\t\t\t\t\t\t<section class=\"elementor-section elementor-top-section elementor-element elementor-element-7bb1ff92 elementor-section-boxed elementor-section-height-default elementor-section-height-default\" data-id=\"7bb1ff92\" data-element_type=\"section\">\n\t\t\t\t\t\t<div class=\"elementor-container elementor-column-gap-default\">\n\t\t\t\t\t<div class=\"elementor-column elementor-col-100 elementor-top-column elementor-element elementor-element-5d6f60db\" data-id=\"5d6f60db\" data-element_type=\"column\">\n\t\t\t<div class=\"elementor-widget-wrap elementor-element-populated\">\n\t\t\t\t\t\t<div class=\"elementor-element elementor-element-2db1748a elementor-widget elementor-widget-text-editor\" data-id=\"2db1748a\" data-element_type=\"widget\" data-widget_type=\"text-editor.default\">\n\t\t\t\t<div class=\"elementor-widget-container\">\n\t\t\t\t\t\t\t\t\t<h3 style=\"text-align: center;\">\u00ab\u00a0La Normandie, terre de conqu\u00e9rants, des vikings aux alli\u00e9s\u00a0\u00bb<\/h3><p><img fetchpriority=\"high\" decoding=\"async\" class=\"size-medium wp-image-473 alignleft\" src=\"https:\/\/alliancefr.se\/orebro\/wp-content\/uploads\/sites\/5\/2015\/04\/Normandie-300x225.jpg\" alt=\"la Normandie r\u00e9gion fran\u00e7aise li\u00e9e \u00e0 la Su\u00e8de\" width=\"300\" height=\"225\" \/><\/p><p>Conf\u00e9rence en fran\u00e7ais et en su\u00e9dois avec d\u00e9gustation de produits r\u00e9gionaux, par Hugues (pr\u00e9sident) &amp; Agneta Combes de l&rsquo;Alliance Fran\u00e7aise d&rsquo;Halmstad.<\/p><p>Soir\u00e9e ouverte au public (membres et non-membres). D\u00e9gustation: 50 kr (+boissons : 20 kr.)<\/p><p><em>Vendredi 5 D\u00e9cembre \u00e0 19h00. Medborgarskolan, Storgatan 18.<\/em><br \/><em>En collaboration avec Medborgarskolan.<\/em><\/p><h3 style=\"text-align: center;\">\u00ab\u00a0Les guignols de l&rsquo;info, le comique satirique \u00e0 la fran\u00e7aise\u00a0\u00bb<\/h3><p><img decoding=\"async\" class=\"size-full wp-image-474 alignleft\" src=\"https:\/\/alliancefr.se\/orebro\/wp-content\/uploads\/sites\/5\/2015\/04\/guignols.jpg\" alt=\"Les guignols de l'info\" width=\"300\" height=\"300\" \/><\/p><p>Conf\u00e9rence en fran\u00e7ais par Pascal Rebreyend Pr\u00e9sident de l&rsquo;Alliance Fran\u00e7aise de Falun.<\/p><p>Depuis 26 ans, chaque soir \u00e0 la t\u00e9l\u00e9vision, des marionnettes parodient le journal t\u00e9l\u00e9vis\u00e9 et les acteurs de l&rsquo;actualit\u00e9. Derri\u00e8re ces caricatures se cache un ph\u00e9nom\u00e8ne de soci\u00e9t\u00e9 qui sera la source de beaucoup d&rsquo;expressions et de mots entr\u00e9s dans le langage courant comme le verbe zlataner. Avec des extraits de cette \u00e9mission, nous retracerons l&rsquo;histoire de cette \u00e9mission et nous \u00e9voquerons les grands d\u00e9bats qui furent soulev\u00e9s par ce genre d&rsquo;humour.<\/p><p><em>Mercredi 19 Novembre kl. 18.30<\/em><br \/><em> Startcentrum, Rudbecksgatan 26.<\/em><\/p><h3 style=\"text-align: center;\">Soir\u00e9e Cin\u00e9ma en fran\u00e7ais<\/h3><p><img decoding=\"async\" class=\"size-medium wp-image-476 alignleft\" src=\"https:\/\/alliancefr.se\/orebro\/wp-content\/uploads\/sites\/5\/2015\/04\/Belle-et-Sebastien-225x300.jpg\" alt=\"Affiche du film Belle et Sebastien\" width=\"225\" height=\"300\" \/><\/p><p>La c\u00e9l\u00e8bre s\u00e9rie, qui a captiv\u00e9 plusieurs g\u00e9n\u00e9rations d&rsquo;enfants en 1965, lors de sa premi\u00e8re diffusion \u00e0 la t\u00e9l\u00e9vision, et pendant plusieurs ann\u00e9es a \u00e9t\u00e9 revisit\u00e9e avec talent au cin\u00e9ma en 2013.<\/p><p>La rencontre d&rsquo;un enfant solitaire et d&rsquo;un chien sauvage, Belle. C&rsquo;est l&rsquo;aventure d&rsquo;une amiti\u00e9 ind\u00e9fectible. C&rsquo;est le r\u00e9cit extraordinaire d&rsquo;un enfant d\u00e9brouillard et attendrissant au c\u0153ur de la Seconde Guerre mondiale.\u00a0 C&rsquo;est l&rsquo;histoire un petit gar\u00e7on \u00e0 la recherche de sa m\u00e8re, d&rsquo;un vieil homme \u00e0 la recherche de son pass\u00e9, d&rsquo;un r\u00e9sistant \u00e0 la recherche de l&rsquo;amour, d&rsquo;une jeune femme en qu\u00eate d&rsquo;aventures, d&rsquo;un lieutenant allemand \u00e0 la recherche du pardon.<\/p><p><em>Vendredi 17 Octobre \u00e0 18h30 <\/em><br \/><em> Startcentrum, Rudbecksgatan 26.<\/em><\/p><h3 style=\"text-align: center;\">\u00a0<\/h3><h3 style=\"text-align: center;\">D\u00eener convivial<\/h3><p>Une occasion de nous retrouver apr\u00e8s la pause de l&rsquo;\u00e9t\u00e9 ainsi que de discuter de nos projets et activit\u00e9s pr\u00e9vus pour 2015.<\/p><p>Soir\u00e9e r\u00e9serv\u00e9e aux membres de l&rsquo;Alliance Fran\u00e7aise d&rsquo;\u00d6rebro. Merci de nous informer au plus tard le jeudi 25 septembre (contact@alliancefrancaise-orebro.eu).<\/p><p><em>Lundi 29 Septembre \u00e0 19h00 <\/em><br \/><em> Startcentrum, Rudbecksgatan 26.<\/em><\/p>\t\t\t\t\t\t\t\t<\/div>\n\t\t\t\t<\/div>\n\t\t\t\t\t<\/div>\n\t\t<\/div>\n\t\t\t\t\t<\/div>\n\t\t<\/section>\n\t\t\t\t<\/div>\n\t\t","protected":false},"excerpt":{"rendered":"<p>\u00ab\u00a0La Normandie, terre de conqu\u00e9rants, des vikings aux alli\u00e9s\u00a0\u00bb Conf\u00e9rence en fran\u00e7ais et en su\u00e9dois avec d\u00e9gustation de produits r\u00e9gionaux, par Hugues (pr\u00e9sident) &amp; Agneta Combes de l&rsquo;Alliance Fran\u00e7aise d&rsquo;Halmstad. Soir\u00e9e ouverte au public (membres et non-membres). D\u00e9gustation: 50 kr (+boissons : 20 kr.) Vendredi 5 D\u00e9cembre \u00e0 19h00. Medborgarskolan, Storgatan 18.En collaboration avec Medborgarskolan. \u00ab\u00a0Les guignols de l&rsquo;info, le comique satirique \u00e0 la fran\u00e7aise\u00a0\u00bb Conf\u00e9rence en fran\u00e7ais par Pascal Rebreyend Pr\u00e9sident de l&rsquo;Alliance Fran\u00e7aise de Falun. Depuis 26 ans, chaque soir \u00e0 la t\u00e9l\u00e9vision, des marionnettes parodient le journal t\u00e9l\u00e9vis\u00e9 et les acteurs de l&rsquo;actualit\u00e9. Derri\u00e8re ces caricatures se cache un ph\u00e9nom\u00e8ne de soci\u00e9t\u00e9 qui sera la source de beaucoup d&rsquo;expressions et de mots entr\u00e9s dans le langage courant comme le verbe zlataner. Avec des extraits de cette \u00e9mission, nous retracerons l&rsquo;histoire de cette \u00e9mission et nous \u00e9voquerons les grands d\u00e9bats qui furent soulev\u00e9s par ce genre d&rsquo;humour. Mercredi 19 Novembre kl. 18.30 Startcentrum, Rudbecksgatan 26. Soir\u00e9e Cin\u00e9ma en fran\u00e7ais La c\u00e9l\u00e8bre s\u00e9rie, qui a captiv\u00e9 plusieurs g\u00e9n\u00e9rations d&rsquo;enfants en 1965, lors de sa premi\u00e8re diffusion \u00e0 la t\u00e9l\u00e9vision, et pendant plusieurs ann\u00e9es a \u00e9t\u00e9 revisit\u00e9e avec talent au cin\u00e9ma en 2013. La rencontre d&rsquo;un enfant solitaire et d&rsquo;un chien sauvage, Belle. C&rsquo;est l&rsquo;aventure d&rsquo;une amiti\u00e9 ind\u00e9fectible. C&rsquo;est le r\u00e9cit extraordinaire d&rsquo;un enfant d\u00e9brouillard et attendrissant au c\u0153ur de la Seconde Guerre mondiale.\u00a0 C&rsquo;est l&rsquo;histoire un petit gar\u00e7on \u00e0 la recherche de sa m\u00e8re, d&rsquo;un vieil homme \u00e0 la recherche de son pass\u00e9, d&rsquo;un r\u00e9sistant \u00e0 la recherche de l&rsquo;amour, d&rsquo;une jeune femme en qu\u00eate d&rsquo;aventures, d&rsquo;un lieutenant allemand \u00e0 la recherche du pardon. Vendredi 17 Octobre \u00e0 18h30 Startcentrum, Rudbecksgatan 26. \u00a0 D\u00eener convivial Une occasion de nous retrouver apr\u00e8s la pause de l&rsquo;\u00e9t\u00e9 ainsi que de discuter de nos projets et activit\u00e9s pr\u00e9vus pour 2015. Soir\u00e9e r\u00e9serv\u00e9e aux membres de l&rsquo;Alliance Fran\u00e7aise d&rsquo;\u00d6rebro. Merci de nous informer au plus tard le jeudi 25 septembre (contact@alliancefrancaise-orebro.eu). Lundi 29 Septembre \u00e0 19h00 Startcentrum, Rudbecksgatan 26.<\/p>\n","protected":false},"author":1,"featured_media":0,"parent":0,"menu_order":0,"comment_status":"closed","ping_status":"closed","template":"","meta":{"om_disable_all_campaigns":false,"_monsterinsights_skip_tracking":false,"_monsterinsights_sitenote_active":false,"_monsterinsights_sitenote_note":"","_monsterinsights_sitenote_category":0,"_uf_show_specific_survey":0,"_uf_disable_surveys":false,"footnotes":""},"class_list":["post-472","page","type-page","status-publish","hentry"],"aioseo_notices":[],"rttpg_featured_image_url":null,"rttpg_author":{"display_name":"Super.admin","author_link":"https:\/\/alliancefr.se\/orebro\/author\/admin2174\/"},"rttpg_comment":0,"rttpg_category":" <a href=\"https:\/\/alliancefr.se\/orebro\/\" rel=\"tag\">Fran\u00e7ais<\/a>","rttpg_excerpt":"\u00ab\u00a0La Normandie, terre de conqu\u00e9rants, des vikings aux alli\u00e9s\u00a0\u00bb Conf\u00e9rence en fran\u00e7ais et en su\u00e9dois avec d\u00e9gustation de produits r\u00e9gionaux, par Hugues (pr\u00e9sident) &amp; Agneta Combes de l&rsquo;Alliance Fran\u00e7aise d&rsquo;Halmstad. Soir\u00e9e ouverte au public (membres et non-membres). D\u00e9gustation: 50 kr (+boissons : 20 kr.) Vendredi 5 D\u00e9cembre \u00e0 19h00. Medborgarskolan, Storgatan 18.En collaboration avec Medborgarskolan.\u2026","_links":{"self":[{"href":"https:\/\/alliancefr.se\/orebro\/wp-json\/wp\/v2\/pages\/472","targetHints":{"allow":["GET"]}}],"collection":[{"href":"https:\/\/alliancefr.se\/orebro\/wp-json\/wp\/v2\/pages"}],"about":[{"href":"https:\/\/alliancefr.se\/orebro\/wp-json\/wp\/v2\/types\/page"}],"author":[{"embeddable":true,"href":"https:\/\/alliancefr.se\/orebro\/wp-json\/wp\/v2\/users\/1"}],"replies":[{"embeddable":true,"href":"https:\/\/alliancefr.se\/orebro\/wp-json\/wp\/v2\/comments?post=472"}],"version-history":[{"count":4,"href":"https:\/\/alliancefr.se\/orebro\/wp-json\/wp\/v2\/pages\/472\/revisions"}],"predecessor-version":[{"id":11139,"href":"https:\/\/alliancefr.se\/orebro\/wp-json\/wp\/v2\/pages\/472\/revisions\/11139"}],"wp:attachment":[{"href":"https:\/\/alliancefr.se\/orebro\/wp-json\/wp\/v2\/media?parent=472"}],"curies":[{"name":"wp","href":"https:\/\/api.w.org\/{rel}","templated":true}]}}