{"id":4704,"date":"2015-04-23T18:07:21","date_gmt":"2015-04-23T17:07:21","guid":{"rendered":"http:\/\/alliancefr.se\/orebro4\/le-cafe-francais\/"},"modified":"2025-12-09T15:09:02","modified_gmt":"2025-12-09T14:09:02","slug":"le-cafe-francais","status":"publish","type":"page","link":"https:\/\/alliancefr.se\/orebro\/le-cafe-francais\/","title":{"rendered":"Le caf\u00e9 fran\u00e7ais"},"content":{"rendered":"\t\t<div data-elementor-type=\"wp-post\" data-elementor-id=\"4704\" class=\"elementor elementor-4704\">\n\t\t\t\t\t\t<section class=\"elementor-section elementor-top-section elementor-element elementor-element-dcf3c88 elementor-section-boxed elementor-section-height-default elementor-section-height-default\" data-id=\"dcf3c88\" data-element_type=\"section\">\n\t\t\t\t\t\t<div class=\"elementor-container elementor-column-gap-default\">\n\t\t\t\t\t<div class=\"elementor-column elementor-col-100 elementor-top-column elementor-element elementor-element-a89a2a9\" data-id=\"a89a2a9\" data-element_type=\"column\">\n\t\t\t<div class=\"elementor-widget-wrap elementor-element-populated\">\n\t\t\t\t\t\t<div class=\"elementor-element elementor-element-88ed338 elementor-widget elementor-widget-text-editor\" data-id=\"88ed338\" data-element_type=\"widget\" data-widget_type=\"text-editor.default\">\n\t\t\t\t<div class=\"elementor-widget-container\">\n\t\t\t\t\t\t\t\t\t<p><strong style=\"color: var( --e-global-color-text );letter-spacing: 0px\">Envie de discuter tranquillement en fran\u00e7ais autour d\u2019un caf\u00e9 avec les jeunes francophones<\/strong><span style=\"color: var( --e-global-color-text );letter-spacing: 0px\"> qui rejoignent chaque ann\u00e9e notre Alliance&nbsp;?&nbsp;<\/span><\/p><p><span style=\"color: var( --e-global-color-text );letter-spacing: 0px\">\u00c7a se passe tous les mois au Caf\u00e9 fran\u00e7ais&nbsp;!<\/span><\/p>\t\t\t\t\t\t\t\t<\/div>\n\t\t\t\t<\/div>\n\t\t\t\t\t<\/div>\n\t\t<\/div>\n\t\t\t\t\t<\/div>\n\t\t<\/section>\n\t\t\t\t<section class=\"elementor-section elementor-top-section elementor-element elementor-element-efc78c6 elementor-section-boxed elementor-section-height-default elementor-section-height-default\" data-id=\"efc78c6\" data-element_type=\"section\">\n\t\t\t\t\t\t<div class=\"elementor-container elementor-column-gap-default\">\n\t\t\t\t\t<div class=\"elementor-column elementor-col-100 elementor-top-column elementor-element elementor-element-394ad61\" data-id=\"394ad61\" data-element_type=\"column\">\n\t\t\t<div class=\"elementor-widget-wrap elementor-element-populated\">\n\t\t\t\t\t\t<div class=\"elementor-element elementor-element-ce58e9c elementor-widget elementor-widget-heading\" data-id=\"ce58e9c\" data-element_type=\"widget\" data-widget_type=\"heading.default\">\n\t\t\t\t<div class=\"elementor-widget-container\">\n\t\t\t\t\t<h2 class=\"elementor-heading-title elementor-size-default\">2026<\/h2>\t\t\t\t<\/div>\n\t\t\t\t<\/div>\n\t\t\t\t\t<\/div>\n\t\t<\/div>\n\t\t\t\t\t<\/div>\n\t\t<\/section>\n\t\t\t\t<section class=\"elementor-section elementor-top-section elementor-element elementor-element-32ce776 elementor-section-boxed elementor-section-height-default elementor-section-height-default\" data-id=\"32ce776\" data-element_type=\"section\">\n\t\t\t\t\t\t<div class=\"elementor-container elementor-column-gap-default\">\n\t\t\t\t\t<div class=\"elementor-column elementor-col-100 elementor-top-column elementor-element elementor-element-e8dd9a7\" data-id=\"e8dd9a7\" data-element_type=\"column\">\n\t\t\t<div class=\"elementor-widget-wrap elementor-element-populated\">\n\t\t\t\t\t\t<div class=\"elementor-element elementor-element-d4ef8ec elementor-tabs-alignment-stretch elementor-tabs-view-horizontal elementor-widget elementor-widget-tabs\" data-id=\"d4ef8ec\" data-element_type=\"widget\" data-widget_type=\"tabs.default\">\n\t\t\t\t<div class=\"elementor-widget-container\">\n\t\t\t\t\t\t\t<div class=\"elementor-tabs\">\n\t\t\t<div class=\"elementor-tabs-wrapper\" role=\"tablist\" >\n\t\t\t\t\t\t\t\t\t<div id=\"elementor-tab-title-2231\" class=\"elementor-tab-title elementor-tab-desktop-title\" aria-selected=\"true\" data-tab=\"1\" role=\"tab\" tabindex=\"0\" aria-controls=\"elementor-tab-content-2231\" aria-expanded=\"false\">Janvier<\/div>\n\t\t\t\t\t\t\t\t\t<div id=\"elementor-tab-title-2232\" class=\"elementor-tab-title elementor-tab-desktop-title\" aria-selected=\"false\" data-tab=\"2\" role=\"tab\" tabindex=\"-1\" aria-controls=\"elementor-tab-content-2232\" aria-expanded=\"false\">F\u00e9vrier<\/div>\n\t\t\t\t\t\t\t\t\t<div id=\"elementor-tab-title-2233\" class=\"elementor-tab-title elementor-tab-desktop-title\" aria-selected=\"false\" data-tab=\"3\" role=\"tab\" tabindex=\"-1\" aria-controls=\"elementor-tab-content-2233\" aria-expanded=\"false\">Mars<\/div>\n\t\t\t\t\t\t\t\t\t<div id=\"elementor-tab-title-2234\" class=\"elementor-tab-title elementor-tab-desktop-title\" aria-selected=\"false\" data-tab=\"4\" role=\"tab\" tabindex=\"-1\" aria-controls=\"elementor-tab-content-2234\" aria-expanded=\"false\">Avril<\/div>\n\t\t\t\t\t\t\t\t\t<div id=\"elementor-tab-title-2235\" class=\"elementor-tab-title elementor-tab-desktop-title\" aria-selected=\"false\" data-tab=\"5\" role=\"tab\" tabindex=\"-1\" aria-controls=\"elementor-tab-content-2235\" aria-expanded=\"false\">Mai<\/div>\n\t\t\t\t\t\t\t\t\t<div id=\"elementor-tab-title-2236\" class=\"elementor-tab-title elementor-tab-desktop-title\" aria-selected=\"false\" data-tab=\"6\" role=\"tab\" tabindex=\"-1\" aria-controls=\"elementor-tab-content-2236\" aria-expanded=\"false\">Juin<\/div>\n\t\t\t\t\t\t\t<\/div>\n\t\t\t<div class=\"elementor-tabs-content-wrapper\" role=\"tablist\" aria-orientation=\"vertical\">\n\t\t\t\t\t\t\t\t\t<div class=\"elementor-tab-title elementor-tab-mobile-title\" aria-selected=\"true\" data-tab=\"1\" role=\"tab\" tabindex=\"0\" aria-controls=\"elementor-tab-content-2231\" aria-expanded=\"false\">Janvier<\/div>\n\t\t\t\t\t<div id=\"elementor-tab-content-2231\" class=\"elementor-tab-content elementor-clearfix\" data-tab=\"1\" role=\"tabpanel\" aria-labelledby=\"elementor-tab-title-2231\" tabindex=\"0\" hidden=\"false\"><p><img fetchpriority=\"high\" decoding=\"async\" class=\"aligncenter wp-image-17329 size-full\" src=\"https:\/\/alliancefr.se\/orebro\/wp-content\/uploads\/sites\/5\/2025\/12\/Le-cafe-francais-1.png\" alt=\"\" width=\"851\" height=\"315\" \/><\/p><p><strong>Date :<\/strong> Samedi 17 janvier 2026 \u00e0 14h00.<\/p><p><strong>Lieu :<\/strong> <a href=\"https:\/\/maps.app.goo.gl\/Zc2UwLtzUZyeYASV6\">Caf\u00e9 Stadstr\u00e4dg\u00e5rden<\/a><\/p><p data-end=\"503\" data-start=\"175\">Rendez-vous pour notre caf\u00e9 fran\u00e7ais mensuel\u00a0\u2615<\/p><p>Pour s\u2019inscrire, veuillez remplir\u00a0le formulaire d&rsquo;inscription en cliquant\u00a0<a href=\"https:\/\/docs.google.com\/forms\/d\/e\/1FAIpQLSePiXmmRv9aYV5oO1vcd_PvVOYBSX-sBxHoHKWF2v7zhEwkQg\/viewform?usp=header\" target=\"_blank\" rel=\"noopener\">ici<\/a>\u00a0OU envoyez un mail en cliquant\u00a0<a href=\"mailto:orebro@alliancefr.se\" target=\"_blank\" rel=\"noopener\">ici<\/a>.<\/p><\/div>\n\t\t\t\t\t\t\t\t\t<div class=\"elementor-tab-title elementor-tab-mobile-title\" aria-selected=\"false\" data-tab=\"2\" role=\"tab\" tabindex=\"-1\" aria-controls=\"elementor-tab-content-2232\" aria-expanded=\"false\">F\u00e9vrier<\/div>\n\t\t\t\t\t<div id=\"elementor-tab-content-2232\" class=\"elementor-tab-content elementor-clearfix\" data-tab=\"2\" role=\"tabpanel\" aria-labelledby=\"elementor-tab-title-2232\" tabindex=\"0\" hidden=\"hidden\"><p><img decoding=\"async\" class=\"aligncenter wp-image-17332 size-full\" src=\"https:\/\/alliancefr.se\/orebro\/wp-content\/uploads\/sites\/5\/2025\/12\/ENCARTS-NEWSLETTER-Fevrier-2026-5.png\" alt=\"\" width=\"851\" height=\"315\" \/><\/p><p><strong>Date :<\/strong> Samedi 14 f\u00e9vrier 2026 \u00e0 14h00.<\/p><p><strong>Lieu :<\/strong> <a href=\"https:\/\/maps.app.goo.gl\/Zc2UwLtzUZyeYASV6\">Caf\u00e9 Stadstr\u00e4dg\u00e5rden<\/a><\/p><p data-end=\"503\" data-start=\"175\">Rendez-vous pour notre caf\u00e9 fran\u00e7ais mensuel\u00a0\u2615<\/p><p>Pour s\u2019inscrire, veuillez remplir\u00a0le formulaire d&rsquo;inscription en cliquant\u00a0<a href=\"https:\/\/docs.google.com\/forms\/d\/e\/1FAIpQLSdrde5Z-WnTEa0-dF3zWdcIKTd4XLMsIGJOL180YSJYc6AitQ\/viewform?usp=header\" target=\"_blank\" rel=\"noopener\">ici<\/a>\u00a0OU envoyez un mail en cliquant\u00a0<a href=\"mailto:orebro@alliancefr.se\" target=\"_blank\" rel=\"noopener\">ici<\/a>.<\/p><\/div>\n\t\t\t\t\t\t\t\t\t<div class=\"elementor-tab-title elementor-tab-mobile-title\" aria-selected=\"false\" data-tab=\"3\" role=\"tab\" tabindex=\"-1\" aria-controls=\"elementor-tab-content-2233\" aria-expanded=\"false\">Mars<\/div>\n\t\t\t\t\t<div id=\"elementor-tab-content-2233\" class=\"elementor-tab-content elementor-clearfix\" data-tab=\"3\" role=\"tabpanel\" aria-labelledby=\"elementor-tab-title-2233\" tabindex=\"0\" hidden=\"hidden\"><p><img decoding=\"async\" class=\"aligncenter wp-image-17333 size-full\" src=\"https:\/\/alliancefr.se\/orebro\/wp-content\/uploads\/sites\/5\/2025\/12\/ENCARTS-NEWSLETTER-Mars-2026-2.png\" alt=\"\" width=\"851\" height=\"315\" \/><\/p><p><strong>Date :<\/strong> Samedi 7 mars 2026 \u00e0 14h00.<\/p><p><strong>Lieu :<\/strong> <a href=\"https:\/\/maps.app.goo.gl\/Zc2UwLtzUZyeYASV6\">Caf\u00e9 Stadstr\u00e4dg\u00e5rden<\/a><\/p><p data-end=\"503\" data-start=\"175\">Rendez-vous pour notre caf\u00e9 fran\u00e7ais mensuel\u00a0\u2615<\/p><p>Pour s\u2019inscrire, veuillez remplir\u00a0le formulaire d&rsquo;inscription en cliquant\u00a0<a href=\"https:\/\/docs.google.com\/forms\/d\/e\/1FAIpQLSfU2gDL_DHuO8NRIMceX4sDUutFlFy-9AVjopM6-91aO_lXBw\/viewform?usp=header\" target=\"_blank\" rel=\"noopener\">ici<\/a>\u00a0OU envoyez un mail en cliquant\u00a0<a href=\"mailto:orebro@alliancefr.se\" target=\"_blank\" rel=\"noopener\">ici<\/a>.<\/p><\/div>\n\t\t\t\t\t\t\t\t\t<div class=\"elementor-tab-title elementor-tab-mobile-title\" aria-selected=\"false\" data-tab=\"4\" role=\"tab\" tabindex=\"-1\" aria-controls=\"elementor-tab-content-2234\" aria-expanded=\"false\">Avril<\/div>\n\t\t\t\t\t<div id=\"elementor-tab-content-2234\" class=\"elementor-tab-content elementor-clearfix\" data-tab=\"4\" role=\"tabpanel\" aria-labelledby=\"elementor-tab-title-2234\" tabindex=\"0\" hidden=\"hidden\"><p><img loading=\"lazy\" decoding=\"async\" class=\"aligncenter wp-image-17334 size-full\" src=\"https:\/\/alliancefr.se\/orebro\/wp-content\/uploads\/sites\/5\/2025\/12\/ENCARTS-NEWSLETTER-Avril-2026-1.png\" alt=\"\" width=\"851\" height=\"315\" \/><\/p><p><strong>Date :<\/strong> Samedi 11 avril 2026 \u00e0 14h00.<\/p><p><strong>Lieu :<\/strong> <a href=\"https:\/\/maps.app.goo.gl\/Zc2UwLtzUZyeYASV6\">Caf\u00e9 Stadstr\u00e4dg\u00e5rden<\/a><\/p><p data-end=\"503\" data-start=\"175\">Rendez-vous pour notre caf\u00e9 fran\u00e7ais mensuel\u00a0\u2615<\/p><p>Pour s\u2019inscrire, veuillez remplir\u00a0le formulaire d&rsquo;inscription en cliquant\u00a0<a href=\"https:\/\/docs.google.com\/forms\/d\/e\/1FAIpQLSdn_twoikdZHrhQSycAgsLiekEo1j_zPmu_jR_KAdb1VDkfjQ\/viewform?usp=header\" target=\"_blank\" rel=\"noopener\">ici<\/a>\u00a0OU envoyez un mail en cliquant\u00a0<a href=\"mailto:orebro@alliancefr.se\" target=\"_blank\" rel=\"noopener\">ici<\/a>.<\/p><\/div>\n\t\t\t\t\t\t\t\t\t<div class=\"elementor-tab-title elementor-tab-mobile-title\" aria-selected=\"false\" data-tab=\"5\" role=\"tab\" tabindex=\"-1\" aria-controls=\"elementor-tab-content-2235\" aria-expanded=\"false\">Mai<\/div>\n\t\t\t\t\t<div id=\"elementor-tab-content-2235\" class=\"elementor-tab-content elementor-clearfix\" data-tab=\"5\" role=\"tabpanel\" aria-labelledby=\"elementor-tab-title-2235\" tabindex=\"0\" hidden=\"hidden\"><p><img loading=\"lazy\" decoding=\"async\" class=\"aligncenter wp-image-17335 size-full\" src=\"https:\/\/alliancefr.se\/orebro\/wp-content\/uploads\/sites\/5\/2025\/12\/ENCARTS-NEWSLETTER-Mai-2026-1.png\" alt=\"\" width=\"851\" height=\"315\" \/><\/p><p><strong>Date :<\/strong> Samedi 9 mai 2026 \u00e0 14h00.<\/p><p><strong>Lieu :<\/strong> <a href=\"https:\/\/maps.app.goo.gl\/Zc2UwLtzUZyeYASV6\">Caf\u00e9 Stadstr\u00e4dg\u00e5rden<\/a><\/p><p data-end=\"503\" data-start=\"175\">Rendez-vous pour notre caf\u00e9 fran\u00e7ais mensuel\u00a0\u2615<\/p><p>Pour s\u2019inscrire, veuillez remplir\u00a0le formulaire d&rsquo;inscription en cliquant\u00a0<a href=\"https:\/\/docs.google.com\/forms\/d\/e\/1FAIpQLSeF-sle3PuAfGf4fTYrrPYhyi7QaJCkk8ltN2gQl12zB8yh_Q\/viewform?usp=header\" target=\"_blank\" rel=\"noopener\">ici<\/a>\u00a0OU envoyez un mail en cliquant\u00a0<a href=\"mailto:orebro@alliancefr.se\" target=\"_blank\" rel=\"noopener\">ici<\/a>.<\/p><\/div>\n\t\t\t\t\t\t\t\t\t<div class=\"elementor-tab-title elementor-tab-mobile-title\" aria-selected=\"false\" data-tab=\"6\" role=\"tab\" tabindex=\"-1\" aria-controls=\"elementor-tab-content-2236\" aria-expanded=\"false\">Juin<\/div>\n\t\t\t\t\t<div id=\"elementor-tab-content-2236\" class=\"elementor-tab-content elementor-clearfix\" data-tab=\"6\" role=\"tabpanel\" aria-labelledby=\"elementor-tab-title-2236\" tabindex=\"0\" hidden=\"hidden\"><p><img loading=\"lazy\" decoding=\"async\" class=\"aligncenter wp-image-17336 size-full\" src=\"https:\/\/alliancefr.se\/orebro\/wp-content\/uploads\/sites\/5\/2025\/12\/ENCARTS-NEWSLETTER-Juin-2026-1.png\" alt=\"\" width=\"851\" height=\"315\" \/><\/p><p><strong>Date :<\/strong> Samedi 13 juin 2026 \u00e0 14h00.<\/p><p><strong>Lieu :<\/strong> <a href=\"https:\/\/maps.app.goo.gl\/Zc2UwLtzUZyeYASV6\">Caf\u00e9 Stadstr\u00e4dg\u00e5rden<\/a><\/p><p data-end=\"503\" data-start=\"175\">Rendez-vous pour notre caf\u00e9 fran\u00e7ais mensuel\u00a0\u2615<\/p><p>Pour s\u2019inscrire, veuillez remplir\u00a0le formulaire d&rsquo;inscription en cliquant\u00a0<a href=\"https:\/\/docs.google.com\/forms\/d\/e\/1FAIpQLSeK-paR5EyaKMgKv2SDGwa7nB9zg81GHIAstCGWt1FOFKmgUA\/viewform?usp=header\" target=\"_blank\" rel=\"noopener\">ici<\/a>\u00a0OU envoyez un mail en cliquant\u00a0<a href=\"mailto:orebro@alliancefr.se\" target=\"_blank\" rel=\"noopener\">ici<\/a>.<\/p><\/div>\n\t\t\t\t\t\t\t<\/div>\n\t\t<\/div>\n\t\t\t\t\t\t<\/div>\n\t\t\t\t<\/div>\n\t\t\t\t\t<\/div>\n\t\t<\/div>\n\t\t\t\t\t<\/div>\n\t\t<\/section>\n\t\t\t\t<\/div>\n\t\t","protected":false},"excerpt":{"rendered":"<p>Envie de discuter tranquillement en fran\u00e7ais autour d\u2019un caf\u00e9 avec les jeunes francophones qui rejoignent chaque ann\u00e9e notre Alliance&nbsp;?&nbsp; \u00c7a se passe tous les mois au Caf\u00e9 fran\u00e7ais&nbsp;! 2026 Janvier F\u00e9vrier Mars Avril Mai Juin Janvier Date : Samedi 17 janvier 2026 \u00e0 14h00. Lieu : Caf\u00e9 Stadstr\u00e4dg\u00e5rden Rendez-vous pour notre caf\u00e9 fran\u00e7ais mensuel\u00a0\u2615 Pour s\u2019inscrire, veuillez remplir\u00a0le formulaire d&rsquo;inscription en cliquant\u00a0ici\u00a0OU envoyez un mail en cliquant\u00a0ici. F\u00e9vrier Date : Samedi 14 f\u00e9vrier 2026 \u00e0 14h00. Lieu : Caf\u00e9 Stadstr\u00e4dg\u00e5rden Rendez-vous pour notre caf\u00e9 fran\u00e7ais mensuel\u00a0\u2615 Pour s\u2019inscrire, veuillez remplir\u00a0le formulaire d&rsquo;inscription en cliquant\u00a0ici\u00a0OU envoyez un mail en cliquant\u00a0ici. Mars Date : Samedi 7 mars 2026 \u00e0 14h00. Lieu : Caf\u00e9 Stadstr\u00e4dg\u00e5rden Rendez-vous pour notre caf\u00e9 fran\u00e7ais mensuel\u00a0\u2615 Pour s\u2019inscrire, veuillez remplir\u00a0le formulaire d&rsquo;inscription en cliquant\u00a0ici\u00a0OU envoyez un mail en cliquant\u00a0ici. Avril Date : Samedi 11 avril 2026 \u00e0 14h00. Lieu : Caf\u00e9 Stadstr\u00e4dg\u00e5rden Rendez-vous pour notre caf\u00e9 fran\u00e7ais mensuel\u00a0\u2615 Pour s\u2019inscrire, veuillez remplir\u00a0le formulaire d&rsquo;inscription en cliquant\u00a0ici\u00a0OU envoyez un mail en cliquant\u00a0ici. Mai Date : Samedi 9 mai 2026 \u00e0 14h00. Lieu : Caf\u00e9 Stadstr\u00e4dg\u00e5rden Rendez-vous pour notre caf\u00e9 fran\u00e7ais mensuel\u00a0\u2615 Pour s\u2019inscrire, veuillez remplir\u00a0le formulaire d&rsquo;inscription en cliquant\u00a0ici\u00a0OU envoyez un mail en cliquant\u00a0ici. Juin Date : Samedi 13 juin 2026 \u00e0 14h00. Lieu : Caf\u00e9 Stadstr\u00e4dg\u00e5rden Rendez-vous pour notre caf\u00e9 fran\u00e7ais mensuel\u00a0\u2615 Pour s\u2019inscrire, veuillez remplir\u00a0le formulaire d&rsquo;inscription en cliquant\u00a0ici\u00a0OU envoyez un mail en cliquant\u00a0ici.<\/p>\n","protected":false},"author":1,"featured_media":0,"parent":0,"menu_order":0,"comment_status":"closed","ping_status":"open","template":"","meta":{"om_disable_all_campaigns":false,"_monsterinsights_skip_tracking":false,"_monsterinsights_sitenote_active":false,"_monsterinsights_sitenote_note":"","_monsterinsights_sitenote_category":0,"_uf_show_specific_survey":0,"_uf_disable_surveys":false,"footnotes":""},"class_list":["post-4704","page","type-page","status-publish","hentry"],"aioseo_notices":[],"rttpg_featured_image_url":null,"rttpg_author":{"display_name":"Super.admin","author_link":"https:\/\/alliancefr.se\/orebro\/author\/admin2174\/"},"rttpg_comment":0,"rttpg_category":" <a href=\"https:\/\/alliancefr.se\/orebro\/\" rel=\"tag\">Fran\u00e7ais<\/a>","rttpg_excerpt":"Envie de discuter tranquillement en fran\u00e7ais autour d\u2019un caf\u00e9 avec les jeunes francophones qui rejoignent chaque ann\u00e9e notre Alliance&nbsp;?&nbsp; \u00c7a se passe tous les mois au Caf\u00e9 fran\u00e7ais&nbsp;! 2026 Janvier F\u00e9vrier Mars Avril Mai Juin Janvier Date : Samedi 17 janvier 2026 \u00e0 14h00. Lieu : Caf\u00e9 Stadstr\u00e4dg\u00e5rden Rendez-vous pour notre caf\u00e9 fran\u00e7ais mensuel\u00a0\u2615 Pour\u2026","_links":{"self":[{"href":"https:\/\/alliancefr.se\/orebro\/wp-json\/wp\/v2\/pages\/4704","targetHints":{"allow":["GET"]}}],"collection":[{"href":"https:\/\/alliancefr.se\/orebro\/wp-json\/wp\/v2\/pages"}],"about":[{"href":"https:\/\/alliancefr.se\/orebro\/wp-json\/wp\/v2\/types\/page"}],"author":[{"embeddable":true,"href":"https:\/\/alliancefr.se\/orebro\/wp-json\/wp\/v2\/users\/1"}],"replies":[{"embeddable":true,"href":"https:\/\/alliancefr.se\/orebro\/wp-json\/wp\/v2\/comments?post=4704"}],"version-history":[{"count":171,"href":"https:\/\/alliancefr.se\/orebro\/wp-json\/wp\/v2\/pages\/4704\/revisions"}],"predecessor-version":[{"id":17345,"href":"https:\/\/alliancefr.se\/orebro\/wp-json\/wp\/v2\/pages\/4704\/revisions\/17345"}],"wp:attachment":[{"href":"https:\/\/alliancefr.se\/orebro\/wp-json\/wp\/v2\/media?parent=4704"}],"curies":[{"name":"wp","href":"https:\/\/api.w.org\/{rel}","templated":true}]}}