{"id":3834,"date":"2018-11-29T16:05:25","date_gmt":"2018-11-29T15:05:25","guid":{"rendered":"http:\/\/alliancefr.se\/orebro4\/yoga-2\/"},"modified":"2023-10-17T11:04:46","modified_gmt":"2023-10-17T09:04:46","slug":"yoga-2","status":"publish","type":"page","link":"https:\/\/alliancefr.se\/orebro\/sv\/yoga-2\/","title":{"rendered":"Arkiv Yoga p\u00e5 Franska"},"content":{"rendered":"<h4 style=\"text-align: center\"><strong>Yoga Ashtanga<br \/>\nL\u00f6rdag den 8 oktober 2022<\/strong><\/h4>\n<p><strong>&nbsp;<\/strong><\/p>\n<h4 style=\"text-align: center\"><strong><img fetchpriority=\"high\" decoding=\"async\" src=\"http:\/\/www.alliancefrancaise-orebro.eu\/wp-content\/uploads\/2019\/02\/yoga-fond-SE-1-1024x576.png\" alt=\"\" width=\"960\" height=\"540\"><\/strong><\/h4>\n<p><strong>Datum:<\/strong>&nbsp;L\u00f6rdag den 8. oktober fr\u00e5n 10h30 till 11h30 &nbsp; &nbsp; &nbsp; &nbsp; &nbsp; &nbsp;&nbsp;<\/p>\n<p><strong>Plats:<\/strong> <a style=\"color: #3366ff;text-decoration: underline\" href=\"https:\/\/goo.gl\/maps\/mdcdTmXvGGc5fk4v5\" target=\"_blank\" rel=\"noopener noreferrer\">Startcentrum<\/a><\/p>\n<p><strong>Kostnad: <\/strong>75 kr f\u00f6r medlemmar i AF \/ 150 f\u00f6r icke medlemmar.<\/p>\n<p><strong>Betalning:<\/strong> Betala med swish p\u00e5 plats.<\/p>\n<p dir=\"ltr\" style=\"text-align: center\" data-placeholder=\"Traduction\">\u00d6ppen f\u00f6r vuxna!<\/p>\n<p>Carinne Lancereau leder Ashtanga yoga p\u00e5 franska f\u00f6r er som vill ut\u00f6va eller uppt\u00e4cka den h\u00e4r yogariktningen. Kom i passande kl\u00e4der, ta med en flaska vatten och en yogamatta och anta utmaningen!<\/p>\n<p>F\u00f6r barnfamiljerna f\u00f6resl\u00e5r vi Coin des enfants i samma byggnad och vid samma tid: ni kan allts\u00e5 l\u00e4mna era barn som \u00e4r \u00e4ldre \u00e4n 3 \u00e5r medan ni sj\u00e4lva \u201dsportar\u201d!<\/p>\n<p dir=\"ltr\" style=\"text-align: center\" data-placeholder=\"Traduction\">Mer informationen:<br \/>\n<a style=\"color: #3366ff;text-decoration: underline\" href=\"https:\/\/www.facebook.com\/yogajag.se\">https:\/\/www.facebook.com\/yogajag.se<\/a><\/p>\n<p>\t\t\t\t\t\t\t\t\t\t\t<a href=\"https:\/\/se.ambafrance.org\/\" data-elementor-open-lightbox=\"\"><br \/>\n<img decoding=\"async\" width=\"283\" height=\"283\" src=\"http:\/\/www.alliancefrancaise-orebro.eu\/wp-content\/uploads\/2015\/04\/Ambassade1.jpg\" alt=\"Fransk Ambassaden i Sverige \u00e4r en av de partner av Aliiance Fran\u00e7aise i \u00d6rebro\">\t\t\t\t\t\t\t\t<\/a><br \/>\n<a href=\"http:\/\/startcentrum.se\/\" data-elementor-open-lightbox=\"\"><br \/>\n<img decoding=\"async\" width=\"500\" height=\"500\" src=\"http:\/\/www.alliancefrancaise-orebro.eu\/wp-content\/uploads\/2015\/04\/Startcentrum-1.jpg\" alt=\"Logo de Startcentrum, qui soutient l'Alliance Fran\u00e7aise d'\u00d6rero\">\t\t\t\t\t\t\t\t<\/a><br \/>\n<a href=\"https:\/\/institutfrancais-suede.com\/\" data-elementor-open-lightbox=\"\"><br \/>\n<img loading=\"lazy\" decoding=\"async\" width=\"283\" height=\"283\" src=\"http:\/\/www.alliancefrancaise-orebro.eu\/wp-content\/uploads\/2015\/04\/IFretaille1.jpg\" alt=\"Logotyp av Franska Insitutet i Sverige som har en partnerskap med Alliance fran\u00e7aise i \u00d6rebro\">\t\t\t\t\t\t\t\t<\/a><br \/>\n<a href=\"https:\/\/www.medborgarskolan.se\/om-medborgarskolan\/ortssidor\/medborgarskolan-orebro\/\" data-elementor-open-lightbox=\"\"><br \/>\n<img loading=\"lazy\" decoding=\"async\" width=\"728\" height=\"728\" src=\"http:\/\/www.alliancefrancaise-orebro.eu\/wp-content\/uploads\/2015\/04\/mebo_logo3.jpg\" alt=\"medborgarskolan logo\">\t\t\t\t\t\t\t\t<\/a><br \/>\n<a href=\"https:\/\/www.fondation-alliancefr.org\/\" data-elementor-open-lightbox=\"\"><br \/>\n<img loading=\"lazy\" decoding=\"async\" width=\"283\" height=\"283\" src=\"http:\/\/www.alliancefrancaise-orebro.eu\/wp-content\/uploads\/2015\/04\/AFretaille1.jpg\" alt=\"\">\t\t\t\t\t\t\t\t<\/a><br \/>\n<a href=\"https:\/\/www.paris.fr\/\" data-elementor-open-lightbox=\"\"><br \/>\n<img loading=\"lazy\" decoding=\"async\" width=\"283\" height=\"283\" src=\"http:\/\/www.alliancefrancaise-orebro.eu\/wp-content\/uploads\/2015\/04\/Mairie-de-paris1.png\" alt=\"Logo de la Mairie de Paris partenariat Alliance Fran\u00e7aise d'\u00d6rebro\">\t\t\t\t\t\t\t\t<\/a><br \/>\n<a href=\"https:\/\/www.spraklararna.se\/\" data-elementor-open-lightbox=\"\"><br \/>\n<img loading=\"lazy\" decoding=\"async\" width=\"283\" height=\"283\" src=\"http:\/\/www.alliancefrancaise-orebro.eu\/wp-content\/uploads\/2015\/04\/LMS1.png\" alt=\"Spr\u00e5kl\u00e4rarnas rikf\u00f6rbund har en partnerskap med Alliance Fran\u00e7aise i \u00d6rebro\">\t\t\t\t\t\t\t\t<\/a><br \/>\n<a href=\"https:\/\/yogajag.se\/\" data-elementor-open-lightbox=\"\"><br \/>\n<img decoding=\"async\" src=\"http:\/\/www.alliancefrancaise-orebro.eu\/wp-content\/uploads\/elementor\/thumbs\/logo_white-300x210-o25pnhc8dk73f73m98rs7olktelfsdaawsxr0r9q0s.png\" title=\"logo_white-300\u00d7210\" alt=\"logo_white-300x210\">\t\t\t\t\t\t\t\t<\/a><br \/>\n<a href=\"http:\/\/openart.se\/2017\/sv\/startsida\/\" data-elementor-open-lightbox=\"\"><br \/>\n<img decoding=\"async\" src=\"http:\/\/www.alliancefrancaise-orebro.eu\/wp-content\/uploads\/elementor\/thumbs\/OpenART-m8fse86he209jxkhyl9gk3q7h5uckmbcc2v66mo2us.jpg\" title=\"OpenART\" alt=\"L'Alliance fran\u00e7aise d'\u00d6rebro est un partenaire d'OpenART\">\t\t\t\t\t\t\t\t<\/a><\/p>\n","protected":false},"excerpt":{"rendered":"<p>Yoga Ashtanga L\u00f6rdag den 8 oktober 2022 &nbsp; Datum:&nbsp;L\u00f6rdag den 8. oktober fr\u00e5n 10h30 till 11h30 &nbsp; &nbsp; &nbsp; &nbsp; &nbsp; &nbsp;&nbsp; Plats: Startcentrum Kostnad: 75 kr f\u00f6r medlemmar i AF \/ 150 f\u00f6r icke medlemmar. Betalning: Betala med swish p\u00e5 plats. \u00d6ppen f\u00f6r vuxna! Carinne Lancereau leder Ashtanga yoga p\u00e5 franska f\u00f6r er som vill ut\u00f6va eller uppt\u00e4cka den h\u00e4r yogariktningen. Kom i passande kl\u00e4der, ta med en flaska vatten och en yogamatta och anta utmaningen! F\u00f6r barnfamiljerna f\u00f6resl\u00e5r vi Coin des enfants i samma byggnad och vid samma tid: ni kan allts\u00e5 l\u00e4mna era barn som \u00e4r \u00e4ldre \u00e4n 3 \u00e5r medan ni sj\u00e4lva \u201dsportar\u201d! Mer informationen: https:\/\/www.facebook.com\/yogajag.se<\/p>\n","protected":false},"author":1,"featured_media":0,"parent":0,"menu_order":0,"comment_status":"closed","ping_status":"closed","template":"","meta":{"om_disable_all_campaigns":false,"_monsterinsights_skip_tracking":false,"_monsterinsights_sitenote_active":false,"_monsterinsights_sitenote_note":"","_monsterinsights_sitenote_category":0,"_uf_show_specific_survey":0,"_uf_disable_surveys":false,"footnotes":""},"class_list":["post-3834","page","type-page","status-publish","hentry"],"aioseo_notices":[],"rttpg_featured_image_url":null,"rttpg_author":{"display_name":"Super.admin","author_link":"https:\/\/alliancefr.se\/orebro\/author\/admin2174\/"},"rttpg_comment":0,"rttpg_category":" <a href=\"https:\/\/alliancefr.se\/orebro\/sv\/\" rel=\"tag\">Svenska<\/a>","rttpg_excerpt":"Yoga Ashtanga L\u00f6rdag den 8 oktober 2022 &nbsp; Datum:&nbsp;L\u00f6rdag den 8. oktober fr\u00e5n 10h30 till 11h30 &nbsp; &nbsp; &nbsp; &nbsp; &nbsp; &nbsp;&nbsp; Plats: Startcentrum Kostnad: 75 kr f\u00f6r medlemmar i AF \/ 150 f\u00f6r icke medlemmar. Betalning: Betala med swish p\u00e5 plats. \u00d6ppen f\u00f6r vuxna! Carinne Lancereau leder Ashtanga yoga p\u00e5 franska f\u00f6r er som\u2026","_links":{"self":[{"href":"https:\/\/alliancefr.se\/orebro\/wp-json\/wp\/v2\/pages\/3834","targetHints":{"allow":["GET"]}}],"collection":[{"href":"https:\/\/alliancefr.se\/orebro\/wp-json\/wp\/v2\/pages"}],"about":[{"href":"https:\/\/alliancefr.se\/orebro\/wp-json\/wp\/v2\/types\/page"}],"author":[{"embeddable":true,"href":"https:\/\/alliancefr.se\/orebro\/wp-json\/wp\/v2\/users\/1"}],"replies":[{"embeddable":true,"href":"https:\/\/alliancefr.se\/orebro\/wp-json\/wp\/v2\/comments?post=3834"}],"version-history":[{"count":1,"href":"https:\/\/alliancefr.se\/orebro\/wp-json\/wp\/v2\/pages\/3834\/revisions"}],"predecessor-version":[{"id":9420,"href":"https:\/\/alliancefr.se\/orebro\/wp-json\/wp\/v2\/pages\/3834\/revisions\/9420"}],"wp:attachment":[{"href":"https:\/\/alliancefr.se\/orebro\/wp-json\/wp\/v2\/media?parent=3834"}],"curies":[{"name":"wp","href":"https:\/\/api.w.org\/{rel}","templated":true}]}}