{"id":3586,"date":"2018-10-23T11:01:48","date_gmt":"2018-10-23T09:01:48","guid":{"rendered":"http:\/\/alliancefr.se\/orebro4\/cercle-de-musique-de-films\/"},"modified":"2024-11-01T17:03:40","modified_gmt":"2024-11-01T16:03:40","slug":"cercle-de-musique-de-films","status":"publish","type":"page","link":"https:\/\/alliancefr.se\/orebro\/cercle-de-musique-de-films\/","title":{"rendered":"Archives cercle de musique et de films"},"content":{"rendered":"\t\t<div data-elementor-type=\"wp-page\" data-elementor-id=\"3586\" class=\"elementor elementor-3586\">\n\t\t\t\t\t\t<section class=\"elementor-section elementor-top-section elementor-element elementor-element-3dc8208d elementor-section-boxed elementor-section-height-default elementor-section-height-default\" data-id=\"3dc8208d\" data-element_type=\"section\">\n\t\t\t\t\t\t<div class=\"elementor-container elementor-column-gap-default\">\n\t\t\t\t\t<div class=\"elementor-column elementor-col-100 elementor-top-column elementor-element elementor-element-21042c77\" data-id=\"21042c77\" data-element_type=\"column\">\n\t\t\t<div class=\"elementor-widget-wrap elementor-element-populated\">\n\t\t\t\t\t\t<div class=\"elementor-element elementor-element-36a1966 elementor-widget elementor-widget-text-editor\" data-id=\"36a1966\" data-element_type=\"widget\" data-widget_type=\"text-editor.default\">\n\t\t\t\t<div class=\"elementor-widget-container\">\n\t\t\t\t\t\t\t\t\t<h3><strong>2018-2019<\/strong><\/h3><p><strong>Niveau :<\/strong>\u00a0Bon niveau de fran\u00e7ais<\/p><p><strong>Quand ?\u00a0\u00a0<\/strong>Inscription 2018 au plus tard le 21\/09\/2018<\/p><p><strong>Combien \u00e7a co\u00fbte ?<\/strong>\u00a0Activit\u00e9 r\u00e9serv\u00e9e aux membres.\u00a0<\/p><p><strong>Inscription, questions :<\/strong> Viveka Levinsson\u00a0<\/p><p><img fetchpriority=\"high\" decoding=\"async\" class=\"aligncenter wp-image-3604 size-full\" src=\"https:\/\/alliancefr.se\/orebro\/wp-content\/uploads\/sites\/5\/2018\/10\/concertessaie1-2.jpg\" alt=\"\" width=\"1280\" height=\"720\" \/><\/p><p style=\"text-align: center;\"><span style=\"color: var( --e-global-color-text ); font-family: var( --e-global-typography-text-font-family ), Sans-serif; font-weight: var( --e-global-typography-text-font-weight ); letter-spacing: 0px;\">S\u00e9lection 2018-2019 :<\/span><\/p><p style=\"text-align: center;\"><strong>\u2022<\/strong> <a href=\"https:\/\/www.youtube.com\/user\/vianneymusique\">Vianney <\/a><strong>\u2022<\/strong><br \/>Auteur-compositeur interpr\u00e8te\u00a0fran\u00e7ais<\/p><p style=\"text-align: center;\"><strong>\u2022<\/strong> <a href=\"https:\/\/www.youtube.com\/channel\/UCCB1Byx5yTbLpQaV-rlfmtA\">Ma\u00eetre Gims<\/a> <strong>\u2022<\/strong><br \/>Rappeur,\u00a0chanteur\u00a0et\u00a0compositeur congolais<br \/><em>Mon c\u0153ur avait raison<\/em>\u00a0 (2015)<\/p><p style=\"text-align: center;\"><strong>\u2022<\/strong> <a href=\"https:\/\/www.youtube.com\/channel\/UC20JPs5yQ4zV8VBJcgesS0w\">Jane Constance<\/a> <strong>\u2022<\/strong><br \/>Chanteuse\u00a0originaire de l&rsquo;\u00eele Maurice<br \/><em>A travers vos yeux<\/em> (2016)<\/p><p style=\"text-align: center;\"><strong>\u2022<\/strong> <a href=\"https:\/\/www.youtube.com\/user\/slimanemokeddem\">Slimane<\/a>\u00a0<strong>\u2022<\/strong><br \/>Chanteur\u00a0fran\u00e7ais<br \/><em>\u00c2 bout de r\u00eaves<\/em> (2016)<\/p><p><img decoding=\"async\" class=\"aligncenter wp-image-3600 size-full\" src=\"https:\/\/alliancefr.se\/orebro\/wp-content\/uploads\/sites\/5\/2018\/10\/filmessaie1-2.jpg\" alt=\"\" width=\"1280\" height=\"720\" \/><\/p><p style=\"text-align: center;\">S\u00e9lection 2018-2019<\/p><p style=\"text-align: center;\"><strong>\u2022<\/strong> <a href=\"https:\/\/www.youtube.com\/watch?v=bcHjeZoSX4w\">Les Bracelets Rouges<\/a> <strong>\u2022<\/strong><br \/>S\u00e9rie t\u00e9l\u00e9vis\u00e9e fran\u00e7aise (2018)<\/p><p style=\"text-align: center;\"><strong>\u2022\u00a0<\/strong><a href=\"https:\/\/www.youtube.com\/watch?v=xt48gxynSqg\">La passion Van Gogh<\/a>\u00a0<strong>\u2022<\/strong><br \/>Film d&rsquo;animation\u00a0britannico-polonais\u00a0de\u00a0Dorota Kobiela\u00a0et\u00a0Hugh Welchman (2017)<\/p><p style=\"text-align: center;\">\u00a0<strong>\u2022\u00a0<\/strong><a href=\"https:\/\/www.youtube.com\/watch?v=4Lst66pETxA\">Au Revoir L\u00e0-Haut<\/a>\u00a0<strong>\u2022<\/strong><br \/>Com\u00e9die dramatique fran\u00e7aise co\u00e9crite et r\u00e9alis\u00e9e par\u00a0Albert Dupontel (2017)<\/p><p style=\"text-align: center;\">\u00a0<strong>\u2022\u00a0<\/strong><a href=\"https:\/\/www.youtube.com\/watch?v=7j6kAQlC6Mc\">Gaugin \u2013 Voyage de Tahiti<\/a>\u00a0<strong>\u2022<\/strong><br \/>Film fran\u00e7ais\u00a0r\u00e9alis\u00e9 par\u00a0\u00c9douard Deluc (2017)<\/p><p style=\"text-align: center;\"><strong>\u2022<\/strong>\u00a0<a href=\"https:\/\/www.youtube.com\/watch?v=0BufXB1AUfM\">Le Brio<\/a>\u00a0<strong>\u2022<\/strong><br \/>Film\u00a0fran\u00e7ais\u00a0r\u00e9alis\u00e9 par\u00a0Yvan Attal (2017)<\/p><p style=\"text-align: center;\"><strong>\u2022<\/strong>\u00a0<a href=\"https:\/\/www.youtube.com\/watch?v=p6IYLH_emaI\">Demain et tous les autres jours<\/a>\u00a0<strong>\u2022<\/strong><br \/>Film fran\u00e7ais\u00a0r\u00e9alis\u00e9 par\u00a0No\u00e9mie Lvovsky (2017)<\/p><p style=\"text-align: center;\">\u00a0<\/p>\t\t\t\t\t\t\t\t<\/div>\n\t\t\t\t<\/div>\n\t\t\t\t\t<\/div>\n\t\t<\/div>\n\t\t\t\t\t<\/div>\n\t\t<\/section>\n\t\t\t\t<\/div>\n\t\t","protected":false},"excerpt":{"rendered":"<p>2018-2019 Niveau :\u00a0Bon niveau de fran\u00e7ais Quand ?\u00a0\u00a0Inscription 2018 au plus tard le 21\/09\/2018 Combien \u00e7a co\u00fbte ?\u00a0Activit\u00e9 r\u00e9serv\u00e9e aux membres.\u00a0 Inscription, questions : Viveka Levinsson\u00a0 S\u00e9lection 2018-2019 : \u2022 Vianney \u2022Auteur-compositeur interpr\u00e8te\u00a0fran\u00e7ais \u2022 Ma\u00eetre Gims \u2022Rappeur,\u00a0chanteur\u00a0et\u00a0compositeur congolaisMon c\u0153ur avait raison\u00a0 (2015) \u2022 Jane Constance \u2022Chanteuse\u00a0originaire de l&rsquo;\u00eele MauriceA travers vos yeux (2016) \u2022 Slimane\u00a0\u2022Chanteur\u00a0fran\u00e7ais\u00c2 bout de r\u00eaves (2016) S\u00e9lection 2018-2019 \u2022 Les Bracelets Rouges \u2022S\u00e9rie t\u00e9l\u00e9vis\u00e9e fran\u00e7aise (2018) \u2022\u00a0La passion Van Gogh\u00a0\u2022Film d&rsquo;animation\u00a0britannico-polonais\u00a0de\u00a0Dorota Kobiela\u00a0et\u00a0Hugh Welchman (2017) \u00a0\u2022\u00a0Au Revoir L\u00e0-Haut\u00a0\u2022Com\u00e9die dramatique fran\u00e7aise co\u00e9crite et r\u00e9alis\u00e9e par\u00a0Albert Dupontel (2017) \u00a0\u2022\u00a0Gaugin \u2013 Voyage de Tahiti\u00a0\u2022Film fran\u00e7ais\u00a0r\u00e9alis\u00e9 par\u00a0\u00c9douard Deluc (2017) \u2022\u00a0Le Brio\u00a0\u2022Film\u00a0fran\u00e7ais\u00a0r\u00e9alis\u00e9 par\u00a0Yvan Attal (2017) \u2022\u00a0Demain et tous les autres jours\u00a0\u2022Film fran\u00e7ais\u00a0r\u00e9alis\u00e9 par\u00a0No\u00e9mie Lvovsky (2017) \u00a0<\/p>\n","protected":false},"author":1,"featured_media":0,"parent":0,"menu_order":0,"comment_status":"closed","ping_status":"closed","template":"","meta":{"om_disable_all_campaigns":false,"_monsterinsights_skip_tracking":false,"_monsterinsights_sitenote_active":false,"_monsterinsights_sitenote_note":"","_monsterinsights_sitenote_category":0,"_uf_show_specific_survey":0,"_uf_disable_surveys":false,"footnotes":""},"class_list":["post-3586","page","type-page","status-publish","hentry"],"aioseo_notices":[],"rttpg_featured_image_url":null,"rttpg_author":{"display_name":"Super.admin","author_link":"https:\/\/alliancefr.se\/orebro\/author\/admin2174\/"},"rttpg_comment":0,"rttpg_category":" <a href=\"https:\/\/alliancefr.se\/orebro\/\" rel=\"tag\">Fran\u00e7ais<\/a>","rttpg_excerpt":"2018-2019 Niveau :\u00a0Bon niveau de fran\u00e7ais Quand ?\u00a0\u00a0Inscription 2018 au plus tard le 21\/09\/2018 Combien \u00e7a co\u00fbte ?\u00a0Activit\u00e9 r\u00e9serv\u00e9e aux membres.\u00a0 Inscription, questions : Viveka Levinsson\u00a0 S\u00e9lection 2018-2019 : \u2022 Vianney \u2022Auteur-compositeur interpr\u00e8te\u00a0fran\u00e7ais \u2022 Ma\u00eetre Gims \u2022Rappeur,\u00a0chanteur\u00a0et\u00a0compositeur congolaisMon c\u0153ur avait raison\u00a0 (2015) \u2022 Jane Constance \u2022Chanteuse\u00a0originaire de l&rsquo;\u00eele MauriceA travers vos yeux (2016) \u2022 Slimane\u00a0\u2022Chanteur\u00a0fran\u00e7ais\u00c2\u2026","_links":{"self":[{"href":"https:\/\/alliancefr.se\/orebro\/wp-json\/wp\/v2\/pages\/3586","targetHints":{"allow":["GET"]}}],"collection":[{"href":"https:\/\/alliancefr.se\/orebro\/wp-json\/wp\/v2\/pages"}],"about":[{"href":"https:\/\/alliancefr.se\/orebro\/wp-json\/wp\/v2\/types\/page"}],"author":[{"embeddable":true,"href":"https:\/\/alliancefr.se\/orebro\/wp-json\/wp\/v2\/users\/1"}],"replies":[{"embeddable":true,"href":"https:\/\/alliancefr.se\/orebro\/wp-json\/wp\/v2\/comments?post=3586"}],"version-history":[{"count":12,"href":"https:\/\/alliancefr.se\/orebro\/wp-json\/wp\/v2\/pages\/3586\/revisions"}],"predecessor-version":[{"id":13176,"href":"https:\/\/alliancefr.se\/orebro\/wp-json\/wp\/v2\/pages\/3586\/revisions\/13176"}],"wp:attachment":[{"href":"https:\/\/alliancefr.se\/orebro\/wp-json\/wp\/v2\/media?parent=3586"}],"curies":[{"name":"wp","href":"https:\/\/api.w.org\/{rel}","templated":true}]}}