{"id":1816,"date":"2015-12-28T12:15:47","date_gmt":"2015-12-28T11:15:47","guid":{"rendered":"http:\/\/alliancefr.se\/orebro4\/host-2015\/"},"modified":"2023-09-28T15:44:06","modified_gmt":"2023-09-28T13:44:06","slug":"host-2015","status":"publish","type":"page","link":"https:\/\/alliancefr.se\/orebro\/sv\/host-2015\/","title":{"rendered":"Arkiv H\u00f6st 2015"},"content":{"rendered":"<h3><\/h3>\n<h3><\/h3>\n<h3>29 september 2015. Konferens p\u00e5 franska<\/h3>\n<h3><a href=\"http:\/\/www.alliancefrancaise-orebro.eu\/wp-content\/uploads\/2015\/09\/Jaccuse.jpg\"><img fetchpriority=\"high\" decoding=\"async\" class=\"alignleft size-medium wp-image-1605\" src=\"http:\/\/www.alliancefrancaise-orebro.eu\/wp-content\/uploads\/2015\/09\/Jaccuse-300x243.jpg\" alt=\"J'accuse\" width=\"300\" height=\"243\" \/><\/a><\/h3>\n<h3 style=\"text-align: center\"><\/h3>\n<h3 style=\"text-align: center\"><\/h3>\n<h3 style=\"text-align: center\"><\/h3>\n<h3 style=\"text-align: center\"><\/h3>\n<h3 style=\"text-align: center\"><\/h3>\n<h3 style=\"text-align: center\"><\/h3>\n<h3 style=\"text-align: center\"><strong>L&rsquo;affaire Dreyfus ou la naissance du vingti\u00e8me si\u00e8cle. <\/strong><\/h3>\n<h3 style=\"text-align: center\">Christophe Luciani<\/h3>\n<p>&nbsp;<\/p>\n<p>Christophe Luciani (<a href=\"http:\/\/www.europasprak.com\/page\/708\/template\/4\">Europa Spr\u00e5k<\/a>) ber\u00e4ttar om \u00ab\u00a0L&rsquo;affaire Dreyfus\u00a0\u00bb<\/p>\n<p>Dreyfusaff\u00e4ren utspelades i Frankrike \u00e5ren 1894 till 1906 och blev en politisk fr\u00e5ga d\u00e5 den republikanska v\u00e4nstern under ledning av Clemenceau och socialisten Jean Jaur\u00e8s f\u00f6rs\u00f6kte f\u00e5 Dreyfus frik\u00e4nd, medan de konservativa motsatte sig detta.<\/p>\n<p>&nbsp;<\/p>\n<p><em>Tisdag, den 29 september 2015<\/em><\/p>\n<p><em>Startcentrum (Rudbecksgatan 26): 18h30 (conf\u00e9rence: 19h00)<\/em><\/p>\n<p>Kv\u00e4llen \u00e4r reserverad f\u00f6r medlemmarna av Alliance Fran\u00e7aise i \u00d6rebro.<br \/>\nF\u00f6r att bli medlem klicka <a title=\"Om oss\" href=\"http:\/\/www.alliancefrancaise-orebro.eu\/sv\/om-oss\">h\u00e4r<\/a><\/p>\n<p>Buff\u00e9: 50 kr.<\/p>\n<p>&nbsp;<\/p>\n<p>&nbsp;<\/p>\n<h3>17 oktober 2015. M\u00f6te med Franck Fleming<\/h3>\n<p><a href=\"http:\/\/www.alliancefrancaise-orebro.eu\/wp-content\/uploads\/2015\/09\/21.jpg\"><img decoding=\"async\" class=\"alignleft size-medium wp-image-1562\" src=\"http:\/\/www.alliancefrancaise-orebro.eu\/wp-content\/uploads\/2015\/09\/21-300x199.jpg\" alt=\"Franck-21\" width=\"300\" height=\"199\" \/><\/a><\/p>\n<p>&nbsp;<\/p>\n<p>&nbsp;<\/p>\n<p>&nbsp;<\/p>\n<p>&nbsp;<\/p>\n<p>&nbsp;<\/p>\n<p>&nbsp;<\/p>\n<p>&nbsp;<\/p>\n<p><strong>Visning med f\u00f6rklaring och tolkning (p\u00e5 franska) av verk som inte st\u00e4lldes ut p\u00e5 OpenART, f\u00f6ljt av m\u00f6te med konstn\u00e4ren, som \u00e4r fr\u00e5n Nice (tv\u00e5spr\u00e5kig engelska och franska).<\/strong><\/p>\n<p>&nbsp;<\/p>\n<p>Efter den stora framg\u00e5ngen med utst\u00e4llningen inom ramen f\u00f6r OpenART 2015 (i Kr\u00e4maren) tack vare st\u00f6d fr\u00e5n Institut Fran\u00e7ais de Su\u00e8de och Alliance fran\u00e7aise d&rsquo;\u00d6rebro forts\u00e4tter \u00ab\u00a0Trash de Vie\u00a0\u00bb sin v\u00e4g mot Halmstad.<\/p>\n<p>Tack vare st\u00f6det fr\u00e5n Institut Fran\u00e7ais de Su\u00e8de, Alliance fran\u00e7aise d&rsquo;\u00d6rebro och Alliance fran\u00e7aise de Halmstad kommer \u00ab\u00a0Trash de Vie\u00a0\u00bb att st\u00e4llas ut p\u00e5 biblioteket i Halmstad (19 0kt -1 nov 2015). Franck Fleming kommer att g\u00f6ra en mellanlandning i \u00d6rebro p\u00e5 sin v\u00e4g till vernissagen i Halmstad.<\/p>\n<p><strong>Franck Fleming kommer att l\u00e5ta oss ta del av n\u00e5gra verk som inte st\u00e4lldes ut p\u00e5 OpenART.<\/strong><\/p>\n<p>F\u00f6r att l\u00e4sa mer om hans verk se:<\/p>\n<p><a href=\"http:\/\/openart.se\/2015\/sv\/konstnarer\/franck-fleming\/\">http:\/\/openart.se\/2015\/sv\/konstnarer\/franck-fleming\/<\/a><\/p>\n<p>&nbsp;<\/p>\n<p><strong>Samling\/antologi av foton och signering<\/strong><\/p>\n<p>Det blir m\u00f6jligt att best\u00e4lla den lilla boken (20&#215;20 cm) med bilder, och Franck Fleming signerar g\u00e4rna n\u00e4r ni tr\u00e4ffar honom! <em>Best\u00e4llning, priser och annan info: kontakta snarast m\u00f6jligt<\/em>: e<em>.ponsot@alliancefrancaise-orebro.eu<\/em><\/p>\n<p><strong>Visningen med f\u00f6rklaring av konstn\u00e4ren f\u00f6ljs av en buffet (50 SEK)<br \/>\nExakt tid och plats kommer senare<\/strong><\/p>\n<p><em>L\u00f6rdag, den 17 oktober 2015. <\/em><\/p>\n<p><em>Startcentrum (Rudbecksgatan 26): 16.30.<\/em><\/p>\n<p><a href=\"http:\/\/www.alliancefrancaise-orebro.eu\/wp-content\/uploads\/2015\/09\/17.jpg\"><img decoding=\"async\" class=\"alignleft size-medium wp-image-1563\" src=\"http:\/\/www.alliancefrancaise-orebro.eu\/wp-content\/uploads\/2015\/09\/17-300x200.jpg\" alt=\"Franck-17\" width=\"300\" height=\"200\" \/><\/a><\/p>\n<h3><\/h3>\n<h3><\/h3>\n<h3>2 november 2015.<\/h3>\n<h3>Konferens p\u00e5 franska.<\/h3>\n<h3><a href=\"http:\/\/www.alliancefrancaise-orebro.eu\/wp-content\/uploads\/2015\/09\/arbesko-reclame.jpg\"><img loading=\"lazy\" decoding=\"async\" class=\"alignleft size-medium wp-image-1664\" src=\"http:\/\/www.alliancefrancaise-orebro.eu\/wp-content\/uploads\/2015\/09\/arbesko-reclame-300x127.jpg\" alt=\"arbesko reclame\" width=\"300\" height=\"127\" \/><\/a><\/h3>\n<h3 style=\"text-align: left\"><\/h3>\n<p>&nbsp;<\/p>\n<h3 style=\"text-align: center\"><\/h3>\n<p><em>M\u00e5ndag 2 november 2015.<\/em><\/p>\n<p><em>Medborgarskolan (Storgatan 18): 18h30 (Konferens: 19h00)<\/em><\/p>\n<p>I sammarbete med Medborgarskolan.<\/p>\n<p>&nbsp;<\/p>\n<p>Kv\u00e4llen \u00e4r reserverad f\u00f6r medlemmarna av Alliance Fran\u00e7aise i \u00d6rebro.<br \/>\nF\u00f6r att bli medlem klicka <a title=\"Om oss\" href=\"http:\/\/www.alliancefrancaise-orebro.eu\/sv\/om-oss\">h\u00e4r<\/a><\/p>\n<p>Buff\u00e9: 50 kr.<\/p>\n<p>&nbsp;<\/p>\n<h3>26 novembre 2015. Konferens p\u00e5 franska och buff\u00e9 \u00ab\u00a0Ann\u00e9es folles\u00a0\u00bb<\/h3>\n<p><a href=\"http:\/\/www.alliancefrancaise-orebro.eu\/wp-content\/uploads\/2015\/06\/image80.jpg\"><img loading=\"lazy\" decoding=\"async\" class=\"alignleft size-medium wp-image-1265\" src=\"http:\/\/www.alliancefrancaise-orebro.eu\/wp-content\/uploads\/2015\/06\/image80-300x188.jpg\" alt=\"image 80ans alliance fran\u00e7aise \u00f6rebro\" width=\"300\" height=\"188\" \/><\/a><\/p>\n<h3 style=\"text-align: center\"><\/h3>\n<h3 style=\"text-align: center\"><\/h3>\n<h3 style=\"text-align: center\"><\/h3>\n<h3 style=\"text-align: center\"><\/h3>\n<h3 style=\"text-align: center\"><\/h3>\n<h3 style=\"text-align: center\"><\/h3>\n<h3 style=\"text-align: center\"><\/h3>\n<h3 style=\"text-align: center\"><strong>L&rsquo;Alliance fran\u00e7aise d&rsquo;\u00d6rebro de 1935 \u00e0 nos jours. <\/strong><\/h3>\n<h3 style=\"text-align: center\"><em>Hier, aujourd&rsquo;hui, demain.<\/em><\/h3>\n<p style=\"text-align: center\">Le Comit\u00e9 de l&rsquo;AF<\/p>\n<p>&nbsp;<\/p>\n<p><em>Torsdag 26 november 2015<\/em><\/p>\n<p><em>Medborgarskolan (Storgatan 18): 18h30 (Konferens: 19h00)<\/em><\/p>\n<p>I sammarbete med Medborgarskolan.<\/p>\n<p>&nbsp;<\/p>\n<p>Kv\u00e4llen \u00e4r reserverad f\u00f6r medlemmarna av Alliance Fran\u00e7aise i \u00d6rebro.<br \/>\nF\u00f6r att bli medlem klicka <a title=\"Om oss\" href=\"http:\/\/www.alliancefrancaise-orebro.eu\/sv\/om-oss\">h\u00e4r<\/a><\/p>\n<p>Buff\u00e9 \u00ab\u00a0Ann\u00e9es folles\u00a0\u00bb: 50 kr.<\/p>\n<p>&nbsp;<\/p>\n<h3><\/h3>\n<p>&nbsp;<\/p>\n<h3>8 december 2015. Konferens p\u00e5 svenska<\/h3>\n<p><a href=\"http:\/\/www.alliancefrancaise-orebro.eu\/wp-content\/uploads\/2015\/08\/Suede-EU.jpg\"><img loading=\"lazy\" decoding=\"async\" class=\" size-medium wp-image-1512 alignleft\" src=\"http:\/\/www.alliancefrancaise-orebro.eu\/wp-content\/uploads\/2015\/08\/Suede-EU-300x164.jpg\" alt=\"Suede EU\" width=\"300\" height=\"164\" \/><\/a><\/p>\n<h3 style=\"text-align: center\"><\/h3>\n<h3 style=\"text-align: center\"><\/h3>\n<h3 style=\"text-align: center\"><\/h3>\n<h3 style=\"text-align: center\"><\/h3>\n<h3 style=\"text-align: center\"><\/h3>\n<h3 style=\"text-align: center\"><strong>Sverige: 20 \u00e5r i EU!<\/strong><\/h3>\n<h3 style=\"text-align: center\"><strong><em>Mina 13 \u00e5r som \u00d6vers\u00e4ttare inom EU.<\/em><\/strong><\/h3>\n<h3 style=\"text-align: center\">Ingrid Forslund<\/h3>\n<p>&nbsp;<\/p>\n<p>1995 blev Sverige medlem i EU.<\/p>\n<p>Ingrid Forslund kommer att prata om EU, EU- institutionerna och sitt arbete som \u00f6vers\u00e4ttare (franska) vid EU-kommissionen.<\/p>\n<p>&nbsp;<\/p>\n<p><em>Tisdag, den 8 september 2015<\/em><\/p>\n<p><em>Medborgarskolan (Storgatan 18): kl.18.30 (konferens: kl.19.00)<\/em><\/p>\n<p>I samarbete med Medborgarskolan.<\/p>\n<p>F\u00f6r medlemmar ock icke-medlemmar.<\/p>\n<p>&nbsp;<\/p>\n<p>Buff\u00e9: 50 kr.<\/p>\n","protected":false},"excerpt":{"rendered":"<p>29 september 2015. Konferens p\u00e5 franska L&rsquo;affaire Dreyfus ou la naissance du vingti\u00e8me si\u00e8cle. Christophe Luciani &nbsp; Christophe Luciani (Europa Spr\u00e5k) ber\u00e4ttar om \u00ab\u00a0L&rsquo;affaire Dreyfus\u00a0\u00bb Dreyfusaff\u00e4ren utspelades i Frankrike \u00e5ren 1894 till 1906 och blev en politisk fr\u00e5ga d\u00e5 den republikanska v\u00e4nstern under ledning av Clemenceau och socialisten Jean Jaur\u00e8s f\u00f6rs\u00f6kte f\u00e5 Dreyfus frik\u00e4nd, medan de konservativa motsatte sig detta. &nbsp; Tisdag, den 29 september 2015 Startcentrum (Rudbecksgatan 26): 18h30 (conf\u00e9rence: 19h00) Kv\u00e4llen \u00e4r reserverad f\u00f6r medlemmarna av Alliance Fran\u00e7aise i \u00d6rebro. F\u00f6r att bli medlem klicka h\u00e4r Buff\u00e9: 50 kr. &nbsp; &nbsp; 17 oktober 2015. M\u00f6te med Franck Fleming &nbsp; &nbsp; &nbsp; &nbsp; &nbsp; &nbsp; &nbsp; Visning med f\u00f6rklaring och tolkning (p\u00e5 franska) av verk som inte st\u00e4lldes ut p\u00e5 OpenART, f\u00f6ljt av m\u00f6te med konstn\u00e4ren, som \u00e4r fr\u00e5n Nice (tv\u00e5spr\u00e5kig engelska och franska). &nbsp; Efter den stora framg\u00e5ngen med utst\u00e4llningen inom ramen f\u00f6r OpenART 2015 (i Kr\u00e4maren) tack vare st\u00f6d fr\u00e5n Institut Fran\u00e7ais de Su\u00e8de och Alliance fran\u00e7aise d&rsquo;\u00d6rebro forts\u00e4tter \u00ab\u00a0Trash de Vie\u00a0\u00bb sin v\u00e4g mot Halmstad. Tack vare st\u00f6det fr\u00e5n Institut Fran\u00e7ais de Su\u00e8de, Alliance fran\u00e7aise d&rsquo;\u00d6rebro och Alliance fran\u00e7aise de Halmstad kommer \u00ab\u00a0Trash de Vie\u00a0\u00bb att st\u00e4llas ut p\u00e5 biblioteket i Halmstad (19 0kt -1 nov 2015). Franck Fleming kommer att g\u00f6ra en mellanlandning i \u00d6rebro p\u00e5 sin v\u00e4g till vernissagen i Halmstad. Franck Fleming kommer att l\u00e5ta oss ta del av n\u00e5gra verk som inte st\u00e4lldes ut p\u00e5 OpenART. F\u00f6r att l\u00e4sa mer om hans verk se: http:\/\/openart.se\/2015\/sv\/konstnarer\/franck-fleming\/ &nbsp; Samling\/antologi av foton och signering Det blir m\u00f6jligt att best\u00e4lla den lilla boken (20&#215;20 cm) med bilder, och Franck Fleming signerar g\u00e4rna n\u00e4r ni tr\u00e4ffar honom! Best\u00e4llning, priser och annan info: kontakta snarast m\u00f6jligt: e.ponsot@alliancefrancaise-orebro.eu Visningen med f\u00f6rklaring av konstn\u00e4ren f\u00f6ljs av en buffet (50 SEK) Exakt tid och plats kommer senare L\u00f6rdag, den 17 oktober 2015. Startcentrum (Rudbecksgatan 26): 16.30. 2 november 2015. Konferens p\u00e5 franska. &nbsp; M\u00e5ndag 2 november 2015. Medborgarskolan (Storgatan 18): 18h30 (Konferens: 19h00) I sammarbete med Medborgarskolan. &nbsp; Kv\u00e4llen \u00e4r reserverad f\u00f6r medlemmarna av Alliance Fran\u00e7aise i \u00d6rebro. F\u00f6r att bli medlem klicka h\u00e4r Buff\u00e9: 50 kr. &nbsp; 26 novembre 2015. Konferens p\u00e5 franska och buff\u00e9 \u00ab\u00a0Ann\u00e9es folles\u00a0\u00bb L&rsquo;Alliance fran\u00e7aise d&rsquo;\u00d6rebro de 1935 \u00e0 nos jours. Hier, aujourd&rsquo;hui, demain. Le Comit\u00e9 de l&rsquo;AF &nbsp; Torsdag 26 november 2015 Medborgarskolan (Storgatan 18): 18h30 (Konferens: 19h00) I sammarbete med Medborgarskolan. &nbsp; Kv\u00e4llen \u00e4r reserverad f\u00f6r medlemmarna av Alliance Fran\u00e7aise i \u00d6rebro. F\u00f6r att bli medlem klicka h\u00e4r Buff\u00e9 \u00ab\u00a0Ann\u00e9es folles\u00a0\u00bb: 50 kr. &nbsp; &nbsp; 8 december 2015. Konferens p\u00e5 svenska Sverige: 20 \u00e5r i EU! Mina 13 \u00e5r som \u00d6vers\u00e4ttare inom EU. Ingrid Forslund &nbsp; 1995 blev Sverige medlem i EU. Ingrid Forslund kommer att prata om EU, EU- institutionerna och sitt arbete som \u00f6vers\u00e4ttare (franska) vid EU-kommissionen. &nbsp; Tisdag, den 8 september 2015 Medborgarskolan (Storgatan 18): kl.18.30 (konferens: kl.19.00) I samarbete med Medborgarskolan. F\u00f6r medlemmar ock icke-medlemmar. &nbsp; Buff\u00e9: 50 kr.<\/p>\n","protected":false},"author":1,"featured_media":0,"parent":0,"menu_order":0,"comment_status":"closed","ping_status":"closed","template":"","meta":{"om_disable_all_campaigns":false,"_monsterinsights_skip_tracking":false,"_monsterinsights_sitenote_active":false,"_monsterinsights_sitenote_note":"","_monsterinsights_sitenote_category":0,"_uf_show_specific_survey":0,"_uf_disable_surveys":false,"footnotes":""},"class_list":["post-1816","page","type-page","status-publish","hentry"],"aioseo_notices":[],"rttpg_featured_image_url":null,"rttpg_author":{"display_name":"Super.admin","author_link":"https:\/\/alliancefr.se\/orebro\/author\/admin2174\/"},"rttpg_comment":0,"rttpg_category":" <a href=\"https:\/\/alliancefr.se\/orebro\/sv\/\" rel=\"tag\">Svenska<\/a>","rttpg_excerpt":"29 september 2015. Konferens p\u00e5 franska L&rsquo;affaire Dreyfus ou la naissance du vingti\u00e8me si\u00e8cle. Christophe Luciani &nbsp; Christophe Luciani (Europa Spr\u00e5k) ber\u00e4ttar om \u00ab\u00a0L&rsquo;affaire Dreyfus\u00a0\u00bb Dreyfusaff\u00e4ren utspelades i Frankrike \u00e5ren 1894 till 1906 och blev en politisk fr\u00e5ga d\u00e5 den republikanska v\u00e4nstern under ledning av Clemenceau och socialisten Jean Jaur\u00e8s f\u00f6rs\u00f6kte f\u00e5 Dreyfus frik\u00e4nd, medan\u2026","_links":{"self":[{"href":"https:\/\/alliancefr.se\/orebro\/wp-json\/wp\/v2\/pages\/1816","targetHints":{"allow":["GET"]}}],"collection":[{"href":"https:\/\/alliancefr.se\/orebro\/wp-json\/wp\/v2\/pages"}],"about":[{"href":"https:\/\/alliancefr.se\/orebro\/wp-json\/wp\/v2\/types\/page"}],"author":[{"embeddable":true,"href":"https:\/\/alliancefr.se\/orebro\/wp-json\/wp\/v2\/users\/1"}],"replies":[{"embeddable":true,"href":"https:\/\/alliancefr.se\/orebro\/wp-json\/wp\/v2\/comments?post=1816"}],"version-history":[{"count":1,"href":"https:\/\/alliancefr.se\/orebro\/wp-json\/wp\/v2\/pages\/1816\/revisions"}],"predecessor-version":[{"id":9393,"href":"https:\/\/alliancefr.se\/orebro\/wp-json\/wp\/v2\/pages\/1816\/revisions\/9393"}],"wp:attachment":[{"href":"https:\/\/alliancefr.se\/orebro\/wp-json\/wp\/v2\/media?parent=1816"}],"curies":[{"name":"wp","href":"https:\/\/api.w.org\/{rel}","templated":true}]}}