{"id":16158,"date":"2025-02-26T15:03:46","date_gmt":"2025-02-26T14:03:46","guid":{"rendered":"https:\/\/alliancefr.se\/orebro\/?page_id=16158"},"modified":"2025-02-26T15:05:18","modified_gmt":"2025-02-26T14:05:18","slug":"podcasten-fran-alliance-francaise-i-orebro-2","status":"publish","type":"page","link":"https:\/\/alliancefr.se\/orebro\/sv\/podcasten-fran-alliance-francaise-i-orebro-2\/","title":{"rendered":"Podcasten fr\u00e5n Alliance Fran\u00e7aise i \u00d6rebro"},"content":{"rendered":"\t\t<div data-elementor-type=\"wp-post\" data-elementor-id=\"16158\" class=\"elementor elementor-16158\">\n\t\t\t\t\t\t<section class=\"elementor-section elementor-top-section elementor-element elementor-element-3ca50c8d elementor-section-boxed elementor-section-height-default elementor-section-height-default\" data-id=\"3ca50c8d\" data-element_type=\"section\">\n\t\t\t\t\t\t<div class=\"elementor-container elementor-column-gap-default\">\n\t\t\t\t\t<div class=\"elementor-column elementor-col-100 elementor-top-column elementor-element elementor-element-7e61ea40\" data-id=\"7e61ea40\" data-element_type=\"column\">\n\t\t\t<div class=\"elementor-widget-wrap elementor-element-populated\">\n\t\t\t\t\t\t<div class=\"elementor-element elementor-element-7175b6e6 elementor-widget elementor-widget-text-editor\" data-id=\"7175b6e6\" data-element_type=\"widget\" data-widget_type=\"text-editor.default\">\n\t\t\t\t<div class=\"elementor-widget-container\">\n\t\t\t\t\t\t\t\t\t<p><img decoding=\"async\" class=\"size-thumbnail wp-image-15819 alignright\" src=\"https:\/\/alliancefr.se\/orebro\/wp-content\/uploads\/sites\/5\/2025\/02\/Logo-podcast-150x150.png\" alt=\"\" width=\"150\" height=\"150\" \/><\/p><p data-start=\"41\" data-end=\"144\">Alliance Fran\u00e7aise i \u00d6rebro har lanserat sin egen\u00a0<strong data-start=\"41\" data-end=\"142\">podcast<\/strong>, kallad\u00a0<em>Une parenth\u00e8se fran\u00e7aise<\/em>\u00a0!<strong data-start=\"41\" data-end=\"142\">\u00a0\ud83c\udf99\ufe0f<\/strong><\/p><p data-start=\"146\" data-end=\"388\">I varje avsnitt lyfts en medlem fr\u00e5n Alliance Fran\u00e7aise fram. M\u00e5let \u00e4r att diskutera ett \u00e4mne inom fransk eller frankofon kultur, s\u00e5 att du kan\u00a0<strong>f\u00f6rst\u00e5 den frankofona kulturen<\/strong>\u00a0genom perspektivet fr\u00e5n b\u00e5de en svensk och en fransman\/fransyska.<\/p><p data-start=\"390\" data-end=\"493\">Om du \u00e4r en\u00a0<strong>inf\u00f6dd fransktalare<\/strong>\u00a0har vi ocks\u00e5 t\u00e4nkt p\u00e5 dig. Vi har f\u00f6rberett nyheter som kommer snart !<\/p><p data-start=\"390\" data-end=\"493\"><br \/>Hur lyssnar man p\u00e5 podcasten ?\u00a0Du har tv\u00e5 alternativ:<\/p><ul data-start=\"557\" data-end=\"781\"><li data-start=\"557\" data-end=\"651\"><strong data-start=\"559\" data-end=\"570\">Spotify<\/strong>, d\u00e4r du kan lyssna p\u00e5 r\u00f6sterna med videost\u00f6d. Klicka\u00a0<a href=\"https:\/\/open.spotify.com\/show\/3DUKWzyUt69i00hqXsXc9f\">h\u00e4r<\/a>\u00a0f\u00f6r att uppt\u00e4cka den.<\/li><li data-start=\"652\" data-end=\"781\"><strong data-start=\"654\" data-end=\"665\">YouTube<\/strong>, d\u00e4r du kan se videon och l\u00e4gga till undertexter via YouTubes undertextfunktion. Klicka\u00a0<a href=\"https:\/\/www.youtube.com\/@alliancefrancaisedorebro1987\/podcasts\">h\u00e4r<\/a>\u00a0f\u00f6r att uppt\u00e4cka den.<\/li><\/ul><p data-start=\"783\" data-end=\"869\">Vi inbjuder dig att prenumerera p\u00e5 v\u00e5ra kanaler s\u00e5 att du inte missar n\u00e5got avsnitt!<\/p>\t\t\t\t\t\t\t\t<\/div>\n\t\t\t\t<\/div>\n\t\t\t\t\t<\/div>\n\t\t<\/div>\n\t\t\t\t\t<\/div>\n\t\t<\/section>\n\t\t\t\t<section class=\"elementor-section elementor-top-section elementor-element elementor-element-fd77239 elementor-section-boxed elementor-section-height-default elementor-section-height-default\" data-id=\"fd77239\" data-element_type=\"section\">\n\t\t\t\t\t\t<div class=\"elementor-container elementor-column-gap-default\">\n\t\t\t\t\t<div class=\"elementor-column elementor-col-100 elementor-top-column elementor-element elementor-element-7e0fd14\" data-id=\"7e0fd14\" data-element_type=\"column\">\n\t\t\t<div class=\"elementor-widget-wrap elementor-element-populated\">\n\t\t\t\t\t\t<div class=\"elementor-element elementor-element-0803d9a elementor-widget-divider--view-line elementor-widget elementor-widget-divider\" data-id=\"0803d9a\" data-element_type=\"widget\" data-widget_type=\"divider.default\">\n\t\t\t\t<div class=\"elementor-widget-container\">\n\t\t\t\t\t\t\t<div class=\"elementor-divider\">\n\t\t\t<span class=\"elementor-divider-separator\">\n\t\t\t\t\t\t<\/span>\n\t\t<\/div>\n\t\t\t\t\t\t<\/div>\n\t\t\t\t<\/div>\n\t\t\t\t\t<\/div>\n\t\t<\/div>\n\t\t\t\t\t<\/div>\n\t\t<\/section>\n\t\t\t\t<section class=\"elementor-section elementor-top-section elementor-element elementor-element-3976384 elementor-section-boxed elementor-section-height-default elementor-section-height-default\" data-id=\"3976384\" data-element_type=\"section\">\n\t\t\t\t\t\t<div class=\"elementor-container elementor-column-gap-default\">\n\t\t\t\t\t<div class=\"elementor-column elementor-col-100 elementor-top-column elementor-element elementor-element-6231090\" data-id=\"6231090\" data-element_type=\"column\">\n\t\t\t<div class=\"elementor-widget-wrap elementor-element-populated\">\n\t\t\t\t\t\t<div class=\"elementor-element elementor-element-39c08e8 elementor-tabs-view-horizontal elementor-widget elementor-widget-tabs\" data-id=\"39c08e8\" data-element_type=\"widget\" data-widget_type=\"tabs.default\">\n\t\t\t\t<div class=\"elementor-widget-container\">\n\t\t\t\t\t\t\t<div class=\"elementor-tabs\">\n\t\t\t<div class=\"elementor-tabs-wrapper\" role=\"tablist\" >\n\t\t\t\t\t\t\t\t\t<div id=\"elementor-tab-title-6051\" class=\"elementor-tab-title elementor-tab-desktop-title\" aria-selected=\"true\" data-tab=\"1\" role=\"tab\" tabindex=\"0\" aria-controls=\"elementor-tab-content-6051\" aria-expanded=\"false\">Episode 1<\/div>\n\t\t\t\t\t\t\t\t\t<div id=\"elementor-tab-title-6052\" class=\"elementor-tab-title elementor-tab-desktop-title\" aria-selected=\"false\" data-tab=\"2\" role=\"tab\" tabindex=\"-1\" aria-controls=\"elementor-tab-content-6052\" aria-expanded=\"false\">Episode 2<\/div>\n\t\t\t\t\t\t\t<\/div>\n\t\t\t<div class=\"elementor-tabs-content-wrapper\" role=\"tablist\" aria-orientation=\"vertical\">\n\t\t\t\t\t\t\t\t\t<div class=\"elementor-tab-title elementor-tab-mobile-title\" aria-selected=\"true\" data-tab=\"1\" role=\"tab\" tabindex=\"0\" aria-controls=\"elementor-tab-content-6051\" aria-expanded=\"false\">Episode 1<\/div>\n\t\t\t\t\t<div id=\"elementor-tab-content-6051\" class=\"elementor-tab-content elementor-clearfix\" data-tab=\"1\" role=\"tabpanel\" aria-labelledby=\"elementor-tab-title-6051\" tabindex=\"0\" hidden=\"false\"><p><span style=\"font-weight: 400;\"><img fetchpriority=\"high\" decoding=\"async\" class=\"aligncenter wp-image-15820 size-full\" src=\"https:\/\/alliancefr.se\/orebro\/wp-content\/uploads\/sites\/5\/2025\/02\/PODCAST-episode-1.png\" alt=\"\" width=\"851\" height=\"315\" \/><\/span><\/p><p data-start=\"41\" data-end=\"237\">Det f\u00f6rsta avsnittet tar upp ett viktigt \u00e4mne :\u00a0<strong>hur h\u00e4lsar man p\u00e5 varandra?<\/strong><br data-start=\"119\" data-end=\"122\" \/>Genom erfarenhetsutbyte och kulturella uppt\u00e4ckter utforskar L\u00e9na och Alice de olika s\u00e4tten att h\u00e4lsa i Frankrike.<\/p><p data-start=\"41\" data-end=\"237\">Klicka\u00a0<a href=\"https:\/\/open.spotify.com\/episode\/71HUL77Ut38ImKtJJL5vRg\">h\u00e4r<\/a>\u00a0f\u00f6r att lyssna p\u00e5 Spotify,<br \/>Klicka\u00a0<a href=\"https:\/\/www.youtube.com\/watch?v=j6niWJzGi7c&amp;t=1s\">h\u00e4r<\/a>\u00a0f\u00f6r att lyssna p\u00e5 Youtube !<\/p><\/div>\n\t\t\t\t\t\t\t\t\t<div class=\"elementor-tab-title elementor-tab-mobile-title\" aria-selected=\"false\" data-tab=\"2\" role=\"tab\" tabindex=\"-1\" aria-controls=\"elementor-tab-content-6052\" aria-expanded=\"false\">Episode 2<\/div>\n\t\t\t\t\t<div id=\"elementor-tab-content-6052\" class=\"elementor-tab-content elementor-clearfix\" data-tab=\"2\" role=\"tabpanel\" aria-labelledby=\"elementor-tab-title-6052\" tabindex=\"0\" hidden=\"hidden\"><p><img decoding=\"async\" class=\"aligncenter wp-image-15822 size-full\" src=\"https:\/\/alliancefr.se\/orebro\/wp-content\/uploads\/sites\/5\/2025\/02\/PODCAST-episode-2.png\" alt=\"\" width=\"851\" height=\"315\" \/><\/p><p data-start=\"41\" data-end=\"231\">Det andra avsnittet av podcasten handlar om ett smakfullt \u00e4mne :\u00a0<strong data-start=\"41\" data-end=\"124\">Dricka och \u00e4ta.<\/strong><br data-start=\"124\" data-end=\"127\" \/>Henrik och Alice kommer att dela med sig av sina respektive erfarenheter i Frankrike kring detta tema.<\/p><p data-start=\"41\" data-end=\"231\">Klicka\u00a0<a href=\"https:\/\/open.spotify.com\/episode\/6RUYTNohG1X1upCdw0f97z\">h\u00e4r<\/a>\u00a0f\u00f6r att lyssna p\u00e5\u00a0<strong>Spotify<\/strong>,\u00a0<br \/>Klicka\u00a0<a href=\"https:\/\/www.youtube.com\/watch?v=C4EyivfJ3M8&amp;list=PLvQf6QAxnU7EuModrlWXhkpNpmPejJTLa\">h\u00e4r<\/a>\u00a0f\u00f6r att lyssna p\u00e5\u00a0<strong>Youtube<\/strong>\u00a0!<\/p><\/div>\n\t\t\t\t\t\t\t<\/div>\n\t\t<\/div>\n\t\t\t\t\t\t<\/div>\n\t\t\t\t<\/div>\n\t\t\t\t\t<\/div>\n\t\t<\/div>\n\t\t\t\t\t<\/div>\n\t\t<\/section>\n\t\t\t\t<section class=\"elementor-section elementor-top-section elementor-element elementor-element-b41c74d elementor-section-boxed elementor-section-height-default elementor-section-height-default\" data-id=\"b41c74d\" data-element_type=\"section\">\n\t\t\t\t\t\t<div class=\"elementor-container elementor-column-gap-default\">\n\t\t\t\t\t<div class=\"elementor-column elementor-col-100 elementor-top-column elementor-element elementor-element-6032a97\" data-id=\"6032a97\" data-element_type=\"column\">\n\t\t\t<div class=\"elementor-widget-wrap elementor-element-populated\">\n\t\t\t\t\t\t<div class=\"elementor-element elementor-element-ff112d5 elementor-widget elementor-widget-text-editor\" data-id=\"ff112d5\" data-element_type=\"widget\" data-widget_type=\"text-editor.default\">\n\t\t\t\t<div class=\"elementor-widget-container\">\n\t\t\t\t\t\t\t\t\t<p>F\u00f6r att hitta mer kulturellt inneh\u00e5ll,\u00a0<a href=\"https:\/\/alliancefr.se\/orebro\/contenus-culturels2\/\">klicka h\u00e4r<\/a>\u00a0!<\/p>\t\t\t\t\t\t\t\t<\/div>\n\t\t\t\t<\/div>\n\t\t\t\t\t<\/div>\n\t\t<\/div>\n\t\t\t\t\t<\/div>\n\t\t<\/section>\n\t\t\t\t<\/div>\n\t\t","protected":false},"excerpt":{"rendered":"<p>Alliance Fran\u00e7aise i \u00d6rebro har lanserat sin egen\u00a0podcast, kallad\u00a0Une parenth\u00e8se fran\u00e7aise\u00a0!\u00a0\ud83c\udf99\ufe0f I varje avsnitt lyfts en medlem fr\u00e5n Alliance Fran\u00e7aise fram. M\u00e5let \u00e4r att diskutera ett \u00e4mne inom fransk eller frankofon kultur, s\u00e5 att du kan\u00a0f\u00f6rst\u00e5 den frankofona kulturen\u00a0genom perspektivet fr\u00e5n b\u00e5de en svensk och en fransman\/fransyska. Om du \u00e4r en\u00a0inf\u00f6dd fransktalare\u00a0har vi ocks\u00e5 t\u00e4nkt p\u00e5 dig. Vi har f\u00f6rberett nyheter som kommer snart ! Hur lyssnar man p\u00e5 podcasten ?\u00a0Du har tv\u00e5 alternativ: Spotify, d\u00e4r du kan lyssna p\u00e5 r\u00f6sterna med videost\u00f6d. Klicka\u00a0h\u00e4r\u00a0f\u00f6r att uppt\u00e4cka den. YouTube, d\u00e4r du kan se videon och l\u00e4gga till undertexter via YouTubes undertextfunktion. Klicka\u00a0h\u00e4r\u00a0f\u00f6r att uppt\u00e4cka den. Vi inbjuder dig att prenumerera p\u00e5 v\u00e5ra kanaler s\u00e5 att du inte missar n\u00e5got avsnitt! Episode 1 Episode 2 Episode 1 Det f\u00f6rsta avsnittet tar upp ett viktigt \u00e4mne :\u00a0hur h\u00e4lsar man p\u00e5 varandra?Genom erfarenhetsutbyte och kulturella uppt\u00e4ckter utforskar L\u00e9na och Alice de olika s\u00e4tten att h\u00e4lsa i Frankrike. Klicka\u00a0h\u00e4r\u00a0f\u00f6r att lyssna p\u00e5 Spotify,Klicka\u00a0h\u00e4r\u00a0f\u00f6r att lyssna p\u00e5 Youtube ! Episode 2 Det andra avsnittet av podcasten handlar om ett smakfullt \u00e4mne :\u00a0Dricka och \u00e4ta.Henrik och Alice kommer att dela med sig av sina respektive erfarenheter i Frankrike kring detta tema. Klicka\u00a0h\u00e4r\u00a0f\u00f6r att lyssna p\u00e5\u00a0Spotify,\u00a0Klicka\u00a0h\u00e4r\u00a0f\u00f6r att lyssna p\u00e5\u00a0Youtube\u00a0! F\u00f6r att hitta mer kulturellt inneh\u00e5ll,\u00a0klicka h\u00e4r\u00a0!<\/p>\n","protected":false},"author":1,"featured_media":0,"parent":0,"menu_order":0,"comment_status":"closed","ping_status":"open","template":"","meta":{"om_disable_all_campaigns":false,"_monsterinsights_skip_tracking":false,"_monsterinsights_sitenote_active":false,"_monsterinsights_sitenote_note":"","_monsterinsights_sitenote_category":0,"_uf_show_specific_survey":0,"_uf_disable_surveys":false,"footnotes":""},"class_list":["post-16158","page","type-page","status-publish","hentry"],"aioseo_notices":[],"rttpg_featured_image_url":null,"rttpg_author":{"display_name":"Super.admin","author_link":"https:\/\/alliancefr.se\/orebro\/author\/admin2174\/"},"rttpg_comment":0,"rttpg_category":" <a href=\"https:\/\/alliancefr.se\/orebro\/sv\/\" rel=\"tag\">Svenska<\/a>","rttpg_excerpt":"Alliance Fran\u00e7aise i \u00d6rebro har lanserat sin egen\u00a0podcast, kallad\u00a0Une parenth\u00e8se fran\u00e7aise\u00a0!\u00a0\ud83c\udf99\ufe0f I varje avsnitt lyfts en medlem fr\u00e5n Alliance Fran\u00e7aise fram. M\u00e5let \u00e4r att diskutera ett \u00e4mne inom fransk eller frankofon kultur, s\u00e5 att du kan\u00a0f\u00f6rst\u00e5 den frankofona kulturen\u00a0genom perspektivet fr\u00e5n b\u00e5de en svensk och en fransman\/fransyska. Om du \u00e4r en\u00a0inf\u00f6dd fransktalare\u00a0har vi ocks\u00e5 t\u00e4nkt\u2026","_links":{"self":[{"href":"https:\/\/alliancefr.se\/orebro\/wp-json\/wp\/v2\/pages\/16158","targetHints":{"allow":["GET"]}}],"collection":[{"href":"https:\/\/alliancefr.se\/orebro\/wp-json\/wp\/v2\/pages"}],"about":[{"href":"https:\/\/alliancefr.se\/orebro\/wp-json\/wp\/v2\/types\/page"}],"author":[{"embeddable":true,"href":"https:\/\/alliancefr.se\/orebro\/wp-json\/wp\/v2\/users\/1"}],"replies":[{"embeddable":true,"href":"https:\/\/alliancefr.se\/orebro\/wp-json\/wp\/v2\/comments?post=16158"}],"version-history":[{"count":4,"href":"https:\/\/alliancefr.se\/orebro\/wp-json\/wp\/v2\/pages\/16158\/revisions"}],"predecessor-version":[{"id":16162,"href":"https:\/\/alliancefr.se\/orebro\/wp-json\/wp\/v2\/pages\/16158\/revisions\/16162"}],"wp:attachment":[{"href":"https:\/\/alliancefr.se\/orebro\/wp-json\/wp\/v2\/media?parent=16158"}],"curies":[{"name":"wp","href":"https:\/\/api.w.org\/{rel}","templated":true}]}}