{"id":15808,"date":"2025-02-11T17:25:10","date_gmt":"2025-02-11T16:25:10","guid":{"rendered":"https:\/\/alliancefr.se\/orebro\/?page_id=15808"},"modified":"2025-02-11T18:21:21","modified_gmt":"2025-02-11T17:21:21","slug":"le-podcast-de-lalliance-francaise-dorebro","status":"publish","type":"page","link":"https:\/\/alliancefr.se\/orebro\/le-podcast-de-lalliance-francaise-dorebro\/","title":{"rendered":"Le podcast de l&rsquo;Alliance Fran\u00e7aise d&rsquo;\u00d6rebro"},"content":{"rendered":"\t\t<div data-elementor-type=\"wp-post\" data-elementor-id=\"15808\" class=\"elementor elementor-15808\">\n\t\t\t\t\t\t<section class=\"elementor-section elementor-top-section elementor-element elementor-element-3ca50c8d elementor-section-boxed elementor-section-height-default elementor-section-height-default\" data-id=\"3ca50c8d\" data-element_type=\"section\">\n\t\t\t\t\t\t<div class=\"elementor-container elementor-column-gap-default\">\n\t\t\t\t\t<div class=\"elementor-column elementor-col-100 elementor-top-column elementor-element elementor-element-7e61ea40\" data-id=\"7e61ea40\" data-element_type=\"column\">\n\t\t\t<div class=\"elementor-widget-wrap elementor-element-populated\">\n\t\t\t\t\t\t<div class=\"elementor-element elementor-element-7175b6e6 elementor-widget elementor-widget-text-editor\" data-id=\"7175b6e6\" data-element_type=\"widget\" data-widget_type=\"text-editor.default\">\n\t\t\t\t<div class=\"elementor-widget-container\">\n\t\t\t\t\t\t\t\t\t<p><img decoding=\"async\" class=\"size-thumbnail wp-image-15819 alignright\" src=\"https:\/\/alliancefr.se\/orebro\/wp-content\/uploads\/sites\/5\/2025\/02\/Logo-podcast-150x150.png\" alt=\"\" width=\"150\" height=\"150\" \/>L&rsquo;Alliance Fran\u00e7aise d&rsquo;\u00d6rebro a sorti son propre <strong>podcast<\/strong>, nomm\u00e9 <em>Une parenth\u00e8se fran\u00e7aise\u00a0<\/em>! \ud83c\udf99\ufe0f<\/p><p><span style=\"font-weight: 400;\">A chaque \u00e9pisode, un membre de l&rsquo;Alliance Fran\u00e7aise est mis \u00e0 l&rsquo;honneur. \u00a0L&rsquo;objectif est d&rsquo;\u00e9changer sur un sujet de culture fran\u00e7aise, ou francophone, afin que vous puissiez c<strong>omprendre la culture francophone<\/strong> \u00e0 travers le point de vue d&rsquo;un.e su\u00e9dois.e et d&rsquo;un.e fran\u00e7ais.e.\u00a0<\/span><\/p><p>Si vous \u00eates <strong>francophone natif<\/strong>, nous avons aussi pens\u00e9 \u00e0 vous. Nous avons pr\u00e9par\u00e9 des nouveaut\u00e9s qui sortiront prochainement !<br style=\"font-weight: 400;\" \/><br style=\"font-weight: 400;\" \/><\/p><p>En pratique, comment \u00e9couter le podcast ? V<span style=\"font-weight: 400;\">ous avez deux options :\u00a0<\/span><\/p><ul><li style=\"font-weight: 400;\" aria-level=\"1\"><span style=\"font-weight: 400;\"><strong>Spotify<\/strong> o\u00f9 vous \u00e9couterez les voix avec un appui vid\u00e9o. Cliquez <a href=\"https:\/\/open.spotify.com\/show\/3DUKWzyUt69i00hqXsXc9f\">ici<\/a> pour le d\u00e9couvrir.<\/span><\/li><li style=\"font-weight: 400;\" aria-level=\"1\"><span style=\"font-weight: 400;\"><strong>Youtube<\/strong> o\u00f9 vous pourrez visionner la vid\u00e9o et ajouter les sous-titres gr\u00e2ce \u00e0 l\u2019option sous-titres de Youtube. Cliquez <a href=\"https:\/\/www.youtube.com\/@alliancefrancaisedorebro1987\/podcasts\">ici<\/a> pour le d\u00e9couvrir.<\/span><\/li><\/ul><p>Nous vous invitons \u00e0 vous abonner \u00e0 nos chaines pour ne louper aucun \u00e9pisodes.\u00a0<\/p>\t\t\t\t\t\t\t\t<\/div>\n\t\t\t\t<\/div>\n\t\t\t\t\t<\/div>\n\t\t<\/div>\n\t\t\t\t\t<\/div>\n\t\t<\/section>\n\t\t\t\t<section class=\"elementor-section elementor-top-section elementor-element elementor-element-fd77239 elementor-section-boxed elementor-section-height-default elementor-section-height-default\" data-id=\"fd77239\" data-element_type=\"section\">\n\t\t\t\t\t\t<div class=\"elementor-container elementor-column-gap-default\">\n\t\t\t\t\t<div class=\"elementor-column elementor-col-100 elementor-top-column elementor-element elementor-element-7e0fd14\" data-id=\"7e0fd14\" data-element_type=\"column\">\n\t\t\t<div class=\"elementor-widget-wrap elementor-element-populated\">\n\t\t\t\t\t\t<div class=\"elementor-element elementor-element-0803d9a elementor-widget-divider--view-line elementor-widget elementor-widget-divider\" data-id=\"0803d9a\" data-element_type=\"widget\" data-widget_type=\"divider.default\">\n\t\t\t\t<div class=\"elementor-widget-container\">\n\t\t\t\t\t\t\t<div class=\"elementor-divider\">\n\t\t\t<span class=\"elementor-divider-separator\">\n\t\t\t\t\t\t<\/span>\n\t\t<\/div>\n\t\t\t\t\t\t<\/div>\n\t\t\t\t<\/div>\n\t\t\t\t\t<\/div>\n\t\t<\/div>\n\t\t\t\t\t<\/div>\n\t\t<\/section>\n\t\t\t\t<section class=\"elementor-section elementor-top-section elementor-element elementor-element-3976384 elementor-section-boxed elementor-section-height-default elementor-section-height-default\" data-id=\"3976384\" data-element_type=\"section\">\n\t\t\t\t\t\t<div class=\"elementor-container elementor-column-gap-default\">\n\t\t\t\t\t<div class=\"elementor-column elementor-col-100 elementor-top-column elementor-element elementor-element-6231090\" data-id=\"6231090\" data-element_type=\"column\">\n\t\t\t<div class=\"elementor-widget-wrap elementor-element-populated\">\n\t\t\t\t\t\t<div class=\"elementor-element elementor-element-39c08e8 elementor-tabs-view-horizontal elementor-widget elementor-widget-tabs\" data-id=\"39c08e8\" data-element_type=\"widget\" data-widget_type=\"tabs.default\">\n\t\t\t\t<div class=\"elementor-widget-container\">\n\t\t\t\t\t\t\t<div class=\"elementor-tabs\">\n\t\t\t<div class=\"elementor-tabs-wrapper\" role=\"tablist\" >\n\t\t\t\t\t\t\t\t\t<div id=\"elementor-tab-title-6051\" class=\"elementor-tab-title elementor-tab-desktop-title\" aria-selected=\"true\" data-tab=\"1\" role=\"tab\" tabindex=\"0\" aria-controls=\"elementor-tab-content-6051\" aria-expanded=\"false\">Episode 1<\/div>\n\t\t\t\t\t\t\t\t\t<div id=\"elementor-tab-title-6052\" class=\"elementor-tab-title elementor-tab-desktop-title\" aria-selected=\"false\" data-tab=\"2\" role=\"tab\" tabindex=\"-1\" aria-controls=\"elementor-tab-content-6052\" aria-expanded=\"false\">Episode 2<\/div>\n\t\t\t\t\t\t\t<\/div>\n\t\t\t<div class=\"elementor-tabs-content-wrapper\" role=\"tablist\" aria-orientation=\"vertical\">\n\t\t\t\t\t\t\t\t\t<div class=\"elementor-tab-title elementor-tab-mobile-title\" aria-selected=\"true\" data-tab=\"1\" role=\"tab\" tabindex=\"0\" aria-controls=\"elementor-tab-content-6051\" aria-expanded=\"false\">Episode 1<\/div>\n\t\t\t\t\t<div id=\"elementor-tab-content-6051\" class=\"elementor-tab-content elementor-clearfix\" data-tab=\"1\" role=\"tabpanel\" aria-labelledby=\"elementor-tab-title-6051\" tabindex=\"0\" hidden=\"false\"><p><span style=\"font-weight: 400;\"><img fetchpriority=\"high\" decoding=\"async\" class=\"aligncenter wp-image-15820 size-full\" src=\"https:\/\/alliancefr.se\/orebro\/wp-content\/uploads\/sites\/5\/2025\/02\/PODCAST-episode-1.png\" alt=\"\" width=\"851\" height=\"315\" \/>Le premier \u00e9pisode aborde un sujet essentiel : <strong>comment se dire bonjour ?<\/strong> <br \/>\u00c0 travers \u00e9changes d\u2019exp\u00e9riences et d\u00e9couvertes culturelles, L\u00e9na et Alice explorent les diff\u00e9rentes fa\u00e7ons de se saluer en France.<\/span><\/p><p>Cliquez <a href=\"https:\/\/open.spotify.com\/episode\/71HUL77Ut38ImKtJJL5vRg\">ici<\/a> pour l&rsquo;\u00e9couter sur Spotify,<br \/>Cliquez <a href=\"https:\/\/www.youtube.com\/watch?v=j6niWJzGi7c&amp;t=1s\">ici<\/a> pour l&rsquo;\u00e9couter sur Youtube !<\/p><\/div>\n\t\t\t\t\t\t\t\t\t<div class=\"elementor-tab-title elementor-tab-mobile-title\" aria-selected=\"false\" data-tab=\"2\" role=\"tab\" tabindex=\"-1\" aria-controls=\"elementor-tab-content-6052\" aria-expanded=\"false\">Episode 2<\/div>\n\t\t\t\t\t<div id=\"elementor-tab-content-6052\" class=\"elementor-tab-content elementor-clearfix\" data-tab=\"2\" role=\"tabpanel\" aria-labelledby=\"elementor-tab-title-6052\" tabindex=\"0\" hidden=\"hidden\"><p><img decoding=\"async\" class=\"aligncenter wp-image-15822 size-full\" src=\"https:\/\/alliancefr.se\/orebro\/wp-content\/uploads\/sites\/5\/2025\/02\/PODCAST-episode-2.png\" alt=\"\" width=\"851\" height=\"315\" \/>Le deuxi\u00e8me \u00e9pisode du podcast porte sur une sujet gourmand : <strong>Boire et manger<\/strong>.\u00a0<br \/>Henrik et Alice vont faire part de leurs exp\u00e9riences respectives en France sur ce th\u00e8me.\u00a0<\/p><p>Cliquez <a href=\"https:\/\/open.spotify.com\/episode\/6RUYTNohG1X1upCdw0f97z\">ici<\/a> pour l&rsquo;\u00e9couter sur <strong>Spotify<\/strong>,\u00a0<br \/>Cliquez <a href=\"https:\/\/www.youtube.com\/watch?v=C4EyivfJ3M8&amp;list=PLvQf6QAxnU7EuModrlWXhkpNpmPejJTLa\">ici<\/a> pour l&rsquo;\u00e9couter sur <strong>YouTube<\/strong> !<\/p><\/div>\n\t\t\t\t\t\t\t<\/div>\n\t\t<\/div>\n\t\t\t\t\t\t<\/div>\n\t\t\t\t<\/div>\n\t\t\t\t\t<\/div>\n\t\t<\/div>\n\t\t\t\t\t<\/div>\n\t\t<\/section>\n\t\t\t\t<section class=\"elementor-section elementor-top-section elementor-element elementor-element-b41c74d elementor-section-boxed elementor-section-height-default elementor-section-height-default\" data-id=\"b41c74d\" data-element_type=\"section\">\n\t\t\t\t\t\t<div class=\"elementor-container elementor-column-gap-default\">\n\t\t\t\t\t<div class=\"elementor-column elementor-col-100 elementor-top-column elementor-element elementor-element-6032a97\" data-id=\"6032a97\" data-element_type=\"column\">\n\t\t\t<div class=\"elementor-widget-wrap elementor-element-populated\">\n\t\t\t\t\t\t<div class=\"elementor-element elementor-element-ff112d5 elementor-widget elementor-widget-text-editor\" data-id=\"ff112d5\" data-element_type=\"widget\" data-widget_type=\"text-editor.default\">\n\t\t\t\t<div class=\"elementor-widget-container\">\n\t\t\t\t\t\t\t\t\t<p>Pour retrouver d&rsquo;autres contenus culturels, <a href=\"https:\/\/alliancefr.se\/orebro\/contenus-culturels2\/\">c&rsquo;est par ici<\/a> !<\/p>\t\t\t\t\t\t\t\t<\/div>\n\t\t\t\t<\/div>\n\t\t\t\t\t<\/div>\n\t\t<\/div>\n\t\t\t\t\t<\/div>\n\t\t<\/section>\n\t\t\t\t<\/div>\n\t\t","protected":false},"excerpt":{"rendered":"<p>L&rsquo;Alliance Fran\u00e7aise d&rsquo;\u00d6rebro a sorti son propre podcast, nomm\u00e9 Une parenth\u00e8se fran\u00e7aise\u00a0! \ud83c\udf99\ufe0f A chaque \u00e9pisode, un membre de l&rsquo;Alliance Fran\u00e7aise est mis \u00e0 l&rsquo;honneur. \u00a0L&rsquo;objectif est d&rsquo;\u00e9changer sur un sujet de culture fran\u00e7aise, ou francophone, afin que vous puissiez comprendre la culture francophone \u00e0 travers le point de vue d&rsquo;un.e su\u00e9dois.e et d&rsquo;un.e fran\u00e7ais.e.\u00a0 Si vous \u00eates francophone natif, nous avons aussi pens\u00e9 \u00e0 vous. Nous avons pr\u00e9par\u00e9 des nouveaut\u00e9s qui sortiront prochainement ! En pratique, comment \u00e9couter le podcast ? Vous avez deux options :\u00a0 Spotify o\u00f9 vous \u00e9couterez les voix avec un appui vid\u00e9o. Cliquez ici pour le d\u00e9couvrir. Youtube o\u00f9 vous pourrez visionner la vid\u00e9o et ajouter les sous-titres gr\u00e2ce \u00e0 l\u2019option sous-titres de Youtube. Cliquez ici pour le d\u00e9couvrir. Nous vous invitons \u00e0 vous abonner \u00e0 nos chaines pour ne louper aucun \u00e9pisodes.\u00a0 Episode 1 Episode 2 Episode 1 Le premier \u00e9pisode aborde un sujet essentiel : comment se dire bonjour ? \u00c0 travers \u00e9changes d\u2019exp\u00e9riences et d\u00e9couvertes culturelles, L\u00e9na et Alice explorent les diff\u00e9rentes fa\u00e7ons de se saluer en France. Cliquez ici pour l&rsquo;\u00e9couter sur Spotify,Cliquez ici pour l&rsquo;\u00e9couter sur Youtube ! Episode 2 Le deuxi\u00e8me \u00e9pisode du podcast porte sur une sujet gourmand : Boire et manger.\u00a0Henrik et Alice vont faire part de leurs exp\u00e9riences respectives en France sur ce th\u00e8me.\u00a0 Cliquez ici pour l&rsquo;\u00e9couter sur Spotify,\u00a0Cliquez ici pour l&rsquo;\u00e9couter sur YouTube ! Pour retrouver d&rsquo;autres contenus culturels, c&rsquo;est par ici !<\/p>\n","protected":false},"author":1,"featured_media":0,"parent":0,"menu_order":0,"comment_status":"closed","ping_status":"open","template":"","meta":{"om_disable_all_campaigns":false,"_monsterinsights_skip_tracking":false,"_monsterinsights_sitenote_active":false,"_monsterinsights_sitenote_note":"","_monsterinsights_sitenote_category":0,"_uf_show_specific_survey":0,"_uf_disable_surveys":false,"footnotes":""},"class_list":["post-15808","page","type-page","status-publish","hentry"],"aioseo_notices":[],"rttpg_featured_image_url":null,"rttpg_author":{"display_name":"Super.admin","author_link":"https:\/\/alliancefr.se\/orebro\/author\/admin2174\/"},"rttpg_comment":0,"rttpg_category":" <a href=\"https:\/\/alliancefr.se\/orebro\/\" rel=\"tag\">Fran\u00e7ais<\/a>","rttpg_excerpt":"L&rsquo;Alliance Fran\u00e7aise d&rsquo;\u00d6rebro a sorti son propre podcast, nomm\u00e9 Une parenth\u00e8se fran\u00e7aise\u00a0! \ud83c\udf99\ufe0f A chaque \u00e9pisode, un membre de l&rsquo;Alliance Fran\u00e7aise est mis \u00e0 l&rsquo;honneur. \u00a0L&rsquo;objectif est d&rsquo;\u00e9changer sur un sujet de culture fran\u00e7aise, ou francophone, afin que vous puissiez comprendre la culture francophone \u00e0 travers le point de vue d&rsquo;un.e su\u00e9dois.e et d&rsquo;un.e fran\u00e7ais.e.\u00a0\u2026","_links":{"self":[{"href":"https:\/\/alliancefr.se\/orebro\/wp-json\/wp\/v2\/pages\/15808","targetHints":{"allow":["GET"]}}],"collection":[{"href":"https:\/\/alliancefr.se\/orebro\/wp-json\/wp\/v2\/pages"}],"about":[{"href":"https:\/\/alliancefr.se\/orebro\/wp-json\/wp\/v2\/types\/page"}],"author":[{"embeddable":true,"href":"https:\/\/alliancefr.se\/orebro\/wp-json\/wp\/v2\/users\/1"}],"replies":[{"embeddable":true,"href":"https:\/\/alliancefr.se\/orebro\/wp-json\/wp\/v2\/comments?post=15808"}],"version-history":[{"count":7,"href":"https:\/\/alliancefr.se\/orebro\/wp-json\/wp\/v2\/pages\/15808\/revisions"}],"predecessor-version":[{"id":15825,"href":"https:\/\/alliancefr.se\/orebro\/wp-json\/wp\/v2\/pages\/15808\/revisions\/15825"}],"wp:attachment":[{"href":"https:\/\/alliancefr.se\/orebro\/wp-json\/wp\/v2\/media?parent=15808"}],"curies":[{"name":"wp","href":"https:\/\/api.w.org\/{rel}","templated":true}]}}