{"id":15431,"date":"2025-01-20T19:25:00","date_gmt":"2025-01-20T18:25:00","guid":{"rendered":"https:\/\/alliancefr.se\/orebro\/?page_id=15431"},"modified":"2025-02-25T17:31:28","modified_gmt":"2025-02-25T16:31:28","slug":"interventioner-i-klassrummen","status":"publish","type":"page","link":"https:\/\/alliancefr.se\/orebro\/sv\/interventioner-i-klassrummen\/","title":{"rendered":"Interventioner i klassrummen"},"content":{"rendered":"\t\t<div data-elementor-type=\"wp-page\" data-elementor-id=\"15431\" class=\"elementor elementor-15431\">\n\t\t\t\t\t\t<section class=\"elementor-section elementor-top-section elementor-element elementor-element-5e58ac8b elementor-section-boxed elementor-section-height-default elementor-section-height-default\" data-id=\"5e58ac8b\" data-element_type=\"section\">\n\t\t\t\t\t\t<div class=\"elementor-container elementor-column-gap-default\">\n\t\t\t\t\t<div class=\"elementor-column elementor-col-100 elementor-top-column elementor-element elementor-element-640d699b\" data-id=\"640d699b\" data-element_type=\"column\">\n\t\t\t<div class=\"elementor-widget-wrap elementor-element-populated\">\n\t\t\t\t\t\t<div class=\"elementor-element elementor-element-4e8eb7f6 elementor-widget elementor-widget-image\" data-id=\"4e8eb7f6\" data-element_type=\"widget\" data-widget_type=\"image.default\">\n\t\t\t\t<div class=\"elementor-widget-container\">\n\t\t\t\t\t\t\t\t\t\t\t\t\t\t\t<img fetchpriority=\"high\" decoding=\"async\" width=\"960\" height=\"473\" src=\"https:\/\/alliancefr.se\/orebro\/wp-content\/uploads\/sites\/5\/2025\/02\/Intervention-en-classe-Falun-TDS-2025-2-1024x505.jpg\" class=\"attachment-large size-large wp-image-15991\" alt=\"Intervention en classe \u00e0 Falun - Tour de Su\u00e8de\" \/>\t\t\t\t\t\t\t\t\t\t\t\t\t\t\t<\/div>\n\t\t\t\t<\/div>\n\t\t\t\t\t<\/div>\n\t\t<\/div>\n\t\t\t\t\t<\/div>\n\t\t<\/section>\n\t\t\t\t<section class=\"elementor-section elementor-top-section elementor-element elementor-element-665d66d4 elementor-section-boxed elementor-section-height-default elementor-section-height-default\" data-id=\"665d66d4\" data-element_type=\"section\">\n\t\t\t\t\t\t<div class=\"elementor-container elementor-column-gap-default\">\n\t\t\t\t\t<div class=\"elementor-column elementor-col-100 elementor-top-column elementor-element elementor-element-e99339a\" data-id=\"e99339a\" data-element_type=\"column\">\n\t\t\t<div class=\"elementor-widget-wrap elementor-element-populated\">\n\t\t\t\t\t\t<div class=\"elementor-element elementor-element-41f0813e elementor-widget elementor-widget-text-editor\" data-id=\"41f0813e\" data-element_type=\"widget\" data-widget_type=\"text-editor.default\">\n\t\t\t\t<div class=\"elementor-widget-container\">\n\t\t\t\t\t\t\t\t\t<p style=\"text-align: center;\">Som de 800 andra Alliances Fran\u00e7aises i v\u00e4rlden, \u00e4r fr\u00e4mjandet av det franska spr\u00e5ket och dess l\u00e4rande en av de grundl\u00e4ggande uppdragen f\u00f6r Alliance Fran\u00e7aise i \u00d6rebro.<\/p><p style=\"text-align: center;\">Sedan v\u00e5ren 2016 har vi lanserat en stor satsning p\u00e5 \u00ab\u00a0<em><strong>praktik och l\u00e4rande av det franska spr\u00e5ket<\/strong><\/em>\u00ab\u00a0, st\u00f6djad av Institut Fran\u00e7ais de Su\u00e8de.<\/p><p style=\"text-align: center;\">M\u00e5let \u00e4r att \u00f6ka intresset f\u00f6r franska hos vuxna och elever. Inom ramen f\u00f6r denna fina satsning str\u00e4var vi efter att <strong>st\u00e4rka utbytet med franskl\u00e4rare<\/strong> i Sverige.<\/p>\t\t\t\t\t\t\t\t<\/div>\n\t\t\t\t<\/div>\n\t\t\t\t\t<\/div>\n\t\t<\/div>\n\t\t\t\t\t<\/div>\n\t\t<\/section>\n\t\t\t\t<section class=\"elementor-section elementor-top-section elementor-element elementor-element-eab8fa2 elementor-section-boxed elementor-section-height-default elementor-section-height-default\" data-id=\"eab8fa2\" data-element_type=\"section\">\n\t\t\t\t\t\t<div class=\"elementor-container elementor-column-gap-default\">\n\t\t\t\t\t<div class=\"elementor-column elementor-col-100 elementor-top-column elementor-element elementor-element-3c8e49e\" data-id=\"3c8e49e\" data-element_type=\"column\">\n\t\t\t<div class=\"elementor-widget-wrap elementor-element-populated\">\n\t\t\t\t\t\t<div class=\"elementor-element elementor-element-16560a6 elementor-widget elementor-widget-text-editor\" data-id=\"16560a6\" data-element_type=\"widget\" data-widget_type=\"text-editor.default\">\n\t\t\t\t<div class=\"elementor-widget-container\">\n\t\t\t\t\t\t\t\t\t<h6 style=\"text-align: center;\"><strong>Vad kan vi erbjuda l\u00e4rarna som \u00e4r medlemmar i en Alliance Fran\u00e7aise i Sverige?<\/strong><\/h6><p style=\"text-align: center;\">1. Vi erbjuder dig kostnadsfritt <a href=\"https:\/\/alliancefr.se\/orebro\/sv\/undervisningsblad\/\"><strong>pedagogiska arbetsblad<\/strong><\/a> som regelbundet utarbetas kring ett aktuellt \u00e4mne eller h\u00e4ndelse. Dessa arbetsblad tillhandah\u00e5lls i samarbete med Institut Fran\u00e7ais de Su\u00e8de.<\/p><p style=\"text-align: center;\">2. <strong>Klassrumsbes\u00f6k<\/strong> genomf\u00f6rs kostnadsfritt (eller till l\u00e5g kostnad) av volont\u00e4rer fr\u00e5n Alliance Fran\u00e7aise i \u00d6rebro i alla skolor i \u00d6rebro och Sverige. Franskundervisande l\u00e4rare har tillg\u00e5ng till olika format: diskussioner, tematiska presentationer eller en hybridvariant (tematisk presentation och diskussioner). Dessa insatser erbjuds av volont\u00e4rer fr\u00e5n Alliance Fran\u00e7aise i \u00d6rebro f\u00f6r elever p\u00e5 h\u00f6gstadiet och gymnasiet.<\/p>\t\t\t\t\t\t\t\t<\/div>\n\t\t\t\t<\/div>\n\t\t\t\t\t<\/div>\n\t\t<\/div>\n\t\t\t\t\t<\/div>\n\t\t<\/section>\n\t\t\t\t<section class=\"elementor-section elementor-top-section elementor-element elementor-element-bf22f98 elementor-section-boxed elementor-section-height-default elementor-section-height-default\" data-id=\"bf22f98\" data-element_type=\"section\">\n\t\t\t\t\t\t<div class=\"elementor-container elementor-column-gap-default\">\n\t\t\t\t\t<div class=\"elementor-column elementor-col-100 elementor-top-column elementor-element elementor-element-f55dfaa\" data-id=\"f55dfaa\" data-element_type=\"column\">\n\t\t\t<div class=\"elementor-widget-wrap elementor-element-populated\">\n\t\t\t\t\t\t<div class=\"elementor-element elementor-element-aef8358 elementor-widget elementor-widget-text-editor\" data-id=\"aef8358\" data-element_type=\"widget\" data-widget_type=\"text-editor.default\">\n\t\t\t\t<div class=\"elementor-widget-container\">\n\t\t\t\t\t\t\t\t\t<h6 style=\"text-align: center;\"><strong><span style=\"text-decoration: underline;\">Teman som erbjuds f\u00f6r \u00e5r 2025:<\/span><\/strong><\/h6><ul style=\"text-align: center;\"><li style=\"text-align: left;\">Franska regioner.<\/li><li style=\"text-align: left;\">Skolan i Frankrike.<\/li><li style=\"text-align: left;\">En presentationsworkshop.<\/li><li style=\"text-align: left;\">Fransk gastronomi.<\/li><li style=\"text-align: left;\">Uppt\u00e4ckten av Frankrike och de europeiska franskspr\u00e5kiga l\u00e4nderna genom s\u00e5ngen \u00ab\u00a0Bienvenue chez moi\u00a0\u00bb av Bigflo och Oli.<\/li><li style=\"text-align: left;\">Fransk film.<\/li><li style=\"text-align: left;\">Relationen mellan rap och fransk film.<\/li><li style=\"text-align: left;\">De stora varuhusen i Paris.<\/li><\/ul><p style=\"text-align: center;\">Vi kan \u00e4ven anpassa oss efter ert program och erbjuda insatser baserat p\u00e5 era behov.<\/p><p style=\"text-align: center;\">Kontakta oss p\u00e5 v\u00e5r e-postadress: <a href=\"mailto:orebro@alliancefr.se\" rel=\"noopener\">orebro@alliancefr.se<\/a><\/p><p style=\"text-align: center;\">\u00a0<\/p>\t\t\t\t\t\t\t\t<\/div>\n\t\t\t\t<\/div>\n\t\t\t\t\t<\/div>\n\t\t<\/div>\n\t\t\t\t\t<\/div>\n\t\t<\/section>\n\t\t\t\t<\/div>\n\t\t","protected":false},"excerpt":{"rendered":"<p>Som de 800 andra Alliances Fran\u00e7aises i v\u00e4rlden, \u00e4r fr\u00e4mjandet av det franska spr\u00e5ket och dess l\u00e4rande en av de grundl\u00e4ggande uppdragen f\u00f6r Alliance Fran\u00e7aise i \u00d6rebro. Sedan v\u00e5ren 2016 har vi lanserat en stor satsning p\u00e5 \u00ab\u00a0praktik och l\u00e4rande av det franska spr\u00e5ket\u00ab\u00a0, st\u00f6djad av Institut Fran\u00e7ais de Su\u00e8de. M\u00e5let \u00e4r att \u00f6ka intresset f\u00f6r franska hos vuxna och elever. Inom ramen f\u00f6r denna fina satsning str\u00e4var vi efter att st\u00e4rka utbytet med franskl\u00e4rare i Sverige. Vad kan vi erbjuda l\u00e4rarna som \u00e4r medlemmar i en Alliance Fran\u00e7aise i Sverige? 1. Vi erbjuder dig kostnadsfritt pedagogiska arbetsblad som regelbundet utarbetas kring ett aktuellt \u00e4mne eller h\u00e4ndelse. Dessa arbetsblad tillhandah\u00e5lls i samarbete med Institut Fran\u00e7ais de Su\u00e8de. 2. Klassrumsbes\u00f6k genomf\u00f6rs kostnadsfritt (eller till l\u00e5g kostnad) av volont\u00e4rer fr\u00e5n Alliance Fran\u00e7aise i \u00d6rebro i alla skolor i \u00d6rebro och Sverige. Franskundervisande l\u00e4rare har tillg\u00e5ng till olika format: diskussioner, tematiska presentationer eller en hybridvariant (tematisk presentation och diskussioner). Dessa insatser erbjuds av volont\u00e4rer fr\u00e5n Alliance Fran\u00e7aise i \u00d6rebro f\u00f6r elever p\u00e5 h\u00f6gstadiet och gymnasiet. Teman som erbjuds f\u00f6r \u00e5r 2025: Franska regioner. Skolan i Frankrike. En presentationsworkshop. Fransk gastronomi. Uppt\u00e4ckten av Frankrike och de europeiska franskspr\u00e5kiga l\u00e4nderna genom s\u00e5ngen \u00ab\u00a0Bienvenue chez moi\u00a0\u00bb av Bigflo och Oli. Fransk film. Relationen mellan rap och fransk film. De stora varuhusen i Paris. Vi kan \u00e4ven anpassa oss efter ert program och erbjuda insatser baserat p\u00e5 era behov. Kontakta oss p\u00e5 v\u00e5r e-postadress: orebro@alliancefr.se \u00a0<\/p>\n","protected":false},"author":1,"featured_media":0,"parent":0,"menu_order":0,"comment_status":"closed","ping_status":"closed","template":"","meta":{"om_disable_all_campaigns":false,"_monsterinsights_skip_tracking":false,"_monsterinsights_sitenote_active":false,"_monsterinsights_sitenote_note":"","_monsterinsights_sitenote_category":0,"_uf_show_specific_survey":0,"_uf_disable_surveys":false,"footnotes":""},"class_list":["post-15431","page","type-page","status-publish","hentry"],"aioseo_notices":[],"rttpg_featured_image_url":null,"rttpg_author":{"display_name":"Super.admin","author_link":"https:\/\/alliancefr.se\/orebro\/author\/admin2174\/"},"rttpg_comment":0,"rttpg_category":" <a href=\"https:\/\/alliancefr.se\/orebro\/sv\/\" rel=\"tag\">Svenska<\/a>","rttpg_excerpt":"Som de 800 andra Alliances Fran\u00e7aises i v\u00e4rlden, \u00e4r fr\u00e4mjandet av det franska spr\u00e5ket och dess l\u00e4rande en av de grundl\u00e4ggande uppdragen f\u00f6r Alliance Fran\u00e7aise i \u00d6rebro. Sedan v\u00e5ren 2016 har vi lanserat en stor satsning p\u00e5 \u00ab\u00a0praktik och l\u00e4rande av det franska spr\u00e5ket\u00ab\u00a0, st\u00f6djad av Institut Fran\u00e7ais de Su\u00e8de. M\u00e5let \u00e4r att \u00f6ka intresset\u2026","_links":{"self":[{"href":"https:\/\/alliancefr.se\/orebro\/wp-json\/wp\/v2\/pages\/15431","targetHints":{"allow":["GET"]}}],"collection":[{"href":"https:\/\/alliancefr.se\/orebro\/wp-json\/wp\/v2\/pages"}],"about":[{"href":"https:\/\/alliancefr.se\/orebro\/wp-json\/wp\/v2\/types\/page"}],"author":[{"embeddable":true,"href":"https:\/\/alliancefr.se\/orebro\/wp-json\/wp\/v2\/users\/1"}],"replies":[{"embeddable":true,"href":"https:\/\/alliancefr.se\/orebro\/wp-json\/wp\/v2\/comments?post=15431"}],"version-history":[{"count":22,"href":"https:\/\/alliancefr.se\/orebro\/wp-json\/wp\/v2\/pages\/15431\/revisions"}],"predecessor-version":[{"id":16012,"href":"https:\/\/alliancefr.se\/orebro\/wp-json\/wp\/v2\/pages\/15431\/revisions\/16012"}],"wp:attachment":[{"href":"https:\/\/alliancefr.se\/orebro\/wp-json\/wp\/v2\/media?parent=15431"}],"curies":[{"name":"wp","href":"https:\/\/api.w.org\/{rel}","templated":true}]}}