{"id":147,"date":"2015-04-22T11:10:08","date_gmt":"2015-04-22T09:10:08","guid":{"rendered":"http:\/\/alliancefr.se\/orebro4\/var-2014\/"},"modified":"2023-10-17T11:02:07","modified_gmt":"2023-10-17T09:02:07","slug":"var-2014","status":"publish","type":"page","link":"https:\/\/alliancefr.se\/orebro\/sv\/var-2014\/","title":{"rendered":"Arkiv V\u00e5rt v\u00e5rprogram 2014"},"content":{"rendered":"<h3 style=\"text-align: center\">\u00ab\u00a0Europaparlamentsavtalet- analys\u00a0\u00bb<\/h3>\n<p><a href=\"http:\/\/www.alliancefrancaise-orebro.eu\/wp-content\/uploads\/2015\/04\/drapeau-EU.jpg\"><img fetchpriority=\"high\" decoding=\"async\" class=\"alignleft wp-image-607 size-full\" src=\"http:\/\/www.alliancefrancaise-orebro.eu\/wp-content\/uploads\/2015\/04\/drapeau-EU.jpg\" alt=\"drapeau de l'Union Europ\u00e9enne \" width=\"300\" height=\"204\" \/><\/a>F\u00f6rel\u00e4sning p\u00e5 franska av Claire Sandevoir, i samarbete med Frankrikes ambassad i Sverige.<\/p>\n<p>Claire Sandevoir ska dela med oss sin passion f\u00f6r europaparlamentsavtalet, sina kunskaper om subjekten men ocks\u00e5 sin egen analys av situationen bara n\u00e5gra dagar efter europaparlamentsavtalet 2014.<\/p>\n<p><em>M\u00e5ndag den 12 juni kl. 19.00<br \/>\n<\/em><em>Startcentrum, Rudbecksgatan 26.<\/em><\/p>\n<h3 style=\"text-align: center\"><\/h3>\n<h3 style=\"text-align: center\">Fransk afton p\u00e5 svenska<\/h3>\n<p>&#8211; Franska Chansoner av H\u00e9l\u00e8ne Nevers och Tommy Nilsson (ackompanjat\u00f6r)<\/p>\n<p>&#8211;\u00a0Studenthemmet i Paris, ett studenthem med kungliga anor. Fil.dr. Vivianne Lennartsson som var direkt\u00f6r f\u00f6r svenska studenthemmet i Paris 2004 &#8211; 2012<\/p>\n<p><a href=\"http:\/\/www.alliancefrancaise-orebro.eu\/wp-content\/uploads\/2015\/04\/logo-svenskastudenthemmet.gif\"><img decoding=\"async\" class=\" size-full wp-image-610 aligncenter\" src=\"http:\/\/www.alliancefrancaise-orebro.eu\/wp-content\/uploads\/2015\/04\/logo-svenskastudenthemmet.gif\" alt=\"logo-svenskastudenthemmet\" width=\"450\" height=\"100\" \/><\/a><\/p>\n<p>&nbsp;<\/p>\n<p>&#8211; Franska dessertostar<\/p>\n<p>D\u00e4refter njuter vi av fem franska dessertostar med br\u00f6d och tillbeh\u00f6r. Ostarna presenteras av v\u00e5r uppskattade revisor Ulf Ludvigsson, innehavare av Madame Nature i Askersund. Den som \u00f6nskar kan k\u00f6pa ett glas vin.<\/p>\n<p>Kostnad f\u00f6r kv\u00e4llen: 250 kr per person. Senast onsdagen den 26 mars.<\/p>\n<p><em>Torsdagen den 3 april kl. 18.00<\/em><br \/>\n<em> Nikolai F\u00f6rsamlingshem, Vasagatan 14.<\/em><br \/>\n<em> Samarrangemang med Bernadottesamfundet.<\/em><\/p>\n<h3 style=\"text-align: center\"><\/h3>\n<h3 style=\"text-align: center\">L\u2019\u00eele de P\u00e2ques<\/h3>\n<p><a href=\"http:\/\/www.alliancefrancaise-orebro.eu\/wp-content\/uploads\/2015\/04\/IdP-pict.jpg\"><img decoding=\"async\" class=\"alignleft wp-image-611 size-medium\" src=\"http:\/\/www.alliancefrancaise-orebro.eu\/wp-content\/uploads\/2015\/04\/IdP-pict-300x131.jpg\" alt=\"photo des statues de l'\u00cele de P\u00e2ques\" width=\"300\" height=\"131\" \/><\/a>F\u00f6rel\u00e4sning p\u00e5 franska av Thomas Wild<\/p>\n<p><em>Torsdag den 13 mars kl. 19.00.<\/em><br \/>\n<em> Startcentrum, Rudbecksgatan 26.<\/em><br \/>\n<em>I samarbete med LMS.<\/em><\/p>\n<p>&nbsp;<\/p>\n<h3 style=\"text-align: center\"><\/h3>\n<h3 style=\"text-align: center\">\u00ab\u00a0Konst i Frankrike-Vad h\u00e4nder?\u00a0\u00bb<\/h3>\n<p><a href=\"http:\/\/www.alliancefrancaise-orebro.eu\/wp-content\/uploads\/2015\/04\/Konsthall-logo-montage.jpg\"><img loading=\"lazy\" decoding=\"async\" class=\"alignleft size-medium wp-image-612\" src=\"http:\/\/www.alliancefrancaise-orebro.eu\/wp-content\/uploads\/2015\/04\/Konsthall-logo-montage-300x252.jpg\" alt=\"Le konsthall et son logo \u00e0 \u00d6rebro, Su\u00e8de\" width=\"300\" height=\"252\" \/><\/a>F\u00f6rel\u00e4sning p\u00e5 franska av Anna-Karin Wulgu\u00e9, direkt\u00f6r p\u00e5 \u00d6rebro Konsthall.<\/p>\n<p><em>Onsdag den 12 februari kl. 19.00 <\/em><br \/>\n<em> \u00d6rebro Konsthall, Olaigatan 17B. <\/em><br \/>\n<em>I samarbete med \u00d6BKHL<\/em><\/p>\n<p style=\"text-align: center\">\n","protected":false},"excerpt":{"rendered":"<p>\u00ab\u00a0Europaparlamentsavtalet- analys\u00a0\u00bb F\u00f6rel\u00e4sning p\u00e5 franska av Claire Sandevoir, i samarbete med Frankrikes ambassad i Sverige. Claire Sandevoir ska dela med oss sin passion f\u00f6r europaparlamentsavtalet, sina kunskaper om subjekten men ocks\u00e5 sin egen analys av situationen bara n\u00e5gra dagar efter europaparlamentsavtalet 2014. M\u00e5ndag den 12 juni kl. 19.00 Startcentrum, Rudbecksgatan 26. Fransk afton p\u00e5 svenska &#8211; Franska Chansoner av H\u00e9l\u00e8ne Nevers och Tommy Nilsson (ackompanjat\u00f6r) &#8211;\u00a0Studenthemmet i Paris, ett studenthem med kungliga anor. Fil.dr. Vivianne Lennartsson som var direkt\u00f6r f\u00f6r svenska studenthemmet i Paris 2004 &#8211; 2012 &nbsp; &#8211; Franska dessertostar D\u00e4refter njuter vi av fem franska dessertostar med br\u00f6d och tillbeh\u00f6r. Ostarna presenteras av v\u00e5r uppskattade revisor Ulf Ludvigsson, innehavare av Madame Nature i Askersund. Den som \u00f6nskar kan k\u00f6pa ett glas vin. Kostnad f\u00f6r kv\u00e4llen: 250 kr per person. Senast onsdagen den 26 mars. Torsdagen den 3 april kl. 18.00 Nikolai F\u00f6rsamlingshem, Vasagatan 14. Samarrangemang med Bernadottesamfundet. L\u2019\u00eele de P\u00e2ques F\u00f6rel\u00e4sning p\u00e5 franska av Thomas Wild Torsdag den 13 mars kl. 19.00. Startcentrum, Rudbecksgatan 26. I samarbete med LMS. &nbsp; \u00ab\u00a0Konst i Frankrike-Vad h\u00e4nder?\u00a0\u00bb F\u00f6rel\u00e4sning p\u00e5 franska av Anna-Karin Wulgu\u00e9, direkt\u00f6r p\u00e5 \u00d6rebro Konsthall. Onsdag den 12 februari kl. 19.00 \u00d6rebro Konsthall, Olaigatan 17B. I samarbete med \u00d6BKHL<\/p>\n","protected":false},"author":1,"featured_media":0,"parent":0,"menu_order":0,"comment_status":"closed","ping_status":"closed","template":"","meta":{"om_disable_all_campaigns":false,"_monsterinsights_skip_tracking":false,"_monsterinsights_sitenote_active":false,"_monsterinsights_sitenote_note":"","_monsterinsights_sitenote_category":0,"_uf_show_specific_survey":0,"_uf_disable_surveys":false,"footnotes":""},"class_list":["post-147","page","type-page","status-publish","hentry"],"aioseo_notices":[],"rttpg_featured_image_url":null,"rttpg_author":{"display_name":"Super.admin","author_link":"https:\/\/alliancefr.se\/orebro\/author\/admin2174\/"},"rttpg_comment":0,"rttpg_category":" <a href=\"https:\/\/alliancefr.se\/orebro\/sv\/\" rel=\"tag\">Svenska<\/a>","rttpg_excerpt":"\u00ab\u00a0Europaparlamentsavtalet- analys\u00a0\u00bb F\u00f6rel\u00e4sning p\u00e5 franska av Claire Sandevoir, i samarbete med Frankrikes ambassad i Sverige. Claire Sandevoir ska dela med oss sin passion f\u00f6r europaparlamentsavtalet, sina kunskaper om subjekten men ocks\u00e5 sin egen analys av situationen bara n\u00e5gra dagar efter europaparlamentsavtalet 2014. M\u00e5ndag den 12 juni kl. 19.00 Startcentrum, Rudbecksgatan 26. Fransk afton p\u00e5 svenska\u2026","_links":{"self":[{"href":"https:\/\/alliancefr.se\/orebro\/wp-json\/wp\/v2\/pages\/147","targetHints":{"allow":["GET"]}}],"collection":[{"href":"https:\/\/alliancefr.se\/orebro\/wp-json\/wp\/v2\/pages"}],"about":[{"href":"https:\/\/alliancefr.se\/orebro\/wp-json\/wp\/v2\/types\/page"}],"author":[{"embeddable":true,"href":"https:\/\/alliancefr.se\/orebro\/wp-json\/wp\/v2\/users\/1"}],"replies":[{"embeddable":true,"href":"https:\/\/alliancefr.se\/orebro\/wp-json\/wp\/v2\/comments?post=147"}],"version-history":[{"count":2,"href":"https:\/\/alliancefr.se\/orebro\/wp-json\/wp\/v2\/pages\/147\/revisions"}],"predecessor-version":[{"id":10142,"href":"https:\/\/alliancefr.se\/orebro\/wp-json\/wp\/v2\/pages\/147\/revisions\/10142"}],"wp:attachment":[{"href":"https:\/\/alliancefr.se\/orebro\/wp-json\/wp\/v2\/media?parent=147"}],"curies":[{"name":"wp","href":"https:\/\/api.w.org\/{rel}","templated":true}]}}