{"id":1451,"date":"2015-07-18T10:32:45","date_gmt":"2015-07-18T08:32:45","guid":{"rendered":"http:\/\/alliancefr.se\/orebro4\/gastronomi\/"},"modified":"2023-10-05T18:09:29","modified_gmt":"2023-10-05T16:09:29","slug":"gastronomi","status":"publish","type":"page","link":"https:\/\/alliancefr.se\/orebro\/sv\/gastronomi\/","title":{"rendered":"Resurser Gastronomi"},"content":{"rendered":"<p style=\"text-align: center\">\u00a0Att \u00e4ta gott och framf\u00f6r allt att dela gemytliga stunder \u00e4r grundl\u00e4ggande i m\u00e5nga fransktalande l\u00e4nder. S\u00e5 h\u00e4r finns recept men ocks\u00e5 webbplatser f\u00f6r att l\u00e4ra sig de grundl\u00e4ggande teknikerna i k\u00f6ket !<\/p>\n<h3 style=\"text-align: center\">Marmiton<\/h3>\n<p style=\"text-align: center\"><a href=\"http:\/\/www.marmiton.org\/\">http:\/\/www.marmiton.org\/<\/a><\/p>\n<p style=\"text-align: center\">Marmiton \u00e4r en webbplats d\u00e4r anv\u00e4ndarna kan l\u00e4gga upp sina b\u00e4sta recept. Detta \u00e4r f\u00f6rmodlingen den st\u00f6rsta databasen av recept p\u00e5 franska.<\/p>\n<h3 style=\"text-align: center\">L&rsquo;atelier des Chefs<\/h3>\n<p style=\"text-align: center\"><a href=\"https:\/\/www.atelierdeschefs.fr\/fr\/techniques-de-cuisine.php\">https:\/\/www.atelierdeschefs.fr\/fr\/techniques-de-cuisine.php<\/a><\/p>\n<p style=\"text-align: center\">L&rsquo;atelier des Chefs \u00e4r ett fransk f\u00f6retag som specialiserar sig p\u00e5 matlagningkurser. Men de g\u00f6r ocks\u00e5 en hel del gratis filmer f\u00f6r att l\u00e4ra sig att bli en riktig kock<\/p>\n<h3 style=\"text-align: center\">Cuisine du Qu\u00e9bec<\/h3>\n<p style=\"text-align: center\"><a href=\"http:\/\/cuisineduquebec.com\/recettes\">http:\/\/cuisineduquebec.com\/recettes<\/a><\/p>\n<p style=\"text-align: center\">Cuisine du Qu\u00e9bec \u00e4r en webbplats som handlar om k\u00f6ket i det h\u00e4r nordamerikanska fransktalande omr\u00e5det. H\u00e4r finner du recept, kockar, och \u00e4ven en butik f\u00f6r quebekiska produkter.<\/p>\n<h3 style=\"text-align: center\">Beau \u00e0 la louche<\/h3>\n<p style=\"text-align: center\"><a href=\"http:\/\/www.beaualalouche.com\/\">http:\/\/www.beaualalouche.com\/<\/a><\/p>\n<p style=\"text-align: center\">Det finns en hel del bloggar om matlagning i Frankrike, och vissa \u00e4r mycket bra. Den h\u00e4r erbjuder enkla recept p\u00e5 ett vardagsspr\u00e5k.<\/p>\n<h3 style=\"text-align: center\">La cuisine de Mercotte<\/h3>\n<p style=\"text-align: center\"><a href=\"http:\/\/www.mercotte.fr\/\">http:\/\/www.mercotte.fr\/<\/a><\/p>\n<p style=\"text-align: center\">Mercotte \u00e4r kanske den menst k\u00e4nda kulinariska bloggaren i Frankrike. Hon publicerar b\u00f6cker, designar applikationer, och \u00e4r \u00e4ven domare i en patisseriet\u00e4vling i TV<\/p>\n<h3 style=\"text-align: center\">Recettes cr\u00e9oles<\/h3>\n<p style=\"text-align: center\"><a href=\"http:\/\/www.cuisineactuelle.fr\/recettes-de-cuisine\/recettes-du-monde\/recette-creole\">http:\/\/www.cuisineactuelle.fr\/recette-creole<\/a><\/p>\n<p style=\"text-align: center\">P\u00e5 webbplatsen \u00ab\u00a0Femme Actuelle\u00a0\u00bb hittar du en rubrik om det kreolska k\u00f6ket f\u00f6r den fransktalande v\u00e4rlden, det \u00e4r ocks\u00e5 ett k\u00f6k som smakar sommar<\/p>\n","protected":false},"excerpt":{"rendered":"<p>\u00a0Att \u00e4ta gott och framf\u00f6r allt att dela gemytliga stunder \u00e4r grundl\u00e4ggande i m\u00e5nga fransktalande l\u00e4nder. S\u00e5 h\u00e4r finns recept men ocks\u00e5 webbplatser f\u00f6r att l\u00e4ra sig de grundl\u00e4ggande teknikerna i k\u00f6ket ! Marmiton http:\/\/www.marmiton.org\/ Marmiton \u00e4r en webbplats d\u00e4r anv\u00e4ndarna kan l\u00e4gga upp sina b\u00e4sta recept. Detta \u00e4r f\u00f6rmodlingen den st\u00f6rsta databasen av recept p\u00e5 franska. L&rsquo;atelier des Chefs https:\/\/www.atelierdeschefs.fr\/fr\/techniques-de-cuisine.php L&rsquo;atelier des Chefs \u00e4r ett fransk f\u00f6retag som specialiserar sig p\u00e5 matlagningkurser. Men de g\u00f6r ocks\u00e5 en hel del gratis filmer f\u00f6r att l\u00e4ra sig att bli en riktig kock Cuisine du Qu\u00e9bec http:\/\/cuisineduquebec.com\/recettes Cuisine du Qu\u00e9bec \u00e4r en webbplats som handlar om k\u00f6ket i det h\u00e4r nordamerikanska fransktalande omr\u00e5det. H\u00e4r finner du recept, kockar, och \u00e4ven en butik f\u00f6r quebekiska produkter. Beau \u00e0 la louche http:\/\/www.beaualalouche.com\/ Det finns en hel del bloggar om matlagning i Frankrike, och vissa \u00e4r mycket bra. Den h\u00e4r erbjuder enkla recept p\u00e5 ett vardagsspr\u00e5k. La cuisine de Mercotte http:\/\/www.mercotte.fr\/ Mercotte \u00e4r kanske den menst k\u00e4nda kulinariska bloggaren i Frankrike. Hon publicerar b\u00f6cker, designar applikationer, och \u00e4r \u00e4ven domare i en patisseriet\u00e4vling i TV Recettes cr\u00e9oles http:\/\/www.cuisineactuelle.fr\/recette-creole P\u00e5 webbplatsen \u00ab\u00a0Femme Actuelle\u00a0\u00bb hittar du en rubrik om det kreolska k\u00f6ket f\u00f6r den fransktalande v\u00e4rlden, det \u00e4r ocks\u00e5 ett k\u00f6k som smakar sommar<\/p>\n","protected":false},"author":1,"featured_media":0,"parent":0,"menu_order":0,"comment_status":"closed","ping_status":"closed","template":"","meta":{"om_disable_all_campaigns":false,"_monsterinsights_skip_tracking":false,"_monsterinsights_sitenote_active":false,"_monsterinsights_sitenote_note":"","_monsterinsights_sitenote_category":0,"_uf_show_specific_survey":0,"_uf_disable_surveys":false,"footnotes":""},"class_list":["post-1451","page","type-page","status-publish","hentry"],"aioseo_notices":[],"rttpg_featured_image_url":null,"rttpg_author":{"display_name":"Super.admin","author_link":"https:\/\/alliancefr.se\/orebro\/author\/admin2174\/"},"rttpg_comment":0,"rttpg_category":" <a href=\"https:\/\/alliancefr.se\/orebro\/sv\/\" rel=\"tag\">Svenska<\/a>","rttpg_excerpt":"\u00a0Att \u00e4ta gott och framf\u00f6r allt att dela gemytliga stunder \u00e4r grundl\u00e4ggande i m\u00e5nga fransktalande l\u00e4nder. S\u00e5 h\u00e4r finns recept men ocks\u00e5 webbplatser f\u00f6r att l\u00e4ra sig de grundl\u00e4ggande teknikerna i k\u00f6ket ! Marmiton http:\/\/www.marmiton.org\/ Marmiton \u00e4r en webbplats d\u00e4r anv\u00e4ndarna kan l\u00e4gga upp sina b\u00e4sta recept. Detta \u00e4r f\u00f6rmodlingen den st\u00f6rsta databasen av recept\u2026","_links":{"self":[{"href":"https:\/\/alliancefr.se\/orebro\/wp-json\/wp\/v2\/pages\/1451","targetHints":{"allow":["GET"]}}],"collection":[{"href":"https:\/\/alliancefr.se\/orebro\/wp-json\/wp\/v2\/pages"}],"about":[{"href":"https:\/\/alliancefr.se\/orebro\/wp-json\/wp\/v2\/types\/page"}],"author":[{"embeddable":true,"href":"https:\/\/alliancefr.se\/orebro\/wp-json\/wp\/v2\/users\/1"}],"replies":[{"embeddable":true,"href":"https:\/\/alliancefr.se\/orebro\/wp-json\/wp\/v2\/comments?post=1451"}],"version-history":[{"count":1,"href":"https:\/\/alliancefr.se\/orebro\/wp-json\/wp\/v2\/pages\/1451\/revisions"}],"predecessor-version":[{"id":9392,"href":"https:\/\/alliancefr.se\/orebro\/wp-json\/wp\/v2\/pages\/1451\/revisions\/9392"}],"wp:attachment":[{"href":"https:\/\/alliancefr.se\/orebro\/wp-json\/wp\/v2\/media?parent=1451"}],"curies":[{"name":"wp","href":"https:\/\/api.w.org\/{rel}","templated":true}]}}