{"id":1438,"date":"2015-07-18T09:41:42","date_gmt":"2015-07-18T07:41:42","guid":{"rendered":"http:\/\/alliancefr.se\/orebro4\/mode-2\/"},"modified":"2023-10-05T18:08:54","modified_gmt":"2023-10-05T16:08:54","slug":"mode-2","status":"publish","type":"page","link":"https:\/\/alliancefr.se\/orebro\/sv\/mode-2\/","title":{"rendered":"Resurser Mode"},"content":{"rendered":"<p style=\"text-align: center\">\u00a0Gastronomi \u00e4r viktigt i Frankrike, men mode \u00e4r ocks\u00e5 grundl\u00e4ggande !<br \/>\nOm du \u00e4r mode\u00e4lskare, hittar du h\u00e4r l\u00e4nkar f\u00f6r att l\u00e4sa franska och uppt\u00e4cka\u00a0franska modeskapare !<\/p>\n<h3 style=\"text-align: center\">Histoire des d\u00e9fil\u00e9s<\/h3>\n<p style=\"text-align: center\"><a href=\"http:\/\/www.lemonde.fr\/mode\/visuel\/2014\/02\/07\/une-histoire-des-defiles-de-mode_4362302_1383317.html\">http:\/\/www.lemonde.fr\/mode\/visuel\/2014\/02\/07\/une-histoire-des-defiles-de-mode_4362302_1383317.html<\/a><\/p>\n<p style=\"text-align: center\">Det \u00e4r en ber\u00e4ttelse om modevisningar med ett fint bildspel som skapades av journalister fr\u00e5n tidningen \u00ab\u00a0Le Monde\u00a0\u00bb. Instruktiv och tillg\u00e4nglig f\u00f6r alla.<\/p>\n<h3 style=\"text-align: center\">Sur Mesures<\/h3>\n<p style=\"text-align: center\"><a href=\"http:\/\/www.tv5monde.com\/cms\/chaine-francophone\/publications\/Sur-mesures\/p-11669-Sur-mesures.htm\">http:\/\/www.tv5monde.com\/cms\/chaine-francophone\/publications\/Sur-mesures\/p-11669-Sur-mesures.htm<\/a><\/p>\n<p style=\"text-align: center\">\u00ab\u00a0Sur Mesures\u00a0\u00bb \u00e4r en serie av 40 episoder som handlar om k\u00f6nsthantverket i Frankrike. Perfekt f\u00f6r modeentusiaster<\/p>\n<h3 style=\"text-align: center\">Dior Mag<\/h3>\n<p style=\"text-align: center\"><a href=\"http:\/\/www.dior.com\/diormag\/fr_fr\">http:\/\/www.dior.com\/diormag\/fr_fr<\/a><\/p>\n<div style=\"height: 42px\"><\/div>\n<p style=\"text-align: center\">Det ber\u00f6mda franska modehuset erbjuder korta artiklar och fotorapporter om m\u00e5nga skapelser och nyheter. Perfekt f\u00f6r nyborjare i franska.<\/p>\n<h3 style=\"text-align: center\">Jean-Paul Gaultier travaille<\/h3>\n<p style=\"text-align: center\"><a href=\"http:\/\/creative.arte.tv\/fr\/magazine\/jean-paul-gaultier-travaille\">http:\/\/creative.arte.tv\/fr\/magazine\/jean-paul-gaultier-travaille<\/a><\/p>\n<div style=\"height: 22px\"><\/div>\n<p style=\"text-align: center\">En mycket bra dokument\u00e4r d\u00e4r Jean Paul Gaultier ber\u00e4ttar om kollecktioner som har pr\u00e4glat hans karri\u00e4r.<\/p>\n<h3 style=\"text-align: center\">Christina Cordula pour Femme Actuelle<\/h3>\n<p style=\"text-align: center\"><a href=\"https:\/\/www.youtube.com\/playlist?list=PLDC0976149E995F9E\">https:\/\/www.youtube.com\/playlist?list=PLDC0976149E995F9E<\/a><\/p>\n<div style=\"height: 22px\"><\/div>\n<p style=\"text-align: center\">Tsarinnan av mode i Frankrike \u00e4r&#8230; brasilianska !\u00a0Uppt\u00e4ck hennes vackra uttal i dessa sm\u00e5, enkla videos som \u00e4r perfekta f\u00f6r nyb\u00f6rjare i franska<\/p>\n<h3 style=\"text-align: center\">La cit\u00e9 de la dentelle &#8211; Calais<\/h3>\n<p style=\"text-align: center\"><a href=\"http:\/\/www.cite-dentelle.fr\/IMG\/pdf\/dp_syndicalisme_et_socialisme-2.pdf\">http:\/\/www.cite-dentelle.fr\/IMG\/pdf\/dp_syndicalisme_et_socialisme-2.pdf<\/a><\/p>\n<p style=\"text-align: center\">Historien om norra Frankrike \u00e4r kopplad till textilhistorien. I Calais presenterar \u00ab\u00a0La cit\u00e9 de la dentelle\u00a0\u00bb historien om denna industri och dess arbetare. Dessa artiklar som \u00e4r tillgangliga f\u00f6r studenter \u00e4r en exempel.<\/p>\n","protected":false},"excerpt":{"rendered":"<p>\u00a0Gastronomi \u00e4r viktigt i Frankrike, men mode \u00e4r ocks\u00e5 grundl\u00e4ggande ! Om du \u00e4r mode\u00e4lskare, hittar du h\u00e4r l\u00e4nkar f\u00f6r att l\u00e4sa franska och uppt\u00e4cka\u00a0franska modeskapare ! Histoire des d\u00e9fil\u00e9s http:\/\/www.lemonde.fr\/mode\/visuel\/2014\/02\/07\/une-histoire-des-defiles-de-mode_4362302_1383317.html Det \u00e4r en ber\u00e4ttelse om modevisningar med ett fint bildspel som skapades av journalister fr\u00e5n tidningen \u00ab\u00a0Le Monde\u00a0\u00bb. Instruktiv och tillg\u00e4nglig f\u00f6r alla. Sur Mesures http:\/\/www.tv5monde.com\/cms\/chaine-francophone\/publications\/Sur-mesures\/p-11669-Sur-mesures.htm \u00ab\u00a0Sur Mesures\u00a0\u00bb \u00e4r en serie av 40 episoder som handlar om k\u00f6nsthantverket i Frankrike. Perfekt f\u00f6r modeentusiaster Dior Mag http:\/\/www.dior.com\/diormag\/fr_fr Det ber\u00f6mda franska modehuset erbjuder korta artiklar och fotorapporter om m\u00e5nga skapelser och nyheter. Perfekt f\u00f6r nyborjare i franska. Jean-Paul Gaultier travaille http:\/\/creative.arte.tv\/fr\/magazine\/jean-paul-gaultier-travaille En mycket bra dokument\u00e4r d\u00e4r Jean Paul Gaultier ber\u00e4ttar om kollecktioner som har pr\u00e4glat hans karri\u00e4r. Christina Cordula pour Femme Actuelle https:\/\/www.youtube.com\/playlist?list=PLDC0976149E995F9E Tsarinnan av mode i Frankrike \u00e4r&#8230; brasilianska !\u00a0Uppt\u00e4ck hennes vackra uttal i dessa sm\u00e5, enkla videos som \u00e4r perfekta f\u00f6r nyb\u00f6rjare i franska La cit\u00e9 de la dentelle &#8211; Calais http:\/\/www.cite-dentelle.fr\/IMG\/pdf\/dp_syndicalisme_et_socialisme-2.pdf Historien om norra Frankrike \u00e4r kopplad till textilhistorien. I Calais presenterar \u00ab\u00a0La cit\u00e9 de la dentelle\u00a0\u00bb historien om denna industri och dess arbetare. Dessa artiklar som \u00e4r tillgangliga f\u00f6r studenter \u00e4r en exempel.<\/p>\n","protected":false},"author":1,"featured_media":0,"parent":0,"menu_order":0,"comment_status":"closed","ping_status":"closed","template":"","meta":{"om_disable_all_campaigns":false,"_monsterinsights_skip_tracking":false,"_monsterinsights_sitenote_active":false,"_monsterinsights_sitenote_note":"","_monsterinsights_sitenote_category":0,"_uf_show_specific_survey":0,"_uf_disable_surveys":false,"footnotes":""},"class_list":["post-1438","page","type-page","status-publish","hentry"],"aioseo_notices":[],"rttpg_featured_image_url":null,"rttpg_author":{"display_name":"Super.admin","author_link":"https:\/\/alliancefr.se\/orebro\/author\/admin2174\/"},"rttpg_comment":0,"rttpg_category":" <a href=\"https:\/\/alliancefr.se\/orebro\/sv\/\" rel=\"tag\">Svenska<\/a>","rttpg_excerpt":"\u00a0Gastronomi \u00e4r viktigt i Frankrike, men mode \u00e4r ocks\u00e5 grundl\u00e4ggande ! Om du \u00e4r mode\u00e4lskare, hittar du h\u00e4r l\u00e4nkar f\u00f6r att l\u00e4sa franska och uppt\u00e4cka\u00a0franska modeskapare ! Histoire des d\u00e9fil\u00e9s http:\/\/www.lemonde.fr\/mode\/visuel\/2014\/02\/07\/une-histoire-des-defiles-de-mode_4362302_1383317.html Det \u00e4r en ber\u00e4ttelse om modevisningar med ett fint bildspel som skapades av journalister fr\u00e5n tidningen \u00ab\u00a0Le Monde\u00a0\u00bb. Instruktiv och tillg\u00e4nglig f\u00f6r alla. Sur\u2026","_links":{"self":[{"href":"https:\/\/alliancefr.se\/orebro\/wp-json\/wp\/v2\/pages\/1438","targetHints":{"allow":["GET"]}}],"collection":[{"href":"https:\/\/alliancefr.se\/orebro\/wp-json\/wp\/v2\/pages"}],"about":[{"href":"https:\/\/alliancefr.se\/orebro\/wp-json\/wp\/v2\/types\/page"}],"author":[{"embeddable":true,"href":"https:\/\/alliancefr.se\/orebro\/wp-json\/wp\/v2\/users\/1"}],"replies":[{"embeddable":true,"href":"https:\/\/alliancefr.se\/orebro\/wp-json\/wp\/v2\/comments?post=1438"}],"version-history":[{"count":1,"href":"https:\/\/alliancefr.se\/orebro\/wp-json\/wp\/v2\/pages\/1438\/revisions"}],"predecessor-version":[{"id":9401,"href":"https:\/\/alliancefr.se\/orebro\/wp-json\/wp\/v2\/pages\/1438\/revisions\/9401"}],"wp:attachment":[{"href":"https:\/\/alliancefr.se\/orebro\/wp-json\/wp\/v2\/media?parent=1438"}],"curies":[{"name":"wp","href":"https:\/\/api.w.org\/{rel}","templated":true}]}}