{"id":1435,"date":"2015-07-18T09:16:44","date_gmt":"2015-07-18T07:16:44","guid":{"rendered":"http:\/\/alliancefr.se\/orebro4\/musik\/"},"modified":"2023-10-05T18:08:04","modified_gmt":"2023-10-05T16:08:04","slug":"musik","status":"publish","type":"page","link":"https:\/\/alliancefr.se\/orebro\/sv\/musik\/","title":{"rendered":"Resurser Musik"},"content":{"rendered":"<p>Sidan under konstruktion.<\/p>\n<p>Du kan bes\u00f6ka sidan p\u00e5 franska <a href=\"http:\/\/www.alliancefrancaise-orebro.eu\/fr\/musiques\">h\u00e4r<\/a><\/p>\n","protected":false},"excerpt":{"rendered":"<p>Sidan under konstruktion. Du kan bes\u00f6ka sidan p\u00e5 franska h\u00e4r<\/p>\n","protected":false},"author":1,"featured_media":0,"parent":0,"menu_order":0,"comment_status":"closed","ping_status":"closed","template":"","meta":{"om_disable_all_campaigns":false,"_monsterinsights_skip_tracking":false,"_monsterinsights_sitenote_active":false,"_monsterinsights_sitenote_note":"","_monsterinsights_sitenote_category":0,"_uf_show_specific_survey":0,"_uf_disable_surveys":false,"footnotes":""},"class_list":["post-1435","page","type-page","status-publish","hentry"],"aioseo_notices":[],"rttpg_featured_image_url":null,"rttpg_author":{"display_name":"Super.admin","author_link":"https:\/\/alliancefr.se\/orebro\/author\/admin2174\/"},"rttpg_comment":0,"rttpg_category":" <a href=\"https:\/\/alliancefr.se\/orebro\/sv\/\" rel=\"tag\">Svenska<\/a>","rttpg_excerpt":"Sidan under konstruktion. Du kan bes\u00f6ka sidan p\u00e5 franska h\u00e4r","_links":{"self":[{"href":"https:\/\/alliancefr.se\/orebro\/wp-json\/wp\/v2\/pages\/1435","targetHints":{"allow":["GET"]}}],"collection":[{"href":"https:\/\/alliancefr.se\/orebro\/wp-json\/wp\/v2\/pages"}],"about":[{"href":"https:\/\/alliancefr.se\/orebro\/wp-json\/wp\/v2\/types\/page"}],"author":[{"embeddable":true,"href":"https:\/\/alliancefr.se\/orebro\/wp-json\/wp\/v2\/users\/1"}],"replies":[{"embeddable":true,"href":"https:\/\/alliancefr.se\/orebro\/wp-json\/wp\/v2\/comments?post=1435"}],"version-history":[{"count":2,"href":"https:\/\/alliancefr.se\/orebro\/wp-json\/wp\/v2\/pages\/1435\/revisions"}],"predecessor-version":[{"id":9900,"href":"https:\/\/alliancefr.se\/orebro\/wp-json\/wp\/v2\/pages\/1435\/revisions\/9900"}],"wp:attachment":[{"href":"https:\/\/alliancefr.se\/orebro\/wp-json\/wp\/v2\/media?parent=1435"}],"curies":[{"name":"wp","href":"https:\/\/api.w.org\/{rel}","templated":true}]}}