{"id":1431,"date":"2015-07-18T09:07:56","date_gmt":"2015-07-18T07:07:56","guid":{"rendered":"http:\/\/alliancefr.se\/orebro4\/cinema-och-tv\/"},"modified":"2023-09-28T15:40:44","modified_gmt":"2023-09-28T13:40:44","slug":"cinema-och-tv","status":"publish","type":"page","link":"https:\/\/alliancefr.se\/orebro\/sv\/cinema-och-tv\/","title":{"rendered":"Resurser Cinema och TV"},"content":{"rendered":"<p style=\"text-align: center\">H\u00e4r hittar du ette urval av l\u00e4nkar till webbplatser som handar om TV eller filmer. Det finns olija sv\u00e5righetsgradet s\u00e5dessa webbplatser passar b\u00e5de nyb\u00f6rjare och dem som redan pratar franska mycket bra.<\/p>\n<h3 style=\"text-align: center\">TV5 Monde<\/h3>\n<p style=\"text-align: center\"><a href=\"http:\/\/www.tv5monde.com\/\">http:\/\/www.tv5monde.com\/<\/a><\/p>\n<p style=\"text-align: center\">P\u00e5 TV5 Monde kan du titta p\u00e5 en hel del franskpr\u00e5kiga TV och radioprogram som passar hela familjen !<\/p>\n<h3 style=\"text-align: center\">Allocin\u00e9<\/h3>\n<p style=\"text-align: center\"><a href=\"http:\/\/www.allocine.fr\">http:\/\/www.allocine.fr<\/a><\/p>\n<p style=\"text-align: center\">P\u00e5 Allociin\u00e9 finns all information tillg\u00e5nglig om franska och utlandska filmer, och en hel del videos som bonus. Det \u00e4r den viktigaster hemsidan om bio i Frankrike.<\/p>\n<h3 style=\"text-align: center\">Premiere<\/h3>\n<p style=\"text-align: center\"><a href=\"http:\/\/www.premiere.fr\">http:\/\/www.premiere.fr<\/a><\/p>\n<p style=\"text-align: center\">Premi\u00e8re \u00e4r en av Frankrikes ledande tidningar specialiserad p\u00e5 filmkonsten. H\u00e4r hittar du tematiska artiklar om filmer men ocks\u00e5 videomaterial fr\u00e5n \u00ab\u00a0Premiere TV\u00a0\u00bb.<\/p>\n<p>&nbsp;<\/p>\n<h3 style=\"text-align: center\">Le Tube<\/h3>\n<p style=\"text-align: center\"><a href=\"http:\/\/www.canalplus.fr\/c-emissions\/c-le-tube\/pid7542-le-tube.html\">http:\/\/www.canalplus.fr\/c-emissions\/c-le-tube<\/a><\/p>\n<p style=\"text-align: center\">Varje vecka p\u00e5 Canal + sk\u00e4rsk\u00e5dar \u00ab\u00a0Le Tube\u00a0\u00bb TV och medier med intervjuer och rapporter p\u00e5 ett tydligt och begripligt spr\u00e5k<\/p>\n<h3 style=\"text-align: center\">INA<\/h3>\n<h3 style=\"text-align: center\"><a href=\"http:\/\/www.ina.fr\/\">http:\/\/www.ina.fr\/<\/a><\/h3>\n<p style=\"text-align: center\">Den nationella audiovisuella Instituet erbjuder en omfattande webbplats och tusentals tilmmar av TV-arkiv klassificerade efter tema<\/p>\n<p>&nbsp;<\/p>\n<h3 style=\"text-align: center\">CNC<\/h3>\n<p style=\"text-align: center\"><a href=\"http:\/\/www.cnc.fr\/web\/fr\/dossiers-pedagogiques\">http:\/\/www.cnc.fr\/web\/fr\/dossiers-pedagogiques<\/a><\/p>\n<p style=\"text-align: center\">Nationellt Centrum f\u00f6r bio erbjuder filmers analysfiler. Det \u00e4r perfekt f\u00f6r att f\u00e5 information p\u00e5 franska eller f\u00f6r spr\u00e5kkurs i franska som bygger p\u00e5 en film<\/p>\n","protected":false},"excerpt":{"rendered":"<p>H\u00e4r hittar du ette urval av l\u00e4nkar till webbplatser som handar om TV eller filmer. Det finns olija sv\u00e5righetsgradet s\u00e5dessa webbplatser passar b\u00e5de nyb\u00f6rjare och dem som redan pratar franska mycket bra. TV5 Monde http:\/\/www.tv5monde.com\/ P\u00e5 TV5 Monde kan du titta p\u00e5 en hel del franskpr\u00e5kiga TV och radioprogram som passar hela familjen ! Allocin\u00e9 http:\/\/www.allocine.fr P\u00e5 Allociin\u00e9 finns all information tillg\u00e5nglig om franska och utlandska filmer, och en hel del videos som bonus. Det \u00e4r den viktigaster hemsidan om bio i Frankrike. Premiere http:\/\/www.premiere.fr Premi\u00e8re \u00e4r en av Frankrikes ledande tidningar specialiserad p\u00e5 filmkonsten. H\u00e4r hittar du tematiska artiklar om filmer men ocks\u00e5 videomaterial fr\u00e5n \u00ab\u00a0Premiere TV\u00a0\u00bb. &nbsp; Le Tube http:\/\/www.canalplus.fr\/c-emissions\/c-le-tube Varje vecka p\u00e5 Canal + sk\u00e4rsk\u00e5dar \u00ab\u00a0Le Tube\u00a0\u00bb TV och medier med intervjuer och rapporter p\u00e5 ett tydligt och begripligt spr\u00e5k INA http:\/\/www.ina.fr\/ Den nationella audiovisuella Instituet erbjuder en omfattande webbplats och tusentals tilmmar av TV-arkiv klassificerade efter tema &nbsp; CNC http:\/\/www.cnc.fr\/web\/fr\/dossiers-pedagogiques Nationellt Centrum f\u00f6r bio erbjuder filmers analysfiler. Det \u00e4r perfekt f\u00f6r att f\u00e5 information p\u00e5 franska eller f\u00f6r spr\u00e5kkurs i franska som bygger p\u00e5 en film<\/p>\n","protected":false},"author":1,"featured_media":0,"parent":0,"menu_order":0,"comment_status":"closed","ping_status":"closed","template":"","meta":{"om_disable_all_campaigns":false,"_monsterinsights_skip_tracking":false,"_monsterinsights_sitenote_active":false,"_monsterinsights_sitenote_note":"","_monsterinsights_sitenote_category":0,"_uf_show_specific_survey":0,"_uf_disable_surveys":false,"footnotes":""},"class_list":["post-1431","page","type-page","status-publish","hentry"],"aioseo_notices":[],"rttpg_featured_image_url":null,"rttpg_author":{"display_name":"Super.admin","author_link":"https:\/\/alliancefr.se\/orebro\/author\/admin2174\/"},"rttpg_comment":0,"rttpg_category":" <a href=\"https:\/\/alliancefr.se\/orebro\/sv\/\" rel=\"tag\">Svenska<\/a>","rttpg_excerpt":"H\u00e4r hittar du ette urval av l\u00e4nkar till webbplatser som handar om TV eller filmer. Det finns olija sv\u00e5righetsgradet s\u00e5dessa webbplatser passar b\u00e5de nyb\u00f6rjare och dem som redan pratar franska mycket bra. TV5 Monde http:\/\/www.tv5monde.com\/ P\u00e5 TV5 Monde kan du titta p\u00e5 en hel del franskpr\u00e5kiga TV och radioprogram som passar hela familjen ! Allocin\u00e9\u2026","_links":{"self":[{"href":"https:\/\/alliancefr.se\/orebro\/wp-json\/wp\/v2\/pages\/1431","targetHints":{"allow":["GET"]}}],"collection":[{"href":"https:\/\/alliancefr.se\/orebro\/wp-json\/wp\/v2\/pages"}],"about":[{"href":"https:\/\/alliancefr.se\/orebro\/wp-json\/wp\/v2\/types\/page"}],"author":[{"embeddable":true,"href":"https:\/\/alliancefr.se\/orebro\/wp-json\/wp\/v2\/users\/1"}],"replies":[{"embeddable":true,"href":"https:\/\/alliancefr.se\/orebro\/wp-json\/wp\/v2\/comments?post=1431"}],"version-history":[{"count":1,"href":"https:\/\/alliancefr.se\/orebro\/wp-json\/wp\/v2\/pages\/1431\/revisions"}],"predecessor-version":[{"id":9385,"href":"https:\/\/alliancefr.se\/orebro\/wp-json\/wp\/v2\/pages\/1431\/revisions\/9385"}],"wp:attachment":[{"href":"https:\/\/alliancefr.se\/orebro\/wp-json\/wp\/v2\/media?parent=1431"}],"curies":[{"name":"wp","href":"https:\/\/api.w.org\/{rel}","templated":true}]}}