{"id":139,"date":"2015-04-22T11:09:12","date_gmt":"2015-04-22T09:09:12","guid":{"rendered":"http:\/\/alliancefr.se\/orebro4\/host-2013\/"},"modified":"2023-10-17T10:58:33","modified_gmt":"2023-10-17T08:58:33","slug":"host-2013","status":"publish","type":"page","link":"https:\/\/alliancefr.se\/orebro\/sv\/host-2013\/","title":{"rendered":"Arkiv V\u00e5rt h\u00f6stprogram 2013"},"content":{"rendered":"<h3 style=\"text-align: center\">\u00ab\u00a0Bli ett barn igen, det \u00e4r dags att go\u00fbter !\u00a0\u00bb<\/h3>\n<p><a href=\"http:\/\/www.alliancefrancaise-orebro.eu\/wp-content\/uploads\/2015\/04\/Boulangerie.jpg\"><img decoding=\"async\" class=\"alignleft size-medium wp-image-618\" src=\"http:\/\/www.alliancefrancaise-orebro.eu\/wp-content\/uploads\/2015\/04\/Boulangerie-300x142.jpg\" alt=\"boulangerie avec des p\u00e2tisseries fran\u00e7aises\" width=\"300\" height=\"142\" \/><\/a>En kv\u00e4ll i k\u00f6ket med Thomas Wild \u00a0och Elodie Ponsot.<\/p>\n<p>Vad betyder \u00ab go\u00fbter \u00bb p\u00e5 franska ? \u201dLe go\u00fbter\u201d \u00e4r lite som fika i Sverige men tas bara p\u00e5 eftermiddagen, man brukar ha en varm dryck (te, kaffe, mj\u00f6lk, choklad) med konditorivaror eller en kaka. \u00c4ven om det \u00e4r framf\u00f6r allt f\u00f6r barnen efter skolan, finns det m\u00e5nga vuxna som brukar ta en \u201dgo\u00fbter\u201d<\/p>\n<p>&nbsp;<\/p>\n<p>Kom med oss i en \u201dgo\u00fbter\u201d atmosf\u00e4r som efter skolan i Frankrike! Uppt\u00e4ck (igen) med oss den h\u00e4r m\u00e5stestunden som b\u00e5de barn och vuxna tycker om, laga och smaka croissanter, marbr\u00e9 au chocolat, petits sabl\u00e9s och chouquettes\u2026<\/p>\n<p><em>Onsdag den 11 december kl. \u00a018.30 (\u00e5tminstone 2 timmar)<\/em><\/p>\n<p><em>Medborgarskolan, Storgatan 18. I samarbete med Medborgarskolan, \u00d6rebro.<\/em><\/p>\n<p>De som inte \u00e4r medlemmar m\u00e5ste betala 40 kr.<\/p>\n<p>&nbsp;<\/p>\n<h3 style=\"text-align: center\">\u00ab\u00a0Lyon, ute fr\u00e5n vatnnet\u00a0\u00bb<\/h3>\n<p><a href=\"http:\/\/www.alliancefrancaise-orebro.eu\/wp-content\/uploads\/2015\/04\/Lyon.jpg\"><img decoding=\"async\" class=\"alignleft wp-image-619 size-medium\" src=\"http:\/\/www.alliancefrancaise-orebro.eu\/wp-content\/uploads\/2015\/04\/Lyon-300x165.jpg\" alt=\"La ville de Lyon en France\" width=\"300\" height=\"165\" \/><\/a>F\u00f6rel\u00e4sning p\u00e5 franska av Michel Barbier<\/p>\n<p><em>Torsdag den 28 november kl. 19.00.<\/em><br \/>\n<em>Startcentrum, Rudbecksgatan 26.<\/em><br \/>\n<em>I samarbete med LMS.<\/em><\/p>\n<p>&nbsp;<\/p>\n<p>&nbsp;<\/p>\n<h3 style=\"text-align: center\"><\/h3>\n<h3 style=\"text-align: center\">\u00ab\u00a0Den fransktalande v\u00e4rlden, en strid mellan Frankrike och England ?\u00a0\u00bb<\/h3>\n<p><a href=\"http:\/\/www.alliancefrancaise-orebro.eu\/wp-content\/uploads\/2015\/04\/LOGO_AMBASSADE_NOUVELLE_VERSION-21.jpg\"><img fetchpriority=\"high\" decoding=\"async\" class=\"alignleft size-medium wp-image-620\" src=\"http:\/\/www.alliancefrancaise-orebro.eu\/wp-content\/uploads\/2015\/04\/LOGO_AMBASSADE_NOUVELLE_VERSION-21-300x225.jpg\" alt=\"logo ambassade de France en Su\u00e8de\" width=\"300\" height=\"225\" \/><\/a>Konferens p\u00e5 franska av M. Pierre Labbe, Conseiller de Coop\u00e9ration et d&rsquo;Action Culturelle p\u00e5 Frankrikes ambassad i Sverige.<\/p>\n<p><em>Torsdag den 15 oktober kl. 18.30.<\/em><br \/>\n<em>Startcentrum, Rudbecksgatan 26.<\/em><\/p>\n<p>&nbsp;<\/p>\n<p>&nbsp;<\/p>\n<p>&nbsp;<\/p>\n<p>&nbsp;<\/p>\n<h3 style=\"text-align: center\"><\/h3>\n<h3 style=\"text-align: center\">\u00ab\u00a0Serge Gainsbourg, ett legendariskt liv\u00a0\u00bb<\/h3>\n<p><a href=\"http:\/\/www.alliancefrancaise-orebro.eu\/wp-content\/uploads\/2015\/04\/serge-gainsbourg-vie-heroique-2009.jpg\"><img loading=\"lazy\" decoding=\"async\" class=\"alignleft size-full wp-image-621\" src=\"http:\/\/www.alliancefrancaise-orebro.eu\/wp-content\/uploads\/2015\/04\/serge-gainsbourg-vie-heroique-2009.jpg\" alt=\"Affiche du film fran\u00e7ais sur Serge Gainsbourg\" width=\"300\" height=\"360\" \/><\/a>En kv\u00e4ll om filmen och om Gainsbourgs musik som leds av Elodie Ponsot<\/p>\n<p>Ikv\u00e4ll m\u00f6ter vi ett monument i Frankrikes nutidsmusik och en film som har f\u00e5tt sju utm\u00e4rkelser varav 3 C\u00e9sar och som nominerades 5 g\u00e5nger under den 36: e Cesar ceremonin (2011): \u201dSerge Gainsbourg ett legendariskt liv\u201d<\/p>\n<p>Filmen handlar om Gainsbourgs liv, fr\u00e5n den unge Lucien Gainsbourg i Paris under ockupationen p\u00e5 40talet till den framg\u00e5ngsrika diktaren, komposit\u00f6ren och s\u00e5ngaren som \u00e4r k\u00e4nd \u00f6ver hela v\u00e4rlden.<\/p>\n<p>Filmen skildrar hans konstn\u00e4rsliv, fr\u00e5n den unge mannen f\u00f6r\u00e4lskad i m\u00e5lning till hans musiks godk\u00e4nnande som har blivit en ikon i den franska kulturen p\u00e5 grund av sin avantgardism. Men filmen skildrar ocks\u00e5 hur komplicerat hans vuxenliv var genom hans stormiga k\u00e4rlekshistorier.<\/p>\n<p><em>M\u00e5ndag den 23 september kl. 18.30 (\u00e5tminstone 2 timmar)<\/em><br \/>\n<em>Startcentrum, Rudbecksgatan 26.<\/em><\/p>\n<p>&nbsp;<\/p>\n","protected":false},"excerpt":{"rendered":"<p>\u00ab\u00a0Bli ett barn igen, det \u00e4r dags att go\u00fbter !\u00a0\u00bb En kv\u00e4ll i k\u00f6ket med Thomas Wild \u00a0och Elodie Ponsot. Vad betyder \u00ab go\u00fbter \u00bb p\u00e5 franska ? \u201dLe go\u00fbter\u201d \u00e4r lite som fika i Sverige men tas bara p\u00e5 eftermiddagen, man brukar ha en varm dryck (te, kaffe, mj\u00f6lk, choklad) med konditorivaror eller en kaka. \u00c4ven om det \u00e4r framf\u00f6r allt f\u00f6r barnen efter skolan, finns det m\u00e5nga vuxna som brukar ta en \u201dgo\u00fbter\u201d &nbsp; Kom med oss i en \u201dgo\u00fbter\u201d atmosf\u00e4r som efter skolan i Frankrike! Uppt\u00e4ck (igen) med oss den h\u00e4r m\u00e5stestunden som b\u00e5de barn och vuxna tycker om, laga och smaka croissanter, marbr\u00e9 au chocolat, petits sabl\u00e9s och chouquettes\u2026 Onsdag den 11 december kl. \u00a018.30 (\u00e5tminstone 2 timmar) Medborgarskolan, Storgatan 18. I samarbete med Medborgarskolan, \u00d6rebro. De som inte \u00e4r medlemmar m\u00e5ste betala 40 kr. &nbsp; \u00ab\u00a0Lyon, ute fr\u00e5n vatnnet\u00a0\u00bb F\u00f6rel\u00e4sning p\u00e5 franska av Michel Barbier Torsdag den 28 november kl. 19.00. Startcentrum, Rudbecksgatan 26. I samarbete med LMS. &nbsp; &nbsp; \u00ab\u00a0Den fransktalande v\u00e4rlden, en strid mellan Frankrike och England ?\u00a0\u00bb Konferens p\u00e5 franska av M. Pierre Labbe, Conseiller de Coop\u00e9ration et d&rsquo;Action Culturelle p\u00e5 Frankrikes ambassad i Sverige. Torsdag den 15 oktober kl. 18.30. Startcentrum, Rudbecksgatan 26. &nbsp; &nbsp; &nbsp; &nbsp; \u00ab\u00a0Serge Gainsbourg, ett legendariskt liv\u00a0\u00bb En kv\u00e4ll om filmen och om Gainsbourgs musik som leds av Elodie Ponsot Ikv\u00e4ll m\u00f6ter vi ett monument i Frankrikes nutidsmusik och en film som har f\u00e5tt sju utm\u00e4rkelser varav 3 C\u00e9sar och som nominerades 5 g\u00e5nger under den 36: e Cesar ceremonin (2011): \u201dSerge Gainsbourg ett legendariskt liv\u201d Filmen handlar om Gainsbourgs liv, fr\u00e5n den unge Lucien Gainsbourg i Paris under ockupationen p\u00e5 40talet till den framg\u00e5ngsrika diktaren, komposit\u00f6ren och s\u00e5ngaren som \u00e4r k\u00e4nd \u00f6ver hela v\u00e4rlden. Filmen skildrar hans konstn\u00e4rsliv, fr\u00e5n den unge mannen f\u00f6r\u00e4lskad i m\u00e5lning till hans musiks godk\u00e4nnande som har blivit en ikon i den franska kulturen p\u00e5 grund av sin avantgardism. Men filmen skildrar ocks\u00e5 hur komplicerat hans vuxenliv var genom hans stormiga k\u00e4rlekshistorier. M\u00e5ndag den 23 september kl. 18.30 (\u00e5tminstone 2 timmar) Startcentrum, Rudbecksgatan 26. &nbsp;<\/p>\n","protected":false},"author":1,"featured_media":0,"parent":0,"menu_order":0,"comment_status":"closed","ping_status":"closed","template":"","meta":{"om_disable_all_campaigns":false,"_monsterinsights_skip_tracking":false,"_monsterinsights_sitenote_active":false,"_monsterinsights_sitenote_note":"","_monsterinsights_sitenote_category":0,"_uf_show_specific_survey":0,"_uf_disable_surveys":false,"footnotes":""},"class_list":["post-139","page","type-page","status-publish","hentry"],"aioseo_notices":[],"rttpg_featured_image_url":null,"rttpg_author":{"display_name":"Super.admin","author_link":"https:\/\/alliancefr.se\/orebro\/author\/admin2174\/"},"rttpg_comment":0,"rttpg_category":" <a href=\"https:\/\/alliancefr.se\/orebro\/sv\/\" rel=\"tag\">Svenska<\/a>","rttpg_excerpt":"\u00ab\u00a0Bli ett barn igen, det \u00e4r dags att go\u00fbter !\u00a0\u00bb En kv\u00e4ll i k\u00f6ket med Thomas Wild \u00a0och Elodie Ponsot. Vad betyder \u00ab go\u00fbter \u00bb p\u00e5 franska ? \u201dLe go\u00fbter\u201d \u00e4r lite som fika i Sverige men tas bara p\u00e5 eftermiddagen, man brukar ha en varm dryck (te, kaffe, mj\u00f6lk, choklad) med konditorivaror eller en\u2026","_links":{"self":[{"href":"https:\/\/alliancefr.se\/orebro\/wp-json\/wp\/v2\/pages\/139","targetHints":{"allow":["GET"]}}],"collection":[{"href":"https:\/\/alliancefr.se\/orebro\/wp-json\/wp\/v2\/pages"}],"about":[{"href":"https:\/\/alliancefr.se\/orebro\/wp-json\/wp\/v2\/types\/page"}],"author":[{"embeddable":true,"href":"https:\/\/alliancefr.se\/orebro\/wp-json\/wp\/v2\/users\/1"}],"replies":[{"embeddable":true,"href":"https:\/\/alliancefr.se\/orebro\/wp-json\/wp\/v2\/comments?post=139"}],"version-history":[{"count":1,"href":"https:\/\/alliancefr.se\/orebro\/wp-json\/wp\/v2\/pages\/139\/revisions"}],"predecessor-version":[{"id":9416,"href":"https:\/\/alliancefr.se\/orebro\/wp-json\/wp\/v2\/pages\/139\/revisions\/9416"}],"wp:attachment":[{"href":"https:\/\/alliancefr.se\/orebro\/wp-json\/wp\/v2\/media?parent=139"}],"curies":[{"name":"wp","href":"https:\/\/api.w.org\/{rel}","templated":true}]}}