{"id":12255,"date":"2024-06-29T17:23:59","date_gmt":"2024-06-29T15:23:59","guid":{"rendered":"https:\/\/alliancefr.se\/orebro\/?page_id=12255"},"modified":"2026-04-07T14:02:47","modified_gmt":"2026-04-07T12:02:47","slug":"programme-afo","status":"publish","type":"page","link":"https:\/\/alliancefr.se\/orebro\/programme-afo\/","title":{"rendered":"Programme des activit\u00e9s et \u00e9v\u00e8nements"},"content":{"rendered":"\t\t<div data-elementor-type=\"wp-page\" data-elementor-id=\"12255\" class=\"elementor elementor-12255\">\n\t\t\t\t\t\t<section class=\"elementor-section elementor-top-section elementor-element elementor-element-2d92436 elementor-section-boxed elementor-section-height-default elementor-section-height-default\" data-id=\"2d92436\" data-element_type=\"section\">\n\t\t\t\t\t\t<div class=\"elementor-container elementor-column-gap-default\">\n\t\t\t\t\t<div class=\"elementor-column elementor-col-100 elementor-top-column elementor-element elementor-element-7055bb3\" data-id=\"7055bb3\" data-element_type=\"column\">\n\t\t\t<div class=\"elementor-widget-wrap\">\n\t\t\t\t\t\t\t<\/div>\n\t\t<\/div>\n\t\t\t\t\t<\/div>\n\t\t<\/section>\n\t\t\t\t<section class=\"elementor-section elementor-top-section elementor-element elementor-element-3b39825 elementor-section-boxed elementor-section-height-default elementor-section-height-default\" data-id=\"3b39825\" data-element_type=\"section\">\n\t\t\t\t\t\t<div class=\"elementor-container elementor-column-gap-default\">\n\t\t\t\t\t<div class=\"elementor-column elementor-col-100 elementor-top-column elementor-element elementor-element-c89172c\" data-id=\"c89172c\" data-element_type=\"column\">\n\t\t\t<div class=\"elementor-widget-wrap elementor-element-populated\">\n\t\t\t\t\t\t<div class=\"elementor-element elementor-element-bc74694 elementor-widget elementor-widget-text-editor\" data-id=\"bc74694\" data-element_type=\"widget\" data-widget_type=\"text-editor.default\">\n\t\t\t\t<div class=\"elementor-widget-container\">\n\t\t\t\t\t\t\t\t\t<p>Programme Coins des Enfants &#8211; Printemps 2026 :<\/p><p><a href=\"https:\/\/alliancefr.se\/orebro\/wp-content\/uploads\/sites\/5\/2025\/12\/Planning-Printemps-enfants-2026-2.pdf\">Planning Coin des Enfants Printemps 2026<\/a><\/p>\t\t\t\t\t\t\t\t<\/div>\n\t\t\t\t<\/div>\n\t\t\t\t<div class=\"elementor-element elementor-element-18a87ae elementor-widget elementor-widget-text-editor\" data-id=\"18a87ae\" data-element_type=\"widget\" data-widget_type=\"text-editor.default\">\n\t\t\t\t<div class=\"elementor-widget-container\">\n\t\t\t\t\t\t\t\t\t<p>Programme AF <strong>JANVIER<\/strong> 2026 :<\/p><p><a href=\"https:\/\/alliancefr.se\/orebro\/wp-content\/uploads\/sites\/5\/2025\/12\/Planning-Janvier-2026.pdf\">Planning Janvier 2026<\/a><\/p><p>Programme AF\u00a0<strong>FEVRIER<\/strong>\u00a02026 :<\/p><p><a href=\"https:\/\/alliancefr.se\/orebro\/wp-content\/uploads\/sites\/5\/2026\/02\/Planning-Fevrier-2026-1-1.pdf\">Planning Fe\u0301vrier 2026<\/a><\/p><p>Programme AF <strong>MARS<\/strong> 2026 :<\/p><p><a href=\"https:\/\/alliancefr.se\/orebro\/wp-content\/uploads\/sites\/5\/2026\/03\/Planning-Mars-2026.png\">Planning Mars 2026<\/a><\/p><p>Programme AF <b>AVRIL <\/b>2026 :<\/p><p><a href=\"https:\/\/alliancefr.se\/orebro\/wp-content\/uploads\/sites\/5\/2026\/04\/Planning-Avril-2026.pdf\">Planning Avril 2026<\/a><\/p>\t\t\t\t\t\t\t\t<\/div>\n\t\t\t\t<\/div>\n\t\t\t\t\t<\/div>\n\t\t<\/div>\n\t\t\t\t\t<\/div>\n\t\t<\/section>\n\t\t\t\t<\/div>\n\t\t","protected":false},"excerpt":{"rendered":"<p>Programme Coins des Enfants &#8211; Printemps 2026 : Planning Coin des Enfants Printemps 2026 Programme AF JANVIER 2026 : Planning Janvier 2026 Programme AF\u00a0FEVRIER\u00a02026 : Planning Fe\u0301vrier 2026 Programme AF MARS 2026 : Planning Mars 2026 Programme AF AVRIL 2026 : Planning Avril 2026<\/p>\n","protected":false},"author":1,"featured_media":0,"parent":0,"menu_order":0,"comment_status":"closed","ping_status":"closed","template":"","meta":{"om_disable_all_campaigns":false,"_monsterinsights_skip_tracking":false,"_monsterinsights_sitenote_active":false,"_monsterinsights_sitenote_note":"","_monsterinsights_sitenote_category":0,"_uf_show_specific_survey":0,"_uf_disable_surveys":false,"footnotes":""},"class_list":["post-12255","page","type-page","status-publish","hentry"],"aioseo_notices":[],"rttpg_featured_image_url":null,"rttpg_author":{"display_name":"Super.admin","author_link":"https:\/\/alliancefr.se\/orebro\/author\/admin2174\/"},"rttpg_comment":0,"rttpg_category":" <a href=\"https:\/\/alliancefr.se\/orebro\/\" rel=\"tag\">Fran\u00e7ais<\/a>","rttpg_excerpt":"Programme Coins des Enfants &#8211; Printemps 2026 : Planning Coin des Enfants Printemps 2026 Programme AF JANVIER 2026 : Planning Janvier 2026 Programme AF\u00a0FEVRIER\u00a02026 : Planning Fe\u0301vrier 2026 Programme AF MARS 2026 : Planning Mars 2026 Programme AF AVRIL 2026 : Planning Avril 2026","_links":{"self":[{"href":"https:\/\/alliancefr.se\/orebro\/wp-json\/wp\/v2\/pages\/12255","targetHints":{"allow":["GET"]}}],"collection":[{"href":"https:\/\/alliancefr.se\/orebro\/wp-json\/wp\/v2\/pages"}],"about":[{"href":"https:\/\/alliancefr.se\/orebro\/wp-json\/wp\/v2\/types\/page"}],"author":[{"embeddable":true,"href":"https:\/\/alliancefr.se\/orebro\/wp-json\/wp\/v2\/users\/1"}],"replies":[{"embeddable":true,"href":"https:\/\/alliancefr.se\/orebro\/wp-json\/wp\/v2\/comments?post=12255"}],"version-history":[{"count":127,"href":"https:\/\/alliancefr.se\/orebro\/wp-json\/wp\/v2\/pages\/12255\/revisions"}],"predecessor-version":[{"id":18147,"href":"https:\/\/alliancefr.se\/orebro\/wp-json\/wp\/v2\/pages\/12255\/revisions\/18147"}],"wp:attachment":[{"href":"https:\/\/alliancefr.se\/orebro\/wp-json\/wp\/v2\/media?parent=12255"}],"curies":[{"name":"wp","href":"https:\/\/api.w.org\/{rel}","templated":true}]}}