{"id":1199,"date":"2015-05-29T16:02:06","date_gmt":"2015-05-29T14:02:06","guid":{"rendered":"http:\/\/alliancefr.se\/orebro4\/sport\/"},"modified":"2023-09-28T15:13:43","modified_gmt":"2023-09-28T13:13:43","slug":"sport","status":"publish","type":"page","link":"https:\/\/alliancefr.se\/orebro\/sport\/","title":{"rendered":"Ressources : Sport"},"content":{"rendered":"<p style=\"text-align: center\">La France est un pays avec une grande tradition sportive. Que vous souhaitiez en savoir plus sur l&rsquo;histoire du sport en France, ou pr\u00e9parer vos prochaines vacances sportives en France, vous trouverez tout ce dont vous avez besoin sur cette page.<\/p>\n<h3 style=\"text-align: center\">Sports basques<\/h3>\n<p style=\"text-align: center\"><a href=\"http:\/\/www.terreetcotebasques.com\/fr\/page\/sports-basques\">http:\/\/www.terreetcotebasques.com\/fr\/page\/sports-basques<\/a><\/p>\n<p style=\"text-align: center\">Gr\u00e2ce a cet article, vous saurez tout sur la pelote basque, ce sport typique, qui jouit toujours d&rsquo;une immense popularit\u00e9 aupr\u00e8s des populations du sud-ouest.<\/p>\n<h3 style=\"text-align: center\">L&rsquo;Equipe<\/h3>\n<p style=\"text-align: center\"><a href=\"http:\/\/www.lequipe.fr\/\">http:\/\/www.lequipe.fr\/<\/a><\/p>\n<div style=\"height: 21px\"><\/div>\n<p style=\"text-align: center\">L&rsquo;\u00e9quipe est le journal sportif quotidien de r\u00e9f\u00e9rence en France. Vous y trouverez des articles, des vid\u00e9os des photos, pour assouvir votre curiosit\u00e9 pour l&rsquo;actualit\u00e9 sportive.<\/p>\n<h3 style=\"text-align: center\">Jeu de paume<\/h3>\n<p style=\"text-align: center\"><a href=\"http:\/\/jdpfontainebleau.com\/history.html\">http:\/\/jdpfontainebleau.com\/history.html<\/a><\/p>\n<p style=\"text-align: center\">D\u00e9j\u00e0 pratiqu\u00e9 au Moyen-Age, ce sport est l&rsquo;anc\u00eatre des sports de raquette. Sur ce site, vous apprendrez tout sur ce sport quasi mill\u00e9naire, pratiqu\u00e9 encore aujourd&rsquo;hui par quelques passionn\u00e9s.<\/p>\n<h3 style=\"text-align: center\">Int\u00e9rieur sport<\/h3>\n<p style=\"text-align: center\"><a href=\"http:\/\/www.canalplus.fr\/c-sport\/pid2708-c-interieur-sport.html?vid=1271342\">http:\/\/www.canalplus.fr\/c-sport\/pid2708-c-interieur-sport.html?vid=1271342<\/a><\/p>\n<p style=\"text-align: center\">Une s\u00e9rie de reportages\u00a0de la cha\u00eene canal plus, pour d\u00e9couvrir de sportifs fran\u00e7ais peu ou pas m\u00e9diatis\u00e9s, comme les \u00e9quipes de football f\u00e9minines ou l&rsquo;\u00e9quipe de France de beach-volley<\/p>\n<h3 style=\"text-align: center\">France V\u00e9lo Tourisme<\/h3>\n<p style=\"text-align: center\"><a href=\"http:\/\/www.francevelotourisme.com\/\">http:\/\/www.francevelotourisme.com\/<\/a><\/p>\n<div style=\"height: 40px\"><\/div>\n<p style=\"text-align: center\">Amateurs de v\u00e9los, vous trouverez sur ce site toutes les infos, itin\u00e9raires et astuces pour pr\u00e9voir votre s\u00e9jour \u00e0 v\u00e9lo dans les plus agr\u00e9ables r\u00e9gions de France.<\/p>\n<h3 style=\"text-align: center\">France Randos<\/h3>\n<p style=\"text-align: center\"><a href=\"http:\/\/www.france-randos.com\/\">http:\/\/www.france-randos.com\/<\/a><\/p>\n<div style=\"height: 40px\"><\/div>\n<p style=\"text-align: center\">Vous \u00eates plut\u00f4t pi\u00e9ton ? Voil\u00e0 un site qui r\u00e9f\u00e9rence de la fa\u00e7on la plus exhaustive possible les circuits de randonn\u00e9e fran\u00e7ais. Du plus facile, au plus p\u00e9rilleux.<\/p>\n","protected":false},"excerpt":{"rendered":"<p>La France est un pays avec une grande tradition sportive. Que vous souhaitiez en savoir plus sur l&rsquo;histoire du sport en France, ou pr\u00e9parer vos prochaines vacances sportives en France, vous trouverez tout ce dont vous avez besoin sur cette page. Sports basques http:\/\/www.terreetcotebasques.com\/fr\/page\/sports-basques Gr\u00e2ce a cet article, vous saurez tout sur la pelote basque, ce sport typique, qui jouit toujours d&rsquo;une immense popularit\u00e9 aupr\u00e8s des populations du sud-ouest. L&rsquo;Equipe http:\/\/www.lequipe.fr\/ L&rsquo;\u00e9quipe est le journal sportif quotidien de r\u00e9f\u00e9rence en France. Vous y trouverez des articles, des vid\u00e9os des photos, pour assouvir votre curiosit\u00e9 pour l&rsquo;actualit\u00e9 sportive. Jeu de paume http:\/\/jdpfontainebleau.com\/history.html D\u00e9j\u00e0 pratiqu\u00e9 au Moyen-Age, ce sport est l&rsquo;anc\u00eatre des sports de raquette. Sur ce site, vous apprendrez tout sur ce sport quasi mill\u00e9naire, pratiqu\u00e9 encore aujourd&rsquo;hui par quelques passionn\u00e9s. Int\u00e9rieur sport http:\/\/www.canalplus.fr\/c-sport\/pid2708-c-interieur-sport.html?vid=1271342 Une s\u00e9rie de reportages\u00a0de la cha\u00eene canal plus, pour d\u00e9couvrir de sportifs fran\u00e7ais peu ou pas m\u00e9diatis\u00e9s, comme les \u00e9quipes de football f\u00e9minines ou l&rsquo;\u00e9quipe de France de beach-volley France V\u00e9lo Tourisme http:\/\/www.francevelotourisme.com\/ Amateurs de v\u00e9los, vous trouverez sur ce site toutes les infos, itin\u00e9raires et astuces pour pr\u00e9voir votre s\u00e9jour \u00e0 v\u00e9lo dans les plus agr\u00e9ables r\u00e9gions de France. France Randos http:\/\/www.france-randos.com\/ Vous \u00eates plut\u00f4t pi\u00e9ton ? Voil\u00e0 un site qui r\u00e9f\u00e9rence de la fa\u00e7on la plus exhaustive possible les circuits de randonn\u00e9e fran\u00e7ais. Du plus facile, au plus p\u00e9rilleux.<\/p>\n","protected":false},"author":1,"featured_media":0,"parent":0,"menu_order":0,"comment_status":"closed","ping_status":"closed","template":"","meta":{"om_disable_all_campaigns":false,"_monsterinsights_skip_tracking":false,"_monsterinsights_sitenote_active":false,"_monsterinsights_sitenote_note":"","_monsterinsights_sitenote_category":0,"_uf_show_specific_survey":0,"_uf_disable_surveys":false,"footnotes":""},"class_list":["post-1199","page","type-page","status-publish","hentry"],"aioseo_notices":[],"rttpg_featured_image_url":null,"rttpg_author":{"display_name":"Super.admin","author_link":"https:\/\/alliancefr.se\/orebro\/author\/admin2174\/"},"rttpg_comment":0,"rttpg_category":" <a href=\"https:\/\/alliancefr.se\/orebro\/\" rel=\"tag\">Fran\u00e7ais<\/a>","rttpg_excerpt":"La France est un pays avec une grande tradition sportive. Que vous souhaitiez en savoir plus sur l&rsquo;histoire du sport en France, ou pr\u00e9parer vos prochaines vacances sportives en France, vous trouverez tout ce dont vous avez besoin sur cette page. Sports basques http:\/\/www.terreetcotebasques.com\/fr\/page\/sports-basques Gr\u00e2ce a cet article, vous saurez tout sur la pelote basque,\u2026","_links":{"self":[{"href":"https:\/\/alliancefr.se\/orebro\/wp-json\/wp\/v2\/pages\/1199","targetHints":{"allow":["GET"]}}],"collection":[{"href":"https:\/\/alliancefr.se\/orebro\/wp-json\/wp\/v2\/pages"}],"about":[{"href":"https:\/\/alliancefr.se\/orebro\/wp-json\/wp\/v2\/types\/page"}],"author":[{"embeddable":true,"href":"https:\/\/alliancefr.se\/orebro\/wp-json\/wp\/v2\/users\/1"}],"replies":[{"embeddable":true,"href":"https:\/\/alliancefr.se\/orebro\/wp-json\/wp\/v2\/comments?post=1199"}],"version-history":[{"count":1,"href":"https:\/\/alliancefr.se\/orebro\/wp-json\/wp\/v2\/pages\/1199\/revisions"}],"predecessor-version":[{"id":9371,"href":"https:\/\/alliancefr.se\/orebro\/wp-json\/wp\/v2\/pages\/1199\/revisions\/9371"}],"wp:attachment":[{"href":"https:\/\/alliancefr.se\/orebro\/wp-json\/wp\/v2\/media?parent=1199"}],"curies":[{"name":"wp","href":"https:\/\/api.w.org\/{rel}","templated":true}]}}