{"id":1197,"date":"2015-05-29T16:01:34","date_gmt":"2015-05-29T14:01:34","guid":{"rendered":"http:\/\/alliancefr.se\/orebro4\/histoire\/"},"modified":"2023-09-28T15:03:26","modified_gmt":"2023-09-28T13:03:26","slug":"histoire","status":"publish","type":"page","link":"https:\/\/alliancefr.se\/orebro\/histoire\/","title":{"rendered":"Ressources : Histoire"},"content":{"rendered":"<p style=\"text-align: center\">Amateurs d&rsquo;histoire, contemporaine ou non, vous trouverez ici des ressources en fran\u00e7ais pour en apprendre plus sur les grands \u00e9v\u00e9nements historiques. Vous pourrez \u00e9galement vous informer sur ceux qui ont fait, font, o\u00f9 feront l&rsquo;histoire<\/p>\n<h3 style=\"text-align: center\">Tout est vrai (ou presque)<\/h3>\n<p style=\"text-align: center\"><a href=\"http:\/\/toutestvrai.arte.tv\/\">http:\/\/toutestvrai.arte.tv\/<\/a><\/p>\n<div style=\"height: 20px\"><\/div>\n<p style=\"text-align: center\">Cette \u00e9mission au format court, , vous pr\u00e9sentera\u00a0avec humour dans une langue accessible le destin d&rsquo;un personnage du XX\u00e8me ou du XXI\u00e8me si\u00e8cle<\/p>\n<h3 style=\"text-align: center\">La fabrique de l&rsquo;histoire<\/h3>\n<p style=\"text-align: center\"><a href=\"http:\/\/www.franceculture.fr\/emission-la-fabrique-de-l-histoire-1\">http:\/\/www.franceculture.fr\/emission-la-fabrique-de-l-histoire-1<\/a><\/p>\n<p style=\"text-align: center\">Depuis plus de 10 ans, cette \u00e9mission phare de la radio fran\u00e7aise France Culture d\u00e9crypte le lien qui nous unit avec notre pass\u00e9, gr\u00e2ce notamment \u00e0 l&rsquo;utilisation d&rsquo;archives<\/p>\n<h3 style=\"text-align: center\">H\u00e9rodote<\/h3>\n<p>&nbsp;<\/p>\n<p style=\"text-align: center\"><a href=\"http:\/\/www.herodote.net\/\">http:\/\/www.herodote.net\/<\/a><\/p>\n<div style=\"height: 20px\"><\/div>\n<p style=\"text-align: center\">H\u00e9rodote est l&rsquo;un des plus grands sites d&rsquo;histoire en langue fran\u00e7aise, il propose plus de 5000 articles en acc\u00e8s libre, qui traitent de l&rsquo;Antiquit\u00e9 \u00e0 l&rsquo;histoire contemporaine<\/p>\n<h3 style=\"text-align: center\">Napol\u00e9on Bonaparte, le jeu<\/h3>\n<p style=\"text-align: center\"><a href=\"http:\/\/education.francetv.fr\/epoque-contemporaine\/cm2\/jeu\/napoleon-bonaparte-du-consulat-a-l-empire\">http:\/\/education.francetv.fr\/epoque-contemporaine\/cm2\/jeu\/napoleon-bonaparte-du-consulat-a-l-empire<\/a><\/p>\n<p style=\"text-align: center\">Vous aimez l&rsquo;histoire et \u00eates d\u00e9butants en fran\u00e7ais ? Essayez le jeu Napol\u00e9on Bonaparte ! Sur le site vous trouverez beaucoup d&rsquo;autres modules p\u00e9dagogiques ludiques et faciles !<\/p>\n<h3 style=\"text-align: center\">M\u00e9moire de civils<\/h3>\n<div style=\"height: 30px\"><\/div>\n<p style=\"text-align: center\"><a href=\"http:\/\/memoiresdecivils.com\/\">http:\/\/memoiresdecivils.com\/<\/a><\/p>\n<div style=\"height: 40px\"><\/div>\n<p style=\"text-align: center\">L&rsquo;histoire par la vid\u00e9o est une association \u00e9tudiante qui produit des web-documentaires historiques. M\u00e9moires de civils retrace la seconde guerre mondiale au travers de t\u00e9moignages.<\/p>\n<h3 style=\"text-align: center\">Jeux Historiques<\/h3>\n<div style=\"height: 30px\"><\/div>\n<p style=\"text-align: center\"><a href=\"http:\/\/www.jeux-historiques.com\/#\">http:\/\/www.jeux-historiques.com\/#<\/a><\/p>\n<div style=\"height: 40px\"><\/div>\n<p style=\"text-align: center\">Des jeux flash sur l&rsquo;histoire de France ! Les grands personnages, les grands \u00e9v\u00e9nements, toutes les dates et la ressource pour les apprendre de fa\u00e7on ludique !<\/p>\n","protected":false},"excerpt":{"rendered":"<p>Amateurs d&rsquo;histoire, contemporaine ou non, vous trouverez ici des ressources en fran\u00e7ais pour en apprendre plus sur les grands \u00e9v\u00e9nements historiques. Vous pourrez \u00e9galement vous informer sur ceux qui ont fait, font, o\u00f9 feront l&rsquo;histoire Tout est vrai (ou presque) http:\/\/toutestvrai.arte.tv\/ Cette \u00e9mission au format court, , vous pr\u00e9sentera\u00a0avec humour dans une langue accessible le destin d&rsquo;un personnage du XX\u00e8me ou du XXI\u00e8me si\u00e8cle La fabrique de l&rsquo;histoire http:\/\/www.franceculture.fr\/emission-la-fabrique-de-l-histoire-1 Depuis plus de 10 ans, cette \u00e9mission phare de la radio fran\u00e7aise France Culture d\u00e9crypte le lien qui nous unit avec notre pass\u00e9, gr\u00e2ce notamment \u00e0 l&rsquo;utilisation d&rsquo;archives H\u00e9rodote &nbsp; http:\/\/www.herodote.net\/ H\u00e9rodote est l&rsquo;un des plus grands sites d&rsquo;histoire en langue fran\u00e7aise, il propose plus de 5000 articles en acc\u00e8s libre, qui traitent de l&rsquo;Antiquit\u00e9 \u00e0 l&rsquo;histoire contemporaine Napol\u00e9on Bonaparte, le jeu http:\/\/education.francetv.fr\/epoque-contemporaine\/cm2\/jeu\/napoleon-bonaparte-du-consulat-a-l-empire Vous aimez l&rsquo;histoire et \u00eates d\u00e9butants en fran\u00e7ais ? Essayez le jeu Napol\u00e9on Bonaparte ! Sur le site vous trouverez beaucoup d&rsquo;autres modules p\u00e9dagogiques ludiques et faciles ! M\u00e9moire de civils http:\/\/memoiresdecivils.com\/ L&rsquo;histoire par la vid\u00e9o est une association \u00e9tudiante qui produit des web-documentaires historiques. M\u00e9moires de civils retrace la seconde guerre mondiale au travers de t\u00e9moignages. Jeux Historiques http:\/\/www.jeux-historiques.com\/# Des jeux flash sur l&rsquo;histoire de France ! Les grands personnages, les grands \u00e9v\u00e9nements, toutes les dates et la ressource pour les apprendre de fa\u00e7on ludique !<\/p>\n","protected":false},"author":1,"featured_media":0,"parent":0,"menu_order":0,"comment_status":"closed","ping_status":"closed","template":"","meta":{"om_disable_all_campaigns":false,"_monsterinsights_skip_tracking":false,"_monsterinsights_sitenote_active":false,"_monsterinsights_sitenote_note":"","_monsterinsights_sitenote_category":0,"_uf_show_specific_survey":0,"_uf_disable_surveys":false,"footnotes":""},"class_list":["post-1197","page","type-page","status-publish","hentry"],"aioseo_notices":[],"rttpg_featured_image_url":null,"rttpg_author":{"display_name":"Super.admin","author_link":"https:\/\/alliancefr.se\/orebro\/author\/admin2174\/"},"rttpg_comment":0,"rttpg_category":" <a href=\"https:\/\/alliancefr.se\/orebro\/\" rel=\"tag\">Fran\u00e7ais<\/a>","rttpg_excerpt":"Amateurs d&rsquo;histoire, contemporaine ou non, vous trouverez ici des ressources en fran\u00e7ais pour en apprendre plus sur les grands \u00e9v\u00e9nements historiques. Vous pourrez \u00e9galement vous informer sur ceux qui ont fait, font, o\u00f9 feront l&rsquo;histoire Tout est vrai (ou presque) http:\/\/toutestvrai.arte.tv\/ Cette \u00e9mission au format court, , vous pr\u00e9sentera\u00a0avec humour dans une langue accessible le\u2026","_links":{"self":[{"href":"https:\/\/alliancefr.se\/orebro\/wp-json\/wp\/v2\/pages\/1197","targetHints":{"allow":["GET"]}}],"collection":[{"href":"https:\/\/alliancefr.se\/orebro\/wp-json\/wp\/v2\/pages"}],"about":[{"href":"https:\/\/alliancefr.se\/orebro\/wp-json\/wp\/v2\/types\/page"}],"author":[{"embeddable":true,"href":"https:\/\/alliancefr.se\/orebro\/wp-json\/wp\/v2\/users\/1"}],"replies":[{"embeddable":true,"href":"https:\/\/alliancefr.se\/orebro\/wp-json\/wp\/v2\/comments?post=1197"}],"version-history":[{"count":1,"href":"https:\/\/alliancefr.se\/orebro\/wp-json\/wp\/v2\/pages\/1197\/revisions"}],"predecessor-version":[{"id":9345,"href":"https:\/\/alliancefr.se\/orebro\/wp-json\/wp\/v2\/pages\/1197\/revisions\/9345"}],"wp:attachment":[{"href":"https:\/\/alliancefr.se\/orebro\/wp-json\/wp\/v2\/media?parent=1197"}],"curies":[{"name":"wp","href":"https:\/\/api.w.org\/{rel}","templated":true}]}}