{"id":1195,"date":"2015-05-29T16:01:14","date_gmt":"2015-05-29T14:01:14","guid":{"rendered":"http:\/\/alliancefr.se\/orebro4\/presse\/"},"modified":"2023-09-28T15:11:19","modified_gmt":"2023-09-28T13:11:19","slug":"presse","status":"publish","type":"page","link":"https:\/\/alliancefr.se\/orebro\/presse\/","title":{"rendered":"Ressources :Presse"},"content":{"rendered":"<p style=\"text-align: center\">Vous voulez suivre l&rsquo;actualit\u00e9 en France et dans les pays francophones ? Vous vous int\u00e9ressez \u00e0 la fa\u00e7on dont ces pays traitent les sujets d&rsquo;actualit\u00e9 ? Dans cette rubrique, vous trouverez tout ce que vous cherchez !<\/p>\n<h3 style=\"text-align: center\">Le Monde<\/h3>\n<p style=\"text-align: center\"><a href=\"http:\/\/www.lemonde.fr\/\">http:\/\/www.lemonde.fr\/<\/a><\/p>\n<p style=\"text-align: center\">Fond\u00e9 en 1944, ce quotidien qui revendique un traitement non-partisan de l&rsquo;information, est le quotidien de r\u00e9f\u00e9rence en France, et une partie de son contenu est accessible librement<\/p>\n<h3 style=\"text-align: center\">Courrier International<\/h3>\n<p style=\"text-align: center\"><a href=\"http:\/\/www.courrierinternational.com\/\">www.courrierinternational.com<\/a><\/p>\n<p style=\"text-align: center\">Courrier International est un hebdomadaire dont la vocation n&rsquo;est pas d&rsquo;\u00e9crire ses propres articles mais de traduire fid\u00e8lement des articles \u00e9trangers pour rendre compte de points de vue locaux sur un fait d&rsquo;actualit\u00e9.<\/p>\n<h3 style=\"text-align: center\">Les Guignols de l&rsquo;info<\/h3>\n<p style=\"text-align: center\"><a href=\"http:\/\/www.canalplus.fr\/c-humour\/pid1784-c-les-guignols.html\">http:\/\/www.canalplus.fr\/c-humour\/pid1784-c-les-guignols.html<\/a><\/p>\n<p style=\"text-align: center\">Depuis plus de vingt ans, ils parodient chaque soir les actualit\u00e9s de la journ\u00e9e avec des marionnettes. Ils sont cultes en France, et on leur pr\u00eate m\u00eame le pouvoir d&rsquo;influer sur les r\u00e9sultats d&rsquo;\u00e9lections !<\/p>\n<h3 style=\"text-align: center\">Sur la carte du monde<\/h3>\n<p style=\"text-align: center\"><a href=\"http:\/\/www.franceinfo.fr\/emission\/sur-la-carte-du-monde\">http:\/\/www.franceinfo.fr\/emission\/sur-la-carte-du-monde<\/a><\/p>\n<p style=\"text-align: center\">Sur la radio France Info, cette \u00e9mission fait d\u00e9couvrir aux auditeurs un territoire, en France ou dans le monde qui fait l&rsquo;actualit\u00e9. Ces infos sont claires, et accessibles sans avoir une ma\u00eetrise parfaite du fran\u00e7ais.<\/p>\n<h3 style=\"text-align: center\">Afrique Presse<\/h3>\n<p>&nbsp;<\/p>\n<p style=\"text-align: center\"><a href=\"http:\/\/www.tv5monde.com\/cms\/chaine-francophone\/Revoir-nos-emissions\/Afrique-Presse\/p-18051-accueil.htm\">http:\/\/www.tv5monde.com\/Afrique-Presse<\/a><\/p>\n<p style=\"text-align: center\">Chaque semaine sur TV5 Monde, des journalistes de la presse africaine et internationale d\u00e9battent des sujets forts de l&rsquo;actualit\u00e9 du continent.<\/p>\n<h3 style=\"text-align: center\">Le Gorafi<\/h3>\n<p>&nbsp;<\/p>\n<p style=\"text-align: center\"><a href=\"http:\/\/www.legorafi.fr\/\">http:\/\/www.legorafi.fr\/<\/a><\/p>\n<p style=\"text-align: center\">Le Gorafi est un v\u00e9ritable ph\u00e9nom\u00e8ne en France. Chaque jour il publie des articles parodiques&#8230; compl\u00e8tement faux ! Cependant, le style journalistique est si bien imit\u00e9 qu&rsquo;on y croirait presque !<\/p>\n","protected":false},"excerpt":{"rendered":"<p>Vous voulez suivre l&rsquo;actualit\u00e9 en France et dans les pays francophones ? Vous vous int\u00e9ressez \u00e0 la fa\u00e7on dont ces pays traitent les sujets d&rsquo;actualit\u00e9 ? Dans cette rubrique, vous trouverez tout ce que vous cherchez ! Le Monde http:\/\/www.lemonde.fr\/ Fond\u00e9 en 1944, ce quotidien qui revendique un traitement non-partisan de l&rsquo;information, est le quotidien de r\u00e9f\u00e9rence en France, et une partie de son contenu est accessible librement Courrier International www.courrierinternational.com Courrier International est un hebdomadaire dont la vocation n&rsquo;est pas d&rsquo;\u00e9crire ses propres articles mais de traduire fid\u00e8lement des articles \u00e9trangers pour rendre compte de points de vue locaux sur un fait d&rsquo;actualit\u00e9. Les Guignols de l&rsquo;info http:\/\/www.canalplus.fr\/c-humour\/pid1784-c-les-guignols.html Depuis plus de vingt ans, ils parodient chaque soir les actualit\u00e9s de la journ\u00e9e avec des marionnettes. Ils sont cultes en France, et on leur pr\u00eate m\u00eame le pouvoir d&rsquo;influer sur les r\u00e9sultats d&rsquo;\u00e9lections ! Sur la carte du monde http:\/\/www.franceinfo.fr\/emission\/sur-la-carte-du-monde Sur la radio France Info, cette \u00e9mission fait d\u00e9couvrir aux auditeurs un territoire, en France ou dans le monde qui fait l&rsquo;actualit\u00e9. Ces infos sont claires, et accessibles sans avoir une ma\u00eetrise parfaite du fran\u00e7ais. Afrique Presse &nbsp; http:\/\/www.tv5monde.com\/Afrique-Presse Chaque semaine sur TV5 Monde, des journalistes de la presse africaine et internationale d\u00e9battent des sujets forts de l&rsquo;actualit\u00e9 du continent. Le Gorafi &nbsp; http:\/\/www.legorafi.fr\/ Le Gorafi est un v\u00e9ritable ph\u00e9nom\u00e8ne en France. Chaque jour il publie des articles parodiques&#8230; compl\u00e8tement faux ! Cependant, le style journalistique est si bien imit\u00e9 qu&rsquo;on y croirait presque !<\/p>\n","protected":false},"author":1,"featured_media":0,"parent":0,"menu_order":0,"comment_status":"closed","ping_status":"closed","template":"","meta":{"om_disable_all_campaigns":false,"_monsterinsights_skip_tracking":false,"_monsterinsights_sitenote_active":false,"_monsterinsights_sitenote_note":"","_monsterinsights_sitenote_category":0,"_uf_show_specific_survey":0,"_uf_disable_surveys":false,"footnotes":""},"class_list":["post-1195","page","type-page","status-publish","hentry"],"aioseo_notices":[],"rttpg_featured_image_url":null,"rttpg_author":{"display_name":"Super.admin","author_link":"https:\/\/alliancefr.se\/orebro\/author\/admin2174\/"},"rttpg_comment":0,"rttpg_category":" <a href=\"https:\/\/alliancefr.se\/orebro\/\" rel=\"tag\">Fran\u00e7ais<\/a>","rttpg_excerpt":"Vous voulez suivre l&rsquo;actualit\u00e9 en France et dans les pays francophones ? Vous vous int\u00e9ressez \u00e0 la fa\u00e7on dont ces pays traitent les sujets d&rsquo;actualit\u00e9 ? Dans cette rubrique, vous trouverez tout ce que vous cherchez ! Le Monde http:\/\/www.lemonde.fr\/ Fond\u00e9 en 1944, ce quotidien qui revendique un traitement non-partisan de l&rsquo;information, est le quotidien\u2026","_links":{"self":[{"href":"https:\/\/alliancefr.se\/orebro\/wp-json\/wp\/v2\/pages\/1195","targetHints":{"allow":["GET"]}}],"collection":[{"href":"https:\/\/alliancefr.se\/orebro\/wp-json\/wp\/v2\/pages"}],"about":[{"href":"https:\/\/alliancefr.se\/orebro\/wp-json\/wp\/v2\/types\/page"}],"author":[{"embeddable":true,"href":"https:\/\/alliancefr.se\/orebro\/wp-json\/wp\/v2\/users\/1"}],"replies":[{"embeddable":true,"href":"https:\/\/alliancefr.se\/orebro\/wp-json\/wp\/v2\/comments?post=1195"}],"version-history":[{"count":1,"href":"https:\/\/alliancefr.se\/orebro\/wp-json\/wp\/v2\/pages\/1195\/revisions"}],"predecessor-version":[{"id":9362,"href":"https:\/\/alliancefr.se\/orebro\/wp-json\/wp\/v2\/pages\/1195\/revisions\/9362"}],"wp:attachment":[{"href":"https:\/\/alliancefr.se\/orebro\/wp-json\/wp\/v2\/media?parent=1195"}],"curies":[{"name":"wp","href":"https:\/\/api.w.org\/{rel}","templated":true}]}}