{"id":1192,"date":"2015-05-29T15:46:58","date_gmt":"2015-05-29T13:46:58","guid":{"rendered":"http:\/\/alliancefr.se\/orebro4\/patrimoinetourisme\/"},"modified":"2023-09-28T15:10:48","modified_gmt":"2023-09-28T13:10:48","slug":"patrimoinetourisme","status":"publish","type":"page","link":"https:\/\/alliancefr.se\/orebro\/patrimoinetourisme\/","title":{"rendered":"Ressources : Patrimoine\/tourisme"},"content":{"rendered":"<p style=\"text-align: center\">Vous allez, ou voulez allez dans un pays francophone ? L&rsquo;Alliance fran\u00e7aise d&rsquo;\u00d6rebro vous a s\u00e9lectionn\u00e9 des sites parfaits pour vous aider \u00e0 choisir entre tous les tr\u00e9sors du patrimoine des pays francophones !<\/p>\n<h3 style=\"text-align: center\">Un jour de plus \u00e0 Paris<\/h3>\n<p style=\"text-align: center\"><a href=\"http:\/\/www.unjourdeplusaparis.com\/\">http:\/\/www.unjourdeplusaparis.com\/<\/a><\/p>\n<p style=\"text-align: center\">Un jour de plus \u00e0 Paris propose, gr\u00e2ce \u00e0 des suggestions d&rsquo;itin\u00e9raires dans la capitale fran\u00e7aise, de d\u00e9couvrir cette ville sous un nouveau jour, loin des foules. C&rsquo;est une mine d&rsquo;informations.<\/p>\n<h3 style=\"text-align: center\">Op\u00e9ra national de Paris<\/h3>\n<p style=\"text-align: center\"><a href=\"https:\/\/www.google.com\/culturalinstitute\/collection\/op%C3%A9ra-national-de-paris?hl=fr&amp;projectId=art-project\">https:\/\/www.google.com\/culturalinstitute\/collection\/opera-de-paris<\/a><\/p>\n<p style=\"text-align: center\">Gr\u00e2ce au Google Art Project, visitez depuis votre ordinateur l&rsquo;un des plus beaux b\u00e2timents parisiens. Des expositions interactives et un acc\u00e8s aux \u00e9l\u00e9ments de d\u00e9cor en haute r\u00e9solution sont propos\u00e9s<\/p>\n<h3 style=\"text-align: center\">Qu\u00e9bec Original<\/h3>\n<p>&nbsp;<\/p>\n<p style=\"text-align: center\"><a href=\"https:\/\/www.quebecoriginal.com\/\">https:\/\/www.quebecoriginal.com\/<\/a><\/p>\n<p style=\"text-align: center\">Ce site, de tr\u00e8s bonne qualit\u00e9, permet de d\u00e9couvrir toutes les richesses de cette partie francophone du Canada, dynamique, vivante et accueillante. Des paysages \u00e0 vous couper le souffle vous attendent.<\/p>\n<h3 style=\"text-align: center\">365.be, le guide<\/h3>\n<p>&nbsp;<\/p>\n<p style=\"text-align: center\"><a href=\"http:\/\/www.365.be\/pdf\/AT2015FR.pdf\">http:\/\/www.365.be\/pdf\/AT2015FR.pdf<\/a><\/p>\n<p style=\"text-align: center\">Et si vous visitiez la Belgique ? La Wallonie est une grande r\u00e9gion francophone et la Belgique enti\u00e8re regorge de lieux touristiques d&rsquo;int\u00e9r\u00eat. Laissez vous s\u00e9duire par l&rsquo;ambiance chaleureuse de ces villes dynamiques !<\/p>\n<h3 style=\"text-align: center\">La France en 365 jours<\/h3>\n<p style=\"text-align: center\"><a href=\"http:\/\/philippepioneer.blogs-de-voyage.fr\/\">http:\/\/philippepioneer.blogs-de-voyage.fr\/<\/a><\/p>\n<p style=\"text-align: center\">Le d\u00e9fi de ce bloggeur voyage ? Faire le tour de France ! Il donne ses pr\u00e9cieux conseils \u00e0 chacune de ses escales, et fait partager aux lecteurs ses rencontres avec des passionn\u00e9s de leurs r\u00e9gions.<\/p>\n<h3 style=\"text-align: center\">Ch\u00e2teau de Versailles<\/h3>\n<p>&nbsp;<\/p>\n<p style=\"text-align: center\"><a href=\"http:\/\/ressources.chateauversailles.fr\/\">http:\/\/ressources.chateauversailles.fr<\/a><\/p>\n<p style=\"text-align: center\">Une grande biblioth\u00e8que de documents et de ressources p\u00e9dagogiques \u00a0pour pr\u00e9parer votre visite au ch\u00e2teau de Versailles, notamment avec des enfants !<\/p>\n","protected":false},"excerpt":{"rendered":"<p>Vous allez, ou voulez allez dans un pays francophone ? L&rsquo;Alliance fran\u00e7aise d&rsquo;\u00d6rebro vous a s\u00e9lectionn\u00e9 des sites parfaits pour vous aider \u00e0 choisir entre tous les tr\u00e9sors du patrimoine des pays francophones ! Un jour de plus \u00e0 Paris http:\/\/www.unjourdeplusaparis.com\/ Un jour de plus \u00e0 Paris propose, gr\u00e2ce \u00e0 des suggestions d&rsquo;itin\u00e9raires dans la capitale fran\u00e7aise, de d\u00e9couvrir cette ville sous un nouveau jour, loin des foules. C&rsquo;est une mine d&rsquo;informations. Op\u00e9ra national de Paris https:\/\/www.google.com\/culturalinstitute\/collection\/opera-de-paris Gr\u00e2ce au Google Art Project, visitez depuis votre ordinateur l&rsquo;un des plus beaux b\u00e2timents parisiens. Des expositions interactives et un acc\u00e8s aux \u00e9l\u00e9ments de d\u00e9cor en haute r\u00e9solution sont propos\u00e9s Qu\u00e9bec Original &nbsp; https:\/\/www.quebecoriginal.com\/ Ce site, de tr\u00e8s bonne qualit\u00e9, permet de d\u00e9couvrir toutes les richesses de cette partie francophone du Canada, dynamique, vivante et accueillante. Des paysages \u00e0 vous couper le souffle vous attendent. 365.be, le guide &nbsp; http:\/\/www.365.be\/pdf\/AT2015FR.pdf Et si vous visitiez la Belgique ? La Wallonie est une grande r\u00e9gion francophone et la Belgique enti\u00e8re regorge de lieux touristiques d&rsquo;int\u00e9r\u00eat. Laissez vous s\u00e9duire par l&rsquo;ambiance chaleureuse de ces villes dynamiques ! La France en 365 jours http:\/\/philippepioneer.blogs-de-voyage.fr\/ Le d\u00e9fi de ce bloggeur voyage ? Faire le tour de France ! Il donne ses pr\u00e9cieux conseils \u00e0 chacune de ses escales, et fait partager aux lecteurs ses rencontres avec des passionn\u00e9s de leurs r\u00e9gions. Ch\u00e2teau de Versailles &nbsp; http:\/\/ressources.chateauversailles.fr Une grande biblioth\u00e8que de documents et de ressources p\u00e9dagogiques \u00a0pour pr\u00e9parer votre visite au ch\u00e2teau de Versailles, notamment avec des enfants !<\/p>\n","protected":false},"author":1,"featured_media":0,"parent":0,"menu_order":0,"comment_status":"closed","ping_status":"closed","template":"","meta":{"om_disable_all_campaigns":false,"_monsterinsights_skip_tracking":false,"_monsterinsights_sitenote_active":false,"_monsterinsights_sitenote_note":"","_monsterinsights_sitenote_category":0,"_uf_show_specific_survey":0,"_uf_disable_surveys":false,"footnotes":""},"class_list":["post-1192","page","type-page","status-publish","hentry"],"aioseo_notices":[],"rttpg_featured_image_url":null,"rttpg_author":{"display_name":"Super.admin","author_link":"https:\/\/alliancefr.se\/orebro\/author\/admin2174\/"},"rttpg_comment":0,"rttpg_category":" <a href=\"https:\/\/alliancefr.se\/orebro\/\" rel=\"tag\">Fran\u00e7ais<\/a>","rttpg_excerpt":"Vous allez, ou voulez allez dans un pays francophone ? L&rsquo;Alliance fran\u00e7aise d&rsquo;\u00d6rebro vous a s\u00e9lectionn\u00e9 des sites parfaits pour vous aider \u00e0 choisir entre tous les tr\u00e9sors du patrimoine des pays francophones ! Un jour de plus \u00e0 Paris http:\/\/www.unjourdeplusaparis.com\/ Un jour de plus \u00e0 Paris propose, gr\u00e2ce \u00e0 des suggestions d&rsquo;itin\u00e9raires dans la\u2026","_links":{"self":[{"href":"https:\/\/alliancefr.se\/orebro\/wp-json\/wp\/v2\/pages\/1192","targetHints":{"allow":["GET"]}}],"collection":[{"href":"https:\/\/alliancefr.se\/orebro\/wp-json\/wp\/v2\/pages"}],"about":[{"href":"https:\/\/alliancefr.se\/orebro\/wp-json\/wp\/v2\/types\/page"}],"author":[{"embeddable":true,"href":"https:\/\/alliancefr.se\/orebro\/wp-json\/wp\/v2\/users\/1"}],"replies":[{"embeddable":true,"href":"https:\/\/alliancefr.se\/orebro\/wp-json\/wp\/v2\/comments?post=1192"}],"version-history":[{"count":1,"href":"https:\/\/alliancefr.se\/orebro\/wp-json\/wp\/v2\/pages\/1192\/revisions"}],"predecessor-version":[{"id":9360,"href":"https:\/\/alliancefr.se\/orebro\/wp-json\/wp\/v2\/pages\/1192\/revisions\/9360"}],"wp:attachment":[{"href":"https:\/\/alliancefr.se\/orebro\/wp-json\/wp\/v2\/media?parent=1192"}],"curies":[{"name":"wp","href":"https:\/\/api.w.org\/{rel}","templated":true}]}}