{"id":119,"date":"2015-04-22T11:06:26","date_gmt":"2015-04-22T10:06:26","guid":{"rendered":"http:\/\/alliancefr.se\/orebro4\/natverket\/"},"modified":"2025-04-18T14:38:12","modified_gmt":"2025-04-18T12:38:12","slug":"natverket","status":"publish","type":"page","link":"https:\/\/alliancefr.se\/orebro\/sv\/natverket\/","title":{"rendered":"N\u00e4tverket"},"content":{"rendered":"\t\t<div data-elementor-type=\"wp-post\" data-elementor-id=\"119\" class=\"elementor elementor-119\">\n\t\t\t\t\t\t<section class=\"elementor-section elementor-top-section elementor-element elementor-element-951da5f elementor-section-boxed elementor-section-height-default elementor-section-height-default\" data-id=\"951da5f\" data-element_type=\"section\">\n\t\t\t\t\t\t<div class=\"elementor-container elementor-column-gap-default\">\n\t\t\t\t\t<div class=\"elementor-column elementor-col-100 elementor-top-column elementor-element elementor-element-dba3f10\" data-id=\"dba3f10\" data-element_type=\"column\">\n\t\t\t<div class=\"elementor-widget-wrap\">\n\t\t\t\t\t\t\t<\/div>\n\t\t<\/div>\n\t\t\t\t\t<\/div>\n\t\t<\/section>\n\t\t\t\t<section class=\"elementor-section elementor-top-section elementor-element elementor-element-cc56ab2 elementor-section-boxed elementor-section-height-default elementor-section-height-default\" data-id=\"cc56ab2\" data-element_type=\"section\">\n\t\t\t\t\t\t<div class=\"elementor-container elementor-column-gap-default\">\n\t\t\t\t\t<div class=\"elementor-column elementor-col-100 elementor-top-column elementor-element elementor-element-1c54270\" data-id=\"1c54270\" data-element_type=\"column\">\n\t\t\t<div class=\"elementor-widget-wrap elementor-element-populated\">\n\t\t\t\t\t\t<div class=\"elementor-element elementor-element-9608bba elementor-widget elementor-widget-html\" data-id=\"9608bba\" data-element_type=\"widget\" data-widget_type=\"html.default\">\n\t\t\t\t<div class=\"elementor-widget-container\">\n\t\t\t\t\t<iframe src=\"https:\/\/www.google.com\/maps\/d\/u\/0\/embed?mid=1-Yn-iFEIDAYmm-9Ljx97FtBfG59mbLk&ehbc=2E312F&noprof=1\" width=\"640\" height=\"480\"><\/iframe>\t\t\t\t<\/div>\n\t\t\t\t<\/div>\n\t\t\t\t\t<\/div>\n\t\t<\/div>\n\t\t\t\t\t<\/div>\n\t\t<\/section>\n\t\t\t\t<section class=\"elementor-section elementor-top-section elementor-element elementor-element-34286da1 elementor-section-boxed elementor-section-height-default elementor-section-height-default\" data-id=\"34286da1\" data-element_type=\"section\">\n\t\t\t\t\t\t<div class=\"elementor-container elementor-column-gap-default\">\n\t\t\t\t\t<div class=\"elementor-column elementor-col-100 elementor-top-column elementor-element elementor-element-7e0b24\" data-id=\"7e0b24\" data-element_type=\"column\">\n\t\t\t<div class=\"elementor-widget-wrap elementor-element-populated\">\n\t\t\t\t\t\t<div class=\"elementor-element elementor-element-f1eacb1 elementor-widget elementor-widget-text-editor\" data-id=\"f1eacb1\" data-element_type=\"widget\" data-widget_type=\"text-editor.default\">\n\t\t\t\t<div class=\"elementor-widget-container\">\n\t\t\t\t\t\t\t\t\t<h3><strong>N\u00e4tverket av Alliance Fran\u00e7aise i Sverige<\/strong><\/h3><p>I Sverige grundades den f\u00f6rsta Alliance Fran\u00e7aise i Stockholm \u00e5r 1889, och f\u00f6ljdes snart av f\u00f6reningarna i Uppsala och G\u00f6teborg. Alliance Fran\u00e7aise i \u00d6rebro grundades \u00e5r 1935 och firade sitt 80-\u00e5rsjubileum 2015. Idag best\u00e5r n\u00e4tverket Alliance Fran\u00e7aise i Sverige av 17 f\u00f6reningar, som tillh\u00f6r den globala r\u00f6relsen Alliance Fran\u00e7aise med ett s\u00e4rskilt uppdrag att fr\u00e4mja frankofonin. P\u00e5 grund av den starka traditionen i Sverige av folkbildningsorganisationer s\u00e5som Medborgarskolan och Folkh\u00f6gskolan, erbjuder de svenska Alliance Fran\u00e7aise-f\u00f6reningarna inga franskkurser. <strong>D\u00e4remot organiserar de m\u00e5nga evenemang och f\u00f6rel\u00e4sningar p\u00e5 b\u00e5de franska och svenska kring frankofona kulturer.<\/strong> Som en del av samarbetet mellan Sveriges Alliance Fran\u00e7aise-f\u00f6reningar h\u00e5lls ett \u00e5rligt nationellt m\u00f6te i en av n\u00e4tverkets st\u00e4der.<\/p><p><!--\/pixgridder:column[col=1]--><!--\/pixgridder:row[cols=1]--><\/p>\t\t\t\t\t\t\t\t<\/div>\n\t\t\t\t<\/div>\n\t\t\t\t\t<\/div>\n\t\t<\/div>\n\t\t\t\t\t<\/div>\n\t\t<\/section>\n\t\t\t\t<section class=\"elementor-section elementor-top-section elementor-element elementor-element-11165c15 elementor-section-boxed elementor-section-height-default elementor-section-height-default\" data-id=\"11165c15\" data-element_type=\"section\">\n\t\t\t\t\t\t<div class=\"elementor-container elementor-column-gap-default\">\n\t\t\t\t\t<div class=\"elementor-column elementor-col-100 elementor-top-column elementor-element elementor-element-c6d6f8d\" data-id=\"c6d6f8d\" data-element_type=\"column\">\n\t\t\t<div class=\"elementor-widget-wrap elementor-element-populated\">\n\t\t\t\t\t\t<div class=\"elementor-element elementor-element-132fb37f elementor-widget elementor-widget-text-editor\" data-id=\"132fb37f\" data-element_type=\"widget\" data-widget_type=\"text-editor.default\">\n\t\t\t\t<div class=\"elementor-widget-container\">\n\t\t\t\t\t\t\t\t\t<h3><strong>Projekt som genomf\u00f6rs via n\u00e4tverket<\/strong><\/h3><p>Varje \u00e5r sker en samling f\u00f6r alla allianser I Sverige. H\u00e4r diskuteras projekt som\u00a0 anordnats och kommande, som t ex partnerutveckling\u00a0 eller att f\u00f6rel\u00e4sare cirkulerar mella olika allianser och st\u00e4der.<\/p><p>N\u00e5gra exempel p\u00e5 projekt som genomf\u00f6rts under de senaste \u00e5ren :<\/p><ul><li>Turn\u00e9 Grands Reporters<\/li><li>Franska filmfestavalen<\/li><li>T\u00e4vling I teckning<\/li><\/ul>\t\t\t\t\t\t\t\t<\/div>\n\t\t\t\t<\/div>\n\t\t\t\t\t<\/div>\n\t\t<\/div>\n\t\t\t\t\t<\/div>\n\t\t<\/section>\n\t\t\t\t<section class=\"elementor-section elementor-top-section elementor-element elementor-element-640c9d63 elementor-section-boxed elementor-section-height-default elementor-section-height-default\" data-id=\"640c9d63\" data-element_type=\"section\">\n\t\t\t\t\t\t<div class=\"elementor-container elementor-column-gap-default\">\n\t\t\t\t\t<div class=\"elementor-column elementor-col-50 elementor-top-column elementor-element elementor-element-4f19127e\" data-id=\"4f19127e\" data-element_type=\"column\">\n\t\t\t<div class=\"elementor-widget-wrap elementor-element-populated\">\n\t\t\t\t\t\t<div class=\"elementor-element elementor-element-5d8edbb7 elementor-widget elementor-widget-text-editor\" data-id=\"5d8edbb7\" data-element_type=\"widget\" data-widget_type=\"text-editor.default\">\n\t\t\t\t<div class=\"elementor-widget-container\">\n\t\t\t\t\t\t\t\t\t<p><strong><em>Turn\u00e9n Grands Reporters<\/em><\/strong><\/p><p>Varje \u00e5r anordnas, p\u00e5 initiativ av hela n\u00e4tverket av Alliance Fran\u00e7aise i Sverige och dess partner (Fondation Alliance Fran\u00e7aise, Paris stad, Prix Albert Londres och Franska institutet i Sverige), <strong>en turn\u00e9 med framst\u00e5ende journalister i flera svenska st\u00e4der. Turn\u00e9n samordnas av Alliance Fran\u00e7aise i \u00d6rebro. <\/strong>Tidigare medverkande journalister: C\u00e9cile Allegra, Meron Estefanos, Jean-Paul Mari, Tito, Olivier Weber med flera.<\/p>\t\t\t\t\t\t\t\t<\/div>\n\t\t\t\t<\/div>\n\t\t\t\t\t<\/div>\n\t\t<\/div>\n\t\t\t\t<div class=\"elementor-column elementor-col-50 elementor-top-column elementor-element elementor-element-21a15363\" data-id=\"21a15363\" data-element_type=\"column\">\n\t\t\t<div class=\"elementor-widget-wrap elementor-element-populated\">\n\t\t\t\t\t\t<div class=\"elementor-element elementor-element-4c1e924d elementor-widget elementor-widget-image\" data-id=\"4c1e924d\" data-element_type=\"widget\" data-widget_type=\"image.default\">\n\t\t\t\t<div class=\"elementor-widget-container\">\n\t\t\t\t\t\t\t\t\t\t\t\t\t\t\t<img fetchpriority=\"high\" decoding=\"async\" width=\"960\" height=\"361\" src=\"https:\/\/alliancefr.se\/orebro\/wp-content\/uploads\/sites\/5\/2019\/08\/granddzqdqz-1.png\" class=\"attachment-large size-large wp-image-6215\" alt=\"\" \/>\t\t\t\t\t\t\t\t\t\t\t\t\t\t\t<\/div>\n\t\t\t\t<\/div>\n\t\t\t\t\t<\/div>\n\t\t<\/div>\n\t\t\t\t\t<\/div>\n\t\t<\/section>\n\t\t\t\t<section class=\"elementor-section elementor-top-section elementor-element elementor-element-7c809382 elementor-section-boxed elementor-section-height-default elementor-section-height-default\" data-id=\"7c809382\" data-element_type=\"section\">\n\t\t\t\t\t\t<div class=\"elementor-container elementor-column-gap-default\">\n\t\t\t\t\t<div class=\"elementor-column elementor-col-50 elementor-top-column elementor-element elementor-element-79092f7f\" data-id=\"79092f7f\" data-element_type=\"column\">\n\t\t\t<div class=\"elementor-widget-wrap elementor-element-populated\">\n\t\t\t\t\t\t<div class=\"elementor-element elementor-element-78816bf9 elementor-widget elementor-widget-image\" data-id=\"78816bf9\" data-element_type=\"widget\" data-widget_type=\"image.default\">\n\t\t\t\t<div class=\"elementor-widget-container\">\n\t\t\t\t\t\t\t\t\t\t\t\t\t\t\t<img decoding=\"async\" width=\"919\" height=\"700\" src=\"https:\/\/alliancefr.se\/orebro\/wp-content\/uploads\/sites\/5\/2023\/09\/film.png\" class=\"attachment-large size-large wp-image-9504\" alt=\"\" \/>\t\t\t\t\t\t\t\t\t\t\t\t\t\t\t<\/div>\n\t\t\t\t<\/div>\n\t\t\t\t\t<\/div>\n\t\t<\/div>\n\t\t\t\t<div class=\"elementor-column elementor-col-50 elementor-top-column elementor-element elementor-element-263eb6b0\" data-id=\"263eb6b0\" data-element_type=\"column\">\n\t\t\t<div class=\"elementor-widget-wrap elementor-element-populated\">\n\t\t\t\t\t\t<div class=\"elementor-element elementor-element-42d626bc elementor-widget elementor-widget-text-editor\" data-id=\"42d626bc\" data-element_type=\"widget\" data-widget_type=\"text-editor.default\">\n\t\t\t\t<div class=\"elementor-widget-container\">\n\t\t\t\t\t\t\t\t\t<p><em><strong>Franska Filmfestivalen<\/strong><\/em><\/p><p>Sedan tre \u00e5r tillbaka anordnar Alliancerna en fransk filmfestival i samarbete med lokala biografer och ofta \u00e4ven med Franska Filmfestivalen i Stockholm. B\u00e5de klassiska och samtida frankofona filmer lyfts fram i varje stad under mars m\u00e5nad \u2013 Frankofonim\u00e5naden.<\/p>\t\t\t\t\t\t\t\t<\/div>\n\t\t\t\t<\/div>\n\t\t\t\t\t<\/div>\n\t\t<\/div>\n\t\t\t\t\t<\/div>\n\t\t<\/section>\n\t\t\t\t<section class=\"elementor-section elementor-top-section elementor-element elementor-element-340c53b5 elementor-section-boxed elementor-section-height-default elementor-section-height-default\" data-id=\"340c53b5\" data-element_type=\"section\">\n\t\t\t\t\t\t<div class=\"elementor-container elementor-column-gap-default\">\n\t\t\t\t\t<div class=\"elementor-column elementor-col-50 elementor-top-column elementor-element elementor-element-4cc795d8\" data-id=\"4cc795d8\" data-element_type=\"column\">\n\t\t\t<div class=\"elementor-widget-wrap elementor-element-populated\">\n\t\t\t\t\t\t<div class=\"elementor-element elementor-element-59eeb417 elementor-widget elementor-widget-text-editor\" data-id=\"59eeb417\" data-element_type=\"widget\" data-widget_type=\"text-editor.default\">\n\t\t\t\t<div class=\"elementor-widget-container\">\n\t\t\t\t\t\t\t\t\t<p><em><strong>Teckningst\u00e4vlingen<\/strong><\/em><\/p><p>T\u00e4vlingen initierades av Alliance Fran\u00e7aise i Halmstad \u00e5r 2018 och riktar sig till h\u00f6gstadieelever. M\u00e5let \u00e4r att genomf\u00f6ra t\u00e4vlingen inom hela n\u00e4tverket av Alliance Fran\u00e7aise i Sverige fr\u00e5n och med 2019.<\/p>\t\t\t\t\t\t\t\t<\/div>\n\t\t\t\t<\/div>\n\t\t\t\t\t<\/div>\n\t\t<\/div>\n\t\t\t\t<div class=\"elementor-column elementor-col-50 elementor-top-column elementor-element elementor-element-37492ef5\" data-id=\"37492ef5\" data-element_type=\"column\">\n\t\t\t<div class=\"elementor-widget-wrap elementor-element-populated\">\n\t\t\t\t\t\t<div class=\"elementor-element elementor-element-47768e6e elementor-widget elementor-widget-image\" data-id=\"47768e6e\" data-element_type=\"widget\" data-widget_type=\"image.default\">\n\t\t\t\t<div class=\"elementor-widget-container\">\n\t\t\t\t\t\t\t\t\t\t\t\t\t\t\t<img decoding=\"async\" width=\"300\" height=\"300\" src=\"https:\/\/alliancefr.se\/orebro\/wp-content\/uploads\/sites\/5\/2018\/12\/princerond3-300x300.jpg\" class=\"attachment-medium size-medium wp-image-4063\" alt=\"\" \/>\t\t\t\t\t\t\t\t\t\t\t\t\t\t\t<\/div>\n\t\t\t\t<\/div>\n\t\t\t\t\t<\/div>\n\t\t<\/div>\n\t\t\t\t\t<\/div>\n\t\t<\/section>\n\t\t\t\t<\/div>\n\t\t","protected":false},"excerpt":{"rendered":"<p>N\u00e4tverket av Alliance Fran\u00e7aise i Sverige I Sverige grundades den f\u00f6rsta Alliance Fran\u00e7aise i Stockholm \u00e5r 1889, och f\u00f6ljdes snart av f\u00f6reningarna i Uppsala och G\u00f6teborg. Alliance Fran\u00e7aise i \u00d6rebro grundades \u00e5r 1935 och firade sitt 80-\u00e5rsjubileum 2015. Idag best\u00e5r n\u00e4tverket Alliance Fran\u00e7aise i Sverige av 17 f\u00f6reningar, som tillh\u00f6r den globala r\u00f6relsen Alliance Fran\u00e7aise med ett s\u00e4rskilt uppdrag att fr\u00e4mja frankofonin. P\u00e5 grund av den starka traditionen i Sverige av folkbildningsorganisationer s\u00e5som Medborgarskolan och Folkh\u00f6gskolan, erbjuder de svenska Alliance Fran\u00e7aise-f\u00f6reningarna inga franskkurser. D\u00e4remot organiserar de m\u00e5nga evenemang och f\u00f6rel\u00e4sningar p\u00e5 b\u00e5de franska och svenska kring frankofona kulturer. Som en del av samarbetet mellan Sveriges Alliance Fran\u00e7aise-f\u00f6reningar h\u00e5lls ett \u00e5rligt nationellt m\u00f6te i en av n\u00e4tverkets st\u00e4der. Projekt som genomf\u00f6rs via n\u00e4tverket Varje \u00e5r sker en samling f\u00f6r alla allianser I Sverige. H\u00e4r diskuteras projekt som\u00a0 anordnats och kommande, som t ex partnerutveckling\u00a0 eller att f\u00f6rel\u00e4sare cirkulerar mella olika allianser och st\u00e4der. N\u00e5gra exempel p\u00e5 projekt som genomf\u00f6rts under de senaste \u00e5ren : Turn\u00e9 Grands Reporters Franska filmfestavalen T\u00e4vling I teckning Turn\u00e9n Grands Reporters Varje \u00e5r anordnas, p\u00e5 initiativ av hela n\u00e4tverket av Alliance Fran\u00e7aise i Sverige och dess partner (Fondation Alliance Fran\u00e7aise, Paris stad, Prix Albert Londres och Franska institutet i Sverige), en turn\u00e9 med framst\u00e5ende journalister i flera svenska st\u00e4der. Turn\u00e9n samordnas av Alliance Fran\u00e7aise i \u00d6rebro. Tidigare medverkande journalister: C\u00e9cile Allegra, Meron Estefanos, Jean-Paul Mari, Tito, Olivier Weber med flera. Franska Filmfestivalen Sedan tre \u00e5r tillbaka anordnar Alliancerna en fransk filmfestival i samarbete med lokala biografer och ofta \u00e4ven med Franska Filmfestivalen i Stockholm. B\u00e5de klassiska och samtida frankofona filmer lyfts fram i varje stad under mars m\u00e5nad \u2013 Frankofonim\u00e5naden. Teckningst\u00e4vlingen T\u00e4vlingen initierades av Alliance Fran\u00e7aise i Halmstad \u00e5r 2018 och riktar sig till h\u00f6gstadieelever. M\u00e5let \u00e4r att genomf\u00f6ra t\u00e4vlingen inom hela n\u00e4tverket av Alliance Fran\u00e7aise i Sverige fr\u00e5n och med 2019.<\/p>\n","protected":false},"author":1,"featured_media":0,"parent":0,"menu_order":0,"comment_status":"closed","ping_status":"open","template":"","meta":{"om_disable_all_campaigns":false,"_monsterinsights_skip_tracking":false,"_monsterinsights_sitenote_active":false,"_monsterinsights_sitenote_note":"","_monsterinsights_sitenote_category":0,"_uf_show_specific_survey":0,"_uf_disable_surveys":false,"footnotes":""},"class_list":["post-119","page","type-page","status-publish","hentry"],"aioseo_notices":[],"rttpg_featured_image_url":null,"rttpg_author":{"display_name":"Super.admin","author_link":"https:\/\/alliancefr.se\/orebro\/author\/admin2174\/"},"rttpg_comment":0,"rttpg_category":" <a href=\"https:\/\/alliancefr.se\/orebro\/sv\/\" rel=\"tag\">Svenska<\/a>","rttpg_excerpt":"N\u00e4tverket av Alliance Fran\u00e7aise i Sverige I Sverige grundades den f\u00f6rsta Alliance Fran\u00e7aise i Stockholm \u00e5r 1889, och f\u00f6ljdes snart av f\u00f6reningarna i Uppsala och G\u00f6teborg. Alliance Fran\u00e7aise i \u00d6rebro grundades \u00e5r 1935 och firade sitt 80-\u00e5rsjubileum 2015. Idag best\u00e5r n\u00e4tverket Alliance Fran\u00e7aise i Sverige av 17 f\u00f6reningar, som tillh\u00f6r den globala r\u00f6relsen Alliance Fran\u00e7aise\u2026","_links":{"self":[{"href":"https:\/\/alliancefr.se\/orebro\/wp-json\/wp\/v2\/pages\/119","targetHints":{"allow":["GET"]}}],"collection":[{"href":"https:\/\/alliancefr.se\/orebro\/wp-json\/wp\/v2\/pages"}],"about":[{"href":"https:\/\/alliancefr.se\/orebro\/wp-json\/wp\/v2\/types\/page"}],"author":[{"embeddable":true,"href":"https:\/\/alliancefr.se\/orebro\/wp-json\/wp\/v2\/users\/1"}],"replies":[{"embeddable":true,"href":"https:\/\/alliancefr.se\/orebro\/wp-json\/wp\/v2\/comments?post=119"}],"version-history":[{"count":22,"href":"https:\/\/alliancefr.se\/orebro\/wp-json\/wp\/v2\/pages\/119\/revisions"}],"predecessor-version":[{"id":16412,"href":"https:\/\/alliancefr.se\/orebro\/wp-json\/wp\/v2\/pages\/119\/revisions\/16412"}],"wp:attachment":[{"href":"https:\/\/alliancefr.se\/orebro\/wp-json\/wp\/v2\/media?parent=119"}],"curies":[{"name":"wp","href":"https:\/\/api.w.org\/{rel}","templated":true}]}}