{"id":1187,"date":"2015-05-29T15:36:03","date_gmt":"2015-05-29T13:36:03","guid":{"rendered":"http:\/\/alliancefr.se\/orebro4\/art\/"},"modified":"2023-12-27T16:17:54","modified_gmt":"2023-12-27T15:17:54","slug":"art","status":"publish","type":"page","link":"https:\/\/alliancefr.se\/orebro\/art\/","title":{"rendered":"Ressources : art"},"content":{"rendered":"\t\t<div data-elementor-type=\"wp-page\" data-elementor-id=\"1187\" class=\"elementor elementor-1187\">\n\t\t\t\t\t\t<section class=\"elementor-section elementor-top-section elementor-element elementor-element-254095bd elementor-section-boxed elementor-section-height-default elementor-section-height-default\" data-id=\"254095bd\" data-element_type=\"section\">\n\t\t\t\t\t\t<div class=\"elementor-container elementor-column-gap-default\">\n\t\t\t\t\t<div class=\"elementor-column elementor-col-100 elementor-top-column elementor-element elementor-element-4bae2371\" data-id=\"4bae2371\" data-element_type=\"column\">\n\t\t\t<div class=\"elementor-widget-wrap elementor-element-populated\">\n\t\t\t\t\t\t<div class=\"elementor-element elementor-element-207fe456 elementor-widget elementor-widget-text-editor\" data-id=\"207fe456\" data-element_type=\"widget\" data-widget_type=\"text-editor.default\">\n\t\t\t\t<div class=\"elementor-widget-container\">\n\t\t\t\t\t\t\t\t\t<p style=\"text-align: center\">Amateurs d&rsquo;art, vous trouverez ici de la documentation authentique en fran\u00e7ais pour appr\u00e9cier les \u0153uvres d&rsquo;art de France et du monde&#8230; laissez vous guider par l&rsquo;\u00e9quipe de l&rsquo;AF\u00d6 !&nbsp;<\/p>\n<h3 style=\"text-align: center\">Le Louvre racont\u00e9 aux enfants<\/h3>\n<p style=\"text-align: center\"><a href=\"http:\/\/www.louvre.fr\/le-louvre-raconte-aux-enfants\">http:\/\/www.louvre.fr\/le-louvre-raconte-aux-enfants<\/a><\/p>\n<p style=\"text-align: center\">Des contes et des anecdotes en vid\u00e9o sur les grands chefs-d&rsquo;oeuvres expos\u00e9s dans ce mus\u00e9e mythique. Pour les petits et les grands<\/p>\n<p>&nbsp;<\/p>\n<h3 style=\"text-align: center\">Le Mus\u00e9e d&rsquo;Orsay : historique<\/h3>\n<p style=\"text-align: center\"><a href=\"https:\/\/www.google.com\/culturalinstitute\/exhibit\/de-la-gare-au-mus%C3%A9e-d-orsay-r%C3%A9nov%C3%A9\/ARK7SK5T?projectId=art-project\">https:\/\/www.google.com\/culturalinstitute\/musee-d-orsay<\/a><\/p>\n<p>Revivez gr\u00e2ce \u00e0 cette magnifique pr\u00e9sentation interactive les \u00e9tapes de la cr\u00e9ation de ce mus\u00e9e, install\u00e9 dans une ancienne gare parisienne.<\/p>\n<h3 style=\"text-align: center\">La fabrique du th\u00e9\u00e2tre<\/h3>\n<p style=\"text-align: center\"><a href=\"http:\/\/www.fabrique-du-spectacle.fr\/spectacles\">http:\/\/www.fabrique-du-spectacle.fr\/spectacles<\/a><\/p>\n<p style=\"text-align: center\">Ce projet de l&rsquo;universit\u00e9 de Rennes et du th\u00e9\u00e2tre national de Bretagne propose de nombreuses interviews de professionnels du th\u00e9\u00e2tre mais aussi des captations de grandes pi\u00e8ces, accessibles gratuitement<\/p>\n<h3 style=\"text-align: center\">L&rsquo;oeil de Links<\/h3>\n<p style=\"text-align: center\"><a href=\"http:\/\/www.canalplus.fr\/c-emissions\/c-ms-l-oeil-de-links\/pid7534-l-emission.html\">http:\/\/www.canalplus.fr\/c-emissions\/c-ms-l-oeil-de-links\/pid7534-l-emission.html<\/a><\/p>\n<p style=\"text-align: center\">Sur Canal +, l&rsquo;oeil de Links est le magazine de l&rsquo;actualit\u00e9 cr\u00e9ative du web. Ici on parle fran\u00e7ais, mais de la cr\u00e9ation du monde entier !<\/p>\n<h3 style=\"text-align: center\">Canal Educatif \u00e0 la Demande<\/h3>\n<p style=\"text-align: center\"><a href=\"http:\/\/www.canal-educatif.fr\/art.htm\">http:\/\/www.canal-educatif.fr\/art.htm<\/a><\/p>\n<p style=\"text-align: center\">\n<\/p><p style=\"text-align: center\">Vous trouverez ici des \u00e9missions destin\u00e9es au grand public, afin de d\u00e9crypter les chefs d&rsquo;oeuvre de la peinture fran\u00e7aise et mondiale.<br>\nA ne pas louper : les cl\u00e9s d&rsquo;analyse du c\u00e9l\u00e8bre <span style=\"text-decoration: underline\">La libert\u00e9 guidant le peuple<\/span> d&rsquo;Eug\u00e8ne Delacroix<\/p>\n<h3 style=\"text-align: center\">Afrik&rsquo;Art<\/h3>\n<p style=\"text-align: center\"><a href=\"http:\/\/www.tv5mondeplusafrique.com\/chaine_art_afrik_art_saison_6.html\">http:\/\/www.tv5mondeplusafrique.com\/chaine_art_afrik_art_saison_6.html<\/a><\/p>\n<p style=\"text-align: center\">\n<\/p><p style=\"text-align: center\">Sur TV5 monde, Afrik&rsquo;Art met en lumi\u00e8re les productions artistiques africaines. Peintres, dessinateurs, chor\u00e9graphes, tous participent au d\u00e9veloppement \u00e9conomique et culturel de l&rsquo;Afrique<\/p>\t\t\t\t\t\t\t\t<\/div>\n\t\t\t\t<\/div>\n\t\t\t\t\t<\/div>\n\t\t<\/div>\n\t\t\t\t\t<\/div>\n\t\t<\/section>\n\t\t\t\t<\/div>\n\t\t","protected":false},"excerpt":{"rendered":"<p>Amateurs d&rsquo;art, vous trouverez ici de la documentation authentique en fran\u00e7ais pour appr\u00e9cier les \u0153uvres d&rsquo;art de France et du monde&#8230; laissez vous guider par l&rsquo;\u00e9quipe de l&rsquo;AF\u00d6 !&nbsp; Le Louvre racont\u00e9 aux enfants http:\/\/www.louvre.fr\/le-louvre-raconte-aux-enfants Des contes et des anecdotes en vid\u00e9o sur les grands chefs-d&rsquo;oeuvres expos\u00e9s dans ce mus\u00e9e mythique. Pour les petits et les grands &nbsp; Le Mus\u00e9e d&rsquo;Orsay : historique https:\/\/www.google.com\/culturalinstitute\/musee-d-orsay Revivez gr\u00e2ce \u00e0 cette magnifique pr\u00e9sentation interactive les \u00e9tapes de la cr\u00e9ation de ce mus\u00e9e, install\u00e9 dans une ancienne gare parisienne. La fabrique du th\u00e9\u00e2tre http:\/\/www.fabrique-du-spectacle.fr\/spectacles Ce projet de l&rsquo;universit\u00e9 de Rennes et du th\u00e9\u00e2tre national de Bretagne propose de nombreuses interviews de professionnels du th\u00e9\u00e2tre mais aussi des captations de grandes pi\u00e8ces, accessibles gratuitement L&rsquo;oeil de Links http:\/\/www.canalplus.fr\/c-emissions\/c-ms-l-oeil-de-links\/pid7534-l-emission.html Sur Canal +, l&rsquo;oeil de Links est le magazine de l&rsquo;actualit\u00e9 cr\u00e9ative du web. Ici on parle fran\u00e7ais, mais de la cr\u00e9ation du monde entier ! Canal Educatif \u00e0 la Demande http:\/\/www.canal-educatif.fr\/art.htm Vous trouverez ici des \u00e9missions destin\u00e9es au grand public, afin de d\u00e9crypter les chefs d&rsquo;oeuvre de la peinture fran\u00e7aise et mondiale. A ne pas louper : les cl\u00e9s d&rsquo;analyse du c\u00e9l\u00e8bre La libert\u00e9 guidant le peuple d&rsquo;Eug\u00e8ne Delacroix Afrik&rsquo;Art http:\/\/www.tv5mondeplusafrique.com\/chaine_art_afrik_art_saison_6.html Sur TV5 monde, Afrik&rsquo;Art met en lumi\u00e8re les productions artistiques africaines. Peintres, dessinateurs, chor\u00e9graphes, tous participent au d\u00e9veloppement \u00e9conomique et culturel de l&rsquo;Afrique<\/p>\n","protected":false},"author":1,"featured_media":0,"parent":0,"menu_order":0,"comment_status":"closed","ping_status":"closed","template":"","meta":{"om_disable_all_campaigns":false,"_monsterinsights_skip_tracking":false,"_monsterinsights_sitenote_active":false,"_monsterinsights_sitenote_note":"","_monsterinsights_sitenote_category":0,"_uf_show_specific_survey":0,"_uf_disable_surveys":false,"footnotes":""},"class_list":["post-1187","page","type-page","status-publish","hentry"],"aioseo_notices":[],"rttpg_featured_image_url":null,"rttpg_author":{"display_name":"Super.admin","author_link":"https:\/\/alliancefr.se\/orebro\/author\/admin2174\/"},"rttpg_comment":0,"rttpg_category":" <a href=\"https:\/\/alliancefr.se\/orebro\/\" rel=\"tag\">Fran\u00e7ais<\/a>","rttpg_excerpt":"Amateurs d&rsquo;art, vous trouverez ici de la documentation authentique en fran\u00e7ais pour appr\u00e9cier les \u0153uvres d&rsquo;art de France et du monde&#8230; laissez vous guider par l&rsquo;\u00e9quipe de l&rsquo;AF\u00d6 !&nbsp; Le Louvre racont\u00e9 aux enfants http:\/\/www.louvre.fr\/le-louvre-raconte-aux-enfants Des contes et des anecdotes en vid\u00e9o sur les grands chefs-d&rsquo;oeuvres expos\u00e9s dans ce mus\u00e9e mythique. Pour les petits et\u2026","_links":{"self":[{"href":"https:\/\/alliancefr.se\/orebro\/wp-json\/wp\/v2\/pages\/1187","targetHints":{"allow":["GET"]}}],"collection":[{"href":"https:\/\/alliancefr.se\/orebro\/wp-json\/wp\/v2\/pages"}],"about":[{"href":"https:\/\/alliancefr.se\/orebro\/wp-json\/wp\/v2\/types\/page"}],"author":[{"embeddable":true,"href":"https:\/\/alliancefr.se\/orebro\/wp-json\/wp\/v2\/users\/1"}],"replies":[{"embeddable":true,"href":"https:\/\/alliancefr.se\/orebro\/wp-json\/wp\/v2\/comments?post=1187"}],"version-history":[{"count":5,"href":"https:\/\/alliancefr.se\/orebro\/wp-json\/wp\/v2\/pages\/1187\/revisions"}],"predecessor-version":[{"id":10550,"href":"https:\/\/alliancefr.se\/orebro\/wp-json\/wp\/v2\/pages\/1187\/revisions\/10550"}],"wp:attachment":[{"href":"https:\/\/alliancefr.se\/orebro\/wp-json\/wp\/v2\/media?parent=1187"}],"curies":[{"name":"wp","href":"https:\/\/api.w.org\/{rel}","templated":true}]}}