{"id":11482,"date":"2024-04-08T10:36:07","date_gmt":"2024-04-08T08:36:07","guid":{"rendered":"https:\/\/alliancefr.se\/orebro\/?page_id=11482"},"modified":"2025-05-14T17:00:04","modified_gmt":"2025-05-14T15:00:04","slug":"defi-inter-alliances-5","status":"publish","type":"page","link":"https:\/\/alliancefr.se\/orebro\/sv\/defi-inter-alliances-5\/","title":{"rendered":"D\u00e9fi Inter-Alliances"},"content":{"rendered":"\t\t<div data-elementor-type=\"wp-page\" data-elementor-id=\"11482\" class=\"elementor elementor-11482\">\n\t\t\t\t\t\t<section class=\"elementor-section elementor-top-section elementor-element elementor-element-b602e9f elementor-section-boxed elementor-section-height-default elementor-section-height-default\" data-id=\"b602e9f\" data-element_type=\"section\">\n\t\t\t\t\t\t<div class=\"elementor-container elementor-column-gap-default\">\n\t\t\t\t\t<div class=\"elementor-column elementor-col-100 elementor-top-column elementor-element elementor-element-b032311\" data-id=\"b032311\" data-element_type=\"column\">\n\t\t\t<div class=\"elementor-widget-wrap elementor-element-populated\">\n\t\t\t\t\t\t<div class=\"elementor-element elementor-element-f156dad elementor-widget elementor-widget-text-editor\" data-id=\"f156dad\" data-element_type=\"widget\" data-widget_type=\"text-editor.default\">\n\t\t\t\t<div class=\"elementor-widget-container\">\n\t\t\t\t\t\t\t\t\t<p>Alliance Fran\u00e7aise i Sverige i \u00d6rebro&nbsp;deltar i \u00e5rets nya upplaga av D\u00e9fi Inter-Alliances !<\/p>\t\t\t\t\t\t\t\t<\/div>\n\t\t\t\t<\/div>\n\t\t\t\t\t<\/div>\n\t\t<\/div>\n\t\t\t\t\t<\/div>\n\t\t<\/section>\n\t\t\t\t<section class=\"elementor-section elementor-top-section elementor-element elementor-element-74c8349 elementor-section-boxed elementor-section-height-default elementor-section-height-default\" data-id=\"74c8349\" data-element_type=\"section\">\n\t\t\t\t\t\t<div class=\"elementor-container elementor-column-gap-default\">\n\t\t\t\t\t<div class=\"elementor-column elementor-col-100 elementor-top-column elementor-element elementor-element-9036646\" data-id=\"9036646\" data-element_type=\"column\">\n\t\t\t<div class=\"elementor-widget-wrap elementor-element-populated\">\n\t\t\t\t\t\t<div class=\"elementor-element elementor-element-093d93a elementor-widget elementor-widget-image\" data-id=\"093d93a\" data-element_type=\"widget\" data-widget_type=\"image.default\">\n\t\t\t\t<div class=\"elementor-widget-container\">\n\t\t\t\t\t\t\t\t\t\t\t\t\t\t\t<img fetchpriority=\"high\" decoding=\"async\" width=\"1536\" height=\"453\" src=\"https:\/\/alliancefr.se\/orebro\/wp-content\/uploads\/sites\/5\/2025\/05\/BANNIERE-Defi-2025-1536x453.png\" class=\"attachment-1536x1536 size-1536x1536 wp-image-16468\" alt=\"\" \/>\t\t\t\t\t\t\t\t\t\t\t\t\t\t\t<\/div>\n\t\t\t\t<\/div>\n\t\t\t\t<div class=\"elementor-element elementor-element-1e44ddd elementor-widget elementor-widget-heading\" data-id=\"1e44ddd\" data-element_type=\"widget\" data-widget_type=\"heading.default\">\n\t\t\t\t<div class=\"elementor-widget-container\">\n\t\t\t\t\t<h2 class=\"elementor-heading-title elementor-size-default\">Vad \u00e4r det ?<\/h2>\t\t\t\t<\/div>\n\t\t\t\t<\/div>\n\t\t\t\t<div class=\"elementor-element elementor-element-797ee86 elementor-widget elementor-widget-text-editor\" data-id=\"797ee86\" data-element_type=\"widget\" data-widget_type=\"text-editor.default\">\n\t\t\t\t<div class=\"elementor-widget-container\">\n\t\t\t\t\t\t\t\t\t<p>D\u00e9fi Inter-Alliances \u00e4r en\u00a0<strong>lekfull t\u00e4vling<\/strong>\u00a0<strong>p\u00e5 franska<\/strong> som erbjuder medlemmar fr\u00e5n Allians Fran\u00e7aises \u00f6ver hela v\u00e4rlden att utmana varandra med fr\u00e5gor om franskspr\u00e5kiga kulturer och det franska spr\u00e5ket.<\/p><p>Om du \u00e4r\u00a0<strong>\u00f6ver 18 \u00e5r<\/strong>\u00a0och\u00a0<strong>inte har fransk nationalitet<\/strong>\u00a0kan du delta och f\u00f6rs\u00f6ka vinna <strong>en resa till Nice i Frankrike<\/strong> f\u00f6r att t\u00e4vla mot de andra finalisterna, i july 2025 !<\/p><p>Hitta <strong>reglerna <a href=\"https:\/\/docs.google.com\/document\/d\/1yL6Uwm4uUnjTtsSNpxMUSOYRpFBW8zhLuLkBb5-HvOs\/edit?usp=sharing\">h\u00e4r<\/a><\/strong>.<\/p>\t\t\t\t\t\t\t\t<\/div>\n\t\t\t\t<\/div>\n\t\t\t\t\t<\/div>\n\t\t<\/div>\n\t\t\t\t\t<\/div>\n\t\t<\/section>\n\t\t\t\t<section class=\"elementor-section elementor-top-section elementor-element elementor-element-8b985db elementor-section-boxed elementor-section-height-default elementor-section-height-default\" data-id=\"8b985db\" data-element_type=\"section\">\n\t\t\t\t\t\t<div class=\"elementor-container elementor-column-gap-default\">\n\t\t\t\t\t<div class=\"elementor-column elementor-col-100 elementor-top-column elementor-element elementor-element-2d7537f\" data-id=\"2d7537f\" data-element_type=\"column\">\n\t\t\t<div class=\"elementor-widget-wrap elementor-element-populated\">\n\t\t\t\t\t\t<div class=\"elementor-element elementor-element-ace6f48 elementor-widget elementor-widget-heading\" data-id=\"ace6f48\" data-element_type=\"widget\" data-widget_type=\"heading.default\">\n\t\t\t\t<div class=\"elementor-widget-container\">\n\t\t\t\t\t<h2 class=\"elementor-heading-title elementor-size-default\"><span style=\"color: var( --e-global-color-primary );font-weight: var( --e-global-typography-primary-font-weight );letter-spacing: 0px\">P\u00e5minnelse om stegen<\/span><\/h2>\t\t\t\t<\/div>\n\t\t\t\t<\/div>\n\t\t\t\t\t<\/div>\n\t\t<\/div>\n\t\t\t\t\t<\/div>\n\t\t<\/section>\n\t\t\t\t<section class=\"elementor-section elementor-top-section elementor-element elementor-element-b31990f elementor-section-boxed elementor-section-height-default elementor-section-height-default\" data-id=\"b31990f\" data-element_type=\"section\">\n\t\t\t\t\t\t<div class=\"elementor-container elementor-column-gap-default\">\n\t\t\t\t\t<div class=\"elementor-column elementor-col-25 elementor-top-column elementor-element elementor-element-77aeefc\" data-id=\"77aeefc\" data-element_type=\"column\">\n\t\t\t<div class=\"elementor-widget-wrap elementor-element-populated\">\n\t\t\t\t\t\t<div class=\"elementor-element elementor-element-d9c3929 elementor-widget__width-initial elementor-widget elementor-widget-text-editor\" data-id=\"d9c3929\" data-element_type=\"widget\" data-widget_type=\"text-editor.default\">\n\t\t\t\t<div class=\"elementor-widget-container\">\n\t\t\t\t\t\t\t\t\t<p><span style=\"text-decoration: underline\"><strong>Steg 1: Lokalt steg<\/strong><\/span><\/p><p>\ud83d\udcc6 Torsdag 10 April kl. 18:30<\/p><p>\ud83d\udccdMedborgarskolan<\/p>\t\t\t\t\t\t\t\t<\/div>\n\t\t\t\t<\/div>\n\t\t\t\t\t<\/div>\n\t\t<\/div>\n\t\t\t\t<div class=\"elementor-column elementor-col-25 elementor-top-column elementor-element elementor-element-0a5625e\" data-id=\"0a5625e\" data-element_type=\"column\">\n\t\t\t<div class=\"elementor-widget-wrap elementor-element-populated\">\n\t\t\t\t\t\t<div class=\"elementor-element elementor-element-d391030 elementor-widget__width-initial elementor-widget elementor-widget-text-editor\" data-id=\"d391030\" data-element_type=\"widget\" data-widget_type=\"text-editor.default\">\n\t\t\t\t<div class=\"elementor-widget-container\">\n\t\t\t\t\t\t\t\t\t<p><span style=\"text-decoration: underline\"><strong>Steg 2: Nationellt steg<\/strong><\/span><\/p><p>\ud83d\udcc6 20 Maj kl 19<\/p><p>\ud83d\udccdZoom<\/p>\t\t\t\t\t\t\t\t<\/div>\n\t\t\t\t<\/div>\n\t\t\t\t\t<\/div>\n\t\t<\/div>\n\t\t\t\t<div class=\"elementor-column elementor-col-25 elementor-top-column elementor-element elementor-element-4accce8\" data-id=\"4accce8\" data-element_type=\"column\">\n\t\t\t<div class=\"elementor-widget-wrap elementor-element-populated\">\n\t\t\t\t\t\t<div class=\"elementor-element elementor-element-d9a0ade elementor-widget elementor-widget-text-editor\" data-id=\"d9a0ade\" data-element_type=\"widget\" data-widget_type=\"text-editor.default\">\n\t\t\t\t<div class=\"elementor-widget-container\">\n\t\t\t\t\t\t\t\t\t<p><span style=\"text-decoration: underline\"><strong>Steg 3 : Steg per zon<\/strong><\/span><\/p><p>\ud83d\udcc6 L\u00f6rdag\u00a024 maj 2025<\/p><p>\ud83d\udccdZoom<\/p>\t\t\t\t\t\t\t\t<\/div>\n\t\t\t\t<\/div>\n\t\t\t\t\t<\/div>\n\t\t<\/div>\n\t\t\t\t<div class=\"elementor-column elementor-col-25 elementor-top-column elementor-element elementor-element-4c73a69\" data-id=\"4c73a69\" data-element_type=\"column\">\n\t\t\t<div class=\"elementor-widget-wrap elementor-element-populated\">\n\t\t\t\t\t\t<div class=\"elementor-element elementor-element-6621ba5 elementor-widget__width-initial elementor-widget elementor-widget-text-editor\" data-id=\"6621ba5\" data-element_type=\"widget\" data-widget_type=\"text-editor.default\">\n\t\t\t\t<div class=\"elementor-widget-container\">\n\t\t\t\t\t\t\t\t\t<p><span style=\"text-decoration: underline\"><strong>Steg 4: Finalsteg<\/strong><\/span><\/p><p>\ud83d\udcc6 Veckan den 21 july\u00a02025<\/p><p>\ud83d\udccdNice, Frankrike<\/p>\t\t\t\t\t\t\t\t<\/div>\n\t\t\t\t<\/div>\n\t\t\t\t\t<\/div>\n\t\t<\/div>\n\t\t\t\t\t<\/div>\n\t\t<\/section>\n\t\t\t\t<section class=\"elementor-section elementor-top-section elementor-element elementor-element-2a743d4 elementor-section-boxed elementor-section-height-default elementor-section-height-default\" data-id=\"2a743d4\" data-element_type=\"section\">\n\t\t\t\t\t\t<div class=\"elementor-container elementor-column-gap-default\">\n\t\t\t\t\t<div class=\"elementor-column elementor-col-100 elementor-top-column elementor-element elementor-element-939765b\" data-id=\"939765b\" data-element_type=\"column\">\n\t\t\t<div class=\"elementor-widget-wrap elementor-element-populated\">\n\t\t\t\t\t\t<div class=\"elementor-element elementor-element-7613c0c elementor-widget elementor-widget-heading\" data-id=\"7613c0c\" data-element_type=\"widget\" data-widget_type=\"heading.default\">\n\t\t\t\t<div class=\"elementor-widget-container\">\n\t\t\t\t\t<h2 class=\"elementor-heading-title elementor-size-default\">Inskrivningar<\/h2>\t\t\t\t<\/div>\n\t\t\t\t<\/div>\n\t\t\t\t\t<\/div>\n\t\t<\/div>\n\t\t\t\t\t<\/div>\n\t\t<\/section>\n\t\t\t\t<section class=\"elementor-section elementor-top-section elementor-element elementor-element-16eff3c elementor-section-boxed elementor-section-height-default elementor-section-height-default\" data-id=\"16eff3c\" data-element_type=\"section\">\n\t\t\t\t\t\t<div class=\"elementor-container elementor-column-gap-default\">\n\t\t\t\t\t<div class=\"elementor-column elementor-col-100 elementor-top-column elementor-element elementor-element-8088ee3\" data-id=\"8088ee3\" data-element_type=\"column\">\n\t\t\t<div class=\"elementor-widget-wrap elementor-element-populated\">\n\t\t\t\t\t\t<div class=\"elementor-element elementor-element-5b38b58 elementor-widget elementor-widget-text-editor\" data-id=\"5b38b58\" data-element_type=\"widget\" data-widget_type=\"text-editor.default\">\n\t\t\t\t<div class=\"elementor-widget-container\">\n\t\t\t\t\t\t\t\t\t<p data-start=\"34\" data-end=\"84\"><strong>Anm\u00e4lningarna p\u00e5g\u00e5r och avslutas den 20 mars.<\/strong><\/p><p data-start=\"86\" data-end=\"142\">F\u00f6r att anm\u00e4la dig, v\u00e4nligen fyll i <strong>formul\u00e4ret<\/strong> <a href=\"https:\/\/docs.google.com\/forms\/d\/e\/1FAIpQLSedqBNssoc5sJtMTHKGfcgI2lygsoSwmWgtG_ozpHuu6JAwOg\/viewform?usp=preview\"><strong>h\u00e4r<\/strong><\/a>.<\/p>\t\t\t\t\t\t\t\t<\/div>\n\t\t\t\t<\/div>\n\t\t\t\t\t<\/div>\n\t\t<\/div>\n\t\t\t\t\t<\/div>\n\t\t<\/section>\n\t\t\t\t<section class=\"elementor-section elementor-top-section elementor-element elementor-element-b40a472 elementor-section-boxed elementor-section-height-default elementor-section-height-default\" data-id=\"b40a472\" data-element_type=\"section\">\n\t\t\t\t\t\t<div class=\"elementor-container elementor-column-gap-default\">\n\t\t\t\t\t<div class=\"elementor-column elementor-col-100 elementor-top-column elementor-element elementor-element-d705fcf\" data-id=\"d705fcf\" data-element_type=\"column\">\n\t\t\t<div class=\"elementor-widget-wrap elementor-element-populated\">\n\t\t\t\t\t\t<div class=\"elementor-element elementor-element-a5dae39 elementor-widget elementor-widget-heading\" data-id=\"a5dae39\" data-element_type=\"widget\" data-widget_type=\"heading.default\">\n\t\t\t\t<div class=\"elementor-widget-container\">\n\t\t\t\t\t<h2 class=\"elementor-heading-title elementor-size-default\"><span style=\"color: var( --e-global-color-primary );font-weight: var( --e-global-typography-primary-font-weight );letter-spacing: 0px\">Finalsteg<\/span><\/h2>\t\t\t\t<\/div>\n\t\t\t\t<\/div>\n\t\t\t\t\t<\/div>\n\t\t<\/div>\n\t\t\t\t\t<\/div>\n\t\t<\/section>\n\t\t\t\t<section class=\"elementor-section elementor-top-section elementor-element elementor-element-ce682cd elementor-section-boxed elementor-section-height-default elementor-section-height-default\" data-id=\"ce682cd\" data-element_type=\"section\">\n\t\t\t\t\t\t<div class=\"elementor-container elementor-column-gap-default\">\n\t\t\t\t\t<div class=\"elementor-column elementor-col-100 elementor-top-column elementor-element elementor-element-aaa6aa5\" data-id=\"aaa6aa5\" data-element_type=\"column\">\n\t\t\t<div class=\"elementor-widget-wrap elementor-element-populated\">\n\t\t\t\t\t\t<div class=\"elementor-element elementor-element-4c6947e elementor-widget elementor-widget-text-editor\" data-id=\"4c6947e\" data-element_type=\"widget\" data-widget_type=\"text-editor.default\">\n\t\t\t\t<div class=\"elementor-widget-container\">\n\t\t\t\t\t\t\t\t\t<p>Finalen av D\u00e9fi Inter-Alliances \u00e4ger rum veckan den 21 july 2025 i <strong>Nice<\/strong>, <strong>Frankrike<\/strong>.<\/p>\t\t\t\t\t\t\t\t<\/div>\n\t\t\t\t<\/div>\n\t\t\t\t\t<\/div>\n\t\t<\/div>\n\t\t\t\t\t<\/div>\n\t\t<\/section>\n\t\t\t\t<\/div>\n\t\t","protected":false},"excerpt":{"rendered":"<p>Alliance Fran\u00e7aise i Sverige i \u00d6rebro&nbsp;deltar i \u00e5rets nya upplaga av D\u00e9fi Inter-Alliances ! Vad \u00e4r det ? D\u00e9fi Inter-Alliances \u00e4r en\u00a0lekfull t\u00e4vling\u00a0p\u00e5 franska som erbjuder medlemmar fr\u00e5n Allians Fran\u00e7aises \u00f6ver hela v\u00e4rlden att utmana varandra med fr\u00e5gor om franskspr\u00e5kiga kulturer och det franska spr\u00e5ket. Om du \u00e4r\u00a0\u00f6ver 18 \u00e5r\u00a0och\u00a0inte har fransk nationalitet\u00a0kan du delta och f\u00f6rs\u00f6ka vinna en resa till Nice i Frankrike f\u00f6r att t\u00e4vla mot de andra finalisterna, i july 2025 ! Hitta reglerna h\u00e4r. P\u00e5minnelse om stegen Steg 1: Lokalt steg \ud83d\udcc6 Torsdag 10 April kl. 18:30 \ud83d\udccdMedborgarskolan Steg 2: Nationellt steg \ud83d\udcc6 20 Maj kl 19 \ud83d\udccdZoom Steg 3 : Steg per zon \ud83d\udcc6 L\u00f6rdag\u00a024 maj 2025 \ud83d\udccdZoom Steg 4: Finalsteg \ud83d\udcc6 Veckan den 21 july\u00a02025 \ud83d\udccdNice, Frankrike Inskrivningar Anm\u00e4lningarna p\u00e5g\u00e5r och avslutas den 20 mars. F\u00f6r att anm\u00e4la dig, v\u00e4nligen fyll i formul\u00e4ret h\u00e4r. Finalsteg Finalen av D\u00e9fi Inter-Alliances \u00e4ger rum veckan den 21 july 2025 i Nice, Frankrike.<\/p>\n","protected":false},"author":1,"featured_media":0,"parent":0,"menu_order":0,"comment_status":"closed","ping_status":"closed","template":"","meta":{"om_disable_all_campaigns":false,"_monsterinsights_skip_tracking":false,"_monsterinsights_sitenote_active":false,"_monsterinsights_sitenote_note":"","_monsterinsights_sitenote_category":0,"_uf_show_specific_survey":0,"_uf_disable_surveys":false,"footnotes":""},"class_list":["post-11482","page","type-page","status-publish","hentry"],"aioseo_notices":[],"rttpg_featured_image_url":null,"rttpg_author":{"display_name":"Super.admin","author_link":"https:\/\/alliancefr.se\/orebro\/author\/admin2174\/"},"rttpg_comment":0,"rttpg_category":" <a href=\"https:\/\/alliancefr.se\/orebro\/sv\/\" rel=\"tag\">Svenska<\/a>","rttpg_excerpt":"Alliance Fran\u00e7aise i Sverige i \u00d6rebro&nbsp;deltar i \u00e5rets nya upplaga av D\u00e9fi Inter-Alliances ! Vad \u00e4r det ? D\u00e9fi Inter-Alliances \u00e4r en\u00a0lekfull t\u00e4vling\u00a0p\u00e5 franska som erbjuder medlemmar fr\u00e5n Allians Fran\u00e7aises \u00f6ver hela v\u00e4rlden att utmana varandra med fr\u00e5gor om franskspr\u00e5kiga kulturer och det franska spr\u00e5ket. Om du \u00e4r\u00a0\u00f6ver 18 \u00e5r\u00a0och\u00a0inte har fransk nationalitet\u00a0kan du delta\u2026","_links":{"self":[{"href":"https:\/\/alliancefr.se\/orebro\/wp-json\/wp\/v2\/pages\/11482","targetHints":{"allow":["GET"]}}],"collection":[{"href":"https:\/\/alliancefr.se\/orebro\/wp-json\/wp\/v2\/pages"}],"about":[{"href":"https:\/\/alliancefr.se\/orebro\/wp-json\/wp\/v2\/types\/page"}],"author":[{"embeddable":true,"href":"https:\/\/alliancefr.se\/orebro\/wp-json\/wp\/v2\/users\/1"}],"replies":[{"embeddable":true,"href":"https:\/\/alliancefr.se\/orebro\/wp-json\/wp\/v2\/comments?post=11482"}],"version-history":[{"count":85,"href":"https:\/\/alliancefr.se\/orebro\/wp-json\/wp\/v2\/pages\/11482\/revisions"}],"predecessor-version":[{"id":16477,"href":"https:\/\/alliancefr.se\/orebro\/wp-json\/wp\/v2\/pages\/11482\/revisions\/16477"}],"wp:attachment":[{"href":"https:\/\/alliancefr.se\/orebro\/wp-json\/wp\/v2\/media?parent=11482"}],"curies":[{"name":"wp","href":"https:\/\/api.w.org\/{rel}","templated":true}]}}