{"id":10318,"date":"2023-10-24T14:43:14","date_gmt":"2023-10-24T12:43:14","guid":{"rendered":"http:\/\/alliancefr.se\/orebro\/?page_id=10318"},"modified":"2025-01-22T17:14:54","modified_gmt":"2025-01-22T16:14:54","slug":"contenus-linguistiques","status":"publish","type":"page","link":"https:\/\/alliancefr.se\/orebro\/contenus-linguistiques\/","title":{"rendered":"Contenus linguistiques"},"content":{"rendered":"\t\t<div data-elementor-type=\"wp-page\" data-elementor-id=\"10318\" class=\"elementor elementor-10318\">\n\t\t\t\t\t\t<section class=\"elementor-section elementor-top-section elementor-element elementor-element-be81c8e elementor-section-boxed elementor-section-height-default elementor-section-height-default\" data-id=\"be81c8e\" data-element_type=\"section\">\n\t\t\t\t\t\t<div class=\"elementor-container elementor-column-gap-default\">\n\t\t\t\t\t<div class=\"elementor-column elementor-col-100 elementor-top-column elementor-element elementor-element-5325b3b\" data-id=\"5325b3b\" data-element_type=\"column\">\n\t\t\t<div class=\"elementor-widget-wrap elementor-element-populated\">\n\t\t\t\t\t\t<div class=\"elementor-element elementor-element-86ad952 elementor-widget elementor-widget-text-editor\" data-id=\"86ad952\" data-element_type=\"widget\" data-widget_type=\"text-editor.default\">\n\t\t\t\t<div class=\"elementor-widget-container\">\n\t\t\t\t\t\t\t\t\t<p>Am\u00e9liorez vous en fran\u00e7ais selon votre niveau \u00e0 l&rsquo;aide de contenus linguistiques r\u00e9alis\u00e9s par l&rsquo;Alliance Fran\u00e7aise d&rsquo;\u00d6rebro, l&rsquo;<a href=\"https:\/\/ifsuede.com\/\" target=\"_blank\" rel=\"noopener\">Institut Fran\u00e7ais de Su\u00e8de<\/a> et <a href=\"https:\/\/www.campusfrance.org\/fr\" target=\"_blank\" rel=\"noopener\">Campus France<\/a> !<\/p>\t\t\t\t\t\t\t\t<\/div>\n\t\t\t\t<\/div>\n\t\t\t\t\t<\/div>\n\t\t<\/div>\n\t\t\t\t\t<\/div>\n\t\t<\/section>\n\t\t\t\t<section class=\"elementor-section elementor-top-section elementor-element elementor-element-605ad34 elementor-section-boxed elementor-section-height-default elementor-section-height-default\" data-id=\"605ad34\" data-element_type=\"section\">\n\t\t\t\t\t\t<div class=\"elementor-container elementor-column-gap-default\">\n\t\t\t\t\t<div class=\"elementor-column elementor-col-100 elementor-top-column elementor-element elementor-element-acd2ebd\" data-id=\"acd2ebd\" data-element_type=\"column\">\n\t\t\t<div class=\"elementor-widget-wrap elementor-element-populated\">\n\t\t\t\t\t\t<div class=\"elementor-element elementor-element-dc71bfe elementor-widget elementor-widget-text-editor\" data-id=\"dc71bfe\" data-element_type=\"widget\" data-widget_type=\"text-editor.default\">\n\t\t\t\t<div class=\"elementor-widget-container\">\n\t\t\t\t\t\t\t\t\t<p>Le dossier suivant regroupe des applications mobiles, des vid\u00e9os Youtube ou encore des s\u00e9ries fran\u00e7aises pour d\u00e9velopper votre fran\u00e7ais selon vos envies !<\/p>\t\t\t\t\t\t\t\t<\/div>\n\t\t\t\t<\/div>\n\t\t\t\t\t<\/div>\n\t\t<\/div>\n\t\t\t\t\t<\/div>\n\t\t<\/section>\n\t\t\t\t<section class=\"elementor-section elementor-top-section elementor-element elementor-element-37f6ec9 elementor-section-boxed elementor-section-height-default elementor-section-height-default\" data-id=\"37f6ec9\" data-element_type=\"section\">\n\t\t\t\t\t\t<div class=\"elementor-container elementor-column-gap-default\">\n\t\t\t\t\t<div class=\"elementor-column elementor-col-100 elementor-top-column elementor-element elementor-element-0531d6f\" data-id=\"0531d6f\" data-element_type=\"column\">\n\t\t\t<div class=\"elementor-widget-wrap elementor-element-populated\">\n\t\t\t\t\t\t<div class=\"elementor-element elementor-element-1c5700f elementor-align-center elementor-widget elementor-widget-button\" data-id=\"1c5700f\" data-element_type=\"widget\" data-widget_type=\"button.default\">\n\t\t\t\t<div class=\"elementor-widget-container\">\n\t\t\t\t\t\t\t\t\t<div class=\"elementor-button-wrapper\">\n\t\t\t\t\t<a class=\"elementor-button elementor-button-link elementor-size-sm\" href=\"https:\/\/alliancefr.se\/orebro\/wp-content\/uploads\/sites\/5\/2023\/10\/Apprendre-sinformer-se-divertir-en-francais.pdf\">\n\t\t\t\t\t\t<span class=\"elementor-button-content-wrapper\">\n\t\t\t\t\t\t\t\t\t<span class=\"elementor-button-text\">Cliquez ici pour t\u00e9l\u00e9charger le dossier !<\/span>\n\t\t\t\t\t<\/span>\n\t\t\t\t\t<\/a>\n\t\t\t\t<\/div>\n\t\t\t\t\t\t\t\t<\/div>\n\t\t\t\t<\/div>\n\t\t\t\t\t<\/div>\n\t\t<\/div>\n\t\t\t\t\t<\/div>\n\t\t<\/section>\n\t\t\t\t<section class=\"elementor-section elementor-top-section elementor-element elementor-element-edcbb4e elementor-section-boxed elementor-section-height-default elementor-section-height-default\" data-id=\"edcbb4e\" data-element_type=\"section\">\n\t\t\t\t\t\t<div class=\"elementor-container elementor-column-gap-default\">\n\t\t\t\t\t<div class=\"elementor-column elementor-col-100 elementor-top-column elementor-element elementor-element-fa79a96\" data-id=\"fa79a96\" data-element_type=\"column\">\n\t\t\t<div class=\"elementor-widget-wrap elementor-element-populated\">\n\t\t\t\t\t\t<div class=\"elementor-element elementor-element-d5bf32a elementor-widget-divider--view-line elementor-widget elementor-widget-divider\" data-id=\"d5bf32a\" data-element_type=\"widget\" data-widget_type=\"divider.default\">\n\t\t\t\t<div class=\"elementor-widget-container\">\n\t\t\t\t\t\t\t<div class=\"elementor-divider\">\n\t\t\t<span class=\"elementor-divider-separator\">\n\t\t\t\t\t\t<\/span>\n\t\t<\/div>\n\t\t\t\t\t\t<\/div>\n\t\t\t\t<\/div>\n\t\t\t\t\t<\/div>\n\t\t<\/div>\n\t\t\t\t\t<\/div>\n\t\t<\/section>\n\t\t\t\t<section class=\"elementor-section elementor-top-section elementor-element elementor-element-203d0a7 elementor-section-boxed elementor-section-height-default elementor-section-height-default\" data-id=\"203d0a7\" data-element_type=\"section\">\n\t\t\t\t\t\t<div class=\"elementor-container elementor-column-gap-default\">\n\t\t\t\t\t<div class=\"elementor-column elementor-col-100 elementor-top-column elementor-element elementor-element-f6cfad7\" data-id=\"f6cfad7\" data-element_type=\"column\">\n\t\t\t<div class=\"elementor-widget-wrap elementor-element-populated\">\n\t\t\t\t\t\t<div class=\"elementor-element elementor-element-bb58b2d elementor-widget elementor-widget-heading\" data-id=\"bb58b2d\" data-element_type=\"widget\" data-widget_type=\"heading.default\">\n\t\t\t\t<div class=\"elementor-widget-container\">\n\t\t\t\t\t<h2 class=\"elementor-heading-title elementor-size-default\">Les vid\u00e9os p\u00e9dagogiques<\/h2>\t\t\t\t<\/div>\n\t\t\t\t<\/div>\n\t\t\t\t\t<\/div>\n\t\t<\/div>\n\t\t\t\t\t<\/div>\n\t\t<\/section>\n\t\t\t\t<section class=\"elementor-section elementor-top-section elementor-element elementor-element-0a2e7b3 elementor-section-boxed elementor-section-height-default elementor-section-height-default\" data-id=\"0a2e7b3\" data-element_type=\"section\">\n\t\t\t\t\t\t<div class=\"elementor-container elementor-column-gap-default\">\n\t\t\t\t\t<div class=\"elementor-column elementor-col-100 elementor-top-column elementor-element elementor-element-b693ce5\" data-id=\"b693ce5\" data-element_type=\"column\">\n\t\t\t<div class=\"elementor-widget-wrap elementor-element-populated\">\n\t\t\t\t\t\t<div class=\"elementor-element elementor-element-aa720d8 elementor-widget elementor-widget-text-editor\" data-id=\"aa720d8\" data-element_type=\"widget\" data-widget_type=\"text-editor.default\">\n\t\t\t\t<div class=\"elementor-widget-container\">\n\t\t\t\t\t\t\t\t\t<p><a href=\"https:\/\/www.youtube.com\/watch?v=hoPQhlmayeQ\">D\u00e9couvrez les vid\u00e9os p\u00e9dagogiques r\u00e9alis\u00e9es par l&rsquo;\u00e9quipe de l&rsquo;Alliance Fran\u00e7aise d&rsquo;\u00d6rebro:<\/a><\/p>\t\t\t\t\t\t\t\t<\/div>\n\t\t\t\t<\/div>\n\t\t\t\t\t<\/div>\n\t\t<\/div>\n\t\t\t\t\t<\/div>\n\t\t<\/section>\n\t\t\t\t<section class=\"elementor-section elementor-top-section elementor-element elementor-element-c2186f8 elementor-section-boxed elementor-section-height-default elementor-section-height-default\" data-id=\"c2186f8\" data-element_type=\"section\">\n\t\t\t\t\t\t<div class=\"elementor-container elementor-column-gap-default\">\n\t\t\t\t\t<div class=\"elementor-column elementor-col-100 elementor-top-column elementor-element elementor-element-4d033e4\" data-id=\"4d033e4\" data-element_type=\"column\">\n\t\t\t<div class=\"elementor-widget-wrap elementor-element-populated\">\n\t\t\t\t\t\t<div class=\"elementor-element elementor-element-f358c05 elementor-widget elementor-widget-heading\" data-id=\"f358c05\" data-element_type=\"widget\" data-widget_type=\"heading.default\">\n\t\t\t\t<div class=\"elementor-widget-container\">\n\t\t\t\t\t<h4 class=\"elementor-heading-title elementor-size-default\">Niveau d\u00e9butant (A1\/A2) :<\/h4>\t\t\t\t<\/div>\n\t\t\t\t<\/div>\n\t\t\t\t\t<\/div>\n\t\t<\/div>\n\t\t\t\t\t<\/div>\n\t\t<\/section>\n\t\t\t\t<section class=\"elementor-section elementor-top-section elementor-element elementor-element-bda3cde elementor-section-boxed elementor-section-height-default elementor-section-height-default\" data-id=\"bda3cde\" data-element_type=\"section\">\n\t\t\t\t\t\t<div class=\"elementor-container elementor-column-gap-default\">\n\t\t\t\t\t<div class=\"elementor-column elementor-col-100 elementor-top-column elementor-element elementor-element-cc22234\" data-id=\"cc22234\" data-element_type=\"column\">\n\t\t\t<div class=\"elementor-widget-wrap elementor-element-populated\">\n\t\t\t\t\t\t<div class=\"elementor-element elementor-element-9820f8a elementor-widget elementor-widget-text-editor\" data-id=\"9820f8a\" data-element_type=\"widget\" data-widget_type=\"text-editor.default\">\n\t\t\t\t<div class=\"elementor-widget-container\">\n\t\t\t\t\t\t\t\t\t<p><span style=\"text-decoration: underline;\"><strong>\u00c9pisode 1 :<\/strong><\/span> Apprenez les mots de vocabulaire en fran\u00e7ais pour prendre l&rsquo;avion !<\/p>\t\t\t\t\t\t\t\t<\/div>\n\t\t\t\t<\/div>\n\t\t\t\t\t<\/div>\n\t\t<\/div>\n\t\t\t\t\t<\/div>\n\t\t<\/section>\n\t\t\t\t<section class=\"elementor-section elementor-top-section elementor-element elementor-element-64514a7 elementor-section-boxed elementor-section-height-default elementor-section-height-default\" data-id=\"64514a7\" data-element_type=\"section\">\n\t\t\t\t\t\t<div class=\"elementor-container elementor-column-gap-default\">\n\t\t\t\t\t<div class=\"elementor-column elementor-col-100 elementor-top-column elementor-element elementor-element-273c398\" data-id=\"273c398\" data-element_type=\"column\">\n\t\t\t<div class=\"elementor-widget-wrap elementor-element-populated\">\n\t\t\t\t\t\t<div class=\"elementor-element elementor-element-224fdc6 elementor-widget elementor-widget-video\" data-id=\"224fdc6\" data-element_type=\"widget\" data-settings=\"{&quot;youtube_url&quot;:&quot;https:\\\/\\\/www.youtube.com\\\/watch?v=hoPQhlmayeQ&quot;,&quot;video_type&quot;:&quot;youtube&quot;,&quot;controls&quot;:&quot;yes&quot;}\" data-widget_type=\"video.default\">\n\t\t\t\t<div class=\"elementor-widget-container\">\n\t\t\t\t\t\t\t<div class=\"elementor-wrapper elementor-open-inline\">\n\t\t\t<div class=\"elementor-video\"><\/div>\t\t<\/div>\n\t\t\t\t\t\t<\/div>\n\t\t\t\t<\/div>\n\t\t\t\t\t<\/div>\n\t\t<\/div>\n\t\t\t\t\t<\/div>\n\t\t<\/section>\n\t\t\t\t<section class=\"elementor-section elementor-top-section elementor-element elementor-element-29d513c elementor-section-boxed elementor-section-height-default elementor-section-height-default\" data-id=\"29d513c\" data-element_type=\"section\">\n\t\t\t\t\t\t<div class=\"elementor-container elementor-column-gap-default\">\n\t\t\t\t\t<div class=\"elementor-column elementor-col-100 elementor-top-column elementor-element elementor-element-56aa7f5\" data-id=\"56aa7f5\" data-element_type=\"column\">\n\t\t\t<div class=\"elementor-widget-wrap elementor-element-populated\">\n\t\t\t\t\t\t<div class=\"elementor-element elementor-element-0149aa8 elementor-widget-divider--view-line elementor-widget elementor-widget-divider\" data-id=\"0149aa8\" data-element_type=\"widget\" data-widget_type=\"divider.default\">\n\t\t\t\t<div class=\"elementor-widget-container\">\n\t\t\t\t\t\t\t<div class=\"elementor-divider\">\n\t\t\t<span class=\"elementor-divider-separator\">\n\t\t\t\t\t\t<\/span>\n\t\t<\/div>\n\t\t\t\t\t\t<\/div>\n\t\t\t\t<\/div>\n\t\t\t\t\t<\/div>\n\t\t<\/div>\n\t\t\t\t\t<\/div>\n\t\t<\/section>\n\t\t\t\t<section class=\"elementor-section elementor-top-section elementor-element elementor-element-77c1038 elementor-section-boxed elementor-section-height-default elementor-section-height-default\" data-id=\"77c1038\" data-element_type=\"section\">\n\t\t\t\t\t\t<div class=\"elementor-container elementor-column-gap-default\">\n\t\t\t\t\t<div class=\"elementor-column elementor-col-100 elementor-top-column elementor-element elementor-element-6e150e3\" data-id=\"6e150e3\" data-element_type=\"column\">\n\t\t\t<div class=\"elementor-widget-wrap elementor-element-populated\">\n\t\t\t\t\t\t<div class=\"elementor-element elementor-element-261b88c elementor-widget elementor-widget-text-editor\" data-id=\"261b88c\" data-element_type=\"widget\" data-widget_type=\"text-editor.default\">\n\t\t\t\t<div class=\"elementor-widget-container\">\n\t\t\t\t\t\t\t\t\t<p style=\"text-align: center;\">Pour retrouver des contenus sur la culture fran\u00e7aise, <a href=\"https:\/\/alliancefr.se\/orebro\/contenus-culturels2\/\">c&rsquo;est par ici !<\/a><\/p>\t\t\t\t\t\t\t\t<\/div>\n\t\t\t\t<\/div>\n\t\t\t\t\t<\/div>\n\t\t<\/div>\n\t\t\t\t\t<\/div>\n\t\t<\/section>\n\t\t\t\t<\/div>\n\t\t","protected":false},"excerpt":{"rendered":"<p>Am\u00e9liorez vous en fran\u00e7ais selon votre niveau \u00e0 l&rsquo;aide de contenus linguistiques r\u00e9alis\u00e9s par l&rsquo;Alliance Fran\u00e7aise d&rsquo;\u00d6rebro, l&rsquo;Institut Fran\u00e7ais de Su\u00e8de et Campus France ! Le dossier suivant regroupe des applications mobiles, des vid\u00e9os Youtube ou encore des s\u00e9ries fran\u00e7aises pour d\u00e9velopper votre fran\u00e7ais selon vos envies ! Cliquez ici pour t\u00e9l\u00e9charger le dossier ! Les vid\u00e9os p\u00e9dagogiques D\u00e9couvrez les vid\u00e9os p\u00e9dagogiques r\u00e9alis\u00e9es par l&rsquo;\u00e9quipe de l&rsquo;Alliance Fran\u00e7aise d&rsquo;\u00d6rebro: Niveau d\u00e9butant (A1\/A2) : \u00c9pisode 1 : Apprenez les mots de vocabulaire en fran\u00e7ais pour prendre l&rsquo;avion ! https:\/\/www.youtube.com\/watch?v=hoPQhlmayeQ Pour retrouver des contenus sur la culture fran\u00e7aise, c&rsquo;est par ici !<\/p>\n","protected":false},"author":3,"featured_media":0,"parent":0,"menu_order":0,"comment_status":"closed","ping_status":"closed","template":"","meta":{"om_disable_all_campaigns":false,"_monsterinsights_skip_tracking":false,"_monsterinsights_sitenote_active":false,"_monsterinsights_sitenote_note":"","_monsterinsights_sitenote_category":0,"_uf_show_specific_survey":0,"_uf_disable_surveys":false,"footnotes":""},"class_list":["post-10318","page","type-page","status-publish","hentry"],"aioseo_notices":[],"rttpg_featured_image_url":null,"rttpg_author":{"display_name":"AForebro","author_link":"https:\/\/alliancefr.se\/orebro\/author\/orebro2\/"},"rttpg_comment":0,"rttpg_category":" <a href=\"https:\/\/alliancefr.se\/orebro\/\" rel=\"tag\">Fran\u00e7ais<\/a>","rttpg_excerpt":"Am\u00e9liorez vous en fran\u00e7ais selon votre niveau \u00e0 l&rsquo;aide de contenus linguistiques r\u00e9alis\u00e9s par l&rsquo;Alliance Fran\u00e7aise d&rsquo;\u00d6rebro, l&rsquo;Institut Fran\u00e7ais de Su\u00e8de et Campus France ! Le dossier suivant regroupe des applications mobiles, des vid\u00e9os Youtube ou encore des s\u00e9ries fran\u00e7aises pour d\u00e9velopper votre fran\u00e7ais selon vos envies ! Cliquez ici pour t\u00e9l\u00e9charger le dossier !\u2026","_links":{"self":[{"href":"https:\/\/alliancefr.se\/orebro\/wp-json\/wp\/v2\/pages\/10318","targetHints":{"allow":["GET"]}}],"collection":[{"href":"https:\/\/alliancefr.se\/orebro\/wp-json\/wp\/v2\/pages"}],"about":[{"href":"https:\/\/alliancefr.se\/orebro\/wp-json\/wp\/v2\/types\/page"}],"author":[{"embeddable":true,"href":"https:\/\/alliancefr.se\/orebro\/wp-json\/wp\/v2\/users\/3"}],"replies":[{"embeddable":true,"href":"https:\/\/alliancefr.se\/orebro\/wp-json\/wp\/v2\/comments?post=10318"}],"version-history":[{"count":62,"href":"https:\/\/alliancefr.se\/orebro\/wp-json\/wp\/v2\/pages\/10318\/revisions"}],"predecessor-version":[{"id":15627,"href":"https:\/\/alliancefr.se\/orebro\/wp-json\/wp\/v2\/pages\/10318\/revisions\/15627"}],"wp:attachment":[{"href":"https:\/\/alliancefr.se\/orebro\/wp-json\/wp\/v2\/media?parent=10318"}],"curies":[{"name":"wp","href":"https:\/\/api.w.org\/{rel}","templated":true}]}}