{"id":10295,"date":"2023-10-23T11:25:28","date_gmt":"2023-10-23T09:25:28","guid":{"rendered":"http:\/\/alliancefr.se\/orebro\/?page_id=10295"},"modified":"2025-02-25T17:28:20","modified_gmt":"2025-02-25T16:28:20","slug":"interventions-dans-les-classes","status":"publish","type":"page","link":"https:\/\/alliancefr.se\/orebro\/interventions-dans-les-classes\/","title":{"rendered":"Interventions dans les classes"},"content":{"rendered":"\t\t<div data-elementor-type=\"wp-page\" data-elementor-id=\"10295\" class=\"elementor elementor-10295\">\n\t\t\t\t\t\t<section class=\"elementor-section elementor-top-section elementor-element elementor-element-5e58ac8b elementor-section-boxed elementor-section-height-default elementor-section-height-default\" data-id=\"5e58ac8b\" data-element_type=\"section\">\n\t\t\t\t\t\t<div class=\"elementor-container elementor-column-gap-default\">\n\t\t\t\t\t<div class=\"elementor-column elementor-col-100 elementor-top-column elementor-element elementor-element-640d699b\" data-id=\"640d699b\" data-element_type=\"column\">\n\t\t\t<div class=\"elementor-widget-wrap elementor-element-populated\">\n\t\t\t\t\t\t<div class=\"elementor-element elementor-element-4e8eb7f6 elementor-widget elementor-widget-image\" data-id=\"4e8eb7f6\" data-element_type=\"widget\" data-widget_type=\"image.default\">\n\t\t\t\t<div class=\"elementor-widget-container\">\n\t\t\t\t\t\t\t\t\t\t\t\t\t\t\t<img fetchpriority=\"high\" decoding=\"async\" width=\"960\" height=\"473\" src=\"https:\/\/alliancefr.se\/orebro\/wp-content\/uploads\/sites\/5\/2025\/02\/Intervention-en-classe-Falun-TDS-2025-2-1024x505.jpg\" class=\"attachment-large size-large wp-image-15991\" alt=\"Intervention en classe \u00e0 Falun - Tour de Su\u00e8de\" \/>\t\t\t\t\t\t\t\t\t\t\t\t\t\t\t<\/div>\n\t\t\t\t<\/div>\n\t\t\t\t\t<\/div>\n\t\t<\/div>\n\t\t\t\t\t<\/div>\n\t\t<\/section>\n\t\t\t\t<section class=\"elementor-section elementor-top-section elementor-element elementor-element-665d66d4 elementor-section-boxed elementor-section-height-default elementor-section-height-default\" data-id=\"665d66d4\" data-element_type=\"section\">\n\t\t\t\t\t\t<div class=\"elementor-container elementor-column-gap-default\">\n\t\t\t\t\t<div class=\"elementor-column elementor-col-100 elementor-top-column elementor-element elementor-element-e99339a\" data-id=\"e99339a\" data-element_type=\"column\">\n\t\t\t<div class=\"elementor-widget-wrap elementor-element-populated\">\n\t\t\t\t\t\t<div class=\"elementor-element elementor-element-41f0813e elementor-widget elementor-widget-text-editor\" data-id=\"41f0813e\" data-element_type=\"widget\" data-widget_type=\"text-editor.default\">\n\t\t\t\t<div class=\"elementor-widget-container\">\n\t\t\t\t\t\t\t\t\t<p style=\"text-align: center;\">\u00c0 l\u2019instar des 800 autres Alliances Fran\u00e7aises du monde, la <strong>promotion de la langue fran\u00e7aise<\/strong> <strong>et de son apprentissage<\/strong> est une des missions fondamentales de l\u2019Alliance Fran\u00e7aise d\u2019\u00d6rebro.<\/p><p style=\"text-align: center;\">Depuis le printemps 2016, nous avons lanc\u00e9 une grande op\u00e9ration <strong>\u00ab\u00a0<i>pratique et apprentissage de la langue fran\u00e7aise\u00a0\u00bb<\/i><\/strong>, soutenue par l&rsquo;Institut Fran\u00e7ais de Su\u00e8de.<\/p><p style=\"text-align: center;\">L\u2019objectif est d\u2019accro\u00eetre l\u2019int\u00e9r\u00eat pour le fran\u00e7ais chez les adultes et les \u00e9l\u00e8ves. Dans le cadre de cette belle op\u00e9ration, nous cherchons \u00e0 dynamiser <strong>les \u00e9changes avec les enseignants de fran\u00e7ais de Su\u00e8de.<\/strong><\/p>\t\t\t\t\t\t\t\t<\/div>\n\t\t\t\t<\/div>\n\t\t\t\t\t<\/div>\n\t\t<\/div>\n\t\t\t\t\t<\/div>\n\t\t<\/section>\n\t\t\t\t<section class=\"elementor-section elementor-top-section elementor-element elementor-element-9e38aa4 elementor-section-boxed elementor-section-height-default elementor-section-height-default\" data-id=\"9e38aa4\" data-element_type=\"section\">\n\t\t\t\t\t\t<div class=\"elementor-container elementor-column-gap-default\">\n\t\t\t\t\t<div class=\"elementor-column elementor-col-100 elementor-top-column elementor-element elementor-element-15b0e5a\" data-id=\"15b0e5a\" data-element_type=\"column\">\n\t\t\t<div class=\"elementor-widget-wrap elementor-element-populated\">\n\t\t\t\t\t\t<div class=\"elementor-element elementor-element-cf6723a elementor-widget elementor-widget-text-editor\" data-id=\"cf6723a\" data-element_type=\"widget\" data-widget_type=\"text-editor.default\">\n\t\t\t\t<div class=\"elementor-widget-container\">\n\t\t\t\t\t\t\t\t\t<h6 style=\"text-align: center;\"><strong>Que pouvons-nous proposer aux enseignants membres d&rsquo;une Alliance Fran\u00e7aise de Su\u00e8de ?<br \/><\/strong><\/h6><p style=\"text-align: center;\">1. Nous vous proposons gratuitement des <strong><a href=\"https:\/\/alliancefr.se\/orebro\/fiches-pedagogiques\/\" target=\"_blank\" rel=\"noopener\">fiches p\u00e9dagogiques<\/a> <\/strong>r\u00e9guli\u00e8rement r\u00e9dig\u00e9es sur un sujet ou un fait d\u2019actualit\u00e9. Ces fiches vous sont propos\u00e9es en collaboration avec l\u2019Institut Fran\u00e7ais de Su\u00e8de.<\/p><p style=\"text-align: center;\">2. <strong>Des interventions en classes<\/strong> sont r\u00e9alis\u00e9es gratuitement (ou \u00e0 faible co\u00fbt) par les volontaires de l\u2019Alliance Fran\u00e7aise d\u2019\u00d6rebro dans tous les \u00e9tablissements scolaires d\u2019\u00d6rebro et de Su\u00e8de. Les professeurs de fran\u00e7ais ont acc\u00e8s \u00e0 <strong>diff\u00e9rents formats<\/strong> : discussions, pr\u00e9sentations sur une th\u00e9matique ou hybride (pr\u00e9sentation sur une th\u00e9matique et discussions). Les interventions sont propos\u00e9es par les volontaires de l&rsquo;Alliance Fran\u00e7aise d&rsquo;\u00d6rebro pour les <strong>classes de coll\u00e8ges et lyc\u00e9es<\/strong>.<\/p>\t\t\t\t\t\t\t\t<\/div>\n\t\t\t\t<\/div>\n\t\t\t\t\t<\/div>\n\t\t<\/div>\n\t\t\t\t\t<\/div>\n\t\t<\/section>\n\t\t\t\t<section class=\"elementor-section elementor-top-section elementor-element elementor-element-bf22f98 elementor-section-boxed elementor-section-height-default elementor-section-height-default\" data-id=\"bf22f98\" data-element_type=\"section\">\n\t\t\t\t\t\t<div class=\"elementor-container elementor-column-gap-default\">\n\t\t\t\t\t<div class=\"elementor-column elementor-col-100 elementor-top-column elementor-element elementor-element-f55dfaa\" data-id=\"f55dfaa\" data-element_type=\"column\">\n\t\t\t<div class=\"elementor-widget-wrap elementor-element-populated\">\n\t\t\t\t\t\t<div class=\"elementor-element elementor-element-aef8358 elementor-widget elementor-widget-text-editor\" data-id=\"aef8358\" data-element_type=\"widget\" data-widget_type=\"text-editor.default\">\n\t\t\t\t<div class=\"elementor-widget-container\">\n\t\t\t\t\t\t\t\t\t<h6 style=\"text-align: center;\"><span style=\"text-decoration: underline;\"><strong>Th\u00e9matiques propos\u00e9es pour l&rsquo;ann\u00e9e 2025 :<\/strong><\/span><\/h6><ul><li>Un atelier de pr\u00e9sentation (niveau d\u00e9butant)<\/li><li style=\"text-align: left;\">L&rsquo;\u00e9cole en France.<\/li><li style=\"text-align: left;\">La gastronomie fran\u00e7aise.\u00a0<\/li><li>Les r\u00e9gions de France.<\/li><li style=\"text-align: left;\">La d\u00e9couverte de la France et des pays francophones europ\u00e9ens \u00e0 travers la chanson \u00ab\u00a0Bienvenue chez moi\u00a0\u00bb de Bifgflo et Oli.<\/li><li style=\"text-align: left;\">Le cin\u00e9ma fran\u00e7ais.\u00a0<\/li><li>La relation entre le rap et le cin\u00e9ma fran\u00e7ais.<\/li><li>Les grands magasins parisiens.<\/li><\/ul><p style=\"text-align: center;\">Nous pouvons \u00e9galement nous adapter \u00e0 votre programme et vous proposer des interventions selon vos besoins.<\/p><p style=\"text-align: center;\"><span style=\"color: #000000;\">Contactez-nous \u00e0 notre adresse mail <\/span><span style=\"color: #d9534f;\"><span style=\"color: #000000;\">:<\/span> <a href=\"mailto:orebro@alliancefr.se\"><span style=\"font-weight: 400;\">orebro@alliancefr.se<\/span><\/a><\/span><\/p>\t\t\t\t\t\t\t\t<\/div>\n\t\t\t\t<\/div>\n\t\t\t\t\t<\/div>\n\t\t<\/div>\n\t\t\t\t\t<\/div>\n\t\t<\/section>\n\t\t\t\t<\/div>\n\t\t","protected":false},"excerpt":{"rendered":"<p>\u00c0 l\u2019instar des 800 autres Alliances Fran\u00e7aises du monde, la promotion de la langue fran\u00e7aise et de son apprentissage est une des missions fondamentales de l\u2019Alliance Fran\u00e7aise d\u2019\u00d6rebro. Depuis le printemps 2016, nous avons lanc\u00e9 une grande op\u00e9ration \u00ab\u00a0pratique et apprentissage de la langue fran\u00e7aise\u00a0\u00bb, soutenue par l&rsquo;Institut Fran\u00e7ais de Su\u00e8de. L\u2019objectif est d\u2019accro\u00eetre l\u2019int\u00e9r\u00eat pour le fran\u00e7ais chez les adultes et les \u00e9l\u00e8ves. Dans le cadre de cette belle op\u00e9ration, nous cherchons \u00e0 dynamiser les \u00e9changes avec les enseignants de fran\u00e7ais de Su\u00e8de. Que pouvons-nous proposer aux enseignants membres d&rsquo;une Alliance Fran\u00e7aise de Su\u00e8de ? 1. Nous vous proposons gratuitement des fiches p\u00e9dagogiques r\u00e9guli\u00e8rement r\u00e9dig\u00e9es sur un sujet ou un fait d\u2019actualit\u00e9. Ces fiches vous sont propos\u00e9es en collaboration avec l\u2019Institut Fran\u00e7ais de Su\u00e8de. 2. Des interventions en classes sont r\u00e9alis\u00e9es gratuitement (ou \u00e0 faible co\u00fbt) par les volontaires de l\u2019Alliance Fran\u00e7aise d\u2019\u00d6rebro dans tous les \u00e9tablissements scolaires d\u2019\u00d6rebro et de Su\u00e8de. Les professeurs de fran\u00e7ais ont acc\u00e8s \u00e0 diff\u00e9rents formats : discussions, pr\u00e9sentations sur une th\u00e9matique ou hybride (pr\u00e9sentation sur une th\u00e9matique et discussions). Les interventions sont propos\u00e9es par les volontaires de l&rsquo;Alliance Fran\u00e7aise d&rsquo;\u00d6rebro pour les classes de coll\u00e8ges et lyc\u00e9es. Th\u00e9matiques propos\u00e9es pour l&rsquo;ann\u00e9e 2025 : Un atelier de pr\u00e9sentation (niveau d\u00e9butant) L&rsquo;\u00e9cole en France. La gastronomie fran\u00e7aise.\u00a0 Les r\u00e9gions de France. La d\u00e9couverte de la France et des pays francophones europ\u00e9ens \u00e0 travers la chanson \u00ab\u00a0Bienvenue chez moi\u00a0\u00bb de Bifgflo et Oli. Le cin\u00e9ma fran\u00e7ais.\u00a0 La relation entre le rap et le cin\u00e9ma fran\u00e7ais. Les grands magasins parisiens. Nous pouvons \u00e9galement nous adapter \u00e0 votre programme et vous proposer des interventions selon vos besoins. Contactez-nous \u00e0 notre adresse mail : orebro@alliancefr.se<\/p>\n","protected":false},"author":3,"featured_media":0,"parent":0,"menu_order":0,"comment_status":"closed","ping_status":"closed","template":"","meta":{"om_disable_all_campaigns":false,"_monsterinsights_skip_tracking":false,"_monsterinsights_sitenote_active":false,"_monsterinsights_sitenote_note":"","_monsterinsights_sitenote_category":0,"_uf_show_specific_survey":0,"_uf_disable_surveys":false,"footnotes":""},"class_list":["post-10295","page","type-page","status-publish","hentry"],"aioseo_notices":[],"rttpg_featured_image_url":null,"rttpg_author":{"display_name":"AForebro","author_link":"https:\/\/alliancefr.se\/orebro\/author\/orebro2\/"},"rttpg_comment":0,"rttpg_category":" <a href=\"https:\/\/alliancefr.se\/orebro\/\" rel=\"tag\">Fran\u00e7ais<\/a>","rttpg_excerpt":"\u00c0 l\u2019instar des 800 autres Alliances Fran\u00e7aises du monde, la promotion de la langue fran\u00e7aise et de son apprentissage est une des missions fondamentales de l\u2019Alliance Fran\u00e7aise d\u2019\u00d6rebro. Depuis le printemps 2016, nous avons lanc\u00e9 une grande op\u00e9ration \u00ab\u00a0pratique et apprentissage de la langue fran\u00e7aise\u00a0\u00bb, soutenue par l&rsquo;Institut Fran\u00e7ais de Su\u00e8de. L\u2019objectif est d\u2019accro\u00eetre l\u2019int\u00e9r\u00eat\u2026","_links":{"self":[{"href":"https:\/\/alliancefr.se\/orebro\/wp-json\/wp\/v2\/pages\/10295","targetHints":{"allow":["GET"]}}],"collection":[{"href":"https:\/\/alliancefr.se\/orebro\/wp-json\/wp\/v2\/pages"}],"about":[{"href":"https:\/\/alliancefr.se\/orebro\/wp-json\/wp\/v2\/types\/page"}],"author":[{"embeddable":true,"href":"https:\/\/alliancefr.se\/orebro\/wp-json\/wp\/v2\/users\/3"}],"replies":[{"embeddable":true,"href":"https:\/\/alliancefr.se\/orebro\/wp-json\/wp\/v2\/comments?post=10295"}],"version-history":[{"count":41,"href":"https:\/\/alliancefr.se\/orebro\/wp-json\/wp\/v2\/pages\/10295\/revisions"}],"predecessor-version":[{"id":16000,"href":"https:\/\/alliancefr.se\/orebro\/wp-json\/wp\/v2\/pages\/10295\/revisions\/16000"}],"wp:attachment":[{"href":"https:\/\/alliancefr.se\/orebro\/wp-json\/wp\/v2\/media?parent=10295"}],"curies":[{"name":"wp","href":"https:\/\/api.w.org\/{rel}","templated":true}]}}