{"id":1008,"date":"2015-05-13T13:31:51","date_gmt":"2015-05-13T11:31:51","guid":{"rendered":"http:\/\/alliancefr.se\/orebro4\/cinema-et-tv\/"},"modified":"2023-10-05T18:07:13","modified_gmt":"2023-10-05T16:07:13","slug":"cinema-et-tv","status":"publish","type":"page","link":"https:\/\/alliancefr.se\/orebro\/cinema-et-tv\/","title":{"rendered":"Ressources: Cin\u00e9ma et TV"},"content":{"rendered":"<p style=\"text-align: center\">\u00a0Vous trouverez dans cette rubrique une s\u00e9lection de liens vers des sites authentiques sur le th\u00e8me du cin\u00e9ma et de la t\u00e9l\u00e9vision, pouvant servir de ressources efficaces pour commencer ou am\u00e9liorer votre fran\u00e7ais.<\/p>\n<p>&nbsp;<\/p>\n<h3 style=\"text-align: center\">TV5 Monde<\/h3>\n<p style=\"text-align: center\"><a href=\"http:\/\/www.tv5monde.com\/\" target=\"_blank\" rel=\"noopener\">http:\/\/www.tv5monde.com\/<\/a><\/p>\n<p style=\"text-align: center\">Sur TV5 monde, vous pourrez regarder un grand nombre d\u2019\u00e9missions TV et radio francophones\u00a0! Il y en a pour toute la famille !<\/p>\n<h3 style=\"text-align: center\">Allocin\u00e9<\/h3>\n<p style=\"text-align: center\"><a href=\"http:\/\/www.allocine.fr\" target=\"_blank\" rel=\"noopener\">http:\/\/www.allocine.fr<\/a><\/p>\n<p style=\"text-align: center\">Sur Allocin\u00e9, on trouve toutes les infos disponibles sur les films fran\u00e7ais ou \u00e9trangers, et un grand nombre de vid\u00e9os bonus. Un site de r\u00e9f\u00e9rence en France<\/p>\n<h3 style=\"text-align: center\">Premi\u00e8re<\/h3>\n<p style=\"text-align: center\"><a href=\"http:\/\/www.premiere.fr\" target=\"_blank\" rel=\"noopener\">http:\/\/www.premiere.fr<\/a><\/p>\n<p style=\"text-align: center\">Premi\u00e8re est l\u2019un des principaux mensuels sp\u00e9cialis\u00e9s dans le cin\u00e9ma en France. Vous y trouverez des dossiers th\u00e9matiques sur le cin\u00e9ma, des articles, mais aussi du contenu vid\u00e9o avec Premi\u00e8re TV<\/p>\n<h3 style=\"text-align: center\">Le Tube<\/h3>\n<p style=\"text-align: center\"><a href=\"http:\/\/www.canalplus.fr\/c-emissions\/c-le-tube\/pid7542-le-tube.html\" target=\"_blank\" rel=\"noopener\">http:\/\/www.canalplus.fr\/c-emissions\/c-le-tube\/pid7542-le-tube.html<\/a><\/p>\n<p style=\"text-align: center\">Chaque semaine sur Canal+, Le Tube d\u00e9crypte l&rsquo;actualit\u00e9 TV et m\u00e9dias avec des interviews et des reportages dans un langage clair et accessible<\/p>\n<h3 style=\"text-align: center\">INA<\/h3>\n<p style=\"text-align: center\"><a href=\"http:\/\/www.ina.fr\/\" target=\"_blank\" rel=\"noopener\">http:\/\/www.ina.fr\/<\/a><\/p>\n<p style=\"text-align: center\">L&rsquo;Institut National de l&rsquo;Audiovisuel propose un site tr\u00e8s complet et des milliers d&rsquo;heures d&rsquo;archives t\u00e9l\u00e9visuelles, qu&rsquo;il est possible de consulter par th\u00e8me<\/p>\n<h3 style=\"text-align: center\">CNC<\/h3>\n<p style=\"text-align: center\"><a href=\"http:\/\/www.cnc.fr\/web\/fr\/dossiers-pedagogiques\">http:\/\/www.cnc.fr\/web\/fr\/dossiers-pedagogiques<\/a><\/p>\n<p style=\"text-align: center\">Le Centre National du cin\u00e9ma met \u00e0 disposition des dossiers d&rsquo;analyse de grands films fran\u00e7ais, francophones et \u00e9trangers. Id\u00e9al pour se documenter en fran\u00e7ais, o\u00f9 pour aborder le cin\u00e9ma en cours de fran\u00e7ais<\/p>\n","protected":false},"excerpt":{"rendered":"<p>\u00a0Vous trouverez dans cette rubrique une s\u00e9lection de liens vers des sites authentiques sur le th\u00e8me du cin\u00e9ma et de la t\u00e9l\u00e9vision, pouvant servir de ressources efficaces pour commencer ou am\u00e9liorer votre fran\u00e7ais. &nbsp; TV5 Monde http:\/\/www.tv5monde.com\/ Sur TV5 monde, vous pourrez regarder un grand nombre d\u2019\u00e9missions TV et radio francophones\u00a0! Il y en a pour toute la famille ! Allocin\u00e9 http:\/\/www.allocine.fr Sur Allocin\u00e9, on trouve toutes les infos disponibles sur les films fran\u00e7ais ou \u00e9trangers, et un grand nombre de vid\u00e9os bonus. Un site de r\u00e9f\u00e9rence en France Premi\u00e8re http:\/\/www.premiere.fr Premi\u00e8re est l\u2019un des principaux mensuels sp\u00e9cialis\u00e9s dans le cin\u00e9ma en France. Vous y trouverez des dossiers th\u00e9matiques sur le cin\u00e9ma, des articles, mais aussi du contenu vid\u00e9o avec Premi\u00e8re TV Le Tube http:\/\/www.canalplus.fr\/c-emissions\/c-le-tube\/pid7542-le-tube.html Chaque semaine sur Canal+, Le Tube d\u00e9crypte l&rsquo;actualit\u00e9 TV et m\u00e9dias avec des interviews et des reportages dans un langage clair et accessible INA http:\/\/www.ina.fr\/ L&rsquo;Institut National de l&rsquo;Audiovisuel propose un site tr\u00e8s complet et des milliers d&rsquo;heures d&rsquo;archives t\u00e9l\u00e9visuelles, qu&rsquo;il est possible de consulter par th\u00e8me CNC http:\/\/www.cnc.fr\/web\/fr\/dossiers-pedagogiques Le Centre National du cin\u00e9ma met \u00e0 disposition des dossiers d&rsquo;analyse de grands films fran\u00e7ais, francophones et \u00e9trangers. Id\u00e9al pour se documenter en fran\u00e7ais, o\u00f9 pour aborder le cin\u00e9ma en cours de fran\u00e7ais<\/p>\n","protected":false},"author":1,"featured_media":0,"parent":0,"menu_order":0,"comment_status":"closed","ping_status":"closed","template":"","meta":{"om_disable_all_campaigns":false,"_monsterinsights_skip_tracking":false,"_monsterinsights_sitenote_active":false,"_monsterinsights_sitenote_note":"","_monsterinsights_sitenote_category":0,"_uf_show_specific_survey":0,"_uf_disable_surveys":false,"footnotes":""},"class_list":["post-1008","page","type-page","status-publish","hentry"],"aioseo_notices":[],"rttpg_featured_image_url":null,"rttpg_author":{"display_name":"Super.admin","author_link":"https:\/\/alliancefr.se\/orebro\/author\/admin2174\/"},"rttpg_comment":0,"rttpg_category":" <a href=\"https:\/\/alliancefr.se\/orebro\/\" rel=\"tag\">Fran\u00e7ais<\/a>","rttpg_excerpt":"\u00a0Vous trouverez dans cette rubrique une s\u00e9lection de liens vers des sites authentiques sur le th\u00e8me du cin\u00e9ma et de la t\u00e9l\u00e9vision, pouvant servir de ressources efficaces pour commencer ou am\u00e9liorer votre fran\u00e7ais. &nbsp; TV5 Monde http:\/\/www.tv5monde.com\/ Sur TV5 monde, vous pourrez regarder un grand nombre d\u2019\u00e9missions TV et radio francophones\u00a0! Il y en a\u2026","_links":{"self":[{"href":"https:\/\/alliancefr.se\/orebro\/wp-json\/wp\/v2\/pages\/1008","targetHints":{"allow":["GET"]}}],"collection":[{"href":"https:\/\/alliancefr.se\/orebro\/wp-json\/wp\/v2\/pages"}],"about":[{"href":"https:\/\/alliancefr.se\/orebro\/wp-json\/wp\/v2\/types\/page"}],"author":[{"embeddable":true,"href":"https:\/\/alliancefr.se\/orebro\/wp-json\/wp\/v2\/users\/1"}],"replies":[{"embeddable":true,"href":"https:\/\/alliancefr.se\/orebro\/wp-json\/wp\/v2\/comments?post=1008"}],"version-history":[{"count":1,"href":"https:\/\/alliancefr.se\/orebro\/wp-json\/wp\/v2\/pages\/1008\/revisions"}],"predecessor-version":[{"id":9327,"href":"https:\/\/alliancefr.se\/orebro\/wp-json\/wp\/v2\/pages\/1008\/revisions\/9327"}],"wp:attachment":[{"href":"https:\/\/alliancefr.se\/orebro\/wp-json\/wp\/v2\/media?parent=1008"}],"curies":[{"name":"wp","href":"https:\/\/api.w.org\/{rel}","templated":true}]}}