{"id":74,"date":"2023-11-06T19:33:36","date_gmt":"2023-11-06T18:33:36","guid":{"rendered":"https:\/\/alliancefr.se\/nykoping\/program-och-aktiviteter\/"},"modified":"2025-11-03T17:19:44","modified_gmt":"2025-11-03T16:19:44","slug":"program-och-aktiviteter","status":"publish","type":"page","link":"https:\/\/alliancefr.se\/nykoping\/sv\/program-och-aktiviteter\/","title":{"rendered":"Program och aktiviteter"},"content":{"rendered":"\t\t<div data-elementor-type=\"wp-page\" data-elementor-id=\"74\" class=\"elementor elementor-74\">\n\t\t\t\t\t\t<section class=\"elementor-section elementor-top-section elementor-element elementor-element-da7eba0 elementor-section-boxed elementor-section-height-default elementor-section-height-default\" data-id=\"da7eba0\" data-element_type=\"section\">\n\t\t\t\t\t\t<div class=\"elementor-container elementor-column-gap-default\">\n\t\t\t\t\t<div class=\"elementor-column elementor-col-100 elementor-top-column elementor-element elementor-element-51672b4\" data-id=\"51672b4\" data-element_type=\"column\">\n\t\t\t<div class=\"elementor-widget-wrap elementor-element-populated\">\n\t\t\t\t\t\t<div class=\"elementor-element elementor-element-fe2c27c elementor-widget-divider--view-line elementor-widget elementor-widget-divider\" data-id=\"fe2c27c\" data-element_type=\"widget\" data-widget_type=\"divider.default\">\n\t\t\t\t<div class=\"elementor-widget-container\">\n\t\t\t\t\t\t\t<div class=\"elementor-divider\">\n\t\t\t<span class=\"elementor-divider-separator\">\n\t\t\t\t\t\t<\/span>\n\t\t<\/div>\n\t\t\t\t\t\t<\/div>\n\t\t\t\t<\/div>\n\t\t\t\t\t<\/div>\n\t\t<\/div>\n\t\t\t\t\t<\/div>\n\t\t<\/section>\n\t\t\t\t<section class=\"elementor-section elementor-top-section elementor-element elementor-element-6e40388 elementor-section-boxed elementor-section-height-default elementor-section-height-default\" data-id=\"6e40388\" data-element_type=\"section\">\n\t\t\t\t\t\t<div class=\"elementor-container elementor-column-gap-default\">\n\t\t\t\t\t<div class=\"elementor-column elementor-col-100 elementor-top-column elementor-element elementor-element-1ba1254\" data-id=\"1ba1254\" data-element_type=\"column\">\n\t\t\t<div class=\"elementor-widget-wrap elementor-element-populated\">\n\t\t\t\t\t\t<div class=\"elementor-element elementor-element-28b10fd elementor-widget elementor-widget-heading\" data-id=\"28b10fd\" data-element_type=\"widget\" data-widget_type=\"heading.default\">\n\t\t\t\t<div class=\"elementor-widget-container\">\n\t\t\t\t\t<h2 class=\"elementor-heading-title elementor-size-default\">H\u00d6STPROGRAM 2025<\/h2>\t\t\t\t<\/div>\n\t\t\t\t<\/div>\n\t\t\t\t\t<\/div>\n\t\t<\/div>\n\t\t\t\t\t<\/div>\n\t\t<\/section>\n\t\t\t\t<section class=\"elementor-section elementor-top-section elementor-element elementor-element-10920be elementor-section-boxed elementor-section-height-default elementor-section-height-default\" data-id=\"10920be\" data-element_type=\"section\">\n\t\t\t\t\t\t<div class=\"elementor-container elementor-column-gap-default\">\n\t\t\t\t\t<div class=\"elementor-column elementor-col-100 elementor-top-column elementor-element elementor-element-9f646f4\" data-id=\"9f646f4\" data-element_type=\"column\">\n\t\t\t<div class=\"elementor-widget-wrap elementor-element-populated\">\n\t\t\t\t\t\t<div class=\"elementor-element elementor-element-fd1477b elementor-widget elementor-widget-text-editor\" data-id=\"fd1477b\" data-element_type=\"widget\" data-widget_type=\"text-editor.default\">\n\t\t\t\t<div class=\"elementor-widget-container\">\n\t\t\t\t\t\t\t\t\t<p data-start=\"178\" data-end=\"258\">\u00a0<\/p><p data-start=\"178\" data-end=\"258\"><img decoding=\"async\" class=\"size-thumbnail wp-image-350 aligncenter\" src=\"http:\/\/alliancefr.se\/nykoping\/wp-content\/uploads\/sites\/12\/2025\/11\/Capture-decran-2025-11-03-a-16.25.13-150x150.png\" alt=\"\" width=\"150\" height=\"150\" \/><\/p><p data-start=\"178\" data-end=\"258\">Nedan presenterar vi h\u00f6stens evenemang 2025 f\u00f6r Alliance Fran\u00e7aise i Nyk\u00f6ping.<\/p><ol><li data-start=\"263\" data-end=\"339\">F\u00f6rel\u00e4sning av Alicia Rames: \u201dDe tre musket\u00f6rerna: hj\u00e4ltar eller skurkar?\u201d<\/li><\/ol><p data-start=\"341\" data-end=\"470\"><strong data-start=\"341\" data-end=\"351\">Datum:<\/strong> torsdag 27 november<br data-start=\"371\" data-end=\"374\" \/><strong data-start=\"374\" data-end=\"382\">Tid:<\/strong> 18.00<br data-start=\"388\" data-end=\"391\" \/><strong data-start=\"391\" data-end=\"401\">Plats:<\/strong> Kunskapsskolan, Bagaregatan 6<br data-start=\"431\" data-end=\"434\" \/><strong data-start=\"434\" data-end=\"443\">Pris:<\/strong> 50 KR f\u00f6r icke-medlemmar<\/p><p data-start=\"472\" data-end=\"753\">Alicia Rames, som har en masterexamen i fransk litteratur och lingvistik med inriktning p\u00e5 j\u00e4mf\u00f6rande litteraturvetenskap fr\u00e5n Universit\u00e9 Toulouse \u2013 Jean Jaur\u00e8s, har skrivit en uppsats med titeln:<br data-start=\"668\" data-end=\"671\" \/>\u201dFr\u00e5n roman till scen: kostymer och rekvisita i n\u00e5gra samtida teateradaptioner\u201d.<\/p><p data-start=\"755\" data-end=\"945\">Hon \u00e4r volont\u00e4r i civiltj\u00e4nst vid Alliance Fran\u00e7aise i \u00d6rebro och g\u00f6r oss den \u00e4ran att komma och h\u00e5lla en f\u00f6rel\u00e4sning p\u00e5 franska med titeln:<br data-start=\"895\" data-end=\"898\" \/>\u201dDe tre musket\u00f6rerna: hj\u00e4ltar eller skurkar?\u201d<\/p><p data-start=\"947\" data-end=\"1119\">F\u00f6rel\u00e4sningen kommer att presentera f\u00f6rfattaren Alexandre Dumas, hans ber\u00f6mda roman <strong data-start=\"1031\" data-end=\"1054\">De tre musket\u00f6rerna<\/strong>, samt en ny syn p\u00e5 dessa hj\u00e4ltar som vi tror oss k\u00e4nna s\u00e5 v\u00e4l.<\/p><p data-start=\"1121\" data-end=\"1187\">Kv\u00e4llen forts\u00e4tter med en liten gemytlig m\u00e5ltid med ost och vin!<\/p>\t\t\t\t\t\t\t\t<\/div>\n\t\t\t\t<\/div>\n\t\t\t\t\t<\/div>\n\t\t<\/div>\n\t\t\t\t\t<\/div>\n\t\t<\/section>\n\t\t\t\t<section class=\"elementor-section elementor-top-section elementor-element elementor-element-1ede16b elementor-section-boxed elementor-section-height-default elementor-section-height-default\" data-id=\"1ede16b\" data-element_type=\"section\">\n\t\t\t\t\t\t<div class=\"elementor-container elementor-column-gap-default\">\n\t\t\t\t\t<div class=\"elementor-column elementor-col-100 elementor-top-column elementor-element elementor-element-251a0a8\" data-id=\"251a0a8\" data-element_type=\"column\">\n\t\t\t<div class=\"elementor-widget-wrap elementor-element-populated\">\n\t\t\t\t\t\t<div class=\"elementor-element elementor-element-3a6c9d2 elementor-widget elementor-widget-text-editor\" data-id=\"3a6c9d2\" data-element_type=\"widget\" data-widget_type=\"text-editor.default\">\n\t\t\t\t<div class=\"elementor-widget-container\">\n\t\t\t\t\t\t\t\t\t<p data-start=\"1118\" data-end=\"1205\"><img decoding=\"async\" class=\"alignnone size-thumbnail wp-image-351 aligncenter\" src=\"http:\/\/alliancefr.se\/nykoping\/wp-content\/uploads\/sites\/12\/2025\/11\/Capture-decran-2025-11-03-a-16.38.10-150x150.png\" alt=\"\" width=\"150\" height=\"150\" \/><\/p><p data-start=\"1118\" data-end=\"1205\"><span style=\"letter-spacing: 0px;\">2. F\u00f6rel\u00e4sning av Eva-Lena Bard: \u201dSlaget vid Hastings ber\u00e4ttat med broderi storytelling\u201d<\/span><\/p><p data-start=\"1207\" data-end=\"1336\"><strong data-start=\"1207\" data-end=\"1217\">Datum:<\/strong> torsdag 11 december<br data-start=\"1237\" data-end=\"1240\" \/><strong data-start=\"1240\" data-end=\"1248\">Tid:<\/strong> 18.00<br data-start=\"1254\" data-end=\"1257\" \/><strong data-start=\"1257\" data-end=\"1267\">Plats:<\/strong> Kunskapsskolan, Bagaregatan 6<br data-start=\"1297\" data-end=\"1300\" \/><strong data-start=\"1300\" data-end=\"1309\">Pris:<\/strong> 50 KR f\u00f6r icke-medlemmar<\/p><p data-start=\"1338\" data-end=\"1502\">Eva-Lena Bard, ordf\u00f6rande f\u00f6r Alliance Fran\u00e7aise i Link\u00f6ping, kommer att h\u00e5lla en f\u00f6rel\u00e4sning om <strong data-start=\"1435\" data-end=\"1458\">slaget vid Hastings<\/strong>, ber\u00e4ttat genom <strong data-start=\"1475\" data-end=\"1499\">broderi storytelling<\/strong>.<\/p><p data-start=\"1504\" data-end=\"1729\">Hon kommer att ber\u00e4tta om <strong data-start=\"1530\" data-end=\"1580\">Vilhelm Er\u00f6vraren och hans normandiska trupper<\/strong>, hur historien f\u00f6rmedlas och vad vi kan l\u00e4ra oss av den idag. En <strong data-start=\"1646\" data-end=\"1660\">j\u00e4mf\u00f6relse<\/strong> kommer ocks\u00e5 att g\u00f6ras med <strong data-start=\"1688\" data-end=\"1726\">Britta Marakatt-Labbas broderiverk<\/strong>.<\/p><p data-start=\"1731\" data-end=\"1797\">Kv\u00e4llen forts\u00e4tter med en liten gemytlig m\u00e5ltid med ost och vin!<\/p>\t\t\t\t\t\t\t\t<\/div>\n\t\t\t\t<\/div>\n\t\t\t\t\t<\/div>\n\t\t<\/div>\n\t\t\t\t\t<\/div>\n\t\t<\/section>\n\t\t\t\t<section class=\"elementor-section elementor-top-section elementor-element elementor-element-f78e76b elementor-section-boxed elementor-section-height-default elementor-section-height-default\" data-id=\"f78e76b\" data-element_type=\"section\">\n\t\t\t\t\t\t<div class=\"elementor-container elementor-column-gap-default\">\n\t\t\t\t\t<div class=\"elementor-column elementor-col-100 elementor-top-column elementor-element elementor-element-41562a8\" data-id=\"41562a8\" data-element_type=\"column\">\n\t\t\t<div class=\"elementor-widget-wrap elementor-element-populated\">\n\t\t\t\t\t\t<div class=\"elementor-element elementor-element-cc8ff46 elementor-widget elementor-widget-text-editor\" data-id=\"cc8ff46\" data-element_type=\"widget\" data-widget_type=\"text-editor.default\">\n\t\t\t\t<div class=\"elementor-widget-container\">\n\t\t\t\t\t\t\t\t\t<h3 style=\"text-align: center;\"><strong>V\u00c5RPROGRAM 2025<\/strong><br data-start=\"60\" data-end=\"63\" \/><strong>f\u00f6r Alliance Fran\u00e7aise i Nyk\u00f6ping<\/strong><\/h3><p>Vi presenterar <strong>v\u00e5rens evenemang<\/strong> f\u00f6r Alliance Fran\u00e7aise i Nyk\u00f6ping:<\/p><h6><strong>1) Tisdag\/Mardi le 4 mars 18H00 Kunskapsskolan, Bagaregatan 6<\/strong><\/h6><p><strong>\u201dLes \u00e9pices qui font vibrer la Parfumerie\u201d<\/strong> (p\u00e5 franska), av <strong>Fanny Jerlstr\u00f6m<\/strong>, tidigare medlem och uppskattad f\u00f6rel\u00e4sare, samt medlem i Alliance Fran\u00e7aise i Stockholm.<\/p><h6><br \/><strong>2) Onsdag\/Mercredi le 12 mars 18H00 Kunskapskolan, Bagaregatan 6<\/strong><\/h6><p><strong>\u201dLa culture du m\u00e9tissage en France\u201d<\/strong> (p\u00e5 franska), av <strong>S\u00e9phora Salmi<\/strong>, fransk volont\u00e4r vid Alliance Fran\u00e7aise i \u00d6rebro.<\/p><p>\u00ab\u00a0En central fr\u00e5ga i det franska samh\u00e4llet idag \u00e4r m\u00e5ngkultur, det vill s\u00e4ga blandningen av kulturer och etniciteter. Det \u00e4r en del av Frankrikes historia och arv. Inte bara i Frankrike, utan \u00e4ven i de franska utomeuropeiska territorierna, s\u00e4rskilt p\u00e5 \u00f6n La R\u00e9union, d\u00e4r denna m\u00e5ngfald pr\u00e4glar b\u00e5de identitet och rykte. F\u00f6lj med p\u00e5 en resa f\u00f6r att uppt\u00e4cka m\u00e5ngkulturens r\u00f6tter, dess kulturella uttryck och dess betydelse i dagens Frankrike.\u00a0\u00bb<\/p><p>Vi f\u00e5r h\u00f6ra hur det historiska arvet och m\u00e5ngfalden i det franska samh\u00e4llet och kulturen p\u00e5verkat utvecklingen i Frankrike fram till dagens situation och levnadsf\u00f6rh\u00e5llanden<br \/>En avril-mai la date vous sera annonc\u00e9e plus tard.<\/p><h6>\u00a0<\/h6><h6><strong>3) \u201dLe climat politique en France\u201d, <\/strong>av <strong>Bruno Rebillon<\/strong>, fransk-svensk professor.<\/h6><p>Det politiska klimatet i Frankrike. Bruno Rebillon ger en \u00f6verblick \u00f6ver det politiska klimatet i Frankrike just nu.<\/p><h6><br \/><strong>4) L\u00f6rdag\/Samedi 10 mai 13H00 V\u00e5rutflykt med deltagare fr\u00e5n Alliance Fran\u00e7aise i Link\u00f6ping, Norrk\u00f6ping och Nyk\u00f6ping<\/strong><\/h6><p>En <strong>guidad visning av Vadstena slott<\/strong> (p\u00e5 franska).<\/p><ul><li>Deltagarna tar sig p\u00e5 egen hand till Vadstena med bil eller buss (sam\u00e5kning m\u00f6jlig).<\/li><li>Efter visningen bes\u00f6ker vi ett av Vadstenas caf\u00e9er.<\/li><\/ul><p>En guidad visning av Vadstena slott,<br \/>Deltagarna reser p\u00e5 egen hand med bil eller buss till Vadstena (sam\u00e5ker) Efter guidningen bes\u00f6ker vi ett av Vadstenas caf\u00e9er.<\/p><p>Den guidade visningen kostar 135:- f\u00f6r pension\u00e4rer och 145:- f\u00f6r vuxna. Den vara cirka 1 timma och 15 minuter. <br \/>Vi vill g\u00f6ra er uppm\u00e4rksamma p\u00e5 de m\u00e5nga trapporna upp i slottet.<br \/>Anm\u00e4lan till AF Link\u00f6ping: <a href=\"mailto:kenneth.anderini@telia.com\">kenneth.anderini@telia.com<\/a> senast 7 maj<\/p><p>\u00a0<\/p><p>Varmt v\u00e4lkomna!<br \/>Le comit\u00e9.<\/p><p>Anne Silfverski\u00f6ld tel : 0731 57 81 21 <br \/>Mail : <a href=\"mailto:anne.silfverskiold@regionsormland.se\">anne.silfverskiold@regionsormland.se<\/a><\/p>\t\t\t\t\t\t\t\t<\/div>\n\t\t\t\t<\/div>\n\t\t\t\t\t<\/div>\n\t\t<\/div>\n\t\t\t\t\t<\/div>\n\t\t<\/section>\n\t\t\t\t<\/div>\n\t\t","protected":false},"excerpt":{"rendered":"<p>H\u00d6STPROGRAM 2025 \u00a0 Nedan presenterar vi h\u00f6stens evenemang 2025 f\u00f6r Alliance Fran\u00e7aise i Nyk\u00f6ping. F\u00f6rel\u00e4sning av Alicia Rames: \u201dDe tre musket\u00f6rerna: hj\u00e4ltar eller skurkar?\u201d Datum: torsdag 27 novemberTid: 18.00Plats: Kunskapsskolan, Bagaregatan 6Pris: 50 KR f\u00f6r icke-medlemmar Alicia Rames, som har en masterexamen i fransk litteratur och lingvistik med inriktning p\u00e5 j\u00e4mf\u00f6rande litteraturvetenskap fr\u00e5n Universit\u00e9 Toulouse \u2013 Jean Jaur\u00e8s, har skrivit en uppsats med titeln:\u201dFr\u00e5n roman till scen: kostymer och rekvisita i n\u00e5gra samtida teateradaptioner\u201d. Hon \u00e4r volont\u00e4r i civiltj\u00e4nst vid Alliance Fran\u00e7aise i \u00d6rebro och g\u00f6r oss den \u00e4ran att komma och h\u00e5lla en f\u00f6rel\u00e4sning p\u00e5 franska med titeln:\u201dDe tre musket\u00f6rerna: hj\u00e4ltar eller skurkar?\u201d F\u00f6rel\u00e4sningen kommer att presentera f\u00f6rfattaren Alexandre Dumas, hans ber\u00f6mda roman De tre musket\u00f6rerna, samt en ny syn p\u00e5 dessa hj\u00e4ltar som vi tror oss k\u00e4nna s\u00e5 v\u00e4l. Kv\u00e4llen forts\u00e4tter med en liten gemytlig m\u00e5ltid med ost och vin! 2. F\u00f6rel\u00e4sning av Eva-Lena Bard: \u201dSlaget vid Hastings ber\u00e4ttat med broderi storytelling\u201d Datum: torsdag 11 decemberTid: 18.00Plats: Kunskapsskolan, Bagaregatan 6Pris: 50 KR f\u00f6r icke-medlemmar Eva-Lena Bard, ordf\u00f6rande f\u00f6r Alliance Fran\u00e7aise i Link\u00f6ping, kommer att h\u00e5lla en f\u00f6rel\u00e4sning om slaget vid Hastings, ber\u00e4ttat genom broderi storytelling. Hon kommer att ber\u00e4tta om Vilhelm Er\u00f6vraren och hans normandiska trupper, hur historien f\u00f6rmedlas och vad vi kan l\u00e4ra oss av den idag. En j\u00e4mf\u00f6relse kommer ocks\u00e5 att g\u00f6ras med Britta Marakatt-Labbas broderiverk. Kv\u00e4llen forts\u00e4tter med en liten gemytlig m\u00e5ltid med ost och vin! V\u00c5RPROGRAM 2025f\u00f6r Alliance Fran\u00e7aise i Nyk\u00f6ping Vi presenterar v\u00e5rens evenemang f\u00f6r Alliance Fran\u00e7aise i Nyk\u00f6ping: 1) Tisdag\/Mardi le 4 mars 18H00 Kunskapsskolan, Bagaregatan 6 \u201dLes \u00e9pices qui font vibrer la Parfumerie\u201d (p\u00e5 franska), av Fanny Jerlstr\u00f6m, tidigare medlem och uppskattad f\u00f6rel\u00e4sare, samt medlem i Alliance Fran\u00e7aise i Stockholm. 2) Onsdag\/Mercredi le 12 mars 18H00 Kunskapskolan, Bagaregatan 6 \u201dLa culture du m\u00e9tissage en France\u201d (p\u00e5 franska), av S\u00e9phora Salmi, fransk volont\u00e4r vid Alliance Fran\u00e7aise i \u00d6rebro. \u00ab\u00a0En central fr\u00e5ga i det franska samh\u00e4llet idag \u00e4r m\u00e5ngkultur, det vill s\u00e4ga blandningen av kulturer och etniciteter. Det \u00e4r en del av Frankrikes historia och arv. Inte bara i Frankrike, utan \u00e4ven i de franska utomeuropeiska territorierna, s\u00e4rskilt p\u00e5 \u00f6n La R\u00e9union, d\u00e4r denna m\u00e5ngfald pr\u00e4glar b\u00e5de identitet och rykte. F\u00f6lj med p\u00e5 en resa f\u00f6r att uppt\u00e4cka m\u00e5ngkulturens r\u00f6tter, dess kulturella uttryck och dess betydelse i dagens Frankrike.\u00a0\u00bb Vi f\u00e5r h\u00f6ra hur det historiska arvet och m\u00e5ngfalden i det franska samh\u00e4llet och kulturen p\u00e5verkat utvecklingen i Frankrike fram till dagens situation och levnadsf\u00f6rh\u00e5llandenEn avril-mai la date vous sera annonc\u00e9e plus tard. \u00a0 3) \u201dLe climat politique en France\u201d, av Bruno Rebillon, fransk-svensk professor. Det politiska klimatet i Frankrike. Bruno Rebillon ger en \u00f6verblick \u00f6ver det politiska klimatet i Frankrike just nu. 4) L\u00f6rdag\/Samedi 10 mai 13H00 V\u00e5rutflykt med deltagare fr\u00e5n Alliance Fran\u00e7aise i Link\u00f6ping, Norrk\u00f6ping och Nyk\u00f6ping En guidad visning av Vadstena slott (p\u00e5 franska). Deltagarna tar sig p\u00e5 egen hand till Vadstena med bil eller buss (sam\u00e5kning m\u00f6jlig). Efter visningen bes\u00f6ker vi ett av Vadstenas caf\u00e9er. En guidad visning av Vadstena slott,Deltagarna reser p\u00e5 egen hand med bil eller buss till Vadstena (sam\u00e5ker) Efter guidningen bes\u00f6ker vi ett av Vadstenas caf\u00e9er. Den guidade visningen kostar 135:- f\u00f6r pension\u00e4rer och 145:- f\u00f6r vuxna. Den vara cirka 1 timma och 15 minuter. Vi vill g\u00f6ra er uppm\u00e4rksamma p\u00e5 de m\u00e5nga trapporna upp i slottet.Anm\u00e4lan till AF Link\u00f6ping: kenneth.anderini@telia.com senast 7 maj \u00a0 Varmt v\u00e4lkomna!Le comit\u00e9. Anne Silfverski\u00f6ld tel : 0731 57 81 21 Mail : anne.silfverskiold@regionsormland.se<\/p>\n","protected":false},"author":1,"featured_media":0,"parent":0,"menu_order":0,"comment_status":"closed","ping_status":"closed","template":"","meta":{"om_disable_all_campaigns":false,"_monsterinsights_skip_tracking":false,"_monsterinsights_sitenote_active":false,"_monsterinsights_sitenote_note":"","_monsterinsights_sitenote_category":0,"_uf_show_specific_survey":0,"_uf_disable_surveys":false,"footnotes":""},"class_list":["post-74","page","type-page","status-publish","hentry"],"aioseo_notices":[],"rttpg_featured_image_url":null,"rttpg_author":{"display_name":"Super.admin","author_link":"https:\/\/alliancefr.se\/nykoping\/author\/admin2174\/"},"rttpg_comment":0,"rttpg_category":" <a href=\"https:\/\/alliancefr.se\/nykoping\/sv\/\" rel=\"tag\">Svenska<\/a>","rttpg_excerpt":"H\u00d6STPROGRAM 2025 \u00a0 Nedan presenterar vi h\u00f6stens evenemang 2025 f\u00f6r Alliance Fran\u00e7aise i Nyk\u00f6ping. F\u00f6rel\u00e4sning av Alicia Rames: \u201dDe tre musket\u00f6rerna: hj\u00e4ltar eller skurkar?\u201d Datum: torsdag 27 novemberTid: 18.00Plats: Kunskapsskolan, Bagaregatan 6Pris: 50 KR f\u00f6r icke-medlemmar Alicia Rames, som har en masterexamen i fransk litteratur och lingvistik med inriktning p\u00e5 j\u00e4mf\u00f6rande litteraturvetenskap fr\u00e5n Universit\u00e9 Toulouse\u2026","_links":{"self":[{"href":"https:\/\/alliancefr.se\/nykoping\/wp-json\/wp\/v2\/pages\/74","targetHints":{"allow":["GET"]}}],"collection":[{"href":"https:\/\/alliancefr.se\/nykoping\/wp-json\/wp\/v2\/pages"}],"about":[{"href":"https:\/\/alliancefr.se\/nykoping\/wp-json\/wp\/v2\/types\/page"}],"author":[{"embeddable":true,"href":"https:\/\/alliancefr.se\/nykoping\/wp-json\/wp\/v2\/users\/1"}],"replies":[{"embeddable":true,"href":"https:\/\/alliancefr.se\/nykoping\/wp-json\/wp\/v2\/comments?post=74"}],"version-history":[{"count":28,"href":"https:\/\/alliancefr.se\/nykoping\/wp-json\/wp\/v2\/pages\/74\/revisions"}],"predecessor-version":[{"id":380,"href":"https:\/\/alliancefr.se\/nykoping\/wp-json\/wp\/v2\/pages\/74\/revisions\/380"}],"wp:attachment":[{"href":"https:\/\/alliancefr.se\/nykoping\/wp-json\/wp\/v2\/media?parent=74"}],"curies":[{"name":"wp","href":"https:\/\/api.w.org\/{rel}","templated":true}]}}