{"id":61,"date":"2023-11-06T19:28:47","date_gmt":"2023-11-06T18:28:47","guid":{"rendered":"https:\/\/alliancefr.se\/nykoping\/om-oss\/"},"modified":"2024-10-02T17:41:56","modified_gmt":"2024-10-02T15:41:56","slug":"om-oss","status":"publish","type":"page","link":"https:\/\/alliancefr.se\/nykoping\/sv\/om-oss\/","title":{"rendered":"Om oss"},"content":{"rendered":"\t\t<div data-elementor-type=\"wp-page\" data-elementor-id=\"61\" class=\"elementor elementor-61\">\n\t\t\t\t\t\t<section class=\"elementor-section elementor-top-section elementor-element elementor-element-25731018 elementor-section-boxed elementor-section-height-default elementor-section-height-default\" data-id=\"25731018\" data-element_type=\"section\">\n\t\t\t\t\t\t<div class=\"elementor-container elementor-column-gap-default\">\n\t\t\t\t\t<div class=\"elementor-column elementor-col-100 elementor-top-column elementor-element elementor-element-1b8fd782\" data-id=\"1b8fd782\" data-element_type=\"column\">\n\t\t\t<div class=\"elementor-widget-wrap elementor-element-populated\">\n\t\t\t\t\t\t<div class=\"elementor-element elementor-element-34894ce7 elementor-widget elementor-widget-text-editor\" data-id=\"34894ce7\" data-element_type=\"widget\" data-widget_type=\"text-editor.default\">\n\t\t\t\t<div class=\"elementor-widget-container\">\n\t\t\t\t\t\t\t\t\t<p>Alliance Fran\u00e7aise i Nyk\u00f6ping grundades 1982 av Jan Verneholt och Wojcieck Sas-Korczynski.<\/p><p>F\u00f6reningen har cirka 35 medlemmar.<\/p><p><strong>Vi tr\u00e4ffas tre g\u00e5nger per termin. Oftast i Kunskapsskolans lokaler, ibland hos Studiefr\u00e4mjandet.<\/strong> Vid st\u00f6rre sammandragningar har vi varit p\u00e5 Culturum eller i NK -villan.<\/p><p>V\u00e5ra f\u00f6redrag \u00e4r oftast p\u00e5 franska\u00a0 men ibland p\u00e5 svenska dock alltid med fransk anknytning. Det kan g\u00e4lla geografi, historia, konst, litteratur, mat eller vin. Varje programkv\u00e4ll serveras efter f\u00f6redraget en liten m\u00e5ltid, f\u00f6rberedd av styrelsemedlemmar.<\/p><p><strong>Alliance Fran\u00e7aise i Nyk\u00f6ping samarbetar med allianserna i Link\u00f6ping och Norrk\u00f6ping d\u00e5 det g\u00e4ller utflykten vi gemensamt f\u00f6retar i maj m\u00e5nad varje v\u00e5r.<\/strong> Det brukar bli bes\u00f6k i en kyrka, ett slott eller annan intressant byggnad eller milj\u00f6. En god m\u00e5ltid h\u00f6r till.<\/p><p>Tveka inte att <a href=\"https:\/\/alliancefr.se\/nykoping\/sv\/kontakt\/\">kontakta oss<\/a> om det franska spr\u00e5ket och frankofoniens kultur intresserar dig! Och<a href=\"https:\/\/alliancefr.se\/nykoping\/sv\/bli-medlem\/\"> klicka h\u00e4r f\u00f6r att bli medlem<\/a> i Alliance.<\/p><p><strong>Styrelsen:<\/strong> <br \/>Anne Silfverski\u00f6ld, ordf\u00f6rande <a href=\"mailto:anne.silfverskiold@regionsormland.se\">anne.silfverskiold@regionsormland.se<\/a> <br \/>Agneta S\u00f6derberg, vice ordf\u00f6rande <a href=\"about:blank\">agneta.soderberg1@yahoo.se<\/a><br \/>Ulla Nordtr\u00f6m, sekreterare <a href=\"mailto:ullasofia@hotmail.com\">ullasofia@hotmail.com<\/a><\/p>\t\t\t\t\t\t\t\t<\/div>\n\t\t\t\t<\/div>\n\t\t\t\t\t<\/div>\n\t\t<\/div>\n\t\t\t\t\t<\/div>\n\t\t<\/section>\n\t\t\t\t<\/div>\n\t\t","protected":false},"excerpt":{"rendered":"<p>Alliance Fran\u00e7aise i Nyk\u00f6ping grundades 1982 av Jan Verneholt och Wojcieck Sas-Korczynski. F\u00f6reningen har cirka 35 medlemmar. Vi tr\u00e4ffas tre g\u00e5nger per termin. Oftast i Kunskapsskolans lokaler, ibland hos Studiefr\u00e4mjandet. Vid st\u00f6rre sammandragningar har vi varit p\u00e5 Culturum eller i NK -villan. V\u00e5ra f\u00f6redrag \u00e4r oftast p\u00e5 franska\u00a0 men ibland p\u00e5 svenska dock alltid med fransk anknytning. Det kan g\u00e4lla geografi, historia, konst, litteratur, mat eller vin. Varje programkv\u00e4ll serveras efter f\u00f6redraget en liten m\u00e5ltid, f\u00f6rberedd av styrelsemedlemmar. Alliance Fran\u00e7aise i Nyk\u00f6ping samarbetar med allianserna i Link\u00f6ping och Norrk\u00f6ping d\u00e5 det g\u00e4ller utflykten vi gemensamt f\u00f6retar i maj m\u00e5nad varje v\u00e5r. Det brukar bli bes\u00f6k i en kyrka, ett slott eller annan intressant byggnad eller milj\u00f6. En god m\u00e5ltid h\u00f6r till. Tveka inte att kontakta oss om det franska spr\u00e5ket och frankofoniens kultur intresserar dig! Och klicka h\u00e4r f\u00f6r att bli medlem i Alliance. Styrelsen: Anne Silfverski\u00f6ld, ordf\u00f6rande anne.silfverskiold@regionsormland.se Agneta S\u00f6derberg, vice ordf\u00f6rande agneta.soderberg1@yahoo.seUlla Nordtr\u00f6m, sekreterare ullasofia@hotmail.com<\/p>\n","protected":false},"author":1,"featured_media":0,"parent":0,"menu_order":0,"comment_status":"closed","ping_status":"closed","template":"","meta":{"om_disable_all_campaigns":false,"_monsterinsights_skip_tracking":false,"_monsterinsights_sitenote_active":false,"_monsterinsights_sitenote_note":"","_monsterinsights_sitenote_category":0,"_uf_show_specific_survey":0,"_uf_disable_surveys":false,"footnotes":""},"class_list":["post-61","page","type-page","status-publish","hentry"],"aioseo_notices":[],"rttpg_featured_image_url":null,"rttpg_author":{"display_name":"Super.admin","author_link":"https:\/\/alliancefr.se\/nykoping\/author\/admin2174\/"},"rttpg_comment":0,"rttpg_category":" <a href=\"https:\/\/alliancefr.se\/nykoping\/sv\/\" rel=\"tag\">Svenska<\/a>","rttpg_excerpt":"Alliance Fran\u00e7aise i Nyk\u00f6ping grundades 1982 av Jan Verneholt och Wojcieck Sas-Korczynski. F\u00f6reningen har cirka 35 medlemmar. Vi tr\u00e4ffas tre g\u00e5nger per termin. Oftast i Kunskapsskolans lokaler, ibland hos Studiefr\u00e4mjandet. Vid st\u00f6rre sammandragningar har vi varit p\u00e5 Culturum eller i NK -villan. V\u00e5ra f\u00f6redrag \u00e4r oftast p\u00e5 franska\u00a0 men ibland p\u00e5 svenska dock alltid med\u2026","_links":{"self":[{"href":"https:\/\/alliancefr.se\/nykoping\/wp-json\/wp\/v2\/pages\/61","targetHints":{"allow":["GET"]}}],"collection":[{"href":"https:\/\/alliancefr.se\/nykoping\/wp-json\/wp\/v2\/pages"}],"about":[{"href":"https:\/\/alliancefr.se\/nykoping\/wp-json\/wp\/v2\/types\/page"}],"author":[{"embeddable":true,"href":"https:\/\/alliancefr.se\/nykoping\/wp-json\/wp\/v2\/users\/1"}],"replies":[{"embeddable":true,"href":"https:\/\/alliancefr.se\/nykoping\/wp-json\/wp\/v2\/comments?post=61"}],"version-history":[{"count":15,"href":"https:\/\/alliancefr.se\/nykoping\/wp-json\/wp\/v2\/pages\/61\/revisions"}],"predecessor-version":[{"id":247,"href":"https:\/\/alliancefr.se\/nykoping\/wp-json\/wp\/v2\/pages\/61\/revisions\/247"}],"wp:attachment":[{"href":"https:\/\/alliancefr.se\/nykoping\/wp-json\/wp\/v2\/media?parent=61"}],"curies":[{"name":"wp","href":"https:\/\/api.w.org\/{rel}","templated":true}]}}