{"id":282,"date":"2024-10-30T17:56:13","date_gmt":"2024-10-30T16:56:13","guid":{"rendered":"https:\/\/alliancefr.se\/nykoping\/?page_id=282"},"modified":"2025-02-18T14:15:09","modified_gmt":"2025-02-18T13:15:09","slug":"arkiv","status":"publish","type":"page","link":"https:\/\/alliancefr.se\/nykoping\/sv\/arkiv\/","title":{"rendered":"Arkiv"},"content":{"rendered":"\t\t<div data-elementor-type=\"wp-page\" data-elementor-id=\"282\" class=\"elementor elementor-282\">\n\t\t\t\t\t\t<section class=\"elementor-section elementor-top-section elementor-element elementor-element-bbcada6 elementor-section-boxed elementor-section-height-default elementor-section-height-default\" data-id=\"bbcada6\" data-element_type=\"section\">\n\t\t\t\t\t\t<div class=\"elementor-container elementor-column-gap-default\">\n\t\t\t\t\t<div class=\"elementor-column elementor-col-100 elementor-top-column elementor-element elementor-element-095377b\" data-id=\"095377b\" data-element_type=\"column\">\n\t\t\t<div class=\"elementor-widget-wrap elementor-element-populated\">\n\t\t\t\t\t\t<div class=\"elementor-element elementor-element-c97c780 elementor-widget elementor-widget-text-editor\" data-id=\"c97c780\" data-element_type=\"widget\" data-widget_type=\"text-editor.default\">\n\t\t\t\t<div class=\"elementor-widget-container\">\n\t\t\t\t\t\t\t\t\t<p>Se nedan arkiven \u00f6ver program och aktiviteter vid Alliance Fran\u00e7aise i Nyk\u00f6ping.<\/p>\t\t\t\t\t\t\t\t<\/div>\n\t\t\t\t<\/div>\n\t\t\t\t\t<\/div>\n\t\t<\/div>\n\t\t\t\t\t<\/div>\n\t\t<\/section>\n\t\t\t\t<section class=\"elementor-section elementor-top-section elementor-element elementor-element-7d0d1bf elementor-section-boxed elementor-section-height-default elementor-section-height-default\" data-id=\"7d0d1bf\" data-element_type=\"section\">\n\t\t\t\t\t\t<div class=\"elementor-container elementor-column-gap-default\">\n\t\t\t\t\t<div class=\"elementor-column elementor-col-100 elementor-top-column elementor-element elementor-element-fb31681\" data-id=\"fb31681\" data-element_type=\"column\">\n\t\t\t<div class=\"elementor-widget-wrap elementor-element-populated\">\n\t\t\t\t\t\t<div class=\"elementor-element elementor-element-45a9850 elementor-widget elementor-widget-text-editor\" data-id=\"45a9850\" data-element_type=\"widget\" data-widget_type=\"text-editor.default\">\n\t\t\t\t<div class=\"elementor-widget-container\">\n\t\t\t\t\t\t\t\t\t<h3><strong>H\u00f6stprogram 2024 f\u00f6r Alliance Fran\u00e7aise i Nyk\u00f6ping:<\/strong><\/h3><p>Vi presenterar h\u00e4rmed h\u00f6stens f\u00f6rel\u00e4sningar f\u00f6r Alliance Fran\u00e7aise i Nyk\u00f6ping.<\/p><h5><strong>1) Onsdagen 2 oktober kl. 18.00, Kunskapsskolan, Bagaregatan 6<\/strong><\/h5><p>Entr\u00e9 f\u00f6r icke-medlemmar: 50 kr<\/p><p><strong>Helena Duch\u00eane<\/strong> h\u00e5ller en f\u00f6rel\u00e4sning om:<br \/><strong>\u00ab\u00a0De franska varuhusens tusen och en ansikten.\u00a0\u00bb<\/strong><\/p><p>Helena \u00e4r utbildad med en master i marknadsf\u00f6ring och strategi med inriktning p\u00e5 detaljhandel fr\u00e5n Universit\u00e9 Paris-Dauphine. Hon arbetar nu som volont\u00e4r inom Civiltj\u00e4nst vid Alliance Fran\u00e7aise i \u00d6rebro.<\/p><p><em><img decoding=\"async\" class=\"size-thumbnail wp-image-249 alignleft\" src=\"http:\/\/alliancefr.se\/nykoping\/wp-content\/uploads\/sites\/12\/2024\/10\/Helena-Duchene-150x150.jpg\" alt=\"\" width=\"150\" height=\"150\" \/>Mellan historia, politik, litteratur, arkitektur och ekonomi t\u00e4cker de franska varuhusen praktiskt taget alla samh\u00e4llets sf\u00e4rer. Under de senaste tre \u00e5rhundradena har de utvecklats och blivit riktiga symboler f\u00f6r den parisiska kulturen. Idag verkar modellen tappa fart p\u00e5 grund av konkurrens fr\u00e5n exempelvis e-handel. L\u00e5t oss tillsammans uppt\u00e4cka hur de franska varuhusen forts\u00e4tter att \u00f6verraska och inspirera oss, som om det var deras f\u00f6rsta dag.<\/em><\/p><h5><strong>2) Onsdagen 13 november kl. 18.00, Kunskapsskolan, Bagaregatan 6<\/strong><\/h5><p>Entr\u00e9 f\u00f6r icke-medlemmar: 50 kr<\/p><p><strong>\u00ab\u00a0Impressionistr\u00f6relsen mellan Normandie och \u00cele-de-France.\u00a0\u00bb<\/strong> <strong>F\u00f6rel\u00e4sning av Alice Boyer<\/strong>.<\/p><p>Alice har tidigare arbetat vid Regionkommitt\u00e9n f\u00f6r Turism i Paris \u00cele-de-France och \u00e4r nu volont\u00e4r inom Civiltj\u00e4nst vid Alliance Fran\u00e7aise i \u00d6rebro.<\/p><p><img decoding=\"async\" class=\" wp-image-248 alignleft\" src=\"http:\/\/alliancefr.se\/nykoping\/wp-content\/uploads\/sites\/12\/2024\/10\/Alice-Boyer-150x150.jpg\" alt=\"\" width=\"156\" height=\"156\" \/><\/p><p><em>\u00c5r 1874 \u00e4gde den f\u00f6rsta impressionistutst\u00e4llningen i historien rum. R\u00f6relsen leddes av framst\u00e5ende konstn\u00e4rer som Claude Monet och Berthe Morisot och str\u00e4ckte sig fr\u00e5n \u00cele-de-France till Normandie. Idag \u00e4r impressionismen en av v\u00e4rldens mest ber\u00f6mda och \u00e4lskade konstn\u00e4rliga r\u00f6relser. De avbildade landskapen, konstn\u00e4rshemmen och museerna vittnar om denna enast\u00e5ende period. Uppt\u00e4ck hur turismens framv\u00e4xt i \u00cele-de-France och Normandie har blivit en central del i impressionismens internationella spridning \ud83c\udfa8<\/em><\/p><p>&gt; <strong>En l\u00e4ttare m\u00e5ltid<\/strong> serveras efter f\u00f6rel\u00e4sningarna.<\/p><p><strong>Varmt v\u00e4lkomna till alla f\u00f6rel\u00e4sningar!<\/strong><br \/><strong>Bienvenu hj\u00e4rtligt v\u00e4lkomna!<\/strong><\/p><p><strong>Vid fr\u00e5gor, v\u00e4nligen kontakta mig p\u00e5 mobil 0731 57 81 21.<\/strong><\/p><p>V\u00e4nliga h\u00e4lsningar,<\/p><p>Anne Silfverski\u00f6ld och styrelsen f\u00f6r Alliance Fran\u00e7aise i Nyk\u00f6ping<\/p>\t\t\t\t\t\t\t\t<\/div>\n\t\t\t\t<\/div>\n\t\t\t\t\t<\/div>\n\t\t<\/div>\n\t\t\t\t\t<\/div>\n\t\t<\/section>\n\t\t\t\t<section class=\"elementor-section elementor-top-section elementor-element elementor-element-38d0f34 elementor-section-boxed elementor-section-height-default elementor-section-height-default\" data-id=\"38d0f34\" data-element_type=\"section\">\n\t\t\t\t\t\t<div class=\"elementor-container elementor-column-gap-default\">\n\t\t\t\t\t<div class=\"elementor-column elementor-col-100 elementor-top-column elementor-element elementor-element-bb71803\" data-id=\"bb71803\" data-element_type=\"column\">\n\t\t\t<div class=\"elementor-widget-wrap elementor-element-populated\">\n\t\t\t\t\t\t<div class=\"elementor-element elementor-element-792ff1a elementor-widget elementor-widget-text-editor\" data-id=\"792ff1a\" data-element_type=\"widget\" data-widget_type=\"text-editor.default\">\n\t\t\t\t<div class=\"elementor-widget-container\">\n\t\t\t\t\t\t\t\t\t<h3><strong>H\u00f6stens program 202<\/strong><strong>3<\/strong><\/h3><p>K\u00e4ra medlemmar,<\/p><p>Vi presenterar h\u00e4rmed h\u00f6stens f\u00f6rel\u00e4sningar 2023.<\/p><h4>\u201d<strong>Les relations franco-su\u00e8doises : histoire, coop\u00e9ration, diplomatie.\u201d<\/strong><\/h4><p><u>Datum:<\/u> Mercredi 18 octobre \u00e0 18h00<\/p><p><span style=\"text-decoration: underline;\">Plats:<\/span> Kunskapsskolan, Bagaregatan 6. Entr\u00e9e non-membres 50:-<\/p><p><strong>Camille Georgel<\/strong> volontaire Service Civique pour les Alliances Fran\u00e7aises de Su\u00e8de viendra pour une conf\u00e9rence: <strong>Les relations franco-su\u00e8doises : histoire, coop\u00e9ration, diplomatie.<\/strong><\/p><p>Petit repas apr\u00e8s la conf\u00e9rence.<\/p><h4>\u201d<strong>Chagal\u201d<\/strong><\/h4><p><u>Datum:<\/u> Mercredi 15 novembre \u00e0 18h00<\/p><p><span style=\"text-decoration: underline;\">Plats:<\/span> Kunskapsskolan, Bagaregatan 6. Entr\u00e9e non-membres 50:-<\/p><p><strong>Marguerite Ahnland<\/strong><strong>, <\/strong>medecin de Mariestad viendra de nouveau nous faire visite. Elle fait une conf\u00e9rence en fran\u00e7ais sur <strong>\u00a8 Chagal<\/strong>\u00a8<\/p><p>Petit repas apr\u00e8s la conf\u00e9rence.<\/p><h4><strong>\u201dErnst Josephson\u201d<\/strong><\/h4><p><u>Datum:<\/u> Lundi 11 d\u00e9cembre \u00e0 18h00<\/p><p><span style=\"text-decoration: underline;\">Plats:<\/span> Kunskapsskolan, Bagaregatan 6. Entr\u00e9e non-membres 50:-<\/p><p><strong>Hans Lund\u00e9n<\/strong>\u00a0, Mariefred, bes\u00f6ker oss igen och h\u00e5ller ett f\u00f6redrag om konstn\u00e4ren Ernst Josephson i allm\u00e4nhet och hans tid p\u00e5 Ile de Br\u00e9hat i Bretagne i synnerhet. F\u00f6redraget \u00e4r p\u00e5 svenska<\/p><p>Hans Lund\u00e9n har tidigare ber\u00e4ttat f\u00f6r oss om Konstn\u00e4rskolonin Gr\u00e8z-sur-Loing. och Toulouse Lautrec<\/p><p>Petit repas apr\u00e8s la conf\u00e9rence.<\/p><p><strong>Soyez les bienvenus \u00e0 toutes les conf\u00e9rences!\u00a0\u00a0<\/strong><strong>Le comit\u00e9<\/strong><\/p>\t\t\t\t\t\t\t\t<\/div>\n\t\t\t\t<\/div>\n\t\t\t\t\t<\/div>\n\t\t<\/div>\n\t\t\t\t\t<\/div>\n\t\t<\/section>\n\t\t\t\t<section class=\"elementor-section elementor-top-section elementor-element elementor-element-14b9704 elementor-section-boxed elementor-section-height-default elementor-section-height-default\" data-id=\"14b9704\" data-element_type=\"section\">\n\t\t\t\t\t\t<div class=\"elementor-container elementor-column-gap-default\">\n\t\t\t\t\t<div class=\"elementor-column elementor-col-100 elementor-top-column elementor-element elementor-element-ae6904e\" data-id=\"ae6904e\" data-element_type=\"column\">\n\t\t\t<div class=\"elementor-widget-wrap elementor-element-populated\">\n\t\t\t\t\t\t<div class=\"elementor-element elementor-element-9bfaefe elementor-widget elementor-widget-text-editor\" data-id=\"9bfaefe\" data-element_type=\"widget\" data-widget_type=\"text-editor.default\">\n\t\t\t\t<div class=\"elementor-widget-container\">\n\t\t\t\t\t\t\t\t\t<h3><strong>H\u00f6stens program 2022<\/strong><\/h3><h4><strong>\u201dPays Basque, une histoire, un peuple, une culture\u201d<\/strong><\/h4><p><span style=\"text-decoration: underline;\">Datum:<\/span> Jeudi le 27 octobre \u00e0 18h00<\/p><p><span style=\"text-decoration: underline;\">Plats:<\/span> Kunskapsskolan, Bagaregatan 6. Entr\u00e9 f\u00f6r icke-medlem 50:-\u00a0<\/p><p>Parkeringstillst\u00e5nd h\u00e4mtas vid entr\u00e9n.\u00a0<\/p><p>Conf\u00e9rencier : Monsieur\u00a0<strong>Franck-Gilles MICIOL\u00a0<\/strong>nous parlera du\u00a0<strong>\u201dPays Basque, une histoire, un peuple, une culture\u201d\u00a0<\/strong>(en fran\u00e7ais)<\/p><p>Restez avec nous afin de partager du fromage, le pain et du vin et un g\u00e2teau.<\/p><p>Prix : 80:- (20:- pour 1 verre du vin en suppl\u00e9ment)<\/p><h4><strong>\u201d11 mois \u00e0 Tahiti\u201d<\/strong><\/h4><p><strong>Kom och fira 40 \u00e5rs jubileum med oss !\u00a0Alliance Fran\u00e7aise, Nyk\u00f6pingsektionen, finns fortfarande kvar.<\/strong><\/p><p><span style=\"text-decoration: underline;\">Datum:<\/span> Mercredi le 23 novembre \u00e0 18h00<\/p><p><span style=\"text-decoration: underline;\">Plats:<\/span> F\u00f6reningslokalen under entr\u00e9n Folkungav\u00e4gen 3A. Kod meddelas vid anm\u00e4lan.<\/p><p>F\u00f6rel\u00e4sare. Madame\u00a0<strong>Fanny Jerlstr\u00f6m.<\/strong><\/p><p><strong>\u201d11 mois \u00e0 Tahiti\u201d\u00a0<\/strong>(p\u00e5 franska)<\/p><p>Vi serverar kall buff\u00e9 med vin.<\/p><p>Pris: 250:-. Icke-medlem. 300:-<\/p><p>Anm\u00e4lan (bindande) till Pia Nordstr\u00f6m, tel.\u00a0<a href=\"about:blank\">0706 092553<\/a>,\u00a0mail:\u00a0<a href=\"about:blank\">nordstrompk@gmail.com<\/a><\/p><p>Senast\u00a0<strong>15 november,\u00a0<\/strong>svp.<\/p>\t\t\t\t\t\t\t\t<\/div>\n\t\t\t\t<\/div>\n\t\t\t\t\t<\/div>\n\t\t<\/div>\n\t\t\t\t\t<\/div>\n\t\t<\/section>\n\t\t\t\t<\/div>\n\t\t","protected":false},"excerpt":{"rendered":"<p>Se nedan arkiven \u00f6ver program och aktiviteter vid Alliance Fran\u00e7aise i Nyk\u00f6ping. H\u00f6stprogram 2024 f\u00f6r Alliance Fran\u00e7aise i Nyk\u00f6ping: Vi presenterar h\u00e4rmed h\u00f6stens f\u00f6rel\u00e4sningar f\u00f6r Alliance Fran\u00e7aise i Nyk\u00f6ping. 1) Onsdagen 2 oktober kl. 18.00, Kunskapsskolan, Bagaregatan 6 Entr\u00e9 f\u00f6r icke-medlemmar: 50 kr Helena Duch\u00eane h\u00e5ller en f\u00f6rel\u00e4sning om:\u00ab\u00a0De franska varuhusens tusen och en ansikten.\u00a0\u00bb Helena \u00e4r utbildad med en master i marknadsf\u00f6ring och strategi med inriktning p\u00e5 detaljhandel fr\u00e5n Universit\u00e9 Paris-Dauphine. Hon arbetar nu som volont\u00e4r inom Civiltj\u00e4nst vid Alliance Fran\u00e7aise i \u00d6rebro. Mellan historia, politik, litteratur, arkitektur och ekonomi t\u00e4cker de franska varuhusen praktiskt taget alla samh\u00e4llets sf\u00e4rer. Under de senaste tre \u00e5rhundradena har de utvecklats och blivit riktiga symboler f\u00f6r den parisiska kulturen. Idag verkar modellen tappa fart p\u00e5 grund av konkurrens fr\u00e5n exempelvis e-handel. L\u00e5t oss tillsammans uppt\u00e4cka hur de franska varuhusen forts\u00e4tter att \u00f6verraska och inspirera oss, som om det var deras f\u00f6rsta dag. 2) Onsdagen 13 november kl. 18.00, Kunskapsskolan, Bagaregatan 6 Entr\u00e9 f\u00f6r icke-medlemmar: 50 kr \u00ab\u00a0Impressionistr\u00f6relsen mellan Normandie och \u00cele-de-France.\u00a0\u00bb F\u00f6rel\u00e4sning av Alice Boyer. Alice har tidigare arbetat vid Regionkommitt\u00e9n f\u00f6r Turism i Paris \u00cele-de-France och \u00e4r nu volont\u00e4r inom Civiltj\u00e4nst vid Alliance Fran\u00e7aise i \u00d6rebro. \u00c5r 1874 \u00e4gde den f\u00f6rsta impressionistutst\u00e4llningen i historien rum. R\u00f6relsen leddes av framst\u00e5ende konstn\u00e4rer som Claude Monet och Berthe Morisot och str\u00e4ckte sig fr\u00e5n \u00cele-de-France till Normandie. Idag \u00e4r impressionismen en av v\u00e4rldens mest ber\u00f6mda och \u00e4lskade konstn\u00e4rliga r\u00f6relser. De avbildade landskapen, konstn\u00e4rshemmen och museerna vittnar om denna enast\u00e5ende period. Uppt\u00e4ck hur turismens framv\u00e4xt i \u00cele-de-France och Normandie har blivit en central del i impressionismens internationella spridning \ud83c\udfa8 &gt; En l\u00e4ttare m\u00e5ltid serveras efter f\u00f6rel\u00e4sningarna. Varmt v\u00e4lkomna till alla f\u00f6rel\u00e4sningar!Bienvenu hj\u00e4rtligt v\u00e4lkomna! Vid fr\u00e5gor, v\u00e4nligen kontakta mig p\u00e5 mobil 0731 57 81 21. V\u00e4nliga h\u00e4lsningar, Anne Silfverski\u00f6ld och styrelsen f\u00f6r Alliance Fran\u00e7aise i Nyk\u00f6ping H\u00f6stens program 2023 K\u00e4ra medlemmar, Vi presenterar h\u00e4rmed h\u00f6stens f\u00f6rel\u00e4sningar 2023. \u201dLes relations franco-su\u00e8doises : histoire, coop\u00e9ration, diplomatie.\u201d Datum: Mercredi 18 octobre \u00e0 18h00 Plats: Kunskapsskolan, Bagaregatan 6. Entr\u00e9e non-membres 50:- Camille Georgel volontaire Service Civique pour les Alliances Fran\u00e7aises de Su\u00e8de viendra pour une conf\u00e9rence: Les relations franco-su\u00e8doises : histoire, coop\u00e9ration, diplomatie. Petit repas apr\u00e8s la conf\u00e9rence. \u201dChagal\u201d Datum: Mercredi 15 novembre \u00e0 18h00 Plats: Kunskapsskolan, Bagaregatan 6. Entr\u00e9e non-membres 50:- Marguerite Ahnland, medecin de Mariestad viendra de nouveau nous faire visite. Elle fait une conf\u00e9rence en fran\u00e7ais sur \u00a8 Chagal\u00a8 Petit repas apr\u00e8s la conf\u00e9rence. \u201dErnst Josephson\u201d Datum: Lundi 11 d\u00e9cembre \u00e0 18h00 Plats: Kunskapsskolan, Bagaregatan 6. Entr\u00e9e non-membres 50:- Hans Lund\u00e9n\u00a0, Mariefred, bes\u00f6ker oss igen och h\u00e5ller ett f\u00f6redrag om konstn\u00e4ren Ernst Josephson i allm\u00e4nhet och hans tid p\u00e5 Ile de Br\u00e9hat i Bretagne i synnerhet. F\u00f6redraget \u00e4r p\u00e5 svenska Hans Lund\u00e9n har tidigare ber\u00e4ttat f\u00f6r oss om Konstn\u00e4rskolonin Gr\u00e8z-sur-Loing. och Toulouse Lautrec Petit repas apr\u00e8s la conf\u00e9rence. Soyez les bienvenus \u00e0 toutes les conf\u00e9rences!\u00a0\u00a0Le comit\u00e9 H\u00f6stens program 2022 \u201dPays Basque, une histoire, un peuple, une culture\u201d Datum: Jeudi le 27 octobre \u00e0 18h00 Plats: Kunskapsskolan, Bagaregatan 6. Entr\u00e9 f\u00f6r icke-medlem 50:-\u00a0 Parkeringstillst\u00e5nd h\u00e4mtas vid entr\u00e9n.\u00a0 Conf\u00e9rencier : Monsieur\u00a0Franck-Gilles MICIOL\u00a0nous parlera du\u00a0\u201dPays Basque, une histoire, un peuple, une culture\u201d\u00a0(en fran\u00e7ais) Restez avec nous afin de partager du fromage, le pain et du vin et un g\u00e2teau. Prix : 80:- (20:- pour 1 verre du vin en suppl\u00e9ment) \u201d11 mois \u00e0 Tahiti\u201d Kom och fira 40 \u00e5rs jubileum med oss !\u00a0Alliance Fran\u00e7aise, Nyk\u00f6pingsektionen, finns fortfarande kvar. Datum: Mercredi le 23 novembre \u00e0 18h00 Plats: F\u00f6reningslokalen under entr\u00e9n Folkungav\u00e4gen 3A. Kod meddelas vid anm\u00e4lan. F\u00f6rel\u00e4sare. Madame\u00a0Fanny Jerlstr\u00f6m. \u201d11 mois \u00e0 Tahiti\u201d\u00a0(p\u00e5 franska) Vi serverar kall buff\u00e9 med vin. Pris: 250:-. Icke-medlem. 300:- Anm\u00e4lan (bindande) till Pia Nordstr\u00f6m, tel.\u00a00706 092553,\u00a0mail:\u00a0nordstrompk@gmail.com Senast\u00a015 november,\u00a0svp.<\/p>\n","protected":false},"author":1,"featured_media":0,"parent":0,"menu_order":0,"comment_status":"closed","ping_status":"closed","template":"","meta":{"om_disable_all_campaigns":false,"_monsterinsights_skip_tracking":false,"_monsterinsights_sitenote_active":false,"_monsterinsights_sitenote_note":"","_monsterinsights_sitenote_category":0,"_uf_show_specific_survey":0,"_uf_disable_surveys":false,"footnotes":""},"class_list":["post-282","page","type-page","status-publish","hentry"],"aioseo_notices":[],"rttpg_featured_image_url":null,"rttpg_author":{"display_name":"Super.admin","author_link":"https:\/\/alliancefr.se\/nykoping\/author\/admin2174\/"},"rttpg_comment":0,"rttpg_category":" <a href=\"https:\/\/alliancefr.se\/nykoping\/sv\/\" rel=\"tag\">Svenska<\/a>","rttpg_excerpt":"Se nedan arkiven \u00f6ver program och aktiviteter vid Alliance Fran\u00e7aise i Nyk\u00f6ping. H\u00f6stprogram 2024 f\u00f6r Alliance Fran\u00e7aise i Nyk\u00f6ping: Vi presenterar h\u00e4rmed h\u00f6stens f\u00f6rel\u00e4sningar f\u00f6r Alliance Fran\u00e7aise i Nyk\u00f6ping. 1) Onsdagen 2 oktober kl. 18.00, Kunskapsskolan, Bagaregatan 6 Entr\u00e9 f\u00f6r icke-medlemmar: 50 kr Helena Duch\u00eane h\u00e5ller en f\u00f6rel\u00e4sning om:\u00ab\u00a0De franska varuhusens tusen och en ansikten.\u00a0\u00bb\u2026","_links":{"self":[{"href":"https:\/\/alliancefr.se\/nykoping\/wp-json\/wp\/v2\/pages\/282","targetHints":{"allow":["GET"]}}],"collection":[{"href":"https:\/\/alliancefr.se\/nykoping\/wp-json\/wp\/v2\/pages"}],"about":[{"href":"https:\/\/alliancefr.se\/nykoping\/wp-json\/wp\/v2\/types\/page"}],"author":[{"embeddable":true,"href":"https:\/\/alliancefr.se\/nykoping\/wp-json\/wp\/v2\/users\/1"}],"replies":[{"embeddable":true,"href":"https:\/\/alliancefr.se\/nykoping\/wp-json\/wp\/v2\/comments?post=282"}],"version-history":[{"count":22,"href":"https:\/\/alliancefr.se\/nykoping\/wp-json\/wp\/v2\/pages\/282\/revisions"}],"predecessor-version":[{"id":341,"href":"https:\/\/alliancefr.se\/nykoping\/wp-json\/wp\/v2\/pages\/282\/revisions\/341"}],"wp:attachment":[{"href":"https:\/\/alliancefr.se\/nykoping\/wp-json\/wp\/v2\/media?parent=282"}],"curies":[{"name":"wp","href":"https:\/\/api.w.org\/{rel}","templated":true}]}}