{"id":274,"date":"2024-10-30T17:50:04","date_gmt":"2024-10-30T16:50:04","guid":{"rendered":"https:\/\/alliancefr.se\/nykoping\/?page_id=274"},"modified":"2025-02-18T13:48:07","modified_gmt":"2025-02-18T12:48:07","slug":"archives","status":"publish","type":"page","link":"https:\/\/alliancefr.se\/nykoping\/archives\/","title":{"rendered":"Archives"},"content":{"rendered":"\t\t<div data-elementor-type=\"wp-page\" data-elementor-id=\"274\" class=\"elementor elementor-274\">\n\t\t\t\t\t\t<section class=\"elementor-section elementor-top-section elementor-element elementor-element-bbcada6 elementor-section-boxed elementor-section-height-default elementor-section-height-default\" data-id=\"bbcada6\" data-element_type=\"section\">\n\t\t\t\t\t\t<div class=\"elementor-container elementor-column-gap-default\">\n\t\t\t\t\t<div class=\"elementor-column elementor-col-100 elementor-top-column elementor-element elementor-element-095377b\" data-id=\"095377b\" data-element_type=\"column\">\n\t\t\t<div class=\"elementor-widget-wrap elementor-element-populated\">\n\t\t\t\t\t\t<div class=\"elementor-element elementor-element-c97c780 elementor-widget elementor-widget-text-editor\" data-id=\"c97c780\" data-element_type=\"widget\" data-widget_type=\"text-editor.default\">\n\t\t\t\t<div class=\"elementor-widget-container\">\n\t\t\t\t\t\t\t\t\t<p>Consultez ci-dessous les archives des programmes et activit\u00e9s de l&rsquo;Alliance Fran\u00e7aise de Nyk\u00f6ping.\u00a0<\/p>\t\t\t\t\t\t\t\t<\/div>\n\t\t\t\t<\/div>\n\t\t\t\t\t<\/div>\n\t\t<\/div>\n\t\t\t\t\t<\/div>\n\t\t<\/section>\n\t\t\t\t<section class=\"elementor-section elementor-top-section elementor-element elementor-element-256d507 elementor-section-boxed elementor-section-height-default elementor-section-height-default\" data-id=\"256d507\" data-element_type=\"section\">\n\t\t\t\t\t\t<div class=\"elementor-container elementor-column-gap-default\">\n\t\t\t\t\t<div class=\"elementor-column elementor-col-100 elementor-top-column elementor-element elementor-element-ae3c34d\" data-id=\"ae3c34d\" data-element_type=\"column\">\n\t\t\t<div class=\"elementor-widget-wrap elementor-element-populated\">\n\t\t\t\t\t\t<div class=\"elementor-element elementor-element-9f7844e elementor-widget elementor-widget-text-editor\" data-id=\"9f7844e\" data-element_type=\"widget\" data-widget_type=\"text-editor.default\">\n\t\t\t\t<div class=\"elementor-widget-container\">\n\t\t\t\t\t\t\t\t\t<h3><strong>Programme de l&rsquo;automne 2024\u00a0<\/strong><strong style=\"letter-spacing: 0px;\">de l&rsquo;Alliance Fran\u00e7aise de Nyk\u00f6ping :<\/strong><\/h3><div><p><span style=\"font-weight: 400;\">Nous vous pr\u00e9sentons aujourd&rsquo;hui <\/span><b>les conf\u00e9rences<\/b><span style=\"font-weight: 400;\"> de l&rsquo;automne de l&rsquo;Alliance Fran\u00e7aise de Nyk\u00f6ping.<\/span><\/p><h6><b>1) Onsdagen\/Mercredi 2 oktober 18.00 Kunskapsskolan<\/b><b>, <\/b><b>Bagaregatan 6<\/b><\/h6><p><span style=\"font-weight: 400;\">Entr\u00e9e non-membres 50:-<\/span><\/p><p><b>Helena Duch\u00eane <\/b><span style=\"font-weight: 400;\">nous fait une conf\u00e9rence sur :\u00a0<\/span><b><i>\u00ab\u00a0Les mille et une facettes des grands magasins parisiens.\u00a0\u00bb<\/i><\/b><\/p><p><i><span style=\"font-weight: 400;\">Dipl\u00f4m\u00e9e d\u2019un master marketing et strat\u00e9gie, sp\u00e9cialisation distribution de l\u2019Universit\u00e9 Paris-Dauphine. Actuellement volontaire en Service Civique \u00e0 l\u2019Alliance Fran\u00e7aise d\u2019\u00d6rebro.<\/span><\/i><\/p><p><i><img decoding=\"async\" class=\"wp-image-249 alignleft\" src=\"http:\/\/alliancefr.se\/nykoping\/wp-content\/uploads\/sites\/12\/2024\/10\/Helena-Duchene-150x150.jpg\" alt=\"\" width=\"187\" height=\"187\" \/><\/i><\/p><p><i><span style=\"font-weight: 400;\">Entre histoire, politique, litt\u00e9rature, architecture et \u00e9conomie, les grands magasins fran\u00e7ais couvrent pratiquement toutes les sph\u00e8res de la soci\u00e9t\u00e9. Au cours des trois derniers si\u00e8cles, les grands magasins ont su se d\u00e9velopper et devenir de v\u00e9ritables symboles de la culture parisienne. Aujourd\u2019hui, le mod\u00e8le semble s&rsquo;essouffler face \u00e0 la puissance de la concurrence, tel que le commerce en ligne. D\u00e9couvrons ensemble comment les grands magasins fran\u00e7ais r\u00e9sistent et arrivent encore \u00e0 nous surprendre comme au premier jour de leur cr\u00e9ation.<\/span><\/i><\/p><h6><b>2) Onsdagen\/Mercredi 13 novembre 18.00 Kunskapsskolan, Bagaregatan 6<\/b><\/h6><p><span style=\"font-weight: 400;\">Entr\u00e9e non-membres 50:-<\/span><\/p><p><b><i>\u00ab\u00a0Le mouvement impressionniste entre Normandie et \u00cele-de-France.\u00a0\u00bb <\/i><\/b><b>par <\/b><b>Alice Boyer.<\/b><b><br \/><\/b><i><span style=\"font-weight: 400;\">Ancienne alternante au Comit\u00e9 R\u00e9gional du Tourisme Paris \u00cele-de-France. Actuellement v<\/span><\/i><i><span style=\"font-weight: 400;\">olontaire en Service Civique \u00e0 l\u2019Alliance Fran\u00e7aise d\u2019\u00d6rebro.<\/span><\/i><\/p><p><i><span style=\"font-weight: 400;\"><img decoding=\"async\" class=\"wp-image-248 alignleft\" src=\"http:\/\/alliancefr.se\/nykoping\/wp-content\/uploads\/sites\/12\/2024\/10\/Alice-Boyer-150x150.jpg\" alt=\"\" width=\"186\" height=\"186\" \/>En 1874, a eu lieu la premi\u00e8re exposition impressionniste de l&rsquo;histoire. Men\u00e9 par des artistes \u00e9minents tels que Claude Monet et Berthe Morisot, le mouvement impressionniste s&rsquo;est \u00e9tendu de l&rsquo;\u00cele-de-France jusqu&rsquo;en Normandie. Il est aujourd&rsquo;hui l&rsquo;un des mouvements artistiques les plus c\u00e9l\u00e8bres et les plus appr\u00e9ci\u00e9s \u00e0 travers le monde. Les paysages peints, les maisons d&rsquo;artistes et les mus\u00e9es t\u00e9moignent de cette p\u00e9riode remarquable. Venez d\u00e9couvrir comment l&rsquo;essor du tourisme en \u00cele-de-France et en Normandie est devenu un \u00e9l\u00e9ment essentiel dans la diffusion internationale de l&rsquo;impressionnisme \ud83c\udfa8<\/span><\/i><\/p><p><b>&gt; Petit repas<\/b><span style=\"font-weight: 400;\"> apr\u00e8s les conf\u00e9rences.<\/span><\/p><p><b>Soyez les bienvenus \u00e0 toutes les conf\u00e9rences !\u00a0\u00a0<\/b><\/p><p><b>Bienvenue hj\u00e4rtligt v\u00e4lkomna !<\/b><\/p><p><b>Vid fr\u00e5gor min mobil 0731 57 81 21.<\/b><\/p><p>Amiti\u00e9,\u00a0<\/p><p>Anne Silfverski\u00f6ld och le comit\u00e9 de l\u2019Alliance Fran\u00e7aise de Nyk\u00f6ping.<\/p><\/div>\t\t\t\t\t\t\t\t<\/div>\n\t\t\t\t<\/div>\n\t\t\t\t\t<\/div>\n\t\t<\/div>\n\t\t\t\t\t<\/div>\n\t\t<\/section>\n\t\t\t\t<section class=\"elementor-section elementor-top-section elementor-element elementor-element-38d0f34 elementor-section-boxed elementor-section-height-default elementor-section-height-default\" data-id=\"38d0f34\" data-element_type=\"section\">\n\t\t\t\t\t\t<div class=\"elementor-container elementor-column-gap-default\">\n\t\t\t\t\t<div class=\"elementor-column elementor-col-100 elementor-top-column elementor-element elementor-element-bb71803\" data-id=\"bb71803\" data-element_type=\"column\">\n\t\t\t<div class=\"elementor-widget-wrap elementor-element-populated\">\n\t\t\t\t\t\t<div class=\"elementor-element elementor-element-792ff1a elementor-widget elementor-widget-text-editor\" data-id=\"792ff1a\" data-element_type=\"widget\" data-widget_type=\"text-editor.default\">\n\t\t\t\t<div class=\"elementor-widget-container\">\n\t\t\t\t\t\t\t\t\t<h3><strong>Programme de l\u2019automne 2023<\/strong><\/h3><p>Chers membres, nous vous pr\u00e9sentons aujourd\u2019hui les conf\u00e9rences de l\u2019automne.<\/p><h4><strong>Conf\u00e9rence \u00ab\u00a0Les relations franco-su\u00e8doises : histoire, coop\u00e9ration, diplomatie.\u00a0\u00bb<\/strong><\/h4><p><strong>Mercredi 18 octobre \u00e0 18h00<\/strong><br \/>Kunskapsskolan, Bagaregatan 6.<\/p><p>Entr\u00e9e non-membres 50 SEK<\/p><p><strong>Camille Georgel,<\/strong> volontaire en Service Civique pour les Alliances Fran\u00e7aises de Su\u00e8de viendra pour une conf\u00e9rence : Les relations franco-su\u00e8doises : histoire, coop\u00e9ration, diplomatie.<\/p><p>Petit repas apr\u00e8s la conf\u00e9rence.<\/p><h4><strong>Conf\u00e9rence \u00ab\u00a0Chagal\u00a0\u00bb<\/strong><\/h4><p><strong>Mercredi 15 novembre \u00e0 18h00<\/strong><br \/>Kunskapsskolan, Bagaregatan 6.<\/p><p>Entr\u00e9e non-membres 50 SEK<\/p><p><strong>Marguerite Ahnland<\/strong>, m\u00e9decin de Mariestad viendra de nouveau nous faire visite. Elle fait une conf\u00e9rence en fran\u00e7ais sur \u00a8Chagal\u00a8<\/p><p>Petit repas apr\u00e8s la conf\u00e9rence.<\/p><h4><strong>Conf\u00e9rence \u00ab\u00a0Ernst Josephson\u00a0\u00bb<\/strong><\/h4><p><strong>Lundi 11 d\u00e9cembre \u00e0 18h00<\/strong><br \/>Kunskapsskolan, Bagaregatan 6.<\/p><p>Entr\u00e9e non-membres 50 SEK<\/p><p><strong>Hans Lund\u00e9n<\/strong>, Mariefred, nous rend visite \u00e0 nouveau et donne une conf\u00e9rence sur l\u2019artiste Ernst Josephson en g\u00e9n\u00e9ral et son s\u00e9jour sur l\u2019\u00eele de Br\u00e9hat en Bretagne en particulier. La conf\u00e9rence est en su\u00e9dois. Hans Lund\u00e9n nous a d\u00e9j\u00e0 parl\u00e9 de la Colonie d\u2019Artistes de Gr\u00e8z-sur-Loing. et Toulouse-Lautrec.<\/p><p>Petit repas apr\u00e8s la conf\u00e9rence.<\/p><p><strong>Soyez les bienvenus \u00e0 toutes les conf\u00e9rences ! Le Comit\u00e9<\/strong><\/p>\t\t\t\t\t\t\t\t<\/div>\n\t\t\t\t<\/div>\n\t\t\t\t\t<\/div>\n\t\t<\/div>\n\t\t\t\t\t<\/div>\n\t\t<\/section>\n\t\t\t\t<section class=\"elementor-section elementor-top-section elementor-element elementor-element-14b9704 elementor-section-boxed elementor-section-height-default elementor-section-height-default\" data-id=\"14b9704\" data-element_type=\"section\">\n\t\t\t\t\t\t<div class=\"elementor-container elementor-column-gap-default\">\n\t\t\t\t\t<div class=\"elementor-column elementor-col-100 elementor-top-column elementor-element elementor-element-ae6904e\" data-id=\"ae6904e\" data-element_type=\"column\">\n\t\t\t<div class=\"elementor-widget-wrap elementor-element-populated\">\n\t\t\t\t\t\t<div class=\"elementor-element elementor-element-9bfaefe elementor-widget elementor-widget-text-editor\" data-id=\"9bfaefe\" data-element_type=\"widget\" data-widget_type=\"text-editor.default\">\n\t\t\t\t<div class=\"elementor-widget-container\">\n\t\t\t\t\t\t\t\t\t<h3><strong>Programme de l&rsquo;automne 2022<\/strong><\/h3><h4><strong>Conf\u00e9rence \u00ab\u00a0Pays Basque, une histoire, un peuple, une culture\u00a0\u00bb<\/strong><\/h4><p><strong>Jeudi le 27 octobre \u00e0 18h00<\/strong><br \/>Kunskapsskolan, Bagaregatan 6. Entr\u00e9e pour les non-membres 50 SEK<br \/>Les cartes de stationnement sont r\u00e9cup\u00e9r\u00e9es \u00e0 l\u2019entr\u00e9e.<\/p><p><strong>Monsieur Franck-Gilles MICIOL<\/strong> nous parlera du \u00ab\u00a0Pays Basque, une histoire, un peuple, une culture\u00a0\u00bb (en fran\u00e7ais).<\/p><p>Restez avec nous afin de partager du fromage, le pain et du vin et un g\u00e2teau.<br \/><strong>Prix \u200b\u200b:<\/strong>\u00a080:- (20:- pour 1 verre du vin en suppl\u00e9ment)<\/p><h4><strong>Conf\u00e9rence \u00ab\u00a011 mois \u00e0 Tahiti\u00a0\u00bb\u00a0<\/strong><\/h4><p><strong>Venez c\u00e9l\u00e9brer le 40\u00e8me anniversaire de l\u2019Alliance Fran\u00e7aise de Nyk\u00f6ping avec nous !<\/strong><\/p><p><strong>Mercredi le 23 novembre \u00e0 18h00<\/strong><br \/>F\u00f6reningslokalen sous l\u2019entr\u00e9e Folkungav\u00e4gen 3A. Le code sera annonc\u00e9 lors de l\u2019inscription.<\/p><p><strong>Madame Fanny Jerlstr\u00f6m <\/strong>pour \u00ab 11 mois \u00e0 Tahiti \u00bb (en fran\u00e7ais).<br \/>Nous servons un buffet froid avec du vin.<br \/><strong>Prix \u200b\u200b:<\/strong>\u00a0250 SEK. Non membre. 300 : \u2013<br \/>Inscription (obligatoire) aupr\u00e8s de Pia Nordstr\u00f6m, t\u00e9l. 0706 092553, e-mail : nordstrompk@gmail.com<\/p><p>Au plus tard le 15 novembre, merci.<\/p>\t\t\t\t\t\t\t\t<\/div>\n\t\t\t\t<\/div>\n\t\t\t\t\t<\/div>\n\t\t<\/div>\n\t\t\t\t\t<\/div>\n\t\t<\/section>\n\t\t\t\t<\/div>\n\t\t","protected":false},"excerpt":{"rendered":"<p>Consultez ci-dessous les archives des programmes et activit\u00e9s de l&rsquo;Alliance Fran\u00e7aise de Nyk\u00f6ping.\u00a0 Programme de l&rsquo;automne 2024\u00a0de l&rsquo;Alliance Fran\u00e7aise de Nyk\u00f6ping : Nous vous pr\u00e9sentons aujourd&rsquo;hui les conf\u00e9rences de l&rsquo;automne de l&rsquo;Alliance Fran\u00e7aise de Nyk\u00f6ping. 1) Onsdagen\/Mercredi 2 oktober 18.00 Kunskapsskolan, Bagaregatan 6 Entr\u00e9e non-membres 50:- Helena Duch\u00eane nous fait une conf\u00e9rence sur :\u00a0\u00ab\u00a0Les mille et une facettes des grands magasins parisiens.\u00a0\u00bb Dipl\u00f4m\u00e9e d\u2019un master marketing et strat\u00e9gie, sp\u00e9cialisation distribution de l\u2019Universit\u00e9 Paris-Dauphine. Actuellement volontaire en Service Civique \u00e0 l\u2019Alliance Fran\u00e7aise d\u2019\u00d6rebro. Entre histoire, politique, litt\u00e9rature, architecture et \u00e9conomie, les grands magasins fran\u00e7ais couvrent pratiquement toutes les sph\u00e8res de la soci\u00e9t\u00e9. Au cours des trois derniers si\u00e8cles, les grands magasins ont su se d\u00e9velopper et devenir de v\u00e9ritables symboles de la culture parisienne. Aujourd\u2019hui, le mod\u00e8le semble s&rsquo;essouffler face \u00e0 la puissance de la concurrence, tel que le commerce en ligne. D\u00e9couvrons ensemble comment les grands magasins fran\u00e7ais r\u00e9sistent et arrivent encore \u00e0 nous surprendre comme au premier jour de leur cr\u00e9ation. 2) Onsdagen\/Mercredi 13 novembre 18.00 Kunskapsskolan, Bagaregatan 6 Entr\u00e9e non-membres 50:- \u00ab\u00a0Le mouvement impressionniste entre Normandie et \u00cele-de-France.\u00a0\u00bb par Alice Boyer.Ancienne alternante au Comit\u00e9 R\u00e9gional du Tourisme Paris \u00cele-de-France. Actuellement volontaire en Service Civique \u00e0 l\u2019Alliance Fran\u00e7aise d\u2019\u00d6rebro. En 1874, a eu lieu la premi\u00e8re exposition impressionniste de l&rsquo;histoire. Men\u00e9 par des artistes \u00e9minents tels que Claude Monet et Berthe Morisot, le mouvement impressionniste s&rsquo;est \u00e9tendu de l&rsquo;\u00cele-de-France jusqu&rsquo;en Normandie. Il est aujourd&rsquo;hui l&rsquo;un des mouvements artistiques les plus c\u00e9l\u00e8bres et les plus appr\u00e9ci\u00e9s \u00e0 travers le monde. Les paysages peints, les maisons d&rsquo;artistes et les mus\u00e9es t\u00e9moignent de cette p\u00e9riode remarquable. Venez d\u00e9couvrir comment l&rsquo;essor du tourisme en \u00cele-de-France et en Normandie est devenu un \u00e9l\u00e9ment essentiel dans la diffusion internationale de l&rsquo;impressionnisme \ud83c\udfa8 &gt; Petit repas apr\u00e8s les conf\u00e9rences. Soyez les bienvenus \u00e0 toutes les conf\u00e9rences !\u00a0\u00a0 Bienvenue hj\u00e4rtligt v\u00e4lkomna ! Vid fr\u00e5gor min mobil 0731 57 81 21. Amiti\u00e9,\u00a0 Anne Silfverski\u00f6ld och le comit\u00e9 de l\u2019Alliance Fran\u00e7aise de Nyk\u00f6ping. Programme de l\u2019automne 2023 Chers membres, nous vous pr\u00e9sentons aujourd\u2019hui les conf\u00e9rences de l\u2019automne. Conf\u00e9rence \u00ab\u00a0Les relations franco-su\u00e8doises : histoire, coop\u00e9ration, diplomatie.\u00a0\u00bb Mercredi 18 octobre \u00e0 18h00Kunskapsskolan, Bagaregatan 6. Entr\u00e9e non-membres 50 SEK Camille Georgel, volontaire en Service Civique pour les Alliances Fran\u00e7aises de Su\u00e8de viendra pour une conf\u00e9rence : Les relations franco-su\u00e8doises : histoire, coop\u00e9ration, diplomatie. Petit repas apr\u00e8s la conf\u00e9rence. Conf\u00e9rence \u00ab\u00a0Chagal\u00a0\u00bb Mercredi 15 novembre \u00e0 18h00Kunskapsskolan, Bagaregatan 6. Entr\u00e9e non-membres 50 SEK Marguerite Ahnland, m\u00e9decin de Mariestad viendra de nouveau nous faire visite. Elle fait une conf\u00e9rence en fran\u00e7ais sur \u00a8Chagal\u00a8 Petit repas apr\u00e8s la conf\u00e9rence. Conf\u00e9rence \u00ab\u00a0Ernst Josephson\u00a0\u00bb Lundi 11 d\u00e9cembre \u00e0 18h00Kunskapsskolan, Bagaregatan 6. Entr\u00e9e non-membres 50 SEK Hans Lund\u00e9n, Mariefred, nous rend visite \u00e0 nouveau et donne une conf\u00e9rence sur l\u2019artiste Ernst Josephson en g\u00e9n\u00e9ral et son s\u00e9jour sur l\u2019\u00eele de Br\u00e9hat en Bretagne en particulier. La conf\u00e9rence est en su\u00e9dois. Hans Lund\u00e9n nous a d\u00e9j\u00e0 parl\u00e9 de la Colonie d\u2019Artistes de Gr\u00e8z-sur-Loing. et Toulouse-Lautrec. Petit repas apr\u00e8s la conf\u00e9rence. Soyez les bienvenus \u00e0 toutes les conf\u00e9rences ! Le Comit\u00e9 Programme de l&rsquo;automne 2022 Conf\u00e9rence \u00ab\u00a0Pays Basque, une histoire, un peuple, une culture\u00a0\u00bb Jeudi le 27 octobre \u00e0 18h00Kunskapsskolan, Bagaregatan 6. Entr\u00e9e pour les non-membres 50 SEKLes cartes de stationnement sont r\u00e9cup\u00e9r\u00e9es \u00e0 l\u2019entr\u00e9e. Monsieur Franck-Gilles MICIOL nous parlera du \u00ab\u00a0Pays Basque, une histoire, un peuple, une culture\u00a0\u00bb (en fran\u00e7ais). Restez avec nous afin de partager du fromage, le pain et du vin et un g\u00e2teau.Prix \u200b\u200b:\u00a080:- (20:- pour 1 verre du vin en suppl\u00e9ment) Conf\u00e9rence \u00ab\u00a011 mois \u00e0 Tahiti\u00a0\u00bb\u00a0 Venez c\u00e9l\u00e9brer le 40\u00e8me anniversaire de l\u2019Alliance Fran\u00e7aise de Nyk\u00f6ping avec nous ! Mercredi le 23 novembre \u00e0 18h00F\u00f6reningslokalen sous l\u2019entr\u00e9e Folkungav\u00e4gen 3A. Le code sera annonc\u00e9 lors de l\u2019inscription. Madame Fanny Jerlstr\u00f6m pour \u00ab 11 mois \u00e0 Tahiti \u00bb (en fran\u00e7ais).Nous servons un buffet froid avec du vin.Prix \u200b\u200b:\u00a0250 SEK. Non membre. 300 : \u2013Inscription (obligatoire) aupr\u00e8s de Pia Nordstr\u00f6m, t\u00e9l. 0706 092553, e-mail : nordstrompk@gmail.com Au plus tard le 15 novembre, merci.<\/p>\n","protected":false},"author":1,"featured_media":0,"parent":0,"menu_order":0,"comment_status":"closed","ping_status":"closed","template":"","meta":{"om_disable_all_campaigns":false,"_monsterinsights_skip_tracking":false,"_monsterinsights_sitenote_active":false,"_monsterinsights_sitenote_note":"","_monsterinsights_sitenote_category":0,"_uf_show_specific_survey":0,"_uf_disable_surveys":false,"footnotes":""},"class_list":["post-274","page","type-page","status-publish","hentry"],"aioseo_notices":[],"rttpg_featured_image_url":null,"rttpg_author":{"display_name":"Super.admin","author_link":"https:\/\/alliancefr.se\/nykoping\/author\/admin2174\/"},"rttpg_comment":0,"rttpg_category":" <a href=\"https:\/\/alliancefr.se\/nykoping\/\" rel=\"tag\">Fran\u00e7ais<\/a>","rttpg_excerpt":"Consultez ci-dessous les archives des programmes et activit\u00e9s de l&rsquo;Alliance Fran\u00e7aise de Nyk\u00f6ping.\u00a0 Programme de l&rsquo;automne 2024\u00a0de l&rsquo;Alliance Fran\u00e7aise de Nyk\u00f6ping : Nous vous pr\u00e9sentons aujourd&rsquo;hui les conf\u00e9rences de l&rsquo;automne de l&rsquo;Alliance Fran\u00e7aise de Nyk\u00f6ping. 1) Onsdagen\/Mercredi 2 oktober 18.00 Kunskapsskolan, Bagaregatan 6 Entr\u00e9e non-membres 50:- Helena Duch\u00eane nous fait une conf\u00e9rence sur :\u00a0\u00ab\u00a0Les mille\u2026","_links":{"self":[{"href":"https:\/\/alliancefr.se\/nykoping\/wp-json\/wp\/v2\/pages\/274","targetHints":{"allow":["GET"]}}],"collection":[{"href":"https:\/\/alliancefr.se\/nykoping\/wp-json\/wp\/v2\/pages"}],"about":[{"href":"https:\/\/alliancefr.se\/nykoping\/wp-json\/wp\/v2\/types\/page"}],"author":[{"embeddable":true,"href":"https:\/\/alliancefr.se\/nykoping\/wp-json\/wp\/v2\/users\/1"}],"replies":[{"embeddable":true,"href":"https:\/\/alliancefr.se\/nykoping\/wp-json\/wp\/v2\/comments?post=274"}],"version-history":[{"count":19,"href":"https:\/\/alliancefr.se\/nykoping\/wp-json\/wp\/v2\/pages\/274\/revisions"}],"predecessor-version":[{"id":330,"href":"https:\/\/alliancefr.se\/nykoping\/wp-json\/wp\/v2\/pages\/274\/revisions\/330"}],"wp:attachment":[{"href":"https:\/\/alliancefr.se\/nykoping\/wp-json\/wp\/v2\/media?parent=274"}],"curies":[{"name":"wp","href":"https:\/\/api.w.org\/{rel}","templated":true}]}}