{"id":95,"date":"2019-06-12T17:26:53","date_gmt":"2019-06-12T15:26:53","guid":{"rendered":"https:\/\/alliancefr.se\/norrkoping\/ansokan\/"},"modified":"2024-05-10T12:50:06","modified_gmt":"2024-05-10T10:50:06","slug":"ansokan","status":"publish","type":"page","link":"https:\/\/alliancefr.se\/norrkoping\/sv\/ansokan\/","title":{"rendered":"Ans\u00f6kan"},"content":{"rendered":"\t\t<div data-elementor-type=\"wp-post\" data-elementor-id=\"95\" class=\"elementor elementor-95\">\n\t\t\t\t<div class=\"elementor-element elementor-element-2edee10b e-flex e-con-boxed e-con e-parent\" data-id=\"2edee10b\" data-element_type=\"container\">\n\t\t\t\t\t<div class=\"e-con-inner\">\n\t\t\t\t<div class=\"elementor-element elementor-element-70466e56 elementor-widget elementor-widget-text-editor\" data-id=\"70466e56\" data-element_type=\"widget\" data-widget_type=\"text-editor.default\">\n\t\t\t\t<div class=\"elementor-widget-container\">\n\t\t\t\t\t\t\t\t\t<p><strong>Alliance Fran\u00e7aise de Norrk\u00f6pings stipendium <\/strong><\/p><p>Villkor och Ans\u00f6kan<br \/><strong>L&rsquo;Alliance Fran\u00e7aise de Norrk\u00f6ping<\/strong> delar <em>vartannat \u00e5r<\/em> ut ett stipendium avsett f\u00f6r spr\u00e5kstudier i Frankrike eller i annat fransktalande land. Stipendiebeloppet uppg\u00e5r till 6.000 svenska kronor (SEK). Avsikten \u00e4r att beloppet ska t\u00e4cka en del av skolavgifterna.<\/p><p>Villkor<br \/>F\u00f6ljande villkor m\u00e5ste uppfyllas:<\/p><ul><li>att vara elev i \u00e5rskurs 2 eller 3 i gymnasieskolan och ha uppn\u00e5tt steg 4 i franska.<\/li><li>att visa s\u00e4rskilt intresse f\u00f6r det franska spr\u00e5ket och den franska kulturen.\u00a0<\/li><li>att informera om den kurs man \u00f6nskar delta i (plats, organisation, tidpunkt f\u00f6r kursen etc).<\/li><li>att stipendiaten, efter avslutad kurs, ber\u00e4ttar om sina intryck och erfarenheter vid en liten presentation p\u00e5 franska i samband med ett av f\u00f6reningens f\u00f6redrag.<\/li><\/ul><p>Ans\u00f6kan<br \/>Din ans\u00f6kan m\u00e5ste inneh\u00e5lla f\u00f6ljande uppgifter:<\/p><ul><li>personuppgifter (namn, adress, gymnasium, \u00e5rskurs).<\/li><li>kopia av betyg p\u00e5 avslutade gymnasiekurser.<\/li><li>underskrift och f\u00f6r omyndig elev v\u00e5rdnadshavares underskrift.<\/li><\/ul><p>Att bifoga ans\u00f6kan:<\/p><ul><li>en text p\u00e5 franska d\u00e4r den s\u00f6kande presenterar sina intressen och i synnerhet sitt engagemang f\u00f6r det franska spr\u00e5ket och den franska kulturen.<\/li><\/ul><p><strong>Dessutom f\u00e5r den s\u00f6kande genomg\u00e5 ett skriftligt och ett muntligt test under ett m\u00f6te med f\u00f6reningens stipendiekommitt\u00e9.<br \/><\/strong>Ans\u00f6kan ska vara ins\u00e4nd senast den <strong>15 september<\/strong>.<br \/>F\u00f6r alla \u00f6vriga upplysningar kontakta ordf\u00f6rande:<\/p><p>Mich\u00e8le Alstander,\u00a0<a href=\"mailto:ordf.alliance.fr.nkg@live.se\">ordf.alliance.fr.nkg@live.se<\/a>.<\/p><p style=\"text-align: center;\"><strong><a style=\"text-decoration: underline;\" href=\"http:\/\/alliancefr.se\/norrkoping\/wp-content\/uploads\/sites\/17\/2024\/05\/Formulaire-candidats-SE-demande-bourse-1.pdf\" target=\"_blank\" rel=\"noopener\">&gt; Blankett f\u00f6r ans\u00f6kan laddas ner h\u00e4r &lt;<\/a><\/strong><\/p>\t\t\t\t\t\t\t\t<\/div>\n\t\t\t\t<\/div>\n\t\t\t\t\t<\/div>\n\t\t\t\t<\/div>\n\t\t\t\t<\/div>\n\t\t","protected":false},"excerpt":{"rendered":"<p>Alliance Fran\u00e7aise de Norrk\u00f6pings stipendium Villkor och Ans\u00f6kanL&rsquo;Alliance Fran\u00e7aise de Norrk\u00f6ping delar vartannat \u00e5r ut ett stipendium avsett f\u00f6r spr\u00e5kstudier i Frankrike eller i annat fransktalande land. Stipendiebeloppet uppg\u00e5r till 6.000 svenska kronor (SEK). Avsikten \u00e4r att beloppet ska t\u00e4cka en del av skolavgifterna. VillkorF\u00f6ljande villkor m\u00e5ste uppfyllas: att vara elev i \u00e5rskurs 2 eller 3 i gymnasieskolan och ha uppn\u00e5tt steg 4 i franska. att visa s\u00e4rskilt intresse f\u00f6r det franska spr\u00e5ket och den franska kulturen.\u00a0 att informera om den kurs man \u00f6nskar delta i (plats, organisation, tidpunkt f\u00f6r kursen etc). att stipendiaten, efter avslutad kurs, ber\u00e4ttar om sina intryck och erfarenheter vid en liten presentation p\u00e5 franska i samband med ett av f\u00f6reningens f\u00f6redrag. Ans\u00f6kanDin ans\u00f6kan m\u00e5ste inneh\u00e5lla f\u00f6ljande uppgifter: personuppgifter (namn, adress, gymnasium, \u00e5rskurs). kopia av betyg p\u00e5 avslutade gymnasiekurser. underskrift och f\u00f6r omyndig elev v\u00e5rdnadshavares underskrift. Att bifoga ans\u00f6kan: en text p\u00e5 franska d\u00e4r den s\u00f6kande presenterar sina intressen och i synnerhet sitt engagemang f\u00f6r det franska spr\u00e5ket och den franska kulturen. Dessutom f\u00e5r den s\u00f6kande genomg\u00e5 ett skriftligt och ett muntligt test under ett m\u00f6te med f\u00f6reningens stipendiekommitt\u00e9.Ans\u00f6kan ska vara ins\u00e4nd senast den 15 september.F\u00f6r alla \u00f6vriga upplysningar kontakta ordf\u00f6rande: Mich\u00e8le Alstander,\u00a0ordf.alliance.fr.nkg@live.se. &gt; Blankett f\u00f6r ans\u00f6kan laddas ner h\u00e4r &lt;<\/p>\n","protected":false},"author":1,"featured_media":0,"parent":0,"menu_order":0,"comment_status":"closed","ping_status":"closed","template":"","meta":{"om_disable_all_campaigns":false,"_monsterinsights_skip_tracking":false,"_monsterinsights_sitenote_active":false,"_monsterinsights_sitenote_note":"","_monsterinsights_sitenote_category":0,"_uf_show_specific_survey":0,"_uf_disable_surveys":false,"footnotes":""},"class_list":["post-95","page","type-page","status-publish","hentry"],"aioseo_notices":[],"rttpg_featured_image_url":null,"rttpg_author":{"display_name":"Super.admin","author_link":"https:\/\/alliancefr.se\/norrkoping\/author\/admin2174\/"},"rttpg_comment":0,"rttpg_category":" <a href=\"https:\/\/alliancefr.se\/norrkoping\/sv\/\" rel=\"tag\">Svenska<\/a>","rttpg_excerpt":"Alliance Fran\u00e7aise de Norrk\u00f6pings stipendium Villkor och Ans\u00f6kanL&rsquo;Alliance Fran\u00e7aise de Norrk\u00f6ping delar vartannat \u00e5r ut ett stipendium avsett f\u00f6r spr\u00e5kstudier i Frankrike eller i annat fransktalande land. Stipendiebeloppet uppg\u00e5r till 6.000 svenska kronor (SEK). Avsikten \u00e4r att beloppet ska t\u00e4cka en del av skolavgifterna. VillkorF\u00f6ljande villkor m\u00e5ste uppfyllas: att vara elev i \u00e5rskurs 2 eller\u2026","_links":{"self":[{"href":"https:\/\/alliancefr.se\/norrkoping\/wp-json\/wp\/v2\/pages\/95","targetHints":{"allow":["GET"]}}],"collection":[{"href":"https:\/\/alliancefr.se\/norrkoping\/wp-json\/wp\/v2\/pages"}],"about":[{"href":"https:\/\/alliancefr.se\/norrkoping\/wp-json\/wp\/v2\/types\/page"}],"author":[{"embeddable":true,"href":"https:\/\/alliancefr.se\/norrkoping\/wp-json\/wp\/v2\/users\/1"}],"replies":[{"embeddable":true,"href":"https:\/\/alliancefr.se\/norrkoping\/wp-json\/wp\/v2\/comments?post=95"}],"version-history":[{"count":3,"href":"https:\/\/alliancefr.se\/norrkoping\/wp-json\/wp\/v2\/pages\/95\/revisions"}],"predecessor-version":[{"id":2607,"href":"https:\/\/alliancefr.se\/norrkoping\/wp-json\/wp\/v2\/pages\/95\/revisions\/2607"}],"wp:attachment":[{"href":"https:\/\/alliancefr.se\/norrkoping\/wp-json\/wp\/v2\/media?parent=95"}],"curies":[{"name":"wp","href":"https:\/\/api.w.org\/{rel}","templated":true}]}}