{"id":89,"date":"2019-06-12T17:20:30","date_gmt":"2019-06-12T15:20:30","guid":{"rendered":"https:\/\/alliancefr.se\/norrkoping\/kurser-i-franska\/"},"modified":"2024-05-10T12:48:33","modified_gmt":"2024-05-10T10:48:33","slug":"kurser-i-franska","status":"publish","type":"page","link":"https:\/\/alliancefr.se\/norrkoping\/sv\/kurser-i-franska\/","title":{"rendered":"Kurser i franska"},"content":{"rendered":"\t\t<div data-elementor-type=\"wp-post\" data-elementor-id=\"89\" class=\"elementor elementor-89\">\n\t\t\t\t<div class=\"elementor-element elementor-element-2deae48 e-flex e-con-boxed e-con e-parent\" data-id=\"2deae48\" data-element_type=\"container\">\n\t\t\t\t\t<div class=\"e-con-inner\">\n\t\t\t\t<div class=\"elementor-element elementor-element-3bb6c4de elementor-widget elementor-widget-text-editor\" data-id=\"3bb6c4de\" data-element_type=\"widget\" data-widget_type=\"text-editor.default\">\n\t\t\t\t<div class=\"elementor-widget-container\">\n\t\t\t\t\t\t\t\t\t<p>Alliance Fran\u00e7aise i Norrk\u00f6ping har ingen kursversamhet. Vi anordnar d\u00e4remot f\u00f6redrag i samarbete med studief\u00f6rbunden <strong>Medborgarskolan<\/strong> och <strong>Folkuniversitetet<\/strong>. D\u00e4rf\u00f6r h\u00e4nvisar vi till dessa studief\u00f6rbund som anordnar kurser i franska spr\u00e5ket:<\/p><p><a href=\"https:\/\/dst15js82dk7j.cloudfront.net\/69011\/47307211-mxWHz.png\"><img decoding=\"async\" id=\"block_img_88425387\" src=\"https:\/\/dst15js82dk7j.cloudfront.net\/69011\/47307211-mxWHz.png\" alt=\"\" width=\"417\" height=\"54\" \/><\/a><\/p><p style=\"text-align: right;\">Medborgarskolan Region Ost<br \/>Tunnbindaregatan 8<br \/>602 21 Norrk\u00f6ping<br \/><a href=\"http:\/\/www.medborgarskolan.se\">www.medborgarskolan.se<\/a><br \/>Kundtj\u00e4nst telefon: 075 241 68 30<\/p><p><a href=\"https:\/\/h24-original.s3.amazonaws.com\/69011\/17026840-qG0MZ.png\"><img decoding=\"async\" id=\"block_img_88425389\" src=\"https:\/\/dst15js82dk7j.cloudfront.net\/69011\/47307210-5J3QD.png\" alt=\"\" width=\"338\" height=\"74\" \/><\/a><\/p><p>Folkuniversitet Norrk\u00f6ping<br \/>Kvarngatan 34<br \/>60240 Norrk\u00f6ping<br \/><a href=\"https:\/\/www.folkuniversitetet.se\/\">www.folkuniversitet.se<\/a><br \/>Kundtj\u00e4nst telefon: 011 474 12 00<\/p>\t\t\t\t\t\t\t\t<\/div>\n\t\t\t\t<\/div>\n\t\t\t\t\t<\/div>\n\t\t\t\t<\/div>\n\t\t\t\t<\/div>\n\t\t","protected":false},"excerpt":{"rendered":"<p>Alliance Fran\u00e7aise i Norrk\u00f6ping har ingen kursversamhet. Vi anordnar d\u00e4remot f\u00f6redrag i samarbete med studief\u00f6rbunden Medborgarskolan och Folkuniversitetet. D\u00e4rf\u00f6r h\u00e4nvisar vi till dessa studief\u00f6rbund som anordnar kurser i franska spr\u00e5ket: Medborgarskolan Region OstTunnbindaregatan 8602 21 Norrk\u00f6pingwww.medborgarskolan.seKundtj\u00e4nst telefon: 075 241 68 30 Folkuniversitet Norrk\u00f6pingKvarngatan 3460240 Norrk\u00f6pingwww.folkuniversitet.seKundtj\u00e4nst telefon: 011 474 12 00<\/p>\n","protected":false},"author":1,"featured_media":0,"parent":0,"menu_order":0,"comment_status":"closed","ping_status":"closed","template":"","meta":{"om_disable_all_campaigns":false,"_monsterinsights_skip_tracking":false,"_monsterinsights_sitenote_active":false,"_monsterinsights_sitenote_note":"","_monsterinsights_sitenote_category":0,"_uf_show_specific_survey":0,"_uf_disable_surveys":false,"footnotes":""},"class_list":["post-89","page","type-page","status-publish","hentry"],"aioseo_notices":[],"rttpg_featured_image_url":null,"rttpg_author":{"display_name":"Super.admin","author_link":"https:\/\/alliancefr.se\/norrkoping\/author\/admin2174\/"},"rttpg_comment":0,"rttpg_category":" <a href=\"https:\/\/alliancefr.se\/norrkoping\/sv\/\" rel=\"tag\">Svenska<\/a>","rttpg_excerpt":"Alliance Fran\u00e7aise i Norrk\u00f6ping har ingen kursversamhet. Vi anordnar d\u00e4remot f\u00f6redrag i samarbete med studief\u00f6rbunden Medborgarskolan och Folkuniversitetet. D\u00e4rf\u00f6r h\u00e4nvisar vi till dessa studief\u00f6rbund som anordnar kurser i franska spr\u00e5ket: Medborgarskolan Region OstTunnbindaregatan 8602 21 Norrk\u00f6pingwww.medborgarskolan.seKundtj\u00e4nst telefon: 075 241 68 30 Folkuniversitet Norrk\u00f6pingKvarngatan 3460240 Norrk\u00f6pingwww.folkuniversitet.seKundtj\u00e4nst telefon: 011 474 12 00","_links":{"self":[{"href":"https:\/\/alliancefr.se\/norrkoping\/wp-json\/wp\/v2\/pages\/89","targetHints":{"allow":["GET"]}}],"collection":[{"href":"https:\/\/alliancefr.se\/norrkoping\/wp-json\/wp\/v2\/pages"}],"about":[{"href":"https:\/\/alliancefr.se\/norrkoping\/wp-json\/wp\/v2\/types\/page"}],"author":[{"embeddable":true,"href":"https:\/\/alliancefr.se\/norrkoping\/wp-json\/wp\/v2\/users\/1"}],"replies":[{"embeddable":true,"href":"https:\/\/alliancefr.se\/norrkoping\/wp-json\/wp\/v2\/comments?post=89"}],"version-history":[{"count":3,"href":"https:\/\/alliancefr.se\/norrkoping\/wp-json\/wp\/v2\/pages\/89\/revisions"}],"predecessor-version":[{"id":2603,"href":"https:\/\/alliancefr.se\/norrkoping\/wp-json\/wp\/v2\/pages\/89\/revisions\/2603"}],"wp:attachment":[{"href":"https:\/\/alliancefr.se\/norrkoping\/wp-json\/wp\/v2\/media?parent=89"}],"curies":[{"name":"wp","href":"https:\/\/api.w.org\/{rel}","templated":true}]}}