{"id":85,"date":"2019-06-12T17:14:00","date_gmt":"2019-06-12T15:14:00","guid":{"rendered":"https:\/\/alliancefr.se\/norrkoping\/natverket\/"},"modified":"2024-05-31T14:02:12","modified_gmt":"2024-05-31T12:02:12","slug":"natverket","status":"publish","type":"page","link":"https:\/\/alliancefr.se\/norrkoping\/sv\/natverket\/","title":{"rendered":"N\u00e4tverket"},"content":{"rendered":"\t\t<div data-elementor-type=\"wp-post\" data-elementor-id=\"85\" class=\"elementor elementor-85\">\n\t\t\t\t<div class=\"elementor-element elementor-element-78833ec3 e-flex e-con-boxed e-con e-parent\" data-id=\"78833ec3\" data-element_type=\"container\">\n\t\t\t\t\t<div class=\"e-con-inner\">\n\t\t\t\t<div class=\"elementor-element elementor-element-40132291 elementor-widget elementor-widget-text-editor\" data-id=\"40132291\" data-element_type=\"widget\" data-widget_type=\"text-editor.default\">\n\t\t\t\t<div class=\"elementor-widget-container\">\n\t\t\t\t\t\t\t\t\t<h3 style=\"text-align: left;\">N\u00e4tverket i Sverige<\/h3><p>I Stockholm grundades 1889 den f\u00f6rsta svenska Alliance Fran\u00e7aise. Den f\u00f6ljdes snabbt av Alliance Fran\u00e7aise i Uppsala och i G\u00f6teborg. Alliance Fran\u00e7aise i \u00d6rebro skapades 1935 och firar sitt 80-\u00e5rsjubileum 2015. Idag omfattar det svenska Alliance fran\u00e7aises n\u00e4tverket 16 f\u00f6reningar, som har en s\u00e4rskild st\u00e4llning i fr\u00e4mjandet av den fransktalande v\u00e4rlden. P\u00e5 grund av den st\u00f6rra svenska traditionen av studief\u00f6rbund som Medborgarskolan och Folkh\u00f6gskolan, erbjuder de svenska Alliance fran\u00e7aise inga kurser i franska. Dock f\u00f6resl\u00e5r de m\u00e5nga aktiviteter och konferenser i franska och svenska om fransktalande kulturer. Som en del av samarbetet mellan de olika Alliance fran\u00e7aise i Sverige, h\u00e5lls ett nationellt m\u00f6te varje \u00e5r i en n\u00e4tverksmedlems stad. \u00c5r 2015 \u00e4gde detta m\u00f6te rum i \u00d6rebro. H\u00e4r diskuteras tidigare och framtida projekt, s\u00e5som utveckling av partnerskap eller utbyte av f\u00f6rel\u00e4sare mellan de olika Alliance Fran\u00e7aise och st\u00e4der i Sverige.<\/p>\t\t\t\t\t\t\t\t<\/div>\n\t\t\t\t<\/div>\n\t\t\t\t\t<\/div>\n\t\t\t\t<\/div>\n\t\t<div class=\"elementor-element elementor-element-acf09b1 e-flex e-con-boxed e-con e-parent\" data-id=\"acf09b1\" data-element_type=\"container\">\n\t\t\t\t\t<div class=\"e-con-inner\">\n\t\t\t\t<div class=\"elementor-element elementor-element-0e7d551 elementor-widget elementor-widget-html\" data-id=\"0e7d551\" data-element_type=\"widget\" data-widget_type=\"html.default\">\n\t\t\t\t<div class=\"elementor-widget-container\">\n\t\t\t\t\t<iframe src=\"https:\/\/www.google.com\/maps\/d\/u\/0\/embed?mid=1-Yn-iFEIDAYmm-9Ljx97FtBfG59mbLk&ehbc=2E312F&noprof=1\" width=\"640\" height=\"480\"><\/iframe>\t\t\t\t<\/div>\n\t\t\t\t<\/div>\n\t\t\t\t\t<\/div>\n\t\t\t\t<\/div>\n\t\t<div class=\"elementor-element elementor-element-8cfe3af e-flex e-con-boxed e-con e-parent\" data-id=\"8cfe3af\" data-element_type=\"container\">\n\t\t\t\t\t<div class=\"e-con-inner\">\n\t\t\t\t<div class=\"elementor-element elementor-element-cf50071 elementor-widget elementor-widget-text-editor\" data-id=\"cf50071\" data-element_type=\"widget\" data-widget_type=\"text-editor.default\">\n\t\t\t\t<div class=\"elementor-widget-container\">\n\t\t\t\t\t\t\t\t\t<p>Hitta n\u00e4tverket f\u00f6r\u00a0<a href=\"https:\/\/alliancefr.se\/\">Alliance Fran\u00e7aise i Sverige h\u00e4r.<\/a><\/p>\t\t\t\t\t\t\t\t<\/div>\n\t\t\t\t<\/div>\n\t\t\t\t\t<\/div>\n\t\t\t\t<\/div>\n\t\t\t\t<\/div>\n\t\t","protected":false},"excerpt":{"rendered":"<p>N\u00e4tverket i Sverige I Stockholm grundades 1889 den f\u00f6rsta svenska Alliance Fran\u00e7aise. Den f\u00f6ljdes snabbt av Alliance Fran\u00e7aise i Uppsala och i G\u00f6teborg. Alliance Fran\u00e7aise i \u00d6rebro skapades 1935 och firar sitt 80-\u00e5rsjubileum 2015. Idag omfattar det svenska Alliance fran\u00e7aises n\u00e4tverket 16 f\u00f6reningar, som har en s\u00e4rskild st\u00e4llning i fr\u00e4mjandet av den fransktalande v\u00e4rlden. P\u00e5 grund av den st\u00f6rra svenska traditionen av studief\u00f6rbund som Medborgarskolan och Folkh\u00f6gskolan, erbjuder de svenska Alliance fran\u00e7aise inga kurser i franska. Dock f\u00f6resl\u00e5r de m\u00e5nga aktiviteter och konferenser i franska och svenska om fransktalande kulturer. Som en del av samarbetet mellan de olika Alliance fran\u00e7aise i Sverige, h\u00e5lls ett nationellt m\u00f6te varje \u00e5r i en n\u00e4tverksmedlems stad. \u00c5r 2015 \u00e4gde detta m\u00f6te rum i \u00d6rebro. H\u00e4r diskuteras tidigare och framtida projekt, s\u00e5som utveckling av partnerskap eller utbyte av f\u00f6rel\u00e4sare mellan de olika Alliance Fran\u00e7aise och st\u00e4der i Sverige. Hitta n\u00e4tverket f\u00f6r\u00a0Alliance Fran\u00e7aise i Sverige h\u00e4r.<\/p>\n","protected":false},"author":1,"featured_media":0,"parent":0,"menu_order":0,"comment_status":"closed","ping_status":"closed","template":"","meta":{"om_disable_all_campaigns":false,"_monsterinsights_skip_tracking":false,"_monsterinsights_sitenote_active":false,"_monsterinsights_sitenote_note":"","_monsterinsights_sitenote_category":0,"_uf_show_specific_survey":0,"_uf_disable_surveys":false,"footnotes":""},"class_list":["post-85","page","type-page","status-publish","hentry"],"aioseo_notices":[],"rttpg_featured_image_url":null,"rttpg_author":{"display_name":"Super.admin","author_link":"https:\/\/alliancefr.se\/norrkoping\/author\/admin2174\/"},"rttpg_comment":0,"rttpg_category":" <a href=\"https:\/\/alliancefr.se\/norrkoping\/sv\/\" rel=\"tag\">Svenska<\/a>","rttpg_excerpt":"N\u00e4tverket i Sverige I Stockholm grundades 1889 den f\u00f6rsta svenska Alliance Fran\u00e7aise. Den f\u00f6ljdes snabbt av Alliance Fran\u00e7aise i Uppsala och i G\u00f6teborg. Alliance Fran\u00e7aise i \u00d6rebro skapades 1935 och firar sitt 80-\u00e5rsjubileum 2015. Idag omfattar det svenska Alliance fran\u00e7aises n\u00e4tverket 16 f\u00f6reningar, som har en s\u00e4rskild st\u00e4llning i fr\u00e4mjandet av den fransktalande v\u00e4rlden. P\u00e5\u2026","_links":{"self":[{"href":"https:\/\/alliancefr.se\/norrkoping\/wp-json\/wp\/v2\/pages\/85","targetHints":{"allow":["GET"]}}],"collection":[{"href":"https:\/\/alliancefr.se\/norrkoping\/wp-json\/wp\/v2\/pages"}],"about":[{"href":"https:\/\/alliancefr.se\/norrkoping\/wp-json\/wp\/v2\/types\/page"}],"author":[{"embeddable":true,"href":"https:\/\/alliancefr.se\/norrkoping\/wp-json\/wp\/v2\/users\/1"}],"replies":[{"embeddable":true,"href":"https:\/\/alliancefr.se\/norrkoping\/wp-json\/wp\/v2\/comments?post=85"}],"version-history":[{"count":9,"href":"https:\/\/alliancefr.se\/norrkoping\/wp-json\/wp\/v2\/pages\/85\/revisions"}],"predecessor-version":[{"id":2735,"href":"https:\/\/alliancefr.se\/norrkoping\/wp-json\/wp\/v2\/pages\/85\/revisions\/2735"}],"wp:attachment":[{"href":"https:\/\/alliancefr.se\/norrkoping\/wp-json\/wp\/v2\/media?parent=85"}],"curies":[{"name":"wp","href":"https:\/\/api.w.org\/{rel}","templated":true}]}}