{"id":61,"date":"2019-06-12T16:16:52","date_gmt":"2019-06-12T14:16:52","guid":{"rendered":"https:\/\/alliancefr.se\/norrkoping\/demande-de-bourse\/"},"modified":"2024-05-20T15:45:46","modified_gmt":"2024-05-20T13:45:46","slug":"demande-de-bourse","status":"publish","type":"page","link":"https:\/\/alliancefr.se\/norrkoping\/demande-de-bourse\/","title":{"rendered":"Demande de bourse"},"content":{"rendered":"\t\t<div data-elementor-type=\"wp-post\" data-elementor-id=\"61\" class=\"elementor elementor-61\">\n\t\t\t\t<div class=\"elementor-element elementor-element-24044bbb e-flex e-con-boxed e-con e-parent\" data-id=\"24044bbb\" data-element_type=\"container\">\n\t\t\t\t\t<div class=\"e-con-inner\">\n\t\t\t\t<div class=\"elementor-element elementor-element-2378dc75 elementor-widget elementor-widget-text-editor\" data-id=\"2378dc75\" data-element_type=\"widget\" data-widget_type=\"text-editor.default\">\n\t\t\t\t<div class=\"elementor-widget-container\">\n\t\t\t\t\t\t\t\t\t<p><strong>Comment demander la bourse de l&rsquo;Alliance Fran\u00e7aise de Norrk\u00f6ping ?<\/strong><\/p><p><strong>L&rsquo;Alliance Fran\u00e7aise de Norrk\u00f6ping<\/strong> d\u00e9cerne tous les deux ans, une bourse destin\u00e9e \u00e0 une formation linguistique en France ou dans un autre pays francophone. Le montant de la bourse est de 6 000 couronnes su\u00e9doises (SEK). Elle est destin\u00e9e \u00e0 couvrir une partie des frais de scolarit\u00e9.<\/p><p><strong>Conditions n\u00e9cessaires<\/strong><\/p><ul><li>\u00eatre \u00e9l\u00e8ve de 2e ou 3e ann\u00e9e de lyc\u00e9e et avoir atteint le niveau 4 (steg 4) en fran\u00e7ais.<\/li><li>faire preuve d&rsquo;un engagement particulier pour la langue et la culture fran\u00e7aise.\u00a0<\/li><li>information sur le cours que l&rsquo;on souhaite suivre (lieu, organisme, dates etc).\u00a0<\/li><li>le boursier rendra compte de ses exp\u00e9riences par une petite pr\u00e9sentation en fran\u00e7ais lors d&rsquo;une de nos conf\u00e9rences \u00e0 l&rsquo;association.\u00a0<\/li><\/ul><p><strong>Demande<\/strong><br \/>Cette demande doit obligatoirement comporter les \u00e9l\u00e9ments suivants:<\/p><ul><li>renseignements personnels (nom, adresse, lyc\u00e9e, ann\u00e9e)\u00a0<\/li><li>copie du bulletin scolaire sur les \u00e9tudes secondaires accomplies\u00a0<\/li><li>signature et si le candidat est mineur, signature d&rsquo;une personne d\u00e9tentrice de l&rsquo;autorit\u00e9 parentale.<\/li><\/ul><p><strong>Joindre \u00e0 la demande<\/strong><\/p><ul><li>un texte en fran\u00e7ais ou le candidat pr\u00e9sente ses activit\u00e9s, et tout particuli\u00e8rement son engagement pour la langue et la culture fran\u00e7aises.<\/li><\/ul><p><strong>Le candidat subit un test \u00e9crit et oral lors d&rsquo;un entretien avec le comit\u00e9 des bourses de l&rsquo;association.<\/strong><br \/><strong>La demande doit \u00eatre faite au plus tard le<\/strong> <strong>15 septembre<\/strong>.<\/p><p>Pour toute question suppl\u00e9mentaire, veuillez contacter :<\/p><p>Mich\u00e8le Alstander,\u00a0<a href=\"mailto:ordf.alliance.fr.nkg@live.se\">ordf.alliance.fr.nkg@live.se<\/a>.<\/p><p style=\"text-align: center;\"><a href=\"http:\/\/alliancefr.se\/norrkoping\/wp-content\/uploads\/sites\/17\/2024\/05\/Formulaire-candidats-SE-demande-bourse.pdf\" target=\"_blank\" rel=\"noopener\"><strong>&gt; T\u00e9l\u00e9charger le formulaire de candidature &lt;<\/strong><\/a><\/p>\t\t\t\t\t\t\t\t<\/div>\n\t\t\t\t<\/div>\n\t\t\t\t\t<\/div>\n\t\t\t\t<\/div>\n\t\t\t\t<\/div>\n\t\t","protected":false},"excerpt":{"rendered":"<p>Comment demander la bourse de l&rsquo;Alliance Fran\u00e7aise de Norrk\u00f6ping ? L&rsquo;Alliance Fran\u00e7aise de Norrk\u00f6ping d\u00e9cerne tous les deux ans, une bourse destin\u00e9e \u00e0 une formation linguistique en France ou dans un autre pays francophone. Le montant de la bourse est de 6 000 couronnes su\u00e9doises (SEK). Elle est destin\u00e9e \u00e0 couvrir une partie des frais de scolarit\u00e9. Conditions n\u00e9cessaires \u00eatre \u00e9l\u00e8ve de 2e ou 3e ann\u00e9e de lyc\u00e9e et avoir atteint le niveau 4 (steg 4) en fran\u00e7ais. faire preuve d&rsquo;un engagement particulier pour la langue et la culture fran\u00e7aise.\u00a0 information sur le cours que l&rsquo;on souhaite suivre (lieu, organisme, dates etc).\u00a0 le boursier rendra compte de ses exp\u00e9riences par une petite pr\u00e9sentation en fran\u00e7ais lors d&rsquo;une de nos conf\u00e9rences \u00e0 l&rsquo;association.\u00a0 DemandeCette demande doit obligatoirement comporter les \u00e9l\u00e9ments suivants: renseignements personnels (nom, adresse, lyc\u00e9e, ann\u00e9e)\u00a0 copie du bulletin scolaire sur les \u00e9tudes secondaires accomplies\u00a0 signature et si le candidat est mineur, signature d&rsquo;une personne d\u00e9tentrice de l&rsquo;autorit\u00e9 parentale. Joindre \u00e0 la demande un texte en fran\u00e7ais ou le candidat pr\u00e9sente ses activit\u00e9s, et tout particuli\u00e8rement son engagement pour la langue et la culture fran\u00e7aises. Le candidat subit un test \u00e9crit et oral lors d&rsquo;un entretien avec le comit\u00e9 des bourses de l&rsquo;association.La demande doit \u00eatre faite au plus tard le 15 septembre. Pour toute question suppl\u00e9mentaire, veuillez contacter : Mich\u00e8le Alstander,\u00a0ordf.alliance.fr.nkg@live.se. &gt; T\u00e9l\u00e9charger le formulaire de candidature &lt;<\/p>\n","protected":false},"author":1,"featured_media":0,"parent":0,"menu_order":0,"comment_status":"closed","ping_status":"closed","template":"","meta":{"om_disable_all_campaigns":false,"_monsterinsights_skip_tracking":false,"_monsterinsights_sitenote_active":false,"_monsterinsights_sitenote_note":"","_monsterinsights_sitenote_category":0,"_uf_show_specific_survey":0,"_uf_disable_surveys":false,"footnotes":""},"class_list":["post-61","page","type-page","status-publish","hentry"],"aioseo_notices":[],"rttpg_featured_image_url":null,"rttpg_author":{"display_name":"Super.admin","author_link":"https:\/\/alliancefr.se\/norrkoping\/author\/admin2174\/"},"rttpg_comment":0,"rttpg_category":" <a href=\"https:\/\/alliancefr.se\/norrkoping\/\" rel=\"tag\">Fran\u00e7ais<\/a>","rttpg_excerpt":"Comment demander la bourse de l&rsquo;Alliance Fran\u00e7aise de Norrk\u00f6ping ? L&rsquo;Alliance Fran\u00e7aise de Norrk\u00f6ping d\u00e9cerne tous les deux ans, une bourse destin\u00e9e \u00e0 une formation linguistique en France ou dans un autre pays francophone. Le montant de la bourse est de 6 000 couronnes su\u00e9doises (SEK). Elle est destin\u00e9e \u00e0 couvrir une partie des frais\u2026","_links":{"self":[{"href":"https:\/\/alliancefr.se\/norrkoping\/wp-json\/wp\/v2\/pages\/61","targetHints":{"allow":["GET"]}}],"collection":[{"href":"https:\/\/alliancefr.se\/norrkoping\/wp-json\/wp\/v2\/pages"}],"about":[{"href":"https:\/\/alliancefr.se\/norrkoping\/wp-json\/wp\/v2\/types\/page"}],"author":[{"embeddable":true,"href":"https:\/\/alliancefr.se\/norrkoping\/wp-json\/wp\/v2\/users\/1"}],"replies":[{"embeddable":true,"href":"https:\/\/alliancefr.se\/norrkoping\/wp-json\/wp\/v2\/comments?post=61"}],"version-history":[{"count":12,"href":"https:\/\/alliancefr.se\/norrkoping\/wp-json\/wp\/v2\/pages\/61\/revisions"}],"predecessor-version":[{"id":2709,"href":"https:\/\/alliancefr.se\/norrkoping\/wp-json\/wp\/v2\/pages\/61\/revisions\/2709"}],"wp:attachment":[{"href":"https:\/\/alliancefr.se\/norrkoping\/wp-json\/wp\/v2\/media?parent=61"}],"curies":[{"name":"wp","href":"https:\/\/api.w.org\/{rel}","templated":true}]}}