{"id":40,"date":"2019-06-12T16:04:27","date_gmt":"2019-06-12T14:04:27","guid":{"rendered":"https:\/\/alliancefr.se\/norrkoping\/cercle-de-lecture\/"},"modified":"2024-05-10T12:40:33","modified_gmt":"2024-05-10T10:40:33","slug":"cercle-de-lecture","status":"publish","type":"page","link":"https:\/\/alliancefr.se\/norrkoping\/cercle-de-lecture\/","title":{"rendered":"Cercle de lecture"},"content":{"rendered":"\t\t<div data-elementor-type=\"wp-post\" data-elementor-id=\"40\" class=\"elementor elementor-40\">\n\t\t\t\t<div class=\"elementor-element elementor-element-2cb71f5a e-flex e-con-boxed e-con e-parent\" data-id=\"2cb71f5a\" data-element_type=\"container\">\n\t\t\t\t\t<div class=\"e-con-inner\">\n\t\t\t\t<div class=\"elementor-element elementor-element-6778e5a1 elementor-widget elementor-widget-text-editor\" data-id=\"6778e5a1\" data-element_type=\"widget\" data-widget_type=\"text-editor.default\">\n\t\t\t\t<div class=\"elementor-widget-container\">\n\t\t\t\t\t\t\t\t\t<p><img fetchpriority=\"high\" decoding=\"async\" src=\"https:\/\/afnorrkoping.eu\/wp-content\/uploads\/2022\/12\/Af-Les-cinq-livres-2022-2023.jpg\" alt=\"\" width=\"632\" height=\"797\" \/><br \/><img decoding=\"async\" src=\"https:\/\/afnorrkoping.eu\/wp-content\/uploads\/2021\/10\/Les-cinq-livres-2021-2022-sid-2.-Ver-2-2021-2022-e1634290652650.jpg\" alt=\"\" width=\"785\" height=\"671\" \/><\/p><p style=\"text-align: center;\"><strong>2022 &#8211; 2023<br \/><\/strong><\/p><p style=\"text-align: center;\"><strong>Lisez cinq nouveaux romans et gardez celui que vous avez entre les mains \u00e0 la fin du cercle<\/strong><\/p><p>Tous les ans, nous organisons un cercle de lecture qui d\u00e9bute au mois de novembre et termine au mois de mai de l&rsquo;ann\u00e9e suivante.<br \/>Chaque cercle est compos\u00e9 de cinq personnes et de cinq livres en circulation. Chacun(e) lit \u00ab\u00a0son\u00a0\u00bb livre \u00e0 tour de r\u00f4le, le garde quatre \u00e0 cinq semaines en respectant les dates convenues, et de cette fa\u00e7on tous les participants ont la possibilit\u00e9 de lire un nouveau livre tous les mois.<\/p><p>Veuillez noter qu&rsquo;une liste avec le nom des participants, leur adresse et num\u00e9ro de t\u00e9l\u00e9phone ainsi que la date d&rsquo;\u00e9change figurent sur chaque livre. Il est important de respecter les dates donn\u00e9es.<\/p><p>Au mois de mai 2023, lorsque les cinq livres ont fait leur tour du cercle, nous avons une r\u00e9union finale o\u00f9 tous les participants sont invit\u00e9s \u00e0 discuter les livres de l&rsquo;ann\u00e9e. Faites de nombreuses annotations qui animeront nos discussions.<\/p><p>Une m\u00e9thode tr\u00e8s agr\u00e9able pour perfectionner et am\u00e9liorer ses connaissances linguistiques.<\/p><p><strong>Prix : 200 kr<\/strong>\u00a0<\/p><p><strong>Paiement par compte PlusGiro : 32 98 62 &#8211; 7<\/strong><\/p><p>Pour de plus amples informations, veuillez contacter :<\/p><p><strong>Bernadette de Tauzia<\/strong> : <a href=\"mailto:mia.thorell@outlook.com\">bdetauzia@gmail.com<\/a><br \/><strong>Mich\u00e8le Alstander<\/strong> : <a href=\"mailto:ordf.alliance.fr.nkg@live.se\">ordf.alliance.fr.nkg@live.se<\/a><\/p><p style=\"text-align: center;\"><strong>Bienvenue dans notre cercle de lecture ! <\/strong><\/p><p><strong>Cinq romans ont \u00e9t\u00e9 retenus pour l&rsquo;ann\u00e9e 2022- 2023.<\/strong><\/p><p><strong>Leurs caract\u00e9ristiques:<\/strong><\/p><ol><li>Ils sont <strong>r\u00e9cents<\/strong> tous les cinq, ont \u00e9t\u00e9 publi\u00e9s respectivement entre 2018 et 2022.<\/li><li>Ils ont pour <strong>auteurs<\/strong> deux femmes et trois hommes.<\/li><li>Ils sont de <strong>taille moyenne<\/strong> (moins de 290 pages).<\/li><li>Ils sont \u00e9crits dans une langue tr\u00e8s <strong>accessible.<\/strong><\/li><li>Ils ont re\u00e7u un\u00a0tr\u00e8s <strong>bon accueil<\/strong> de la critique comme du public.\u00a0<\/li><\/ol><h5 style=\"text-align: center;\"><strong>Merci de vous inscrire via le formulaire ci-dessous avant le 15 d\u00e9cembre 2022, dernier d\u00e9lai !<\/strong><\/h5><p style=\"text-align: center;\">Apr\u00e8s cette date, vous pourrez vous inscrire sur la liste d\u2019attente de l\u2019ann\u00e9e prochaine (2022-2023)<\/p><h5 style=\"text-align: center;\"><strong>Inscription 2023 &#8211; 2024<\/strong><\/h5><p style=\"text-align: center;\">Vous devez \u00eatre membre de l&rsquo;Alliance Fran\u00e7aise \u00e0 Norrk\u00f6ping pour vous inscrire.<button disabled=\"disabled\" type=\"button\"><\/button><\/p>\t\t\t\t\t\t\t\t<\/div>\n\t\t\t\t<\/div>\n\t\t\t\t\t<\/div>\n\t\t\t\t<\/div>\n\t\t<div class=\"elementor-element elementor-element-a2bc50c e-flex e-con-boxed e-con e-parent\" data-id=\"a2bc50c\" data-element_type=\"container\">\n\t\t\t\t\t<div class=\"e-con-inner\">\n\t\t\t\t<div class=\"elementor-element elementor-element-f87bd5e elementor-widget elementor-widget-shortcode\" data-id=\"f87bd5e\" data-element_type=\"widget\" data-widget_type=\"shortcode.default\">\n\t\t\t\t<div class=\"elementor-widget-container\">\n\t\t\t\t\t\t\t<div class=\"elementor-shortcode\"><div style=\"display:none\" class=\"fm-form-container fm-theme1\"><div id=\"fm-pages8\" class=\"fm-pages wdform_page_navigation \" show_title=\"\" show_numbers=\"1\" type=\"none\"><\/div><form name=\"form8\" action=\"\/norrkoping\/wp-json\/wp\/v2\/pages\/40\" method=\"post\" id=\"form8\" class=\"fm-form form8  \" enctype=\"multipart\/form-data\"><input type=\"hidden\" id=\"fm_page_id8\" value=\"40\" name=\"fm_page_id8\" \/><input type=\"hidden\" id=\"fm_current_post_type8\" value=\"page\" name=\"fm_current_post_type8\" \/><input type=\"hidden\" id=\"counter8\" value=\"13\" name=\"counter8\" \/><input type=\"hidden\" id=\"Itemid8\" value=\"\" name=\"Itemid8\" \/><input type=\"hidden\" id=\"fm_shake8\" value=\"1\" name=\"fm_shake8\" \/><input type=\"text\" class=\"fm-hide\" id=\"fm_empty_field_validation8\" value=\"\" name=\"fm_empty_field_validation8\" data-value=\"bd736efb144d599cf463541431fbf5c4\" \/><div class=\"wdform-page-and-images fm-form-builder\"><div id=\"8form_view1\" class=\"wdform_page\" page_title=\"Untitled page\" next_title=\"Next\" next_type=\"text\" next_class=\"wdform-page-button\" next_checkable=\"true\" previous_title=\"Previous\" previous_type=\"text\" previous_class=\"wdform-page-button\" previous_checkable=\"false\"><div class=\"wdform_section\"><div class=\"wdform_column\"><div wdid=\"2\" class=\"wdform_row\"><div type=\"type_text\" class=\"wdform-field wd-width-100 wd-flex wd-flex-column fm-type_text\" ><div class=\"wdform-label-section wd-width-100  wd-flex-row wd-align-items-center\">    <label  for=\"wdform_2_element8\" class=\"wdform-label\">Nom et pr\u00e9nom<\/label><span class=\"wdform-required\">*<\/span><\/div><div class=\"wdform-element-section wd-flex  wd-flex-row wd-align-items-center wd-width-100\" ><input type=\"text\"                           class=\"wd-width-100\"                           id=\"wdform_2_element8\"                           name=\"wdform_2_element8\"                           value=\"\"                           data-value=\"\"                           title=\"\"                           placeholder=\"\"                                                       \/><\/div><\/div><\/div><\/div><div class=\"wdform_column\"><div wdid=\"3\" class=\"wdform_row\"><div type=\"type_text\" class=\"wdform-field wd-width-100 wd-flex wd-flex-column fm-type_text\" ><div class=\"wdform-label-section wd-width-100  wd-flex-row wd-align-items-center\">    <label  for=\"wdform_3_element8\" class=\"wdform-label\">Email<\/label><span class=\"wdform-required\">*<\/span><\/div><div class=\"wdform-element-section wd-flex  wd-flex-row wd-align-items-center wd-width-100\" ><input type=\"text\"                           class=\"wd-width-100\"                           id=\"wdform_3_element8\"                           name=\"wdform_3_element8\"                           value=\"\"                           data-value=\"\"                           title=\"\"                           placeholder=\"\"                                                       \/><\/div><\/div><\/div><\/div><div class=\"wdform_column\"><div wdid=\"4\" class=\"wdform_row\"><div type=\"type_date_fields\" class=\"wdform-field wd-width-100 wd-flex wd-flex-column fm-type_date_fields\" ><div class=\"wdform-label-section wd-width-100 wdform_date_fields wd-flex-row\">    <label  for=\"wdform_4_day8\" class=\"wdform-label\">Date de naissance<\/label><span class=\"wdform-required\">*<\/span><\/div><div class=\"wdform-element-section wd-flex wdform_date_fields wd-flex-row wd-width-100\" ><div class=\"wd-flex wd-flex-row wd-width-100 wd-align-items\"><div class=\"wd-flex wd-flex-column\"><select id=\"wdform_4_day8\" name=\"wdform_4_day8\" class=\"wdform_select_day\" style=\"width: 60px;\" ><option value=\"\"><\/option><option value=\"01\" >01<\/option><option value=\"02\" >02<\/option><option value=\"03\" >03<\/option><option value=\"04\" >04<\/option><option value=\"05\" >05<\/option><option value=\"06\" >06<\/option><option value=\"07\" >07<\/option><option value=\"08\" >08<\/option><option value=\"09\" >09<\/option><option value=\"10\" >10<\/option><option value=\"11\" >11<\/option><option value=\"12\" >12<\/option><option value=\"13\" >13<\/option><option value=\"14\" >14<\/option><option value=\"15\" >15<\/option><option value=\"16\" >16<\/option><option value=\"17\" >17<\/option><option value=\"18\" >18<\/option><option value=\"19\" >19<\/option><option value=\"20\" >20<\/option><option value=\"21\" >21<\/option><option value=\"22\" >22<\/option><option value=\"23\" >23<\/option><option value=\"24\" >24<\/option><option value=\"25\" >25<\/option><option value=\"26\" >26<\/option><option value=\"27\" >27<\/option><option value=\"28\" >28<\/option><option value=\"29\" >29<\/option><option value=\"30\" >30<\/option><option value=\"31\" >31<\/option><\/select><label for=\"wdform_4_day8\" class=\"mini_label\">jour<\/label><\/div><span class=\"wdform_separator\">&nbsp;\/&nbsp;<\/span><div class=\"wd-flex wd-flex-column\"><select id=\"wdform_4_month8\" name=\"wdform_4_month8\" class=\"wdform_select_month\" style=\"width: 100px;\" ><option value=\"\"><\/option><option value=\"01\"   >Janvier<\/option><option value=\"02\" >f\u00e9vrier<\/option><option value=\"03\" >mars<\/option><option value=\"04\"  >Avril<\/option><option value=\"05\"  >Mai<\/option><option value=\"06\"  >juin<\/option><option value=\"07\"  >Juillet<\/option><option value=\"08\"  >ao\u00fbt<\/option><option value=\"09\"  >Septembre<\/option><option value=\"10\"  >octobre<\/option><option value=\"11\" >novembre<\/option><option value=\"12\"  >D\u00e9cembre<\/option><\/select><label for=\"wdform_4_month8\" class=\"mini_label\">mois<\/label><\/div><span class=\"wdform_separator\">&nbsp;\/&nbsp;<\/span><div class=\"wd-flex wd-flex-column\"><select id=\"wdform_4_year8\" name=\"wdform_4_year8\"  from=\"1901\" to=\"2024\" class=\"wdform_select_year\" style=\"width: 80px;\" ><option value=\"\"><\/option><option value=\"2024\" >2024<\/option><option value=\"2023\" >2023<\/option><option value=\"2022\" >2022<\/option><option value=\"2021\" >2021<\/option><option value=\"2020\" >2020<\/option><option value=\"2019\" >2019<\/option><option value=\"2018\" >2018<\/option><option value=\"2017\" >2017<\/option><option value=\"2016\" >2016<\/option><option value=\"2015\" >2015<\/option><option value=\"2014\" >2014<\/option><option value=\"2013\" >2013<\/option><option value=\"2012\" >2012<\/option><option value=\"2011\" >2011<\/option><option value=\"2010\" >2010<\/option><option value=\"2009\" >2009<\/option><option value=\"2008\" >2008<\/option><option value=\"2007\" >2007<\/option><option value=\"2006\" >2006<\/option><option value=\"2005\" >2005<\/option><option value=\"2004\" >2004<\/option><option value=\"2003\" >2003<\/option><option value=\"2002\" >2002<\/option><option value=\"2001\" >2001<\/option><option value=\"2000\" >2000<\/option><option value=\"1999\" >1999<\/option><option value=\"1998\" >1998<\/option><option value=\"1997\" >1997<\/option><option value=\"1996\" >1996<\/option><option value=\"1995\" >1995<\/option><option value=\"1994\" >1994<\/option><option value=\"1993\" >1993<\/option><option value=\"1992\" >1992<\/option><option value=\"1991\" >1991<\/option><option value=\"1990\" >1990<\/option><option value=\"1989\" >1989<\/option><option value=\"1988\" >1988<\/option><option value=\"1987\" >1987<\/option><option value=\"1986\" >1986<\/option><option value=\"1985\" >1985<\/option><option value=\"1984\" >1984<\/option><option value=\"1983\" >1983<\/option><option value=\"1982\" >1982<\/option><option value=\"1981\" >1981<\/option><option value=\"1980\" >1980<\/option><option value=\"1979\" >1979<\/option><option value=\"1978\" >1978<\/option><option value=\"1977\" >1977<\/option><option value=\"1976\" >1976<\/option><option value=\"1975\" >1975<\/option><option value=\"1974\" >1974<\/option><option value=\"1973\" >1973<\/option><option value=\"1972\" >1972<\/option><option value=\"1971\" >1971<\/option><option value=\"1970\" >1970<\/option><option value=\"1969\" >1969<\/option><option value=\"1968\" >1968<\/option><option value=\"1967\" >1967<\/option><option value=\"1966\" >1966<\/option><option value=\"1965\" >1965<\/option><option value=\"1964\" >1964<\/option><option value=\"1963\" >1963<\/option><option value=\"1962\" >1962<\/option><option value=\"1961\" >1961<\/option><option value=\"1960\" >1960<\/option><option value=\"1959\" >1959<\/option><option value=\"1958\" >1958<\/option><option value=\"1957\" >1957<\/option><option value=\"1956\" >1956<\/option><option value=\"1955\" >1955<\/option><option value=\"1954\" >1954<\/option><option value=\"1953\" >1953<\/option><option value=\"1952\" >1952<\/option><option value=\"1951\" >1951<\/option><option value=\"1950\" >1950<\/option><option value=\"1949\" >1949<\/option><option value=\"1948\" >1948<\/option><option value=\"1947\" >1947<\/option><option value=\"1946\" >1946<\/option><option value=\"1945\" >1945<\/option><option value=\"1944\" >1944<\/option><option value=\"1943\" >1943<\/option><option value=\"1942\" >1942<\/option><option value=\"1941\" >1941<\/option><option value=\"1940\" >1940<\/option><option value=\"1939\" >1939<\/option><option value=\"1938\" >1938<\/option><option value=\"1937\" >1937<\/option><option value=\"1936\" >1936<\/option><option value=\"1935\" >1935<\/option><option value=\"1934\" >1934<\/option><option value=\"1933\" >1933<\/option><option value=\"1932\" >1932<\/option><option value=\"1931\" >1931<\/option><option value=\"1930\" >1930<\/option><option value=\"1929\" >1929<\/option><option value=\"1928\" >1928<\/option><option value=\"1927\" >1927<\/option><option value=\"1926\" >1926<\/option><option value=\"1925\" >1925<\/option><option value=\"1924\" >1924<\/option><option value=\"1923\" >1923<\/option><option value=\"1922\" >1922<\/option><option value=\"1921\" >1921<\/option><option value=\"1920\" >1920<\/option><option value=\"1919\" >1919<\/option><option value=\"1918\" >1918<\/option><option value=\"1917\" >1917<\/option><option value=\"1916\" >1916<\/option><option value=\"1915\" >1915<\/option><option value=\"1914\" >1914<\/option><option value=\"1913\" >1913<\/option><option value=\"1912\" >1912<\/option><option value=\"1911\" >1911<\/option><option value=\"1910\" >1910<\/option><option value=\"1909\" >1909<\/option><option value=\"1908\" >1908<\/option><option value=\"1907\" >1907<\/option><option value=\"1906\" >1906<\/option><option value=\"1905\" >1905<\/option><option value=\"1904\" >1904<\/option><option value=\"1903\" >1903<\/option><option value=\"1902\" >1902<\/option><option value=\"1901\" >1901<\/option><\/select><label for=\"wdform_4_year8\" class=\"mini_label\">ann\u00e9e<\/label><\/div><\/div><\/div><\/div><\/div><div wdid=\"5\" class=\"wdform_row\" style=\"position: relative; left: 0px; top: 0px;\"><div type=\"type_phone_new\" class=\"wdform-field wd-width-100 wd-flex wd-flex-column fm-type_phone_new\" ><div class=\"wdform-label-section wd-width-100 \">    <label  for=\"wdform_5_element8\" class=\"wdform-label\">T\u00e9l\u00e9phone<\/label><\/div><div class=\"wdform-element-section wd-flex  wd-width-100\" ><input type=\"text\"                       class=\"wd-width-100\"                       id=\"wdform_5_element8\"                       name=\"wdform_5_element8\"                       value=\"\"                       data-value=\"\"                       placeholder=\"\"  \/><\/div><\/div><\/div><\/div><div class=\"wdform_column\"><div wdid=\"6\" class=\"wdform_row\"><div type=\"type_address\" class=\"wdform-field wd-width-100 wd-flex wd-flex-column fm-type_address\" ><div class=\"wdform-label-section wd-width-100 wdform_address wd-flex-column\">    <label  for=\"wdform_6_street18\" class=\"wdform-label\">Adresse<\/label><span class=\"wdform-required\">*<\/span><\/div><div class=\"wdform-element-section wd-flex wdform_address wd-flex-column wd-width-100\" ><span class=\"wd-width-100 wd-address\" id=\"wdform_6_address_0\">                <input class=\"wd-width-100 wdform_6_address_0\" type=\"text\" id=\"wdform_6_street18\" name=\"wdform_6_street18\" value=\"\"  \/>                <label for=\"wdform_6_street18\" class=\"mini_label\"><\/label><\/span><span class=\"wd-width-100 wd-flex wd-flex-row wd-flex-wrap wd-justify-content\"><span class=\"wd-width-49 wd-address\" id=\"wdform_6_address_2\">                <input class=\"wd-width-100 wdform_6_address_2\" type=\"text\" id=\"wdform_6_city8\" name=\"wdform_8_city8\" value=\"\"  \/>                <label for=\"wdform_6_city8\" class=\"mini_label\">Ville<\/label><\/span><span class=\"wd-width-49 wd-address\" id=\"wdform_6_address_4\">              <input class=\"wd-width-100 wdform_6_address_4\" type=\"text\" id=\"wdform_6_postal8\" name=\"wdform_10_postal8\" value=\"\"  \/>              <label for=\"wdform_6_postal8\" class=\"mini_label\">Code postal<\/label><\/span><\/span><\/div><\/div><\/div><\/div><div class=\"wdform_column\"><div wdid=\"12\" class=\"wdform_row\"><div type=\"type_textarea\" class=\"wdform-field wd-width-100 wd-flex wd-flex-column fm-type_textarea\" ><div class=\"wdform-label-section wd-width-100 \">    <label  for=\"wdform_12_element8\" class=\"wdform-label\">Plus d'informations \u00e0 nous partager ?<\/label><\/div><div class=\"wdform-element-section wd-flex  wd-width-100\" ><textarea class=\"wd-width-100\"                      id=\"wdform_12_element8\"                      name=\"wdform_12_element8\"                      placeholder=\"\"                      data-value=\"\"                      maxlength=\"\"                      style=\"height: 96px;\"                      ><\/textarea><\/div><\/div><\/div><\/div><div class=\"wdform_column\"><div wdid=\"1\" class=\"wdform_row\"><div type=\"type_submit_reset\" class=\"wdform-field wd-width-100 wd-flex wd-flex-column fm-type_submit_reset\" ><div class=\"wdform-element-section wd-flex  wd-flex-row wd-justify-content-left wd-width-100\" ><button  type=\"button\" class=\"button-submit\" onclick=\"fm_submit_form('8');\"  data-ajax=\"0\"><span class=\"fm-submit-loading spinner fm-ico-spinner\"><\/span>Envoyer !<\/button><button  type=\"button\" class=\"button-reset wd-hidden\" onclick=\"fm_reset_form(8);\" >Reset<\/button><\/div><\/div><\/div><\/div><\/div><div valign=\"top\" class=\"wdform_footer wd-width-100\"><div class=\"wd-width-100\"><div class=\"wd-width-100 wd-table\" style=\"padding-top:10px;\"><div class=\"wd-table-group\"><div id=\"8page_nav1\" class=\"wd-table-row\"><\/div><\/div><\/div><\/div><\/div><\/div><\/div><div class=\"wdform_preload\"><\/div><input type=\"hidden\" name=\"fm-current-page\" value=\"https:\/\/alliancefr.se\/norrkoping\/wp-json\/wp\/v2\/pages\/40\" \/><\/form><\/div><\/div>\n\t\t\t\t\t\t<\/div>\n\t\t\t\t<\/div>\n\t\t\t\t\t<\/div>\n\t\t\t\t<\/div>\n\t\t\t\t<\/div>\n\t\t","protected":false},"excerpt":{"rendered":"<p>2022 &#8211; 2023 Lisez cinq nouveaux romans et gardez celui que vous avez entre les mains \u00e0 la fin du cercle Tous les ans, nous organisons un cercle de lecture qui d\u00e9bute au mois de novembre et termine au mois de mai de l&rsquo;ann\u00e9e suivante.Chaque cercle est compos\u00e9 de cinq personnes et de cinq livres en circulation. Chacun(e) lit \u00ab\u00a0son\u00a0\u00bb livre \u00e0 tour de r\u00f4le, le garde quatre \u00e0 cinq semaines en respectant les dates convenues, et de cette fa\u00e7on tous les participants ont la possibilit\u00e9 de lire un nouveau livre tous les mois. Veuillez noter qu&rsquo;une liste avec le nom des participants, leur adresse et num\u00e9ro de t\u00e9l\u00e9phone ainsi que la date d&rsquo;\u00e9change figurent sur chaque livre. Il est important de respecter les dates donn\u00e9es. Au mois de mai 2023, lorsque les cinq livres ont fait leur tour du cercle, nous avons une r\u00e9union finale o\u00f9 tous les participants sont invit\u00e9s \u00e0 discuter les livres de l&rsquo;ann\u00e9e. Faites de nombreuses annotations qui animeront nos discussions. Une m\u00e9thode tr\u00e8s agr\u00e9able pour perfectionner et am\u00e9liorer ses connaissances linguistiques. Prix : 200 kr\u00a0 Paiement par compte PlusGiro : 32 98 62 &#8211; 7 Pour de plus amples informations, veuillez contacter : Bernadette de Tauzia : bdetauzia@gmail.comMich\u00e8le Alstander : ordf.alliance.fr.nkg@live.se Bienvenue dans notre cercle de lecture ! Cinq romans ont \u00e9t\u00e9 retenus pour l&rsquo;ann\u00e9e 2022- 2023. Leurs caract\u00e9ristiques: Ils sont r\u00e9cents tous les cinq, ont \u00e9t\u00e9 publi\u00e9s respectivement entre 2018 et 2022. Ils ont pour auteurs deux femmes et trois hommes. Ils sont de taille moyenne (moins de 290 pages). Ils sont \u00e9crits dans une langue tr\u00e8s accessible. Ils ont re\u00e7u un\u00a0tr\u00e8s bon accueil de la critique comme du public.\u00a0 Merci de vous inscrire via le formulaire ci-dessous avant le 15 d\u00e9cembre 2022, dernier d\u00e9lai ! Apr\u00e8s cette date, vous pourrez vous inscrire sur la liste d\u2019attente de l\u2019ann\u00e9e prochaine (2022-2023) Inscription 2023 &#8211; 2024 Vous devez \u00eatre membre de l&rsquo;Alliance Fran\u00e7aise \u00e0 Norrk\u00f6ping pour vous inscrire.<\/p>\n","protected":false},"author":1,"featured_media":0,"parent":0,"menu_order":0,"comment_status":"closed","ping_status":"closed","template":"","meta":{"om_disable_all_campaigns":false,"_monsterinsights_skip_tracking":false,"_monsterinsights_sitenote_active":false,"_monsterinsights_sitenote_note":"","_monsterinsights_sitenote_category":0,"_uf_show_specific_survey":0,"_uf_disable_surveys":false,"footnotes":""},"class_list":["post-40","page","type-page","status-publish","hentry"],"aioseo_notices":[],"rttpg_featured_image_url":null,"rttpg_author":{"display_name":"Super.admin","author_link":"https:\/\/alliancefr.se\/norrkoping\/author\/admin2174\/"},"rttpg_comment":0,"rttpg_category":" <a href=\"https:\/\/alliancefr.se\/norrkoping\/\" rel=\"tag\">Fran\u00e7ais<\/a>","rttpg_excerpt":"2022 &#8211; 2023 Lisez cinq nouveaux romans et gardez celui que vous avez entre les mains \u00e0 la fin du cercle Tous les ans, nous organisons un cercle de lecture qui d\u00e9bute au mois de novembre et termine au mois de mai de l&rsquo;ann\u00e9e suivante.Chaque cercle est compos\u00e9 de cinq personnes et de cinq livres\u2026","_links":{"self":[{"href":"https:\/\/alliancefr.se\/norrkoping\/wp-json\/wp\/v2\/pages\/40","targetHints":{"allow":["GET"]}}],"collection":[{"href":"https:\/\/alliancefr.se\/norrkoping\/wp-json\/wp\/v2\/pages"}],"about":[{"href":"https:\/\/alliancefr.se\/norrkoping\/wp-json\/wp\/v2\/types\/page"}],"author":[{"embeddable":true,"href":"https:\/\/alliancefr.se\/norrkoping\/wp-json\/wp\/v2\/users\/1"}],"replies":[{"embeddable":true,"href":"https:\/\/alliancefr.se\/norrkoping\/wp-json\/wp\/v2\/comments?post=40"}],"version-history":[{"count":15,"href":"https:\/\/alliancefr.se\/norrkoping\/wp-json\/wp\/v2\/pages\/40\/revisions"}],"predecessor-version":[{"id":2597,"href":"https:\/\/alliancefr.se\/norrkoping\/wp-json\/wp\/v2\/pages\/40\/revisions\/2597"}],"wp:attachment":[{"href":"https:\/\/alliancefr.se\/norrkoping\/wp-json\/wp\/v2\/media?parent=40"}],"curies":[{"name":"wp","href":"https:\/\/api.w.org\/{rel}","templated":true}]}}