{"id":37,"date":"2019-06-12T16:04:27","date_gmt":"2019-06-12T14:04:27","guid":{"rendered":"https:\/\/alliancefr.se\/norrkoping\/le-reseau-af\/"},"modified":"2024-05-31T13:57:36","modified_gmt":"2024-05-31T11:57:36","slug":"le-reseau-af","status":"publish","type":"page","link":"https:\/\/alliancefr.se\/norrkoping\/le-reseau-af\/","title":{"rendered":"Le R\u00e9seau AF"},"content":{"rendered":"\t\t<div data-elementor-type=\"wp-post\" data-elementor-id=\"37\" class=\"elementor elementor-37\">\n\t\t\t\t<div class=\"elementor-element elementor-element-1527d4f9 e-flex e-con-boxed e-con e-parent\" data-id=\"1527d4f9\" data-element_type=\"container\">\n\t\t\t\t\t<div class=\"e-con-inner\">\n\t\t\t\t<div class=\"elementor-element elementor-element-1a11fc9d elementor-widget elementor-widget-text-editor\" data-id=\"1a11fc9d\" data-element_type=\"widget\" data-widget_type=\"text-editor.default\">\n\t\t\t\t<div class=\"elementor-widget-container\">\n\t\t\t\t\t\t\t\t\t<h3>Le r\u00e9seau des Alliances Fran\u00e7aises de Su\u00e8de<\/h3><p>En Su\u00e8de, la premi\u00e8re Alliance Fran\u00e7aise a \u00e9t\u00e9 cr\u00e9\u00e9e \u00e0 Stockholm en 1889, et a \u00e9t\u00e9 rapidement suivie par celles d\u2019Uppsala et de G\u00f6teborg. <b>L\u2019Alliance Fran\u00e7aise de Norrk\u00f6ping a elle \u00e9t\u00e9 cr\u00e9\u00e9e en 1927.\u00a0<\/b><\/p><p>\u00c0 ce jour, le r\u00e9seau Alliance Fran\u00e7aise de Su\u00e8de compte 17 alliances, qui font partie des Alliances Fran\u00e7aises avec un statut particulier dans la promotion de la francophonie. En effet, en raison de la tradition tr\u00e8s ancr\u00e9e en Su\u00e8de des f\u00e9d\u00e9rations d&rsquo;\u00e9ducation populaire que sont Medborgarskolan et Folkh\u00f6gskolan, les Alliances Fran\u00e7aises de Su\u00e8de ne donnent pas de cours de fran\u00e7ais. En revanche, <b>e<\/b><strong>lles proposent de nombreuses activit\u00e9s et conf\u00e9rences en fran\u00e7ais et en su\u00e9dois autour des cultures francophones.<\/strong> Dans le cadre de la coop\u00e9ration entres les Alliances Fran\u00e7aises de Su\u00e8de, une r\u00e9union nationale est tenue chaque ann\u00e9e dans une ville du r\u00e9seau.\u00a0<\/p>\t\t\t\t\t\t\t\t<\/div>\n\t\t\t\t<\/div>\n\t\t\t\t\t<\/div>\n\t\t\t\t<\/div>\n\t\t<div class=\"elementor-element elementor-element-91eb045 e-flex e-con-boxed e-con e-parent\" data-id=\"91eb045\" data-element_type=\"container\">\n\t\t\t\t\t<div class=\"e-con-inner\">\n\t\t\t\t<div class=\"elementor-element elementor-element-b4dd5ef elementor-widget elementor-widget-html\" data-id=\"b4dd5ef\" data-element_type=\"widget\" data-widget_type=\"html.default\">\n\t\t\t\t<div class=\"elementor-widget-container\">\n\t\t\t\t\t<iframe src=\"https:\/\/www.google.com\/maps\/d\/u\/0\/embed?mid=1-Yn-iFEIDAYmm-9Ljx97FtBfG59mbLk&ehbc=2E312F&noprof=1\" width=\"640\" height=\"480\"><\/iframe>\t\t\t\t<\/div>\n\t\t\t\t<\/div>\n\t\t\t\t\t<\/div>\n\t\t\t\t<\/div>\n\t\t<div class=\"elementor-element elementor-element-9c7196e e-flex e-con-boxed e-con e-parent\" data-id=\"9c7196e\" data-element_type=\"container\">\n\t\t\t\t\t<div class=\"e-con-inner\">\n\t\t\t\t<div class=\"elementor-element elementor-element-37845b3 elementor-widget elementor-widget-text-editor\" data-id=\"37845b3\" data-element_type=\"widget\" data-widget_type=\"text-editor.default\">\n\t\t\t\t<div class=\"elementor-widget-container\">\n\t\t\t\t\t\t\t\t\t<p>Retrouvez plus d&rsquo;informations sur l&rsquo;ensemble du r\u00e9seau des Alliances Fran\u00e7aises de Su\u00e8de <a href=\"https:\/\/alliancefr.se\/\">ici.<\/a><\/p>\t\t\t\t\t\t\t\t<\/div>\n\t\t\t\t<\/div>\n\t\t\t\t\t<\/div>\n\t\t\t\t<\/div>\n\t\t\t\t<\/div>\n\t\t","protected":false},"excerpt":{"rendered":"<p>Le r\u00e9seau des Alliances Fran\u00e7aises de Su\u00e8de En Su\u00e8de, la premi\u00e8re Alliance Fran\u00e7aise a \u00e9t\u00e9 cr\u00e9\u00e9e \u00e0 Stockholm en 1889, et a \u00e9t\u00e9 rapidement suivie par celles d\u2019Uppsala et de G\u00f6teborg. L\u2019Alliance Fran\u00e7aise de Norrk\u00f6ping a elle \u00e9t\u00e9 cr\u00e9\u00e9e en 1927.\u00a0 \u00c0 ce jour, le r\u00e9seau Alliance Fran\u00e7aise de Su\u00e8de compte 17 alliances, qui font partie des Alliances Fran\u00e7aises avec un statut particulier dans la promotion de la francophonie. En effet, en raison de la tradition tr\u00e8s ancr\u00e9e en Su\u00e8de des f\u00e9d\u00e9rations d&rsquo;\u00e9ducation populaire que sont Medborgarskolan et Folkh\u00f6gskolan, les Alliances Fran\u00e7aises de Su\u00e8de ne donnent pas de cours de fran\u00e7ais. En revanche, elles proposent de nombreuses activit\u00e9s et conf\u00e9rences en fran\u00e7ais et en su\u00e9dois autour des cultures francophones. Dans le cadre de la coop\u00e9ration entres les Alliances Fran\u00e7aises de Su\u00e8de, une r\u00e9union nationale est tenue chaque ann\u00e9e dans une ville du r\u00e9seau.\u00a0 Retrouvez plus d&rsquo;informations sur l&rsquo;ensemble du r\u00e9seau des Alliances Fran\u00e7aises de Su\u00e8de ici.<\/p>\n","protected":false},"author":1,"featured_media":0,"parent":0,"menu_order":0,"comment_status":"closed","ping_status":"closed","template":"","meta":{"om_disable_all_campaigns":false,"_monsterinsights_skip_tracking":false,"_monsterinsights_sitenote_active":false,"_monsterinsights_sitenote_note":"","_monsterinsights_sitenote_category":0,"_uf_show_specific_survey":0,"_uf_disable_surveys":false,"footnotes":""},"class_list":["post-37","page","type-page","status-publish","hentry"],"aioseo_notices":[],"rttpg_featured_image_url":null,"rttpg_author":{"display_name":"Super.admin","author_link":"https:\/\/alliancefr.se\/norrkoping\/author\/admin2174\/"},"rttpg_comment":0,"rttpg_category":" <a href=\"https:\/\/alliancefr.se\/norrkoping\/\" rel=\"tag\">Fran\u00e7ais<\/a>","rttpg_excerpt":"Le r\u00e9seau des Alliances Fran\u00e7aises de Su\u00e8de En Su\u00e8de, la premi\u00e8re Alliance Fran\u00e7aise a \u00e9t\u00e9 cr\u00e9\u00e9e \u00e0 Stockholm en 1889, et a \u00e9t\u00e9 rapidement suivie par celles d\u2019Uppsala et de G\u00f6teborg. L\u2019Alliance Fran\u00e7aise de Norrk\u00f6ping a elle \u00e9t\u00e9 cr\u00e9\u00e9e en 1927.\u00a0 \u00c0 ce jour, le r\u00e9seau Alliance Fran\u00e7aise de Su\u00e8de compte 17 alliances, qui font\u2026","_links":{"self":[{"href":"https:\/\/alliancefr.se\/norrkoping\/wp-json\/wp\/v2\/pages\/37","targetHints":{"allow":["GET"]}}],"collection":[{"href":"https:\/\/alliancefr.se\/norrkoping\/wp-json\/wp\/v2\/pages"}],"about":[{"href":"https:\/\/alliancefr.se\/norrkoping\/wp-json\/wp\/v2\/types\/page"}],"author":[{"embeddable":true,"href":"https:\/\/alliancefr.se\/norrkoping\/wp-json\/wp\/v2\/users\/1"}],"replies":[{"embeddable":true,"href":"https:\/\/alliancefr.se\/norrkoping\/wp-json\/wp\/v2\/comments?post=37"}],"version-history":[{"count":21,"href":"https:\/\/alliancefr.se\/norrkoping\/wp-json\/wp\/v2\/pages\/37\/revisions"}],"predecessor-version":[{"id":2726,"href":"https:\/\/alliancefr.se\/norrkoping\/wp-json\/wp\/v2\/pages\/37\/revisions\/2726"}],"wp:attachment":[{"href":"https:\/\/alliancefr.se\/norrkoping\/wp-json\/wp\/v2\/media?parent=37"}],"curies":[{"name":"wp","href":"https:\/\/api.w.org\/{rel}","templated":true}]}}