{"id":25,"date":"2019-06-12T15:50:34","date_gmt":"2019-06-12T13:50:34","guid":{"rendered":"https:\/\/alliancefr.se\/norrkoping\/om-oss\/"},"modified":"2024-05-10T12:31:20","modified_gmt":"2024-05-10T10:31:20","slug":"om-oss","status":"publish","type":"page","link":"https:\/\/alliancefr.se\/norrkoping\/sv\/om-oss\/","title":{"rendered":"Om oss ?"},"content":{"rendered":"\t\t<div data-elementor-type=\"wp-post\" data-elementor-id=\"25\" class=\"elementor elementor-25\">\n\t\t\t\t<div class=\"elementor-element elementor-element-689a4937 e-flex e-con-boxed e-con e-parent\" data-id=\"689a4937\" data-element_type=\"container\">\n\t\t\t\t\t<div class=\"e-con-inner\">\n\t\t\t\t<div class=\"elementor-element elementor-element-359f16ce elementor-widget elementor-widget-text-editor\" data-id=\"359f16ce\" data-element_type=\"widget\" data-widget_type=\"text-editor.default\">\n\t\t\t\t<div class=\"elementor-widget-container\">\n\t\t\t\t\t\t\t\t\t<h4 style=\"text-align: center;\"><strong>Alliance Fran\u00e7aise i Norrk\u00f6ping \u2013 en av de \u00e4ldsta i landet<\/strong><\/h4><p>Den 14 mars 1927 bildades Alliance Fran\u00e7aise i Norrk\u00f6ping p\u00e5 d\u00e5varande Standard Hotel. Till ordf\u00f6rande valdes baron Stiernstedt och till sekreterare stadsbibliotekarien dr Hjalmar Lundgren, som senare var ordf\u00f6rande under en l\u00e5ng f\u00f6ljd av \u00e5r. F\u00f6reningen hade vid starten 105 medlemmar.<\/p><p>Det f\u00f6rsta f\u00f6redraget kallat \u00ab\u00a0Paris sous le Second Empire\u00a0\u00bb h\u00f6lls av Marcel Po\u00ebte,\u00a0bibliotekarie och chef f\u00f6r\u00a0l&rsquo;Institut d&rsquo;histoire et de g\u00e9ographie de la ville de Paris. Redan fr\u00e5n b\u00f6rjan skickade Franska ambassaden i Stockholm f\u00f6rel\u00e4sare direkt fr\u00e5n Paris. \u00c5r 1935 gav man alliansen i Norrk\u00f6ping 1000 francs som uppmuntran till fortsatt verksamhet. Ett t\u00e4tt samarbete med moderf\u00f6reningen i Stockholm f\u00f6rekom inf\u00f6r de olika arrangemangen. Under 1920- och 30-talen ordnades exempelvis t\u00e5gresor till Frankrike och Italien.<\/p><p>F\u00f6rutom f\u00f6rel\u00e4sningar f\u00f6rekom ocks\u00e5 musiksoar\u00e9er och sm\u00e5 teaterf\u00f6rest\u00e4llningar. Inf\u00f6r varje evenemang fick medlemmarna p\u00e5kostade, personliga inbjudningskort.<\/p><p>\u00c4ven m\u00e5nga skolungdomar begagnade sig av dessa nya m\u00f6jligheter att l\u00e4ra sig franska. Sammankomsterna, som under ett stort antal \u00e5r h\u00f6lls p\u00e5 Standard Hotel, avslutades alltid med sup\u00e9 och samkv\u00e4m.<\/p><p><a href=\"https:\/\/h24-original.s3.amazonaws.com\/69011\/6418357-F3EN1.jpg\"><img decoding=\"async\" id=\"block_img_68003885\" src=\"https:\/\/dst15js82dk7j.cloudfront.net\/69011\/13935857-HGdyj.jpg\" alt=\"\" width=\"258\" height=\"164\" \/><\/a><\/p><p>Under 1950-talet tog aff\u00e4rsmannen Nils Berman, sedermera fransk konsul, initiativ till en fransk vecka. Han lade ner mycket arbete p\u00e5 att ordna kontakter och att f\u00e5 fram franska varor. N\u00e5gra medlemmar i alliansen hj\u00e4lpte k\u00f6pm\u00e4nnen s\u00e5 att aff\u00e4rernas skyltar blev r\u00e4ttstavade. S\u00e4kert v\u00e4ckte det en viss munterhet att \u00ab\u00a0bekv\u00e4mlighetsinr\u00e4ttningen\u00a0\u00bb p\u00e5 Nya Torget samtidigt m\u00e5lades i trikolorens f\u00e4rger av ok\u00e4nda artister.<\/p><p>Kr\u00f6garen Peter \u00d6lander, som \u00e4ven han blev fransk konsul, drev p\u00e5 1980- och 90-talen Hotell President. Alliansens m\u00f6ten flyttades d\u00e5 dit f\u00f6r att senare, efter olika tillf\u00e4lliga l\u00f6sningar p\u00e5 lokalfr\u00e5gan, under 2000-talet f\u00f6rl\u00e4ggas till kommunhuset Rosen.<\/p><p>Under 1900-talet s\u00e4ndes f\u00f6rel\u00e4sarna alltid ut via Franska ambassaden. De tillresta f\u00f6redragsh\u00e5llarna kunde f\u00f6rv\u00e4nta sig att f\u00e5 mat, logi och v\u00e4nligt bem\u00f6tande av de lokala allianserna. Trots de ekonomiska f\u00f6rdelarna med detta system var inte valfriheten vad g\u00e4ller intressanta \u00e4mnen s\u00e4rskilt stor. Numera \u00e4r det de lokala allianserna som sj\u00e4lva engagerar och arvoderar sina f\u00f6rel\u00e4sare. Den allra flitigast f\u00f6rekommande av dessa har varit parisguiden Catherine Bressac som i ett tjugotal \u00e5r gladde oss med sina kunskaper i konst och arkitektur.<\/p><p>\u00c4nda sedan Hjalmar Lundgrens tid har alliansen i Norrk\u00f6ping haft engagerade och uth\u00e5lliga sekreterare och ordf\u00f6rande. De senaste som varit b\u00e5de sekreterare och ordf\u00f6rande, Kristina Sandin och Birgitta Wahlberg, har b\u00e5da \u00e4gnat mer \u00e4n tv\u00e5 decennier \u00e5t styrelsearbetet.<\/p><p>\u00a0<img decoding=\"async\" id=\"block_img_68003877\" title=\"\" src=\"https:\/\/h24-original.s3.amazonaws.com\/69011\/6637087-nRHUH.png\" alt=\"\" width=\"119\" \/><\/p><p style=\"text-align: right;\"><em>Dr Hjalmar Lundgren, stadsbibliotekarie och den f\u00f6rsta sekreteraren i Alliance Fran\u00e7aise de Norrk\u00f6ping.<\/em><\/p>\t\t\t\t\t\t\t\t<\/div>\n\t\t\t\t<\/div>\n\t\t\t\t\t<\/div>\n\t\t\t\t<\/div>\n\t\t\t\t<\/div>\n\t\t","protected":false},"excerpt":{"rendered":"<p>Alliance Fran\u00e7aise i Norrk\u00f6ping \u2013 en av de \u00e4ldsta i landet Den 14 mars 1927 bildades Alliance Fran\u00e7aise i Norrk\u00f6ping p\u00e5 d\u00e5varande Standard Hotel. Till ordf\u00f6rande valdes baron Stiernstedt och till sekreterare stadsbibliotekarien dr Hjalmar Lundgren, som senare var ordf\u00f6rande under en l\u00e5ng f\u00f6ljd av \u00e5r. F\u00f6reningen hade vid starten 105 medlemmar. Det f\u00f6rsta f\u00f6redraget kallat \u00ab\u00a0Paris sous le Second Empire\u00a0\u00bb h\u00f6lls av Marcel Po\u00ebte,\u00a0bibliotekarie och chef f\u00f6r\u00a0l&rsquo;Institut d&rsquo;histoire et de g\u00e9ographie de la ville de Paris. Redan fr\u00e5n b\u00f6rjan skickade Franska ambassaden i Stockholm f\u00f6rel\u00e4sare direkt fr\u00e5n Paris. \u00c5r 1935 gav man alliansen i Norrk\u00f6ping 1000 francs som uppmuntran till fortsatt verksamhet. Ett t\u00e4tt samarbete med moderf\u00f6reningen i Stockholm f\u00f6rekom inf\u00f6r de olika arrangemangen. Under 1920- och 30-talen ordnades exempelvis t\u00e5gresor till Frankrike och Italien. F\u00f6rutom f\u00f6rel\u00e4sningar f\u00f6rekom ocks\u00e5 musiksoar\u00e9er och sm\u00e5 teaterf\u00f6rest\u00e4llningar. Inf\u00f6r varje evenemang fick medlemmarna p\u00e5kostade, personliga inbjudningskort. \u00c4ven m\u00e5nga skolungdomar begagnade sig av dessa nya m\u00f6jligheter att l\u00e4ra sig franska. Sammankomsterna, som under ett stort antal \u00e5r h\u00f6lls p\u00e5 Standard Hotel, avslutades alltid med sup\u00e9 och samkv\u00e4m. Under 1950-talet tog aff\u00e4rsmannen Nils Berman, sedermera fransk konsul, initiativ till en fransk vecka. Han lade ner mycket arbete p\u00e5 att ordna kontakter och att f\u00e5 fram franska varor. N\u00e5gra medlemmar i alliansen hj\u00e4lpte k\u00f6pm\u00e4nnen s\u00e5 att aff\u00e4rernas skyltar blev r\u00e4ttstavade. S\u00e4kert v\u00e4ckte det en viss munterhet att \u00ab\u00a0bekv\u00e4mlighetsinr\u00e4ttningen\u00a0\u00bb p\u00e5 Nya Torget samtidigt m\u00e5lades i trikolorens f\u00e4rger av ok\u00e4nda artister. Kr\u00f6garen Peter \u00d6lander, som \u00e4ven han blev fransk konsul, drev p\u00e5 1980- och 90-talen Hotell President. Alliansens m\u00f6ten flyttades d\u00e5 dit f\u00f6r att senare, efter olika tillf\u00e4lliga l\u00f6sningar p\u00e5 lokalfr\u00e5gan, under 2000-talet f\u00f6rl\u00e4ggas till kommunhuset Rosen. Under 1900-talet s\u00e4ndes f\u00f6rel\u00e4sarna alltid ut via Franska ambassaden. De tillresta f\u00f6redragsh\u00e5llarna kunde f\u00f6rv\u00e4nta sig att f\u00e5 mat, logi och v\u00e4nligt bem\u00f6tande av de lokala allianserna. Trots de ekonomiska f\u00f6rdelarna med detta system var inte valfriheten vad g\u00e4ller intressanta \u00e4mnen s\u00e4rskilt stor. Numera \u00e4r det de lokala allianserna som sj\u00e4lva engagerar och arvoderar sina f\u00f6rel\u00e4sare. Den allra flitigast f\u00f6rekommande av dessa har varit parisguiden Catherine Bressac som i ett tjugotal \u00e5r gladde oss med sina kunskaper i konst och arkitektur. \u00c4nda sedan Hjalmar Lundgrens tid har alliansen i Norrk\u00f6ping haft engagerade och uth\u00e5lliga sekreterare och ordf\u00f6rande. De senaste som varit b\u00e5de sekreterare och ordf\u00f6rande, Kristina Sandin och Birgitta Wahlberg, har b\u00e5da \u00e4gnat mer \u00e4n tv\u00e5 decennier \u00e5t styrelsearbetet. \u00a0 Dr Hjalmar Lundgren, stadsbibliotekarie och den f\u00f6rsta sekreteraren i Alliance Fran\u00e7aise de Norrk\u00f6ping.<\/p>\n","protected":false},"author":1,"featured_media":0,"parent":0,"menu_order":0,"comment_status":"closed","ping_status":"closed","template":"","meta":{"om_disable_all_campaigns":false,"_monsterinsights_skip_tracking":false,"_monsterinsights_sitenote_active":false,"_monsterinsights_sitenote_note":"","_monsterinsights_sitenote_category":0,"_uf_show_specific_survey":0,"_uf_disable_surveys":false,"footnotes":""},"class_list":["post-25","page","type-page","status-publish","hentry"],"aioseo_notices":[],"rttpg_featured_image_url":null,"rttpg_author":{"display_name":"Super.admin","author_link":"https:\/\/alliancefr.se\/norrkoping\/author\/admin2174\/"},"rttpg_comment":0,"rttpg_category":" <a href=\"https:\/\/alliancefr.se\/norrkoping\/sv\/\" rel=\"tag\">Svenska<\/a>","rttpg_excerpt":"Alliance Fran\u00e7aise i Norrk\u00f6ping \u2013 en av de \u00e4ldsta i landet Den 14 mars 1927 bildades Alliance Fran\u00e7aise i Norrk\u00f6ping p\u00e5 d\u00e5varande Standard Hotel. Till ordf\u00f6rande valdes baron Stiernstedt och till sekreterare stadsbibliotekarien dr Hjalmar Lundgren, som senare var ordf\u00f6rande under en l\u00e5ng f\u00f6ljd av \u00e5r. F\u00f6reningen hade vid starten 105 medlemmar. Det f\u00f6rsta f\u00f6redraget\u2026","_links":{"self":[{"href":"https:\/\/alliancefr.se\/norrkoping\/wp-json\/wp\/v2\/pages\/25","targetHints":{"allow":["GET"]}}],"collection":[{"href":"https:\/\/alliancefr.se\/norrkoping\/wp-json\/wp\/v2\/pages"}],"about":[{"href":"https:\/\/alliancefr.se\/norrkoping\/wp-json\/wp\/v2\/types\/page"}],"author":[{"embeddable":true,"href":"https:\/\/alliancefr.se\/norrkoping\/wp-json\/wp\/v2\/users\/1"}],"replies":[{"embeddable":true,"href":"https:\/\/alliancefr.se\/norrkoping\/wp-json\/wp\/v2\/comments?post=25"}],"version-history":[{"count":3,"href":"https:\/\/alliancefr.se\/norrkoping\/wp-json\/wp\/v2\/pages\/25\/revisions"}],"predecessor-version":[{"id":2572,"href":"https:\/\/alliancefr.se\/norrkoping\/wp-json\/wp\/v2\/pages\/25\/revisions\/2572"}],"wp:attachment":[{"href":"https:\/\/alliancefr.se\/norrkoping\/wp-json\/wp\/v2\/media?parent=25"}],"curies":[{"name":"wp","href":"https:\/\/api.w.org\/{rel}","templated":true}]}}