{"id":2426,"date":"2019-06-12T15:10:01","date_gmt":"2019-06-12T13:10:01","guid":{"rendered":"https:\/\/alliancefr.se\/norrkoping\/page-d-exemple-2\/"},"modified":"2026-02-24T17:16:16","modified_gmt":"2026-02-24T16:16:16","slug":"page-d-exemple-2","status":"publish","type":"page","link":"https:\/\/alliancefr.se\/norrkoping\/","title":{"rendered":"Accueil"},"content":{"rendered":"\t\t<div data-elementor-type=\"wp-post\" data-elementor-id=\"2426\" class=\"elementor elementor-2426\">\n\t\t\t\t<div class=\"elementor-element elementor-element-9c860c7 e-flex e-con-boxed e-con e-parent\" data-id=\"9c860c7\" data-element_type=\"container\">\n\t\t\t\t\t<div class=\"e-con-inner\">\n\t\t\t\t<div class=\"elementor-element elementor-element-484bfd6 elementor-widget elementor-widget-text-editor\" data-id=\"484bfd6\" data-element_type=\"widget\" data-widget_type=\"text-editor.default\">\n\t\t\t\t<div class=\"elementor-widget-container\">\n\t\t\t\t\t\t\t\t\t<h2 data-path-to-node=\"2\">Bienvenue \u00e0 l\u2019Alliance Fran\u00e7aise de Norrk\u00f6ping !<\/h2><p data-path-to-node=\"3\"><b data-path-to-node=\"3\" data-index-in-node=\"0\">Le c\u0153ur de la culture francophone au c\u0153ur de l\u2019\u00d6sterg\u00f6tland.<\/b><\/p><p data-path-to-node=\"4\">Que vous soyez Fran\u00e7ais d\u2019origine, francophone de c\u0153ur ou simplement curieux de d\u00e9couvrir la langue de Moli\u00e8re, notre association vous ouvre grand ses portes. L\u2019Alliance Fran\u00e7aise de Norrk\u00f6ping est un lieu de rencontre privil\u00e9gi\u00e9 o\u00f9 la passion pour la langue fran\u00e7aise se conjugue avec la convivialit\u00e9 su\u00e9doise.<\/p><h3 data-path-to-node=\"5\">Pourquoi nous rejoindre ?<\/h3><p data-path-to-node=\"6\">Chaque saison, nous vous proposons un voyage culturel vari\u00e9 :<\/p><ul data-path-to-node=\"7\"><li><p data-path-to-node=\"7,0,0\"><b data-path-to-node=\"7,0,0\" data-index-in-node=\"0\">\u00c9changes litt\u00e9raires :<\/b> Partagez vos lectures coups de c\u0153ur lors de notre nouveau Club de Lecture.<\/p><\/li><li><p data-path-to-node=\"7,1,0\"><b data-path-to-node=\"7,1,0\" data-index-in-node=\"0\">Cin\u00e9ma &amp; D\u00e9bats :<\/b> D\u00e9couvrez le septi\u00e8me art francophone et \u00e9changez sur les th\u00e9matiques qui font bouger le monde.<\/p><\/li><li><p data-path-to-node=\"7,2,0\"><b data-path-to-node=\"7,2,0\" data-index-in-node=\"0\">Art de vivre :<\/b> Participez \u00e0 nos ateliers gastronomiques, nos sorties nature et nos tournois de p\u00e9tanque.<\/p><\/li><li><p data-path-to-node=\"7,3,0\"><b data-path-to-node=\"7,3,0\" data-index-in-node=\"0\">R\u00e9seau &amp; Amiti\u00e9 :<\/b> Int\u00e9grez une communaut\u00e9 dynamique et chaleureuse pour pratiquer le fran\u00e7ais dans la d\u00e9tente.<\/p><\/li><\/ul><p data-path-to-node=\"8\"><b data-path-to-node=\"8\" data-index-in-node=\"0\">Rejoignez l&rsquo;aventure !<\/b> Consultez notre programme du printemps 2026 et devenez membre pour soutenir nos initiatives. Ensemble, faisons rayonner la francophonie \u00e0 Norrk\u00f6ping.<\/p>\t\t\t\t\t\t\t\t<\/div>\n\t\t\t\t<\/div>\n\t\t\t\t<div class=\"elementor-element elementor-element-4de549a elementor-widget elementor-widget-image\" data-id=\"4de549a\" data-element_type=\"widget\" data-widget_type=\"image.default\">\n\t\t\t\t<div class=\"elementor-widget-container\">\n\t\t\t\t\t\t\t\t\t\t\t\t\t\t\t<img fetchpriority=\"high\" decoding=\"async\" width=\"683\" height=\"900\" src=\"https:\/\/alliancefr.se\/norrkoping\/wp-content\/uploads\/sites\/17\/2026\/02\/Af-Inbjudan-28-februari-2026-1.png\" class=\"attachment-large size-large wp-image-3067\" alt=\"\" \/>\t\t\t\t\t\t\t\t\t\t\t\t\t\t\t<\/div>\n\t\t\t\t<\/div>\n\t\t\t\t\t<\/div>\n\t\t\t\t<\/div>\n\t\t<div class=\"elementor-element elementor-element-fb10f59 e-con-full e-flex e-con e-parent\" data-id=\"fb10f59\" data-element_type=\"container\">\n\t\t\t\t<div class=\"elementor-element elementor-element-3aaced7 elementor-widget elementor-widget-image\" data-id=\"3aaced7\" data-element_type=\"widget\" data-widget_type=\"image.default\">\n\t\t\t\t<div class=\"elementor-widget-container\">\n\t\t\t\t\t\t\t\t\t\t\t\t\t\t\t<img decoding=\"async\" width=\"403\" height=\"592\" src=\"https:\/\/alliancefr.se\/norrkoping\/wp-content\/uploads\/sites\/17\/2025\/11\/Af-Filmkvall-24-nov-25Un-petit-truc-en-plus.jpg\" class=\"attachment-large size-large wp-image-3020\" alt=\"\" \/>\t\t\t\t\t\t\t\t\t\t\t\t\t\t\t<\/div>\n\t\t\t\t<\/div>\n\t\t\t\t<div class=\"elementor-element elementor-element-497e85c elementor-widget elementor-widget-image\" data-id=\"497e85c\" data-element_type=\"widget\" data-widget_type=\"image.default\">\n\t\t\t\t<div class=\"elementor-widget-container\">\n\t\t\t\t\t\t\t\t\t\t\t\t\t\t\t<img decoding=\"async\" width=\"483\" height=\"637\" src=\"https:\/\/alliancefr.se\/norrkoping\/wp-content\/uploads\/sites\/17\/2025\/10\/Af-Filmvisning-23-oktober-2025.jpg\" class=\"attachment-large size-large wp-image-2998\" alt=\"\" \/>\t\t\t\t\t\t\t\t\t\t\t\t\t\t\t<\/div>\n\t\t\t\t<\/div>\n\t\t\t\t<div class=\"elementor-element elementor-element-c6eb3ef elementor-widget elementor-widget-image\" data-id=\"c6eb3ef\" data-element_type=\"widget\" data-widget_type=\"image.default\">\n\t\t\t\t<div class=\"elementor-widget-container\">\n\t\t\t\t\t\t\t\t\t\t\t\t\t\t\t<img loading=\"lazy\" decoding=\"async\" width=\"684\" height=\"894\" src=\"https:\/\/alliancefr.se\/norrkoping\/wp-content\/uploads\/sites\/17\/2025\/04\/Af-Dagordning-Arsmotet-9-april-2025.-jPG-1.jpg\" class=\"attachment-large size-large wp-image-2971\" alt=\"\" \/>\t\t\t\t\t\t\t\t\t\t\t\t\t\t\t<\/div>\n\t\t\t\t<\/div>\n\t\t\t\t<div class=\"elementor-element elementor-element-1ed70ca elementor-widget elementor-widget-image\" data-id=\"1ed70ca\" data-element_type=\"widget\" data-widget_type=\"image.default\">\n\t\t\t\t<div class=\"elementor-widget-container\">\n\t\t\t\t\t\t\t\t\t\t\t\t\t\t\t<img loading=\"lazy\" decoding=\"async\" width=\"960\" height=\"435\" src=\"https:\/\/alliancefr.se\/norrkoping\/wp-content\/uploads\/sites\/17\/2025\/02\/Af-Info-om-Varen-2025-1-1.jpg\" class=\"attachment-large size-large wp-image-2938\" alt=\"\" \/>\t\t\t\t\t\t\t\t\t\t\t\t\t\t\t<\/div>\n\t\t\t\t<\/div>\n\t\t\t\t<div class=\"elementor-element elementor-element-1aa704e elementor-widget elementor-widget-image\" data-id=\"1aa704e\" data-element_type=\"widget\" data-widget_type=\"image.default\">\n\t\t\t\t<div class=\"elementor-widget-container\">\n\t\t\t\t\t\t\t\t\t\t\t\t\t\t\t<img loading=\"lazy\" decoding=\"async\" width=\"509\" height=\"748\" src=\"https:\/\/alliancefr.se\/norrkoping\/wp-content\/uploads\/sites\/17\/2025\/02\/Af-Varprogram-2025-Ver-Webbsidan.jpg\" class=\"attachment-large size-large wp-image-2908\" alt=\"\" \/>\t\t\t\t\t\t\t\t\t\t\t\t\t\t\t<\/div>\n\t\t\t\t<\/div>\n\t\t\t\t<div class=\"elementor-element elementor-element-26efc8a elementor-widget elementor-widget-image\" data-id=\"26efc8a\" data-element_type=\"widget\" data-widget_type=\"image.default\">\n\t\t\t\t<div class=\"elementor-widget-container\">\n\t\t\t\t\t\t\t\t\t\t\t\t\t\t\t<img loading=\"lazy\" decoding=\"async\" width=\"960\" height=\"427\" src=\"https:\/\/alliancefr.se\/norrkoping\/wp-content\/uploads\/sites\/17\/2025\/02\/Skarmklipp-1024x455.jpg\" class=\"attachment-large size-large wp-image-2932\" alt=\"\" \/>\t\t\t\t\t\t\t\t\t\t\t\t\t\t\t<\/div>\n\t\t\t\t<\/div>\n\t\t\t\t<\/div>\n\t\t<div class=\"elementor-element elementor-element-956398e e-flex e-con-boxed e-con e-parent\" data-id=\"956398e\" data-element_type=\"container\">\n\t\t\t\t\t<div class=\"e-con-inner\">\n\t\t\t\t\t<\/div>\n\t\t\t\t<\/div>\n\t\t<div class=\"elementor-element elementor-element-3334d29 e-flex e-con-boxed e-con e-parent\" data-id=\"3334d29\" data-element_type=\"container\">\n\t\t\t\t\t<div class=\"e-con-inner\">\n\t\t\t\t\t<\/div>\n\t\t\t\t<\/div>\n\t\t<div class=\"elementor-element elementor-element-c28c3c9 e-flex e-con-boxed e-con e-parent\" data-id=\"c28c3c9\" data-element_type=\"container\">\n\t\t\t\t\t<div class=\"e-con-inner\">\n\t\t\t\t\t<\/div>\n\t\t\t\t<\/div>\n\t\t<div class=\"elementor-element elementor-element-ac11b82 e-flex e-con-boxed e-con e-parent\" data-id=\"ac11b82\" data-element_type=\"container\">\n\t\t\t\t\t<div class=\"e-con-inner\">\n\t\t\t\t\t<\/div>\n\t\t\t\t<\/div>\n\t\t<div class=\"elementor-element elementor-element-17b2e6b e-flex e-con-boxed e-con e-parent\" data-id=\"17b2e6b\" data-element_type=\"container\">\n\t\t\t\t\t<div class=\"e-con-inner\">\n\t\t\t\t\t<\/div>\n\t\t\t\t<\/div>\n\t\t<div class=\"elementor-element elementor-element-d85c07e e-flex e-con-boxed e-con e-parent\" data-id=\"d85c07e\" data-element_type=\"container\">\n\t\t\t\t\t<div class=\"e-con-inner\">\n\t\t\t\t\t<\/div>\n\t\t\t\t<\/div>\n\t\t\t\t<\/div>\n\t\t","protected":false},"excerpt":{"rendered":"<p>Bienvenue \u00e0 l\u2019Alliance Fran\u00e7aise de Norrk\u00f6ping ! Le c\u0153ur de la culture francophone au c\u0153ur de l\u2019\u00d6sterg\u00f6tland. Que vous soyez Fran\u00e7ais d\u2019origine, francophone de c\u0153ur ou simplement curieux de d\u00e9couvrir la langue de Moli\u00e8re, notre association vous ouvre grand ses portes. L\u2019Alliance Fran\u00e7aise de Norrk\u00f6ping est un lieu de rencontre privil\u00e9gi\u00e9 o\u00f9 la passion pour la langue fran\u00e7aise se conjugue avec la convivialit\u00e9 su\u00e9doise. Pourquoi nous rejoindre ? Chaque saison, nous vous proposons un voyage culturel vari\u00e9 : \u00c9changes litt\u00e9raires : Partagez vos lectures coups de c\u0153ur lors de notre nouveau Club de Lecture. Cin\u00e9ma &amp; D\u00e9bats : D\u00e9couvrez le septi\u00e8me art francophone et \u00e9changez sur les th\u00e9matiques qui font bouger le monde. Art de vivre : Participez \u00e0 nos ateliers gastronomiques, nos sorties nature et nos tournois de p\u00e9tanque. R\u00e9seau &amp; Amiti\u00e9 : Int\u00e9grez une communaut\u00e9 dynamique et chaleureuse pour pratiquer le fran\u00e7ais dans la d\u00e9tente. Rejoignez l&rsquo;aventure ! Consultez notre programme du printemps 2026 et devenez membre pour soutenir nos initiatives. Ensemble, faisons rayonner la francophonie \u00e0 Norrk\u00f6ping.<\/p>\n","protected":false},"author":1,"featured_media":0,"parent":0,"menu_order":0,"comment_status":"closed","ping_status":"open","template":"","meta":{"om_disable_all_campaigns":false,"_monsterinsights_skip_tracking":false,"_monsterinsights_sitenote_active":false,"_monsterinsights_sitenote_note":"","_monsterinsights_sitenote_category":0,"_uf_show_specific_survey":0,"_uf_disable_surveys":false,"footnotes":""},"class_list":["post-2426","page","type-page","status-publish","hentry"],"aioseo_notices":[],"rttpg_featured_image_url":null,"rttpg_author":{"display_name":"Super.admin","author_link":"https:\/\/alliancefr.se\/norrkoping\/author\/admin2174\/"},"rttpg_comment":5,"rttpg_category":" <a href=\"https:\/\/alliancefr.se\/norrkoping\/\" rel=\"tag\">Fran\u00e7ais<\/a>","rttpg_excerpt":"Bienvenue \u00e0 l\u2019Alliance Fran\u00e7aise de Norrk\u00f6ping ! Le c\u0153ur de la culture francophone au c\u0153ur de l\u2019\u00d6sterg\u00f6tland. Que vous soyez Fran\u00e7ais d\u2019origine, francophone de c\u0153ur ou simplement curieux de d\u00e9couvrir la langue de Moli\u00e8re, notre association vous ouvre grand ses portes. L\u2019Alliance Fran\u00e7aise de Norrk\u00f6ping est un lieu de rencontre privil\u00e9gi\u00e9 o\u00f9 la passion pour\u2026","_links":{"self":[{"href":"https:\/\/alliancefr.se\/norrkoping\/wp-json\/wp\/v2\/pages\/2426","targetHints":{"allow":["GET"]}}],"collection":[{"href":"https:\/\/alliancefr.se\/norrkoping\/wp-json\/wp\/v2\/pages"}],"about":[{"href":"https:\/\/alliancefr.se\/norrkoping\/wp-json\/wp\/v2\/types\/page"}],"author":[{"embeddable":true,"href":"https:\/\/alliancefr.se\/norrkoping\/wp-json\/wp\/v2\/users\/1"}],"replies":[{"embeddable":true,"href":"https:\/\/alliancefr.se\/norrkoping\/wp-json\/wp\/v2\/comments?post=2426"}],"version-history":[{"count":99,"href":"https:\/\/alliancefr.se\/norrkoping\/wp-json\/wp\/v2\/pages\/2426\/revisions"}],"predecessor-version":[{"id":3070,"href":"https:\/\/alliancefr.se\/norrkoping\/wp-json\/wp\/v2\/pages\/2426\/revisions\/3070"}],"wp:attachment":[{"href":"https:\/\/alliancefr.se\/norrkoping\/wp-json\/wp\/v2\/media?parent=2426"}],"curies":[{"name":"wp","href":"https:\/\/api.w.org\/{rel}","templated":true}]}}