{"id":167,"date":"2019-06-13T11:39:47","date_gmt":"2019-06-13T09:39:47","guid":{"rendered":"https:\/\/alliancefr.se\/norrkoping\/lascirkel\/"},"modified":"2024-05-11T15:31:12","modified_gmt":"2024-05-11T13:31:12","slug":"lascirkel","status":"publish","type":"page","link":"https:\/\/alliancefr.se\/norrkoping\/sv\/lascirkel\/","title":{"rendered":"L\u00e4scirkel"},"content":{"rendered":"\t\t<div data-elementor-type=\"wp-post\" data-elementor-id=\"167\" class=\"elementor elementor-167\">\n\t\t\t\t<div class=\"elementor-element elementor-element-24f2370e e-flex e-con-boxed e-con e-parent\" data-id=\"24f2370e\" data-element_type=\"container\">\n\t\t\t\t\t<div class=\"e-con-inner\">\n\t\t\t\t<div class=\"elementor-element elementor-element-4618ddf3 elementor-widget elementor-widget-text-editor\" data-id=\"4618ddf3\" data-element_type=\"widget\" data-widget_type=\"text-editor.default\">\n\t\t\t\t<div class=\"elementor-widget-container\">\n\t\t\t\t\t\t\t\t\t<p><img fetchpriority=\"high\" decoding=\"async\" src=\"https:\/\/afnorrkoping.eu\/wp-content\/uploads\/2022\/12\/Af-Les-cinq-livres-2022-2023-1.jpg\" alt=\"\" width=\"632\" height=\"797\" \/><br \/><img decoding=\"async\" src=\"https:\/\/afnorrkoping.eu\/wp-content\/uploads\/2021\/10\/Les-cinq-livres-2021-2022-sid-2.-Ver-2-2021-2022-1-e1634291696635.jpg\" alt=\"\" width=\"785\" height=\"671\" \/><\/p><h6 style=\"text-align: center;\"><strong>2022-2023<br \/><\/strong><\/h6><p style=\"text-align: center;\"><strong>L\u00e4s fem nya franska romaner och beh\u00e5ll en efter l\u00e4secirkelns slut<br \/><\/strong><\/p><p>Varje \u00e5r organiseras en l\u00e4secirkel som b\u00f6rjar i november och slutar i maj \u00e5ret d\u00e4rp\u00e5. En l\u00e4sgrupp best\u00e5r av fem personer d\u00e4r fem b\u00f6cker cirkulerar. B\u00f6ckema cirkulerar enligt f\u00f6ljande : Person A i varje l\u00e4sgrupp f\u00e5r bok 1, person B bok 2, person C bok 3, person D bok 4, person E bok 5.<\/p><p>Var och en l\u00e4ser \u00ab\u00a0sin\u00a0\u00bb bok i tur och ordning. P\u00e5 s\u00e5 s\u00e4tt f\u00e5r varje deltagare m\u00f6jlighet att l\u00e4sa en ny bok varje m\u00e5nad.<\/p><p>Observera att en cirkulationslista med deltagarnas namn, adress och telefonnummer samt datum f\u00f6r butesdag finns i varje bok. Det \u00e4r viktigt att angivet bytesdatum respekteras.<\/p><p>I maj 2023 n\u00e4r de fem b\u00f6ckerna g\u00e5tt varvet runt beh\u00e5ller varje deltagare den senast l\u00e4sta boken. D\u00e5 ordnas \u00e4ven en avslutande tr\u00e4ff f\u00f6r att ge deltagama tillf\u00e4lle att diskutera och utv\u00e4rdera \u00e5rets b\u00f6cker. F\u00f6r att stimulera v\u00e5ra diskussioner g\u00f6r g\u00e4rna anteckningar om s\u00e5dant som v\u00e4ckt ert intresse vid l\u00e4sningen av b\u00f6ckerna<\/p><p>Att l\u00e4sa b\u00f6cker ger var och en m\u00f6jlighet att p\u00e5 ett trevligt s\u00e4tt f\u00f6rb\u00e4ttra och utveckla sina spr\u00e5kkunskaper.<\/p><p><strong>Pris : 200 kr<\/strong>\u00a0<\/p><p><strong>Betalningen sker via v\u00e5rt postgirokonto : 32 98 62-7<\/strong><\/p><p>F\u00f6r ytterligare information var v\u00e4nligen kontakta :<\/p><p><strong>Bernadette de Tauzia : <\/strong><strong>bdetauzia@gmail.com<\/strong><\/p><p><strong>Mich\u00e8le Alstander<\/strong> : <a style=\"color: #0000ff; text-decoration: underline;\" href=\"mailto:ordf.alliance.fr.nkg@live.se\">ordf.alliance.fr.nkg@live.se<\/a><\/p><p style=\"text-align: left;\"><strong>I \u00e5rets l\u00e4secirkel, 2022 &#8211; 2023, ing\u00e5r fem romaner.<\/strong><\/p><p style=\"text-align: left;\"><strong>De har utvalts enligt f\u00f6ljande kriterier:<\/strong><\/p><ol><li><strong>Aktualitet:<\/strong> de valda b\u00f6ckerna \u00e4r relativt nyutkomna<\/li><li><strong>Balans mellan kvinnliga och manliga f\u00f6rfattare:<\/strong> b\u00f6ckerna \u00e4r i m\u00f6jligaste m\u00e5n <br \/>skrivna av lika m\u00e5nga m\u00e4n som kvinnor.<\/li><li><strong>Omfattning:<\/strong> de valda b\u00f6ckerna \u00e4r inte l\u00e4ngre \u00e4n 290 sidor.<\/li><li><strong>Tillg\u00e4nglighet<\/strong>: de inneh\u00e5ller inga st\u00f6rre spr\u00e5kliga sv\u00e5righeter.<\/li><li><strong> Kvalitet:<\/strong> i franskspr\u00e5kiga l\u00e4nder har de blivit v\u00e4l mottagna av s\u00e5v\u00e4l litteraturkritiker <br \/>som av \u00f6vriga l\u00e4sare.<\/li><\/ol><h5 style=\"text-align: center;\"><strong>Tack f\u00f6r att du anm\u00e4ler dig via formul\u00e4ret nedan f\u00f6re den 15 december 2022 sista deadline!<\/strong><\/h5><p style=\"text-align: center;\">Efter det h\u00e4r datumet kan du registrera dig p\u00e5 v\u00e4ntelistan f\u00f6r n\u00e4sta \u00e5r (2023-2024)<\/p><h5 style=\"text-align: center;\"><strong>Registrering 2023-2024<\/strong><\/h5><p style=\"text-align: center;\">Du m\u00e5ste vara medlem i franska alliansen i Norrk\u00f6ping f\u00f6r att registrera dig.<\/p>\t\t\t\t\t\t\t\t<\/div>\n\t\t\t\t<\/div>\n\t\t\t\t\t<\/div>\n\t\t\t\t<\/div>\n\t\t<div class=\"elementor-element elementor-element-de27188 e-flex e-con-boxed e-con e-parent\" data-id=\"de27188\" data-element_type=\"container\">\n\t\t\t\t\t<div class=\"e-con-inner\">\n\t\t\t\t<div class=\"elementor-element elementor-element-3965da4 elementor-widget elementor-widget-shortcode\" data-id=\"3965da4\" data-element_type=\"widget\" data-widget_type=\"shortcode.default\">\n\t\t\t\t<div class=\"elementor-widget-container\">\n\t\t\t\t\t\t\t<div class=\"elementor-shortcode\"><div style=\"display:none\" class=\"fm-form-container fm-theme1\"><div id=\"fm-pages9\" class=\"fm-pages wdform_page_navigation \" show_title=\"\" show_numbers=\"1\" type=\"none\"><\/div><form name=\"form9\" action=\"\/norrkoping\/wp-json\/wp\/v2\/pages\/167\" method=\"post\" id=\"form9\" class=\"fm-form form9  \" enctype=\"multipart\/form-data\"><input type=\"hidden\" id=\"fm_page_id9\" value=\"167\" name=\"fm_page_id9\" \/><input type=\"hidden\" id=\"fm_current_post_type9\" value=\"page\" name=\"fm_current_post_type9\" \/><input type=\"hidden\" id=\"counter9\" value=\"13\" name=\"counter9\" \/><input type=\"hidden\" id=\"Itemid9\" value=\"\" name=\"Itemid9\" \/><input type=\"hidden\" id=\"fm_shake9\" value=\"1\" name=\"fm_shake9\" \/><input type=\"text\" class=\"fm-hide\" id=\"fm_empty_field_validation9\" value=\"\" name=\"fm_empty_field_validation9\" data-value=\"bd736efb144d599cf463541431fbf5c4\" \/><div class=\"wdform-page-and-images fm-form-builder\"><div id=\"9form_view1\" class=\"wdform_page\" page_title=\"Untitled page\" next_title=\"Next\" next_type=\"text\" next_class=\"wdform-page-button\" next_checkable=\"true\" previous_title=\"Previous\" previous_type=\"text\" previous_class=\"wdform-page-button\" previous_checkable=\"false\"><div class=\"wdform_section\"><div class=\"wdform_column\"><div wdid=\"2\" class=\"wdform_row\"><div type=\"type_text\" class=\"wdform-field wd-width-100 wd-flex wd-flex-column fm-type_text\" ><div class=\"wdform-label-section wd-width-100  wd-flex-row wd-align-items-center\">    <label  for=\"wdform_2_element9\" class=\"wdform-label\">Namn<\/label><span class=\"wdform-required\">*<\/span><\/div><div class=\"wdform-element-section wd-flex  wd-flex-row wd-align-items-center wd-width-100\" ><input type=\"text\"                           class=\"wd-width-100\"                           id=\"wdform_2_element9\"                           name=\"wdform_2_element9\"                           value=\"\"                           data-value=\"\"                           title=\"\"                           placeholder=\"\"                                                       \/><\/div><\/div><\/div><\/div><div class=\"wdform_column\"><div wdid=\"3\" class=\"wdform_row\"><div type=\"type_text\" class=\"wdform-field wd-width-100 wd-flex wd-flex-column fm-type_text\" ><div class=\"wdform-label-section wd-width-100  wd-flex-row wd-align-items-center\">    <label  for=\"wdform_3_element9\" class=\"wdform-label\">Email<\/label><span class=\"wdform-required\">*<\/span><\/div><div class=\"wdform-element-section wd-flex  wd-flex-row wd-align-items-center wd-width-100\" ><input type=\"text\"                           class=\"wd-width-100\"                           id=\"wdform_3_element9\"                           name=\"wdform_3_element9\"                           value=\"\"                           data-value=\"\"                           title=\"\"                           placeholder=\"\"                                                       \/><\/div><\/div><\/div><\/div><div class=\"wdform_column\"><div wdid=\"4\" class=\"wdform_row\"><div type=\"type_date_fields\" class=\"wdform-field wd-width-100 wd-flex wd-flex-column fm-type_date_fields\" ><div class=\"wdform-label-section wd-width-100 wdform_date_fields wd-flex-row\">    <label  for=\"wdform_4_day9\" class=\"wdform-label\">F\u00f6delsedatum<\/label><span class=\"wdform-required\">*<\/span><\/div><div class=\"wdform-element-section wd-flex wdform_date_fields wd-flex-row wd-width-100\" ><div class=\"wd-flex wd-flex-row wd-width-100 wd-align-items\"><div class=\"wd-flex wd-flex-column\"><select id=\"wdform_4_day9\" name=\"wdform_4_day9\" class=\"wdform_select_day\" style=\"width: 60px;\" ><option value=\"\"><\/option><option value=\"01\" >01<\/option><option value=\"02\" >02<\/option><option value=\"03\" >03<\/option><option value=\"04\" >04<\/option><option value=\"05\" >05<\/option><option value=\"06\" >06<\/option><option value=\"07\" >07<\/option><option value=\"08\" >08<\/option><option value=\"09\" >09<\/option><option value=\"10\" >10<\/option><option value=\"11\" >11<\/option><option value=\"12\" >12<\/option><option value=\"13\" >13<\/option><option value=\"14\" >14<\/option><option value=\"15\" >15<\/option><option value=\"16\" >16<\/option><option value=\"17\" >17<\/option><option value=\"18\" >18<\/option><option value=\"19\" >19<\/option><option value=\"20\" >20<\/option><option value=\"21\" >21<\/option><option value=\"22\" >22<\/option><option value=\"23\" >23<\/option><option value=\"24\" >24<\/option><option value=\"25\" >25<\/option><option value=\"26\" >26<\/option><option value=\"27\" >27<\/option><option value=\"28\" >28<\/option><option value=\"29\" >29<\/option><option value=\"30\" >30<\/option><option value=\"31\" >31<\/option><\/select><label for=\"wdform_4_day9\" class=\"mini_label\">dag<\/label><\/div><span class=\"wdform_separator\">&nbsp;\/&nbsp;<\/span><div class=\"wd-flex wd-flex-column\"><select id=\"wdform_4_month9\" name=\"wdform_4_month9\" class=\"wdform_select_month\" style=\"width: 100px;\" ><option value=\"\"><\/option><option value=\"01\"   >Janvier<\/option><option value=\"02\" >f\u00e9vrier<\/option><option value=\"03\" >mars<\/option><option value=\"04\"  >Avril<\/option><option value=\"05\"  >Mai<\/option><option value=\"06\"  >juin<\/option><option value=\"07\"  >Juillet<\/option><option value=\"08\"  >ao\u00fbt<\/option><option value=\"09\"  >Septembre<\/option><option value=\"10\"  >octobre<\/option><option value=\"11\" >novembre<\/option><option value=\"12\"  >D\u00e9cembre<\/option><\/select><label for=\"wdform_4_month9\" class=\"mini_label\">m\u00e5nad<\/label><\/div><span class=\"wdform_separator\">&nbsp;\/&nbsp;<\/span><div class=\"wd-flex wd-flex-column\"><select id=\"wdform_4_year9\" name=\"wdform_4_year9\"  from=\"1901\" to=\"2024\" class=\"wdform_select_year\" style=\"width: 80px;\" ><option value=\"\"><\/option><option value=\"2024\" >2024<\/option><option value=\"2023\" >2023<\/option><option value=\"2022\" >2022<\/option><option value=\"2021\" >2021<\/option><option value=\"2020\" >2020<\/option><option value=\"2019\" >2019<\/option><option value=\"2018\" >2018<\/option><option value=\"2017\" >2017<\/option><option value=\"2016\" >2016<\/option><option value=\"2015\" >2015<\/option><option value=\"2014\" >2014<\/option><option value=\"2013\" >2013<\/option><option value=\"2012\" >2012<\/option><option value=\"2011\" >2011<\/option><option value=\"2010\" >2010<\/option><option value=\"2009\" >2009<\/option><option value=\"2008\" >2008<\/option><option value=\"2007\" >2007<\/option><option value=\"2006\" >2006<\/option><option value=\"2005\" >2005<\/option><option value=\"2004\" >2004<\/option><option value=\"2003\" >2003<\/option><option value=\"2002\" >2002<\/option><option value=\"2001\" >2001<\/option><option value=\"2000\" >2000<\/option><option value=\"1999\" >1999<\/option><option value=\"1998\" >1998<\/option><option value=\"1997\" >1997<\/option><option value=\"1996\" >1996<\/option><option value=\"1995\" >1995<\/option><option value=\"1994\" >1994<\/option><option value=\"1993\" >1993<\/option><option value=\"1992\" >1992<\/option><option value=\"1991\" >1991<\/option><option value=\"1990\" >1990<\/option><option value=\"1989\" >1989<\/option><option value=\"1988\" >1988<\/option><option value=\"1987\" >1987<\/option><option value=\"1986\" >1986<\/option><option value=\"1985\" >1985<\/option><option value=\"1984\" >1984<\/option><option value=\"1983\" >1983<\/option><option value=\"1982\" >1982<\/option><option value=\"1981\" >1981<\/option><option value=\"1980\" >1980<\/option><option value=\"1979\" >1979<\/option><option value=\"1978\" >1978<\/option><option value=\"1977\" >1977<\/option><option value=\"1976\" >1976<\/option><option value=\"1975\" >1975<\/option><option value=\"1974\" >1974<\/option><option value=\"1973\" >1973<\/option><option value=\"1972\" >1972<\/option><option value=\"1971\" >1971<\/option><option value=\"1970\" >1970<\/option><option value=\"1969\" >1969<\/option><option value=\"1968\" >1968<\/option><option value=\"1967\" >1967<\/option><option value=\"1966\" >1966<\/option><option value=\"1965\" >1965<\/option><option value=\"1964\" >1964<\/option><option value=\"1963\" >1963<\/option><option value=\"1962\" >1962<\/option><option value=\"1961\" >1961<\/option><option value=\"1960\" >1960<\/option><option value=\"1959\" >1959<\/option><option value=\"1958\" >1958<\/option><option value=\"1957\" >1957<\/option><option value=\"1956\" >1956<\/option><option value=\"1955\" >1955<\/option><option value=\"1954\" >1954<\/option><option value=\"1953\" >1953<\/option><option value=\"1952\" >1952<\/option><option value=\"1951\" >1951<\/option><option value=\"1950\" >1950<\/option><option value=\"1949\" >1949<\/option><option value=\"1948\" >1948<\/option><option value=\"1947\" >1947<\/option><option value=\"1946\" >1946<\/option><option value=\"1945\" >1945<\/option><option value=\"1944\" >1944<\/option><option value=\"1943\" >1943<\/option><option value=\"1942\" >1942<\/option><option value=\"1941\" >1941<\/option><option value=\"1940\" >1940<\/option><option value=\"1939\" >1939<\/option><option value=\"1938\" >1938<\/option><option value=\"1937\" >1937<\/option><option value=\"1936\" >1936<\/option><option value=\"1935\" >1935<\/option><option value=\"1934\" >1934<\/option><option value=\"1933\" >1933<\/option><option value=\"1932\" >1932<\/option><option value=\"1931\" >1931<\/option><option value=\"1930\" >1930<\/option><option value=\"1929\" >1929<\/option><option value=\"1928\" >1928<\/option><option value=\"1927\" >1927<\/option><option value=\"1926\" >1926<\/option><option value=\"1925\" >1925<\/option><option value=\"1924\" >1924<\/option><option value=\"1923\" >1923<\/option><option value=\"1922\" >1922<\/option><option value=\"1921\" >1921<\/option><option value=\"1920\" >1920<\/option><option value=\"1919\" >1919<\/option><option value=\"1918\" >1918<\/option><option value=\"1917\" >1917<\/option><option value=\"1916\" >1916<\/option><option value=\"1915\" >1915<\/option><option value=\"1914\" >1914<\/option><option value=\"1913\" >1913<\/option><option value=\"1912\" >1912<\/option><option value=\"1911\" >1911<\/option><option value=\"1910\" >1910<\/option><option value=\"1909\" >1909<\/option><option value=\"1908\" >1908<\/option><option value=\"1907\" >1907<\/option><option value=\"1906\" >1906<\/option><option value=\"1905\" >1905<\/option><option value=\"1904\" >1904<\/option><option value=\"1903\" >1903<\/option><option value=\"1902\" >1902<\/option><option value=\"1901\" >1901<\/option><\/select><label for=\"wdform_4_year9\" class=\"mini_label\">\u00e5r<\/label><\/div><\/div><\/div><\/div><\/div><div wdid=\"5\" class=\"wdform_row\" style=\"position: relative; left: 0px; top: 0px;\"><div type=\"type_phone_new\" class=\"wdform-field wd-width-100 wd-flex wd-flex-column fm-type_phone_new\" ><div class=\"wdform-label-section wd-width-100 \">    <label  for=\"wdform_5_element9\" class=\"wdform-label\">Telefon<\/label><\/div><div class=\"wdform-element-section wd-flex  wd-width-100\" ><input type=\"text\"                       class=\"wd-width-100\"                       id=\"wdform_5_element9\"                       name=\"wdform_5_element9\"                       value=\"\"                       data-value=\"\"                       placeholder=\"\"  \/><\/div><\/div><\/div><\/div><div class=\"wdform_column\"><div wdid=\"6\" class=\"wdform_row\"><div type=\"type_address\" class=\"wdform-field wd-width-100 wd-flex wd-flex-column fm-type_address\" ><div class=\"wdform-label-section wd-width-100 wdform_address wd-flex-column\">    <label  for=\"wdform_6_street19\" class=\"wdform-label\">Adress<\/label><span class=\"wdform-required\">*<\/span><\/div><div class=\"wdform-element-section wd-flex wdform_address wd-flex-column wd-width-100\" ><span class=\"wd-width-100 wd-address\" id=\"wdform_6_address_0\">                <input class=\"wd-width-100 wdform_6_address_0\" type=\"text\" id=\"wdform_6_street19\" name=\"wdform_6_street19\" value=\"\"  \/>                <label for=\"wdform_6_street19\" class=\"mini_label\"><\/label><\/span><span class=\"wd-width-100 wd-flex wd-flex-row wd-flex-wrap wd-justify-content\"><span class=\"wd-width-49 wd-address\" id=\"wdform_6_address_2\">                <input class=\"wd-width-100 wdform_6_address_2\" type=\"text\" id=\"wdform_6_city9\" name=\"wdform_8_city9\" value=\"\"  \/>                <label for=\"wdform_6_city9\" class=\"mini_label\">Stad<\/label><\/span><span class=\"wd-width-49 wd-address\" id=\"wdform_6_address_4\">              <input class=\"wd-width-100 wdform_6_address_4\" type=\"text\" id=\"wdform_6_postal9\" name=\"wdform_10_postal9\" value=\"\"  \/>              <label for=\"wdform_6_postal9\" class=\"mini_label\">Postnummer<\/label><\/span><\/span><\/div><\/div><\/div><\/div><div class=\"wdform_column\"><div wdid=\"12\" class=\"wdform_row\"><div type=\"type_textarea\" class=\"wdform-field wd-width-100 wd-flex wd-flex-column fm-type_textarea\" ><div class=\"wdform-label-section wd-width-100 \">    <label  for=\"wdform_12_element9\" class=\"wdform-label\">Information om dig att dela med oss ?<\/label><\/div><div class=\"wdform-element-section wd-flex  wd-width-100\" ><textarea class=\"wd-width-100\"                      id=\"wdform_12_element9\"                      name=\"wdform_12_element9\"                      placeholder=\"\"                      data-value=\"\"                      maxlength=\"\"                      style=\"height: 96px;\"                      ><\/textarea><\/div><\/div><\/div><\/div><div class=\"wdform_column\"><div wdid=\"1\" class=\"wdform_row\"><div type=\"type_submit_reset\" class=\"wdform-field wd-width-100 wd-flex wd-flex-column fm-type_submit_reset\" ><div class=\"wdform-element-section wd-flex  wd-flex-row wd-justify-content-left wd-width-100\" ><button  type=\"button\" class=\"button-submit\" onclick=\"fm_submit_form('9');\"  data-ajax=\"0\"><span class=\"fm-submit-loading spinner fm-ico-spinner\"><\/span>Skicka !<\/button><button  type=\"button\" class=\"button-reset wd-hidden\" onclick=\"fm_reset_form(9);\" >Reset<\/button><\/div><\/div><\/div><\/div><\/div><div valign=\"top\" class=\"wdform_footer wd-width-100\"><div class=\"wd-width-100\"><div class=\"wd-width-100 wd-table\" style=\"padding-top:10px;\"><div class=\"wd-table-group\"><div id=\"9page_nav1\" class=\"wd-table-row\"><\/div><\/div><\/div><\/div><\/div><\/div><\/div><div class=\"wdform_preload\"><\/div><input type=\"hidden\" name=\"fm-current-page\" value=\"https:\/\/alliancefr.se\/norrkoping\/wp-json\/wp\/v2\/pages\/167\" \/><\/form><\/div><\/div>\n\t\t\t\t\t\t<\/div>\n\t\t\t\t<\/div>\n\t\t\t\t\t<\/div>\n\t\t\t\t<\/div>\n\t\t\t\t<\/div>\n\t\t","protected":false},"excerpt":{"rendered":"<p>2022-2023 L\u00e4s fem nya franska romaner och beh\u00e5ll en efter l\u00e4secirkelns slut Varje \u00e5r organiseras en l\u00e4secirkel som b\u00f6rjar i november och slutar i maj \u00e5ret d\u00e4rp\u00e5. En l\u00e4sgrupp best\u00e5r av fem personer d\u00e4r fem b\u00f6cker cirkulerar. B\u00f6ckema cirkulerar enligt f\u00f6ljande : Person A i varje l\u00e4sgrupp f\u00e5r bok 1, person B bok 2, person C bok 3, person D bok 4, person E bok 5. Var och en l\u00e4ser \u00ab\u00a0sin\u00a0\u00bb bok i tur och ordning. P\u00e5 s\u00e5 s\u00e4tt f\u00e5r varje deltagare m\u00f6jlighet att l\u00e4sa en ny bok varje m\u00e5nad. Observera att en cirkulationslista med deltagarnas namn, adress och telefonnummer samt datum f\u00f6r butesdag finns i varje bok. Det \u00e4r viktigt att angivet bytesdatum respekteras. I maj 2023 n\u00e4r de fem b\u00f6ckerna g\u00e5tt varvet runt beh\u00e5ller varje deltagare den senast l\u00e4sta boken. D\u00e5 ordnas \u00e4ven en avslutande tr\u00e4ff f\u00f6r att ge deltagama tillf\u00e4lle att diskutera och utv\u00e4rdera \u00e5rets b\u00f6cker. F\u00f6r att stimulera v\u00e5ra diskussioner g\u00f6r g\u00e4rna anteckningar om s\u00e5dant som v\u00e4ckt ert intresse vid l\u00e4sningen av b\u00f6ckerna Att l\u00e4sa b\u00f6cker ger var och en m\u00f6jlighet att p\u00e5 ett trevligt s\u00e4tt f\u00f6rb\u00e4ttra och utveckla sina spr\u00e5kkunskaper. Pris : 200 kr\u00a0 Betalningen sker via v\u00e5rt postgirokonto : 32 98 62-7 F\u00f6r ytterligare information var v\u00e4nligen kontakta : Bernadette de Tauzia : bdetauzia@gmail.com Mich\u00e8le Alstander : ordf.alliance.fr.nkg@live.se I \u00e5rets l\u00e4secirkel, 2022 &#8211; 2023, ing\u00e5r fem romaner. De har utvalts enligt f\u00f6ljande kriterier: Aktualitet: de valda b\u00f6ckerna \u00e4r relativt nyutkomna Balans mellan kvinnliga och manliga f\u00f6rfattare: b\u00f6ckerna \u00e4r i m\u00f6jligaste m\u00e5n skrivna av lika m\u00e5nga m\u00e4n som kvinnor. Omfattning: de valda b\u00f6ckerna \u00e4r inte l\u00e4ngre \u00e4n 290 sidor. Tillg\u00e4nglighet: de inneh\u00e5ller inga st\u00f6rre spr\u00e5kliga sv\u00e5righeter. Kvalitet: i franskspr\u00e5kiga l\u00e4nder har de blivit v\u00e4l mottagna av s\u00e5v\u00e4l litteraturkritiker som av \u00f6vriga l\u00e4sare. Tack f\u00f6r att du anm\u00e4ler dig via formul\u00e4ret nedan f\u00f6re den 15 december 2022 sista deadline! Efter det h\u00e4r datumet kan du registrera dig p\u00e5 v\u00e4ntelistan f\u00f6r n\u00e4sta \u00e5r (2023-2024) Registrering 2023-2024 Du m\u00e5ste vara medlem i franska alliansen i Norrk\u00f6ping f\u00f6r att registrera dig.<\/p>\n","protected":false},"author":1,"featured_media":0,"parent":0,"menu_order":0,"comment_status":"closed","ping_status":"closed","template":"","meta":{"om_disable_all_campaigns":false,"_monsterinsights_skip_tracking":false,"_monsterinsights_sitenote_active":false,"_monsterinsights_sitenote_note":"","_monsterinsights_sitenote_category":0,"_uf_show_specific_survey":0,"_uf_disable_surveys":false,"footnotes":""},"class_list":["post-167","page","type-page","status-publish","hentry"],"aioseo_notices":[],"rttpg_featured_image_url":null,"rttpg_author":{"display_name":"Super.admin","author_link":"https:\/\/alliancefr.se\/norrkoping\/author\/admin2174\/"},"rttpg_comment":0,"rttpg_category":" <a href=\"https:\/\/alliancefr.se\/norrkoping\/sv\/\" rel=\"tag\">Svenska<\/a>","rttpg_excerpt":"2022-2023 L\u00e4s fem nya franska romaner och beh\u00e5ll en efter l\u00e4secirkelns slut Varje \u00e5r organiseras en l\u00e4secirkel som b\u00f6rjar i november och slutar i maj \u00e5ret d\u00e4rp\u00e5. En l\u00e4sgrupp best\u00e5r av fem personer d\u00e4r fem b\u00f6cker cirkulerar. B\u00f6ckema cirkulerar enligt f\u00f6ljande : Person A i varje l\u00e4sgrupp f\u00e5r bok 1, person B bok 2, person\u2026","_links":{"self":[{"href":"https:\/\/alliancefr.se\/norrkoping\/wp-json\/wp\/v2\/pages\/167","targetHints":{"allow":["GET"]}}],"collection":[{"href":"https:\/\/alliancefr.se\/norrkoping\/wp-json\/wp\/v2\/pages"}],"about":[{"href":"https:\/\/alliancefr.se\/norrkoping\/wp-json\/wp\/v2\/types\/page"}],"author":[{"embeddable":true,"href":"https:\/\/alliancefr.se\/norrkoping\/wp-json\/wp\/v2\/users\/1"}],"replies":[{"embeddable":true,"href":"https:\/\/alliancefr.se\/norrkoping\/wp-json\/wp\/v2\/comments?post=167"}],"version-history":[{"count":6,"href":"https:\/\/alliancefr.se\/norrkoping\/wp-json\/wp\/v2\/pages\/167\/revisions"}],"predecessor-version":[{"id":2650,"href":"https:\/\/alliancefr.se\/norrkoping\/wp-json\/wp\/v2\/pages\/167\/revisions\/2650"}],"wp:attachment":[{"href":"https:\/\/alliancefr.se\/norrkoping\/wp-json\/wp\/v2\/media?parent=167"}],"curies":[{"name":"wp","href":"https:\/\/api.w.org\/{rel}","templated":true}]}}