{"id":123,"date":"2019-06-13T09:41:24","date_gmt":"2019-06-13T07:41:24","guid":{"rendered":"https:\/\/alliancefr.se\/norrkoping\/program\/"},"modified":"2026-02-13T10:47:21","modified_gmt":"2026-02-13T09:47:21","slug":"program","status":"publish","type":"page","link":"https:\/\/alliancefr.se\/norrkoping\/sv\/program\/","title":{"rendered":"Program"},"content":{"rendered":"\n<h2 class=\"wp-block-heading\"><strong>V\u00e5ren 2026<\/strong><\/h2>\n\n\n\n<figure class=\"wp-block-image size-large\"><img fetchpriority=\"high\" decoding=\"async\" width=\"1024\" height=\"585\" src=\"https:\/\/alliancefr.se\/norrkoping\/wp-content\/uploads\/sites\/17\/2026\/02\/image-1-1024x585.png\" alt=\"\" class=\"wp-image-3059\" \/><\/figure>\n\n\n\n<p>K\u00e4ra medlemmar, H\u00e4r \u00e4r de evenemang vi f\u00f6resl\u00e5r f\u00f6r att fira det franska spr\u00e5ket och den fransktalande kulturen i Norrk\u00f6ping. Observera att datumen \u00e4r prelimin\u00e4ra och kan komma att justeras.<\/p>\n\n\n\n<figure class=\"wp-block-table\"><table class=\"has-fixed-layout\"><tbody><tr><td>Period<\/td><td>Aktivitet<\/td><td>Detaljer<\/td><\/tr><tr><td><strong>L\u00f6rdag 28 feb.<\/strong><\/td><td>Workshop: \u00ab\u00a0Cr\u00eape Suzette &amp; Cider\u00a0\u00bb<\/td><td>15:00 \u2013 17:00 p\u00e5 Folkuniversitetet. Provning av 3 sorters cider. Anm\u00e4lan till Anders Pettersson senast 26 februari: alpettersson105@gmail.com<\/td><\/tr><tr><td><strong>Onsdag 18 mars<\/strong><\/td><td>Filmkv\u00e4ll: Sarah Bernhardt<\/td><td>Hyllning till \u00ab\u00a0den gudomliga\u00a0\u00bb och den franska teaterns guld\u00e5lder.<\/td><\/tr><tr><td><strong>Onsdag 15 april<\/strong><\/td><td>\u00c5rsm\u00f6te<\/td><td>Kl. 18:00. Ett viktigt tillf\u00e4lle f\u00f6r v\u00e5r f\u00f6renings liv. <\/td><\/tr><tr><td><strong>Onsdag 15 april<\/strong><\/td><td>Film &amp; Debatt: \u00ab\u00a0Sur les chemins noirs\u00a0\u00bb<\/td><td>19:00 \u2013 20:35. Visning av filmen (2023) baserad p\u00e5 Sylvain Tessons bok. <\/td><\/tr><tr><td><strong>L\u00f6rdag 30 maj<\/strong><\/td><td>Naturutflykt &amp; Boule<\/td><td>Tipspromenad, boule (inomhus beroende p\u00e5 bokning) och eventuell minikonsert av gymnasieelever. <\/td><\/tr><\/tbody><\/table><\/figure>\n\n\n<p><img decoding=\"async\" src=\"http:\/\/alliancefr.se\/norrkoping\/wp-content\/uploads\/sites\/17\/2025\/12\/Af-Jultraff-14-dec-2025-.jpg\" alt=\"\" width=\"539\" height=\"645\" \/><br \/><img decoding=\"async\" src=\"http:\/\/alliancefr.se\/norrkoping\/wp-content\/uploads\/sites\/17\/2025\/11\/Af-Filmkvall-24-nov-25Un-petit-truc-en-plus.jpg\" alt=\"\" width=\"403\" height=\"592\" \/><br \/><img decoding=\"async\" src=\"http:\/\/alliancefr.se\/norrkoping\/wp-content\/uploads\/sites\/17\/2025\/11\/Af-Filmkvall-24-nov-25Un-petit-truc-en-plus.jpg\" alt=\"\" width=\"403\" height=\"592\" \/><br \/><img loading=\"lazy\" decoding=\"async\" src=\"http:\/\/alliancefr.se\/norrkoping\/wp-content\/uploads\/sites\/17\/2025\/10\/Af-Filmvisning-23-oktober-2025.jpg\" alt=\"\" width=\"483\" height=\"637\" \/><br \/><img loading=\"lazy\" decoding=\"async\" src=\"http:\/\/alliancefr.se\/norrkoping\/wp-content\/uploads\/sites\/17\/2025\/04\/Af-Dagordning-Arsmotet-9-april-2025.-jPG-1.jpg\" alt=\"\" width=\"684\" height=\"894\" \/><br \/><img loading=\"lazy\" decoding=\"async\" src=\"http:\/\/alliancefr.se\/norrkoping\/wp-content\/uploads\/sites\/17\/2025\/02\/Af-Varprogram-2025-Ver-Webbsidan-1.jpg\" alt=\"\" width=\"509\" height=\"748\" \/><\/p>\n<h2>\u00a0 \u00a0 \u00a0 \u00a0 \u00a0 \u00a0 \u00a0 \u00a0 \u00a0 \u00a0 \u00a0 \u00a0 \u00a0 \u00a0 \u00a0 V\u00e5ren 2025<\/h2>\n\n\n<p><\/p>\n","protected":false},"excerpt":{"rendered":"<p>V\u00e5ren 2026 K\u00e4ra medlemmar, H\u00e4r \u00e4r de evenemang vi f\u00f6resl\u00e5r f\u00f6r att fira det franska spr\u00e5ket och den fransktalande kulturen i Norrk\u00f6ping. Observera att datumen \u00e4r prelimin\u00e4ra och kan komma att justeras. Period Aktivitet Detaljer L\u00f6rdag 28 feb. Workshop: \u00ab\u00a0Cr\u00eape Suzette &amp; Cider\u00a0\u00bb 15:00 \u2013 17:00 p\u00e5 Folkuniversitetet. Provning av 3 sorters cider. Anm\u00e4lan till Anders Pettersson senast 26 februari: alpettersson105@gmail.com Onsdag 18 mars Filmkv\u00e4ll: Sarah Bernhardt Hyllning till \u00ab\u00a0den gudomliga\u00a0\u00bb och den franska teaterns guld\u00e5lder. Onsdag 15 april \u00c5rsm\u00f6te Kl. 18:00. Ett viktigt tillf\u00e4lle f\u00f6r v\u00e5r f\u00f6renings liv. Onsdag 15 april Film &amp; Debatt: \u00ab\u00a0Sur les chemins noirs\u00a0\u00bb 19:00 \u2013 20:35. Visning av filmen (2023) baserad p\u00e5 Sylvain Tessons bok. L\u00f6rdag 30 maj Naturutflykt &amp; Boule Tipspromenad, boule (inomhus beroende p\u00e5 bokning) och eventuell minikonsert av gymnasieelever. \u00a0 \u00a0 \u00a0 \u00a0 \u00a0 \u00a0 \u00a0 \u00a0 \u00a0 \u00a0 \u00a0 \u00a0 \u00a0 \u00a0 \u00a0 V\u00e5ren 2025<\/p>\n","protected":false},"author":1,"featured_media":0,"parent":0,"menu_order":0,"comment_status":"closed","ping_status":"closed","template":"","meta":{"om_disable_all_campaigns":false,"_monsterinsights_skip_tracking":false,"_monsterinsights_sitenote_active":false,"_monsterinsights_sitenote_note":"","_monsterinsights_sitenote_category":0,"_uf_show_specific_survey":0,"_uf_disable_surveys":false,"footnotes":""},"class_list":["post-123","page","type-page","status-publish","hentry"],"aioseo_notices":[],"rttpg_featured_image_url":null,"rttpg_author":{"display_name":"Super.admin","author_link":"https:\/\/alliancefr.se\/norrkoping\/author\/admin2174\/"},"rttpg_comment":0,"rttpg_category":" <a href=\"https:\/\/alliancefr.se\/norrkoping\/sv\/\" rel=\"tag\">Svenska<\/a>","rttpg_excerpt":"V\u00e5ren 2026 K\u00e4ra medlemmar, H\u00e4r \u00e4r de evenemang vi f\u00f6resl\u00e5r f\u00f6r att fira det franska spr\u00e5ket och den fransktalande kulturen i Norrk\u00f6ping. Observera att datumen \u00e4r prelimin\u00e4ra och kan komma att justeras. Period Aktivitet Detaljer L\u00f6rdag 28 feb. Workshop: \u00ab\u00a0Cr\u00eape Suzette &amp; Cider\u00a0\u00bb 15:00 \u2013 17:00 p\u00e5 Folkuniversitetet. Provning av 3 sorters cider. Anm\u00e4lan till\u2026","_links":{"self":[{"href":"https:\/\/alliancefr.se\/norrkoping\/wp-json\/wp\/v2\/pages\/123","targetHints":{"allow":["GET"]}}],"collection":[{"href":"https:\/\/alliancefr.se\/norrkoping\/wp-json\/wp\/v2\/pages"}],"about":[{"href":"https:\/\/alliancefr.se\/norrkoping\/wp-json\/wp\/v2\/types\/page"}],"author":[{"embeddable":true,"href":"https:\/\/alliancefr.se\/norrkoping\/wp-json\/wp\/v2\/users\/1"}],"replies":[{"embeddable":true,"href":"https:\/\/alliancefr.se\/norrkoping\/wp-json\/wp\/v2\/comments?post=123"}],"version-history":[{"count":28,"href":"https:\/\/alliancefr.se\/norrkoping\/wp-json\/wp\/v2\/pages\/123\/revisions"}],"predecessor-version":[{"id":3061,"href":"https:\/\/alliancefr.se\/norrkoping\/wp-json\/wp\/v2\/pages\/123\/revisions\/3061"}],"wp:attachment":[{"href":"https:\/\/alliancefr.se\/norrkoping\/wp-json\/wp\/v2\/media?parent=123"}],"curies":[{"name":"wp","href":"https:\/\/api.w.org\/{rel}","templated":true}]}}