{"id":5189,"date":"2025-08-29T16:47:13","date_gmt":"2025-08-29T14:47:13","guid":{"rendered":"https:\/\/alliancefr.se\/lund-malmo\/?page_id=5189"},"modified":"2025-08-29T16:54:34","modified_gmt":"2025-08-29T14:54:34","slug":"barn-och-tonarshorna","status":"publish","type":"page","link":"https:\/\/alliancefr.se\/lund-malmo\/sv\/barn-och-tonarshorna\/","title":{"rendered":"Barn och ton\u00e5rsh\u00f6rna"},"content":{"rendered":"\t\t<div data-elementor-type=\"wp-page\" data-elementor-id=\"5189\" class=\"elementor elementor-5189\">\n\t\t\t\t<div class=\"elementor-element elementor-element-f731c2b e-flex e-con-boxed e-con e-parent\" data-id=\"f731c2b\" data-element_type=\"container\">\n\t\t\t\t\t<div class=\"e-con-inner\">\n\t\t\t\t<div class=\"elementor-element elementor-element-ab9d297 elementor-widget elementor-widget-text-editor\" data-id=\"ab9d297\" data-element_type=\"widget\" data-widget_type=\"text-editor.default\">\n\t\t\t\t<div class=\"elementor-widget-container\">\n\t\t\t\t\t\t\t\t\t<p>Tre workshops f\u00f6r barn och ungdomar kommer att h\u00e5llas under h\u00f6stterminen. De kommer att h\u00e5llas under tre l\u00f6rdagar.<\/p>\n<p>Datum, platser och workshops kommer att meddelas inom kort av kommitt\u00e9n.<\/p>\t\t\t\t\t\t\t\t<\/div>\n\t\t\t\t<\/div>\n\t\t\t\t\t<\/div>\n\t\t\t\t<\/div>\n\t\t<div class=\"elementor-element elementor-element-5229b90 e-flex e-con-boxed e-con e-parent\" data-id=\"5229b90\" data-element_type=\"container\">\n\t\t\t\t\t<div class=\"e-con-inner\">\n\t\t\t\t<div class=\"elementor-element elementor-element-94fd665 elementor-widget elementor-widget-image-gallery\" data-id=\"94fd665\" data-element_type=\"widget\" data-widget_type=\"image-gallery.default\">\n\t\t\t\t<div class=\"elementor-widget-container\">\n\t\t\t\t\t\t\t<div class=\"elementor-image-gallery\">\n\t\t\t\t\t<\/div>\n\t\t\t\t\t\t<\/div>\n\t\t\t\t<\/div>\n\t\t\t\t\t<\/div>\n\t\t\t\t<\/div>\n\t\t\t\t<\/div>\n\t\t","protected":false},"excerpt":{"rendered":"<p>Tre workshops f\u00f6r barn och ungdomar kommer att h\u00e5llas under h\u00f6stterminen. De kommer att h\u00e5llas under tre l\u00f6rdagar. Datum, platser och workshops kommer att meddelas inom kort av kommitt\u00e9n.<\/p>\n","protected":false},"author":1,"featured_media":0,"parent":0,"menu_order":0,"comment_status":"closed","ping_status":"closed","template":"","meta":{"om_disable_all_campaigns":false,"_monsterinsights_skip_tracking":false,"_monsterinsights_sitenote_active":false,"_monsterinsights_sitenote_note":"","_monsterinsights_sitenote_category":0,"_uf_show_specific_survey":0,"_uf_disable_surveys":false,"footnotes":""},"class_list":["post-5189","page","type-page","status-publish","hentry"],"aioseo_notices":[],"rttpg_featured_image_url":null,"rttpg_author":{"display_name":"Super.admin","author_link":"https:\/\/alliancefr.se\/lund-malmo\/author\/admin2174\/"},"rttpg_comment":0,"rttpg_category":" <a href=\"https:\/\/alliancefr.se\/lund-malmo\/sv\/\" rel=\"tag\">Svenska<\/a>","rttpg_excerpt":"Tre workshops f\u00f6r barn och ungdomar kommer att h\u00e5llas under h\u00f6stterminen. De kommer att h\u00e5llas under tre l\u00f6rdagar. Datum, platser och workshops kommer att meddelas inom kort av kommitt\u00e9n.","_links":{"self":[{"href":"https:\/\/alliancefr.se\/lund-malmo\/wp-json\/wp\/v2\/pages\/5189","targetHints":{"allow":["GET"]}}],"collection":[{"href":"https:\/\/alliancefr.se\/lund-malmo\/wp-json\/wp\/v2\/pages"}],"about":[{"href":"https:\/\/alliancefr.se\/lund-malmo\/wp-json\/wp\/v2\/types\/page"}],"author":[{"embeddable":true,"href":"https:\/\/alliancefr.se\/lund-malmo\/wp-json\/wp\/v2\/users\/1"}],"replies":[{"embeddable":true,"href":"https:\/\/alliancefr.se\/lund-malmo\/wp-json\/wp\/v2\/comments?post=5189"}],"version-history":[{"count":4,"href":"https:\/\/alliancefr.se\/lund-malmo\/wp-json\/wp\/v2\/pages\/5189\/revisions"}],"predecessor-version":[{"id":5202,"href":"https:\/\/alliancefr.se\/lund-malmo\/wp-json\/wp\/v2\/pages\/5189\/revisions\/5202"}],"wp:attachment":[{"href":"https:\/\/alliancefr.se\/lund-malmo\/wp-json\/wp\/v2\/media?parent=5189"}],"curies":[{"name":"wp","href":"https:\/\/api.w.org\/{rel}","templated":true}]}}