{"id":5188,"date":"2025-08-29T16:44:41","date_gmt":"2025-08-29T14:44:41","guid":{"rendered":"https:\/\/alliancefr.se\/lund-malmo\/?page_id=5188"},"modified":"2026-02-18T22:17:01","modified_gmt":"2026-02-18T21:17:01","slug":"coin-enfants-et-adolescents","status":"publish","type":"page","link":"https:\/\/alliancefr.se\/lund-malmo\/coin-enfants-et-adolescents\/","title":{"rendered":"Coin enfants et adolescents"},"content":{"rendered":"\t\t<div data-elementor-type=\"wp-page\" data-elementor-id=\"5188\" class=\"elementor elementor-5188\">\n\t\t\t\t<div class=\"elementor-element elementor-element-b4b06fa e-con-full e-flex e-con e-parent\" data-id=\"b4b06fa\" data-element_type=\"container\">\n\t\t\t\t<div class=\"elementor-element elementor-element-912ec3b elementor-widget elementor-widget-text-editor\" data-id=\"912ec3b\" data-element_type=\"widget\" data-widget_type=\"text-editor.default\">\n\t\t\t\t<div class=\"elementor-widget-container\">\n\t\t\t\t\t\t\t\t\t<h5>Des ateliers d\u00e9di\u00e9s aux enfants et aux adolescents sont organis\u00e9s pendant le semestre de printemps.<\/h5>\t\t\t\t\t\t\t\t<\/div>\n\t\t\t\t<\/div>\n\t\t\t\t<\/div>\n\t\t<div class=\"elementor-element elementor-element-87c8ac6 e-grid e-con-boxed e-con e-parent\" data-id=\"87c8ac6\" data-element_type=\"container\">\n\t\t\t\t\t<div class=\"e-con-inner\">\n\t\t\t\t<div class=\"elementor-element elementor-element-15cbad7 elementor-widget elementor-widget-image\" data-id=\"15cbad7\" data-element_type=\"widget\" data-widget_type=\"image.default\">\n\t\t\t\t<div class=\"elementor-widget-container\">\n\t\t\t\t\t\t\t\t\t\t\t\t\t\t\t<img fetchpriority=\"high\" decoding=\"async\" width=\"742\" height=\"1024\" src=\"https:\/\/alliancefr.se\/lund-malmo\/wp-content\/uploads\/sites\/58\/2026\/02\/DD-pour-AF-en-mars-2026-1-742x1024.jpg\" class=\"attachment-large size-large wp-image-5318\" alt=\"\" \/>\t\t\t\t\t\t\t\t\t\t\t\t\t\t\t<\/div>\n\t\t\t\t<\/div>\n\t\t\t\t<div class=\"elementor-element elementor-element-95d1aad elementor-widget elementor-widget-text-editor\" data-id=\"95d1aad\" data-element_type=\"widget\" data-widget_type=\"text-editor.default\">\n\t\t\t\t<div class=\"elementor-widget-container\">\n\t\t\t\t\t\t\t\t\t<h6><b>Gratuit<\/b><span style=\"font-weight: 400\"> mais nombre de places limit\u00e9, inscription obligatoire aupr\u00e8s de Sigol\u00e8ne: <a href=\"https:\/\/forms.gle\/nv96vsuYJKYwdGYJ8\">ICI<\/a><\/span><\/h6>\t\t\t\t\t\t\t\t<\/div>\n\t\t\t\t<\/div>\n\t\t\t\t\t<\/div>\n\t\t\t\t<\/div>\n\t\t<div class=\"elementor-element elementor-element-f732096 e-grid e-con-boxed e-con e-parent\" data-id=\"f732096\" data-element_type=\"container\">\n\t\t\t\t\t<div class=\"e-con-inner\">\n\t\t\t\t\t<\/div>\n\t\t\t\t<\/div>\n\t\t<div class=\"elementor-element elementor-element-4412316 e-grid e-con-boxed e-con e-parent\" data-id=\"4412316\" data-element_type=\"container\">\n\t\t\t\t\t<div class=\"e-con-inner\">\n\t\t\t\t<div class=\"elementor-element elementor-element-e71396d elementor-widget elementor-widget-heading\" data-id=\"e71396d\" data-element_type=\"widget\" data-widget_type=\"heading.default\">\n\t\t\t\t<div class=\"elementor-widget-container\">\n\t\t\t\t\t<h2 class=\"elementor-heading-title elementor-size-default\">Viens parler fran\u00e7ais de fa\u00e7on amusante en jouant \u00e0 des jeux de soci\u00e9t\u00e9.<\/h2>\t\t\t\t<\/div>\n\t\t\t\t<\/div>\n\t\t\t\t<div class=\"elementor-element elementor-element-8ae794d elementor-widget elementor-widget-image\" data-id=\"8ae794d\" data-element_type=\"widget\" data-widget_type=\"image.default\">\n\t\t\t\t<div class=\"elementor-widget-container\">\n\t\t\t\t\t\t\t\t\t\t\t\t\t\t\t<img decoding=\"async\" width=\"300\" height=\"266\" src=\"https:\/\/alliancefr.se\/lund-malmo\/wp-content\/uploads\/sites\/58\/2026\/02\/IMG_20260115_200848932_MFNR-1-300x266.jpg\" class=\"attachment-medium size-medium wp-image-5331\" alt=\"\" \/>\t\t\t\t\t\t\t\t\t\t\t\t\t\t\t<\/div>\n\t\t\t\t<\/div>\n\t\t\t\t<div class=\"elementor-element elementor-element-00f0841 elementor-widget elementor-widget-text-editor\" data-id=\"00f0841\" data-element_type=\"widget\" data-widget_type=\"text-editor.default\">\n\t\t\t\t<div class=\"elementor-widget-container\">\n\t\t\t\t\t\t\t\t\t<h4>Prends ton jeu favori et viens faire une partie avec d\u2019autres francophones.<\/h4><h6><strong>Quand<\/strong>: Samedi 11 avril 13:30-14:30<br \/><strong>O\u00f9<\/strong>: Botulfsh\u00f6rnan \u00e0 Lund (Stadshallen, Stortorget 9)<br \/><strong>Qui<\/strong>: Familles francophones ou toute personne voulant pratiquer son fran\u00e7ais.<\/h6>\t\t\t\t\t\t\t\t<\/div>\n\t\t\t\t<\/div>\n\t\t\t\t<div class=\"elementor-element elementor-element-924020c elementor-widget elementor-widget-text-editor\" data-id=\"924020c\" data-element_type=\"widget\" data-widget_type=\"text-editor.default\">\n\t\t\t\t<div class=\"elementor-widget-container\">\n\t\t\t\t\t\t\t\t\t<h6><strong>Gratuit<\/strong>. Inscription aupr\u00e8s de Sigol\u00e8ne:\u00a0 <a href=\"https:\/\/forms.gle\/yCG6XryY1wcisuQZ6\">ICI<\/a><\/h6>\t\t\t\t\t\t\t\t<\/div>\n\t\t\t\t<\/div>\n\t\t\t\t\t<\/div>\n\t\t\t\t<\/div>\n\t\t\t\t<\/div>\n\t\t","protected":false},"excerpt":{"rendered":"<p>Des ateliers d\u00e9di\u00e9s aux enfants et aux adolescents sont organis\u00e9s pendant le semestre de printemps. Gratuit mais nombre de places limit\u00e9, inscription obligatoire aupr\u00e8s de Sigol\u00e8ne: ICI Viens parler fran\u00e7ais de fa\u00e7on amusante en jouant \u00e0 des jeux de soci\u00e9t\u00e9. Prends ton jeu favori et viens faire une partie avec d\u2019autres francophones. Quand: Samedi 11 avril 13:30-14:30O\u00f9: Botulfsh\u00f6rnan \u00e0 Lund (Stadshallen, Stortorget 9)Qui: Familles francophones ou toute personne voulant pratiquer son fran\u00e7ais. Gratuit. Inscription aupr\u00e8s de Sigol\u00e8ne:\u00a0 ICI<\/p>\n","protected":false},"author":1,"featured_media":0,"parent":0,"menu_order":0,"comment_status":"closed","ping_status":"closed","template":"","meta":{"om_disable_all_campaigns":false,"_monsterinsights_skip_tracking":false,"_monsterinsights_sitenote_active":false,"_monsterinsights_sitenote_note":"","_monsterinsights_sitenote_category":0,"_uf_show_specific_survey":0,"_uf_disable_surveys":false,"footnotes":""},"class_list":["post-5188","page","type-page","status-publish","hentry"],"aioseo_notices":[],"rttpg_featured_image_url":null,"rttpg_author":{"display_name":"Super.admin","author_link":"https:\/\/alliancefr.se\/lund-malmo\/author\/admin2174\/"},"rttpg_comment":0,"rttpg_category":" <a href=\"https:\/\/alliancefr.se\/lund-malmo\/\" rel=\"tag\">Fran\u00e7ais<\/a>","rttpg_excerpt":"Des ateliers d\u00e9di\u00e9s aux enfants et aux adolescents sont organis\u00e9s pendant le semestre de printemps. Gratuit mais nombre de places limit\u00e9, inscription obligatoire aupr\u00e8s de Sigol\u00e8ne: ICI Viens parler fran\u00e7ais de fa\u00e7on amusante en jouant \u00e0 des jeux de soci\u00e9t\u00e9. Prends ton jeu favori et viens faire une partie avec d\u2019autres francophones. Quand: Samedi 11\u2026","_links":{"self":[{"href":"https:\/\/alliancefr.se\/lund-malmo\/wp-json\/wp\/v2\/pages\/5188","targetHints":{"allow":["GET"]}}],"collection":[{"href":"https:\/\/alliancefr.se\/lund-malmo\/wp-json\/wp\/v2\/pages"}],"about":[{"href":"https:\/\/alliancefr.se\/lund-malmo\/wp-json\/wp\/v2\/types\/page"}],"author":[{"embeddable":true,"href":"https:\/\/alliancefr.se\/lund-malmo\/wp-json\/wp\/v2\/users\/1"}],"replies":[{"embeddable":true,"href":"https:\/\/alliancefr.se\/lund-malmo\/wp-json\/wp\/v2\/comments?post=5188"}],"version-history":[{"count":31,"href":"https:\/\/alliancefr.se\/lund-malmo\/wp-json\/wp\/v2\/pages\/5188\/revisions"}],"predecessor-version":[{"id":5343,"href":"https:\/\/alliancefr.se\/lund-malmo\/wp-json\/wp\/v2\/pages\/5188\/revisions\/5343"}],"wp:attachment":[{"href":"https:\/\/alliancefr.se\/lund-malmo\/wp-json\/wp\/v2\/media?parent=5188"}],"curies":[{"name":"wp","href":"https:\/\/api.w.org\/{rel}","templated":true}]}}