{"id":5128,"date":"2025-07-15T14:12:46","date_gmt":"2025-07-15T12:12:46","guid":{"rendered":"https:\/\/alliancefr.se\/lund-malmo\/?page_id=5128"},"modified":"2025-07-15T14:30:59","modified_gmt":"2025-07-15T12:30:59","slug":"lascirkel","status":"publish","type":"page","link":"https:\/\/alliancefr.se\/lund-malmo\/sv\/lascirkel\/","title":{"rendered":"Bokklubb"},"content":{"rendered":"\t\t<div data-elementor-type=\"wp-page\" data-elementor-id=\"5128\" class=\"elementor elementor-5128\">\n\t\t\t\t<div class=\"elementor-element elementor-element-f731c2b e-flex e-con-boxed e-con e-parent\" data-id=\"f731c2b\" data-element_type=\"container\">\n\t\t\t\t\t<div class=\"e-con-inner\">\n\t\t\t\t<div class=\"elementor-element elementor-element-ab9d297 elementor-widget elementor-widget-text-editor\" data-id=\"ab9d297\" data-element_type=\"widget\" data-widget_type=\"text-editor.default\">\n\t\t\t\t<div class=\"elementor-widget-container\">\n\t\t\t\t\t\t\t\t\t<p>V\u00e4lkommen!<\/p>\n<p><strong>Jens Riis<\/strong>, sekreterare i Alliance Fran\u00e7aise Lund-Malm\u00f6, ansvarar f\u00f6r <strong>medlemsregistret<\/strong>. V\u00e4nligen meddela honom om eventuella \u00e4ndringar eller till\u00e4gg, helst via e-post p\u00e5 <span style=\"color: #ff0000;\"><strong>jens.olof.riis@gmail.com<\/strong><\/span>.<\/p>\n<p>F\u00f6r <strong>bokklubben<\/strong> \u00e4r registrering hos Alliansen obligatorisk. Det finns f\u00f6r n\u00e4rvarande tv\u00e5 avdelningar d\u00e4r platserna \u00e4r begr\u00e4nsade till 10. V\u00e4nligen kontakta:<\/p>\n<p><strong>Anna Marie Leander<\/strong> via e-post p\u00e5 <span style=\"color: #ff0000;\"><strong>annik.leander@gmail.com<\/strong><\/span> eller per telefon p\u00e5 <strong><span style=\"color: #0000ff;\">0730-433182<\/span><\/strong> (Lund med omnejd)<\/p>\n<p><strong>Jeannette Christensson<\/strong> via e-post p\u00e5 <span style=\"color: #ff0000;\"><strong>jeanette.christensson@gmail.com<\/strong><\/span> eller per telefon p\u00e5 <strong><span style=\"color: #0000ff;\">0709-463059<\/span><\/strong> (Malm\u00f6)<\/p>\n<p><strong>Kommitt\u00e9n<\/strong><\/p>\t\t\t\t\t\t\t\t<\/div>\n\t\t\t\t<\/div>\n\t\t\t\t\t<\/div>\n\t\t\t\t<\/div>\n\t\t<div class=\"elementor-element elementor-element-5229b90 e-flex e-con-boxed e-con e-parent\" data-id=\"5229b90\" data-element_type=\"container\">\n\t\t\t\t\t<div class=\"e-con-inner\">\n\t\t\t\t<div class=\"elementor-element elementor-element-94fd665 elementor-widget elementor-widget-image-gallery\" data-id=\"94fd665\" data-element_type=\"widget\" data-widget_type=\"image-gallery.default\">\n\t\t\t\t<div class=\"elementor-widget-container\">\n\t\t\t\t\t\t\t<div class=\"elementor-image-gallery\">\n\t\t\t\t\t<\/div>\n\t\t\t\t\t\t<\/div>\n\t\t\t\t<\/div>\n\t\t\t\t\t<\/div>\n\t\t\t\t<\/div>\n\t\t\t\t<\/div>\n\t\t","protected":false},"excerpt":{"rendered":"<p>V\u00e4lkommen! Jens Riis, sekreterare i Alliance Fran\u00e7aise Lund-Malm\u00f6, ansvarar f\u00f6r medlemsregistret. V\u00e4nligen meddela honom om eventuella \u00e4ndringar eller till\u00e4gg, helst via e-post p\u00e5 jens.olof.riis@gmail.com. F\u00f6r bokklubben \u00e4r registrering hos Alliansen obligatorisk. Det finns f\u00f6r n\u00e4rvarande tv\u00e5 avdelningar d\u00e4r platserna \u00e4r begr\u00e4nsade till 10. V\u00e4nligen kontakta: Anna Marie Leander via e-post p\u00e5 annik.leander@gmail.com eller per telefon p\u00e5 0730-433182 (Lund med omnejd) Jeannette Christensson via e-post p\u00e5 jeanette.christensson@gmail.com eller per telefon p\u00e5 0709-463059 (Malm\u00f6) Kommitt\u00e9n<\/p>\n","protected":false},"author":1,"featured_media":0,"parent":0,"menu_order":0,"comment_status":"closed","ping_status":"closed","template":"","meta":{"om_disable_all_campaigns":false,"_monsterinsights_skip_tracking":false,"_monsterinsights_sitenote_active":false,"_monsterinsights_sitenote_note":"","_monsterinsights_sitenote_category":0,"_uf_show_specific_survey":0,"_uf_disable_surveys":false,"footnotes":""},"class_list":["post-5128","page","type-page","status-publish","hentry"],"aioseo_notices":[],"rttpg_featured_image_url":null,"rttpg_author":{"display_name":"Super.admin","author_link":"https:\/\/alliancefr.se\/lund-malmo\/author\/admin2174\/"},"rttpg_comment":0,"rttpg_category":" <a href=\"https:\/\/alliancefr.se\/lund-malmo\/sv\/\" rel=\"tag\">Svenska<\/a>","rttpg_excerpt":"V\u00e4lkommen! Jens Riis, sekreterare i Alliance Fran\u00e7aise Lund-Malm\u00f6, ansvarar f\u00f6r medlemsregistret. V\u00e4nligen meddela honom om eventuella \u00e4ndringar eller till\u00e4gg, helst via e-post p\u00e5 jens.olof.riis@gmail.com. F\u00f6r bokklubben \u00e4r registrering hos Alliansen obligatorisk. Det finns f\u00f6r n\u00e4rvarande tv\u00e5 avdelningar d\u00e4r platserna \u00e4r begr\u00e4nsade till 10. V\u00e4nligen kontakta: Anna Marie Leander via e-post p\u00e5 annik.leander@gmail.com eller per telefon\u2026","_links":{"self":[{"href":"https:\/\/alliancefr.se\/lund-malmo\/wp-json\/wp\/v2\/pages\/5128","targetHints":{"allow":["GET"]}}],"collection":[{"href":"https:\/\/alliancefr.se\/lund-malmo\/wp-json\/wp\/v2\/pages"}],"about":[{"href":"https:\/\/alliancefr.se\/lund-malmo\/wp-json\/wp\/v2\/types\/page"}],"author":[{"embeddable":true,"href":"https:\/\/alliancefr.se\/lund-malmo\/wp-json\/wp\/v2\/users\/1"}],"replies":[{"embeddable":true,"href":"https:\/\/alliancefr.se\/lund-malmo\/wp-json\/wp\/v2\/comments?post=5128"}],"version-history":[{"count":8,"href":"https:\/\/alliancefr.se\/lund-malmo\/wp-json\/wp\/v2\/pages\/5128\/revisions"}],"predecessor-version":[{"id":5144,"href":"https:\/\/alliancefr.se\/lund-malmo\/wp-json\/wp\/v2\/pages\/5128\/revisions\/5144"}],"wp:attachment":[{"href":"https:\/\/alliancefr.se\/lund-malmo\/wp-json\/wp\/v2\/media?parent=5128"}],"curies":[{"name":"wp","href":"https:\/\/api.w.org\/{rel}","templated":true}]}}