{"id":5125,"date":"2025-07-15T14:11:41","date_gmt":"2025-07-15T12:11:41","guid":{"rendered":"https:\/\/alliancefr.se\/lund-malmo\/?page_id=5125"},"modified":"2025-07-16T15:07:26","modified_gmt":"2025-07-16T13:07:26","slug":"cercle-de-lecture","status":"publish","type":"page","link":"https:\/\/alliancefr.se\/lund-malmo\/cercle-de-lecture\/","title":{"rendered":"Club du livre"},"content":{"rendered":"\t\t<div data-elementor-type=\"wp-page\" data-elementor-id=\"5125\" class=\"elementor elementor-5125\">\n\t\t\t\t<div class=\"elementor-element elementor-element-b4b06fa e-con-full e-flex e-con e-parent\" data-id=\"b4b06fa\" data-element_type=\"container\">\n\t\t\t\t<div class=\"elementor-element elementor-element-912ec3b elementor-widget elementor-widget-text-editor\" data-id=\"912ec3b\" data-element_type=\"widget\" data-widget_type=\"text-editor.default\">\n\t\t\t\t<div class=\"elementor-widget-container\">\n\t\t\t\t\t\t\t\t\t<p><span style=\"font-weight: 400\">Bienvenue \u00e0 toutes et \u00e0 tous !<\/span><\/p>\n<p><strong>Jens Riis<\/strong>, secr\u00e9taire de l&rsquo;Alliance Fran\u00e7aise de Lund-Malm\u00f6, s&rsquo;occupe de <strong>l&rsquo;index des membres<\/strong>. Veuillez lui indiquer tout changement ou ajout, de pr\u00e9f\u00e9rence par courriel (e-mail) \u00e0 l&rsquo;adresse suivante : <span style=\"color: #ff0000\"><strong>jens.olof.riis@gmail.com<\/strong><\/span><\/p>\n<p>Pour le&nbsp;<strong>Club du livre<\/strong>, l&rsquo;inscription \u00e0 l&rsquo;Alliance est obligatoire. Il y a actuellement deux branches o\u00f9 les places sont limit\u00e9es \u00e0 10. Veuillez vous renseigner aupr\u00e8s de&nbsp;<\/p>\n<p><strong>Anna Marie Leander<\/strong> par mail via <span style=\"color: #ff0000\"><strong>annik.leander@gmail.com<\/strong><\/span> ou par t\u00e9l\u00e9phone au <span style=\"color: #0000ff\"><strong>0730-433182<\/strong><\/span> (Lund et alentours)<\/p>\n<p><strong>Jeannette Christensson<\/strong> par mail via <span style=\"color: #ff0000\"><strong>jeanette.christensson@gmail.com<\/strong><\/span>&nbsp;ou par t\u00e9l\u00e9phone au <span style=\"color: #0000ff\"><strong>0709-463059<\/strong><\/span> (Malm\u00f6)<\/p>\n<p><strong>Le comit\u00e9<\/strong><\/p>\t\t\t\t\t\t\t\t<\/div>\n\t\t\t\t<\/div>\n\t\t\t\t<\/div>\n\t\t<div class=\"elementor-element elementor-element-675386a e-flex e-con-boxed e-con e-parent\" data-id=\"675386a\" data-element_type=\"container\">\n\t\t\t\t\t<div class=\"e-con-inner\">\n\t\t\t\t<div class=\"elementor-element elementor-element-95ce9e4 elementor-widget elementor-widget-image-gallery\" data-id=\"95ce9e4\" data-element_type=\"widget\" data-widget_type=\"image-gallery.default\">\n\t\t\t\t<div class=\"elementor-widget-container\">\n\t\t\t\t\t\t\t<div class=\"elementor-image-gallery\">\n\t\t\t\t\t<\/div>\n\t\t\t\t\t\t<\/div>\n\t\t\t\t<\/div>\n\t\t\t\t\t<\/div>\n\t\t\t\t<\/div>\n\t\t\t\t<\/div>\n\t\t","protected":false},"excerpt":{"rendered":"<p>Bienvenue \u00e0 toutes et \u00e0 tous ! Jens Riis, secr\u00e9taire de l&rsquo;Alliance Fran\u00e7aise de Lund-Malm\u00f6, s&rsquo;occupe de l&rsquo;index des membres. Veuillez lui indiquer tout changement ou ajout, de pr\u00e9f\u00e9rence par courriel (e-mail) \u00e0 l&rsquo;adresse suivante : jens.olof.riis@gmail.com Pour le&nbsp;Club du livre, l&rsquo;inscription \u00e0 l&rsquo;Alliance est obligatoire. Il y a actuellement deux branches o\u00f9 les places sont limit\u00e9es \u00e0 10. Veuillez vous renseigner aupr\u00e8s de&nbsp; Anna Marie Leander par mail via annik.leander@gmail.com ou par t\u00e9l\u00e9phone au 0730-433182 (Lund et alentours) Jeannette Christensson par mail via jeanette.christensson@gmail.com&nbsp;ou par t\u00e9l\u00e9phone au 0709-463059 (Malm\u00f6) Le comit\u00e9<\/p>\n","protected":false},"author":1,"featured_media":0,"parent":0,"menu_order":0,"comment_status":"closed","ping_status":"closed","template":"","meta":{"om_disable_all_campaigns":false,"_monsterinsights_skip_tracking":false,"_monsterinsights_sitenote_active":false,"_monsterinsights_sitenote_note":"","_monsterinsights_sitenote_category":0,"_uf_show_specific_survey":0,"_uf_disable_surveys":false,"footnotes":""},"class_list":["post-5125","page","type-page","status-publish","hentry"],"aioseo_notices":[],"rttpg_featured_image_url":null,"rttpg_author":{"display_name":"Super.admin","author_link":"https:\/\/alliancefr.se\/lund-malmo\/author\/admin2174\/"},"rttpg_comment":0,"rttpg_category":" <a href=\"https:\/\/alliancefr.se\/lund-malmo\/\" rel=\"tag\">Fran\u00e7ais<\/a>","rttpg_excerpt":"Bienvenue \u00e0 toutes et \u00e0 tous ! Jens Riis, secr\u00e9taire de l&rsquo;Alliance Fran\u00e7aise de Lund-Malm\u00f6, s&rsquo;occupe de l&rsquo;index des membres. Veuillez lui indiquer tout changement ou ajout, de pr\u00e9f\u00e9rence par courriel (e-mail) \u00e0 l&rsquo;adresse suivante : jens.olof.riis@gmail.com Pour le&nbsp;Club du livre, l&rsquo;inscription \u00e0 l&rsquo;Alliance est obligatoire. Il y a actuellement deux branches o\u00f9 les places\u2026","_links":{"self":[{"href":"https:\/\/alliancefr.se\/lund-malmo\/wp-json\/wp\/v2\/pages\/5125","targetHints":{"allow":["GET"]}}],"collection":[{"href":"https:\/\/alliancefr.se\/lund-malmo\/wp-json\/wp\/v2\/pages"}],"about":[{"href":"https:\/\/alliancefr.se\/lund-malmo\/wp-json\/wp\/v2\/types\/page"}],"author":[{"embeddable":true,"href":"https:\/\/alliancefr.se\/lund-malmo\/wp-json\/wp\/v2\/users\/1"}],"replies":[{"embeddable":true,"href":"https:\/\/alliancefr.se\/lund-malmo\/wp-json\/wp\/v2\/comments?post=5125"}],"version-history":[{"count":8,"href":"https:\/\/alliancefr.se\/lund-malmo\/wp-json\/wp\/v2\/pages\/5125\/revisions"}],"predecessor-version":[{"id":5151,"href":"https:\/\/alliancefr.se\/lund-malmo\/wp-json\/wp\/v2\/pages\/5125\/revisions\/5151"}],"wp:attachment":[{"href":"https:\/\/alliancefr.se\/lund-malmo\/wp-json\/wp\/v2\/media?parent=5125"}],"curies":[{"name":"wp","href":"https:\/\/api.w.org\/{rel}","templated":true}]}}