{"id":4076,"date":"2024-10-02T16:40:27","date_gmt":"2024-10-02T14:40:27","guid":{"rendered":"https:\/\/alliancefr.se\/stockholm\/?page_id=4076"},"modified":"2025-08-25T22:54:14","modified_gmt":"2025-08-25T20:54:14","slug":"om-oss","status":"publish","type":"page","link":"https:\/\/alliancefr.se\/lund-malmo\/sv\/om-oss\/","title":{"rendered":"Om oss"},"content":{"rendered":"\t\t<div data-elementor-type=\"wp-page\" data-elementor-id=\"4076\" class=\"elementor elementor-4076\">\n\t\t\t\t<div class=\"elementor-element elementor-element-b954482 e-flex e-con-boxed e-con e-parent\" data-id=\"b954482\" data-element_type=\"container\">\n\t\t\t\t\t<div class=\"e-con-inner\">\n\t\t\t\t<div class=\"elementor-element elementor-element-1e1e5f8 elementor-widget elementor-widget-heading\" data-id=\"1e1e5f8\" data-element_type=\"widget\" data-widget_type=\"heading.default\">\n\t\t\t\t<div class=\"elementor-widget-container\">\n\t\t\t\t\t<h6 class=\"elementor-heading-title elementor-size-default\">V\u00e5r styrelse<\/h6>\t\t\t\t<\/div>\n\t\t\t\t<\/div>\n\t\t\t\t\t<\/div>\n\t\t\t\t<\/div>\n\t\t<div class=\"elementor-element elementor-element-1fa78f0 e-flex e-con-boxed e-con e-parent\" data-id=\"1fa78f0\" data-element_type=\"container\">\n\t\t\t\t\t<div class=\"e-con-inner\">\n\t\t\t\t<div class=\"elementor-element elementor-element-52bdc2d elementor-widget elementor-widget-text-editor\" data-id=\"52bdc2d\" data-element_type=\"widget\" data-widget_type=\"text-editor.default\">\n\t\t\t\t<div class=\"elementor-widget-container\">\n\t\t\t\t\t\t\t\t\t<p style=\"font-weight: 400\">Alliance Fran\u00e7aise Lund-Malm\u00f6 kombinerar tv\u00e5 allianser. Styrelseledam\u00f6terna arbetar ideellt och f\u00f6rdelar sina uppgifter enligt f\u00f6ljande:<\/p>\n<p><strong>ORDF\u00d6RANDE<\/strong>: Gw\u00e9na\u00eblle Beynet Fr\u00f6jd<\/p>\n<p><strong>VICEORDF\u00d6RANDE I LUND<\/strong>: Sigol\u00e8ne Loizeau<\/p>\n<p><strong>VICEORDF\u00d6RANDE I MALM\u00d6<\/strong>: Do\u00efna Batraneau<\/p>\n<p><strong>SEKRETERARE<\/strong>: Jens Riis<\/p>\n<p><strong>KASS\u00d6R<\/strong>: Bettina Klingenheim<\/p>\n<p><strong>STYRELSELEDAMOT<\/strong>: G\u00f6rel Nergelius<\/p>\n<p><b>HEDERSORDF\u00d6RANDE:<\/b> Margareth Wijk<\/p>\t\t\t\t\t\t\t\t<\/div>\n\t\t\t\t<\/div>\n\t\t\t\t\t<\/div>\n\t\t\t\t<\/div>\n\t\t<div class=\"elementor-element elementor-element-dd1a47e e-flex e-con-boxed e-con e-parent\" data-id=\"dd1a47e\" data-element_type=\"container\">\n\t\t\t\t\t<div class=\"e-con-inner\">\n\t\t\t\t\t<\/div>\n\t\t\t\t<\/div>\n\t\t\t\t<\/div>\n\t\t","protected":false},"excerpt":{"rendered":"<p>V\u00e5r styrelse Alliance Fran\u00e7aise Lund-Malm\u00f6 kombinerar tv\u00e5 allianser. Styrelseledam\u00f6terna arbetar ideellt och f\u00f6rdelar sina uppgifter enligt f\u00f6ljande: ORDF\u00d6RANDE: Gw\u00e9na\u00eblle Beynet Fr\u00f6jd VICEORDF\u00d6RANDE I LUND: Sigol\u00e8ne Loizeau VICEORDF\u00d6RANDE I MALM\u00d6: Do\u00efna Batraneau SEKRETERARE: Jens Riis KASS\u00d6R: Bettina Klingenheim STYRELSELEDAMOT: G\u00f6rel Nergelius HEDERSORDF\u00d6RANDE: Margareth Wijk<\/p>\n","protected":false},"author":1,"featured_media":0,"parent":0,"menu_order":0,"comment_status":"closed","ping_status":"closed","template":"","meta":{"om_disable_all_campaigns":false,"_monsterinsights_skip_tracking":false,"_monsterinsights_sitenote_active":false,"_monsterinsights_sitenote_note":"","_monsterinsights_sitenote_category":0,"_uf_show_specific_survey":0,"_uf_disable_surveys":false,"footnotes":""},"class_list":["post-4076","page","type-page","status-publish","hentry"],"aioseo_notices":[],"rttpg_featured_image_url":null,"rttpg_author":{"display_name":"Super.admin","author_link":"https:\/\/alliancefr.se\/lund-malmo\/author\/admin2174\/"},"rttpg_comment":0,"rttpg_category":" <a href=\"https:\/\/alliancefr.se\/lund-malmo\/sv\/\" rel=\"tag\">Svenska<\/a>","rttpg_excerpt":"V\u00e5r styrelse Alliance Fran\u00e7aise Lund-Malm\u00f6 kombinerar tv\u00e5 allianser. Styrelseledam\u00f6terna arbetar ideellt och f\u00f6rdelar sina uppgifter enligt f\u00f6ljande: ORDF\u00d6RANDE: Gw\u00e9na\u00eblle Beynet Fr\u00f6jd VICEORDF\u00d6RANDE I LUND: Sigol\u00e8ne Loizeau VICEORDF\u00d6RANDE I MALM\u00d6: Do\u00efna Batraneau SEKRETERARE: Jens Riis KASS\u00d6R: Bettina Klingenheim STYRELSELEDAMOT: G\u00f6rel Nergelius HEDERSORDF\u00d6RANDE: Margareth Wijk","_links":{"self":[{"href":"https:\/\/alliancefr.se\/lund-malmo\/wp-json\/wp\/v2\/pages\/4076","targetHints":{"allow":["GET"]}}],"collection":[{"href":"https:\/\/alliancefr.se\/lund-malmo\/wp-json\/wp\/v2\/pages"}],"about":[{"href":"https:\/\/alliancefr.se\/lund-malmo\/wp-json\/wp\/v2\/types\/page"}],"author":[{"embeddable":true,"href":"https:\/\/alliancefr.se\/lund-malmo\/wp-json\/wp\/v2\/users\/1"}],"replies":[{"embeddable":true,"href":"https:\/\/alliancefr.se\/lund-malmo\/wp-json\/wp\/v2\/comments?post=4076"}],"version-history":[{"count":15,"href":"https:\/\/alliancefr.se\/lund-malmo\/wp-json\/wp\/v2\/pages\/4076\/revisions"}],"predecessor-version":[{"id":5179,"href":"https:\/\/alliancefr.se\/lund-malmo\/wp-json\/wp\/v2\/pages\/4076\/revisions\/5179"}],"wp:attachment":[{"href":"https:\/\/alliancefr.se\/lund-malmo\/wp-json\/wp\/v2\/media?parent=4076"}],"curies":[{"name":"wp","href":"https:\/\/api.w.org\/{rel}","templated":true}]}}