{"id":3866,"date":"2024-08-28T15:51:33","date_gmt":"2024-08-28T13:51:33","guid":{"rendered":"https:\/\/alliancefr.se\/stockholm\/?page_id=3866"},"modified":"2024-08-28T15:51:33","modified_gmt":"2024-08-28T13:51:33","slug":"natverket","status":"publish","type":"page","link":"https:\/\/alliancefr.se\/lund-malmo\/sv\/natverket\/","title":{"rendered":"N\u00e4tverket"},"content":{"rendered":"\t\t<div data-elementor-type=\"wp-page\" data-elementor-id=\"3866\" class=\"elementor elementor-3866\">\n\t\t\t\t<div class=\"elementor-element elementor-element-46b0598 e-flex e-con-boxed e-con e-parent\" data-id=\"46b0598\" data-element_type=\"container\">\n\t\t\t\t\t<div class=\"e-con-inner\">\n\t\t\t\t<div class=\"elementor-element elementor-element-241b11e elementor-widget elementor-widget-heading\" data-id=\"241b11e\" data-element_type=\"widget\" data-widget_type=\"heading.default\">\n\t\t\t\t<div class=\"elementor-widget-container\">\n\t\t\t\t\t<h6 class=\"elementor-heading-title elementor-size-default\">N\u00e4tverkets historia<\/h6>\t\t\t\t<\/div>\n\t\t\t\t<\/div>\n\t\t\t\t\t<\/div>\n\t\t\t\t<\/div>\n\t\t<div class=\"elementor-element elementor-element-4cbb8df e-flex e-con-boxed e-con e-parent\" data-id=\"4cbb8df\" data-element_type=\"container\">\n\t\t\t\t\t<div class=\"e-con-inner\">\n\t\t\t\t<div class=\"elementor-element elementor-element-905a3a1 elementor-widget elementor-widget-text-editor\" data-id=\"905a3a1\" data-element_type=\"widget\" data-widget_type=\"text-editor.default\">\n\t\t\t\t<div class=\"elementor-widget-container\">\n\t\t\t\t\t\t\t\t\t<div><p><span lang=\"SV\">Alliance Fran\u00e7aise grundades 1883 i Paris f\u00f6r att fr\u00e4mja det franska spr\u00e5ket och den franska kulturen runt hela v\u00e4rlden efter det franska nederlaget mot Preussen 1870. Det h\u00e4r fransktalande globala n\u00e4tverket fungerar p\u00e5 ett franchisesystem, som inneb\u00e4r att skapandet av en ny Alliance Fran\u00e7aise kommer fr\u00e5n ett lokalt initiativ och det inneb\u00e4r ocks\u00e5 att f\u00f6reningarna regleras av lokala lagar, \u00e4r sj\u00e4lvst\u00e4ndiga och finansierar sig sj\u00e4lv.<\/span><\/p><\/div><div><p><span lang=\"SV\">Idag omfattar n\u00e4tverket mer \u00e4n 800 Alliance Fran\u00e7aise i 136 l\u00e4nder. Det har som fr\u00e4mstam\u00e5l att ge kurser i franska och att erbjuda ett fransktalande kulturprogram. Sedan 2007 \u00e4r alla Alliance Fran\u00e7aise under beskydd av Fondation Alliance Fran\u00e7aise i Paris, som \u00e4r ett st\u00f6d och en referens f\u00f6r alla f\u00f6reningar.<\/span><\/p><\/div>\t\t\t\t\t\t\t\t<\/div>\n\t\t\t\t<\/div>\n\t\t\t\t\t<\/div>\n\t\t\t\t<\/div>\n\t\t<div class=\"elementor-element elementor-element-001ee52 e-flex e-con-boxed e-con e-parent\" data-id=\"001ee52\" data-element_type=\"container\">\n\t\t\t\t\t<div class=\"e-con-inner\">\n\t\t\t\t<div class=\"elementor-element elementor-element-51f116e elementor-widget elementor-widget-heading\" data-id=\"51f116e\" data-element_type=\"widget\" data-widget_type=\"heading.default\">\n\t\t\t\t<div class=\"elementor-widget-container\">\n\t\t\t\t\t<h6 class=\"elementor-heading-title elementor-size-default\">N\u00e4tverket i Sverige<\/h6>\t\t\t\t<\/div>\n\t\t\t\t<\/div>\n\t\t\t\t\t<\/div>\n\t\t\t\t<\/div>\n\t\t<div class=\"elementor-element elementor-element-6f2df1e e-flex e-con-boxed e-con e-parent\" data-id=\"6f2df1e\" data-element_type=\"container\">\n\t\t\t\t\t<div class=\"e-con-inner\">\n\t\t\t\t<div class=\"elementor-element elementor-element-173d8a0 elementor-widget elementor-widget-text-editor\" data-id=\"173d8a0\" data-element_type=\"widget\" data-widget_type=\"text-editor.default\">\n\t\t\t\t<div class=\"elementor-widget-container\">\n\t\t\t\t\t\t\t\t\t<div><p><span lang=\"SV\">I Stockholm grundades 1889 den f\u00f6rsta svenska Alliance Fran\u00e7aise. Den f\u00f6ljdes snabbt av Alliance Fran\u00e7aise i Uppsala och i G\u00f6teborg. Hittills har n\u00e4tverket Alliance Fran\u00e7aise i Sverige 17 allianser, spridda fr\u00e5n norr till s\u00f6der fr\u00e5n Ume\u00e5 till Lund. De Alliance Fran\u00e7aise i Sverige har en s\u00e4rskild st\u00e4llning i fr\u00e4mjandet av den fransktalande v\u00e4rlden. P\u00e5 grund av den st\u00f6rra svenska traditionen av studief\u00f6rbund som Medborgarskolan och Folkh\u00f6gskolan, erbjuder de svenska Alliance Fran\u00e7aise inga kurser i franska. Dock f\u00f6resl\u00e5r de m\u00e5nga aktiviteter och konferenser i franska och svenska om fransktalande kulturer. Som en del av samarbetet mellan de olika Alliance Fran\u00e7aise i Sverige, h\u00e5lls ett nationellt m\u00f6te varje \u00e5r i en n\u00e4tverksmedlems stad. H\u00e4r diskuteras tidigare och framtida projekt, s\u00e5som utveckling av partnerskap eller utbyte av f\u00f6rel\u00e4sare mellan de olika Alliance Fran\u00e7aise och st\u00e4der i Sverige.<\/span><\/p><\/div><p>\u00a0<\/p><article class=\"w-full text-token-text-primary focus-visible:outline-2 focus-visible:outline-offset-[-4px]\" dir=\"auto\" data-testid=\"conversation-turn-35\" data-scroll-anchor=\"true\"><div class=\"text-base my-auto mx-auto py-[18px] px-6\"><div class=\"mx-auto flex flex-1 text-base gap-4 md:gap-5 lg:gap-6 md:max-w-3xl\"><div class=\"group\/conversation-turn relative flex w-full min-w-0 flex-col agent-turn @xs\/thread:px-0 @sm\/thread:px-1.5 @md\/thread:px-4\"><div class=\"flex-col gap-1 md:gap-3\"><div class=\"flex max-w-full flex-col flex-grow\"><div class=\"min-h-8 text-message relative flex w-full flex-col items-end gap-2 whitespace-normal break-words text-start [.text-message+&amp;]:mt-5\" dir=\"auto\" data-message-author-role=\"assistant\" data-message-id=\"d823a1da-5e1a-488a-a583-5aef73d07bbc\" data-message-model-slug=\"gpt-4o\"><div class=\"flex w-full flex-col gap-1 empty:hidden first:pt-[3px]\"><div class=\"markdown prose w-full break-words dark:prose-invert dark\"><p data-start=\"0\" data-end=\"15\" data-is-last-node=\"\" data-is-only-node=\"\">L\u00e4r dig mer om :\u00a0<a href=\"https:\/\/www.tv5mondeplus.com\/fr\/langue-francaise\/histoire\/alliance-s-francaises\">https:\/\/www.tv5mondeplus.com\/fr\/langue-francaise\/histoire\/alliance-s-francaises<\/a><\/p><\/div><\/div><\/div><\/div><\/div><\/div><\/div><\/div><\/article>\t\t\t\t\t\t\t\t<\/div>\n\t\t\t\t<\/div>\n\t\t\t\t\t<\/div>\n\t\t\t\t<\/div>\n\t\t<div class=\"elementor-element elementor-element-98a2383 e-flex e-con-boxed e-con e-parent\" data-id=\"98a2383\" data-element_type=\"container\">\n\t\t\t\t\t<div class=\"e-con-inner\">\n\t\t\t\t<div class=\"elementor-element elementor-element-e8aa048 elementor-widget elementor-widget-html\" data-id=\"e8aa048\" data-element_type=\"widget\" data-widget_type=\"html.default\">\n\t\t\t\t<div class=\"elementor-widget-container\">\n\t\t\t\t\t<iframe src=\"https:\/\/www.google.com\/maps\/d\/u\/0\/embed?mid=1-Yn-iFEIDAYmm-9Ljx97FtBfG59mbLk&ehbc=2E312F&noprof=1\" width=\"640\" height=\"480\"><\/iframe>\t\t\t\t<\/div>\n\t\t\t\t<\/div>\n\t\t\t\t\t<\/div>\n\t\t\t\t<\/div>\n\t\t\t\t<\/div>\n\t\t","protected":false},"excerpt":{"rendered":"<p>N\u00e4tverkets historia Alliance Fran\u00e7aise grundades 1883 i Paris f\u00f6r att fr\u00e4mja det franska spr\u00e5ket och den franska kulturen runt hela v\u00e4rlden efter det franska nederlaget mot Preussen 1870. Det h\u00e4r fransktalande globala n\u00e4tverket fungerar p\u00e5 ett franchisesystem, som inneb\u00e4r att skapandet av en ny Alliance Fran\u00e7aise kommer fr\u00e5n ett lokalt initiativ och det inneb\u00e4r ocks\u00e5 att f\u00f6reningarna regleras av lokala lagar, \u00e4r sj\u00e4lvst\u00e4ndiga och finansierar sig sj\u00e4lv. Idag omfattar n\u00e4tverket mer \u00e4n 800 Alliance Fran\u00e7aise i 136 l\u00e4nder. Det har som fr\u00e4mstam\u00e5l att ge kurser i franska och att erbjuda ett fransktalande kulturprogram. Sedan 2007 \u00e4r alla Alliance Fran\u00e7aise under beskydd av Fondation Alliance Fran\u00e7aise i Paris, som \u00e4r ett st\u00f6d och en referens f\u00f6r alla f\u00f6reningar. N\u00e4tverket i Sverige I Stockholm grundades 1889 den f\u00f6rsta svenska Alliance Fran\u00e7aise. Den f\u00f6ljdes snabbt av Alliance Fran\u00e7aise i Uppsala och i G\u00f6teborg. Hittills har n\u00e4tverket Alliance Fran\u00e7aise i Sverige 17 allianser, spridda fr\u00e5n norr till s\u00f6der fr\u00e5n Ume\u00e5 till Lund. De Alliance Fran\u00e7aise i Sverige har en s\u00e4rskild st\u00e4llning i fr\u00e4mjandet av den fransktalande v\u00e4rlden. P\u00e5 grund av den st\u00f6rra svenska traditionen av studief\u00f6rbund som Medborgarskolan och Folkh\u00f6gskolan, erbjuder de svenska Alliance Fran\u00e7aise inga kurser i franska. Dock f\u00f6resl\u00e5r de m\u00e5nga aktiviteter och konferenser i franska och svenska om fransktalande kulturer. Som en del av samarbetet mellan de olika Alliance Fran\u00e7aise i Sverige, h\u00e5lls ett nationellt m\u00f6te varje \u00e5r i en n\u00e4tverksmedlems stad. H\u00e4r diskuteras tidigare och framtida projekt, s\u00e5som utveckling av partnerskap eller utbyte av f\u00f6rel\u00e4sare mellan de olika Alliance Fran\u00e7aise och st\u00e4der i Sverige. \u00a0 L\u00e4r dig mer om :\u00a0https:\/\/www.tv5mondeplus.com\/fr\/langue-francaise\/histoire\/alliance-s-francaises<\/p>\n","protected":false},"author":1,"featured_media":0,"parent":0,"menu_order":0,"comment_status":"closed","ping_status":"closed","template":"","meta":{"om_disable_all_campaigns":false,"_monsterinsights_skip_tracking":false,"_monsterinsights_sitenote_active":false,"_monsterinsights_sitenote_note":"","_monsterinsights_sitenote_category":0,"_uf_show_specific_survey":0,"_uf_disable_surveys":false,"footnotes":""},"class_list":["post-3866","page","type-page","status-publish","hentry"],"aioseo_notices":[],"rttpg_featured_image_url":null,"rttpg_author":{"display_name":"Super.admin","author_link":"https:\/\/alliancefr.se\/lund-malmo\/author\/admin2174\/"},"rttpg_comment":0,"rttpg_category":" <a href=\"https:\/\/alliancefr.se\/lund-malmo\/sv\/\" rel=\"tag\">Svenska<\/a>","rttpg_excerpt":"N\u00e4tverkets historia Alliance Fran\u00e7aise grundades 1883 i Paris f\u00f6r att fr\u00e4mja det franska spr\u00e5ket och den franska kulturen runt hela v\u00e4rlden efter det franska nederlaget mot Preussen 1870. Det h\u00e4r fransktalande globala n\u00e4tverket fungerar p\u00e5 ett franchisesystem, som inneb\u00e4r att skapandet av en ny Alliance Fran\u00e7aise kommer fr\u00e5n ett lokalt initiativ och det inneb\u00e4r ocks\u00e5\u2026","_links":{"self":[{"href":"https:\/\/alliancefr.se\/lund-malmo\/wp-json\/wp\/v2\/pages\/3866","targetHints":{"allow":["GET"]}}],"collection":[{"href":"https:\/\/alliancefr.se\/lund-malmo\/wp-json\/wp\/v2\/pages"}],"about":[{"href":"https:\/\/alliancefr.se\/lund-malmo\/wp-json\/wp\/v2\/types\/page"}],"author":[{"embeddable":true,"href":"https:\/\/alliancefr.se\/lund-malmo\/wp-json\/wp\/v2\/users\/1"}],"replies":[{"embeddable":true,"href":"https:\/\/alliancefr.se\/lund-malmo\/wp-json\/wp\/v2\/comments?post=3866"}],"version-history":[{"count":0,"href":"https:\/\/alliancefr.se\/lund-malmo\/wp-json\/wp\/v2\/pages\/3866\/revisions"}],"wp:attachment":[{"href":"https:\/\/alliancefr.se\/lund-malmo\/wp-json\/wp\/v2\/media?parent=3866"}],"curies":[{"name":"wp","href":"https:\/\/api.w.org\/{rel}","templated":true}]}}