{"id":3722,"date":"2024-08-27T14:00:39","date_gmt":"2024-08-27T12:00:39","guid":{"rendered":"https:\/\/alliancefr.se\/stockholm\/?page_id=3722"},"modified":"2024-08-27T14:00:39","modified_gmt":"2024-08-27T12:00:39","slug":"le-reseau-des-af","status":"publish","type":"page","link":"https:\/\/alliancefr.se\/lund-malmo\/le-reseau-des-af\/","title":{"rendered":"Le r\u00e9seau des AF"},"content":{"rendered":"\t\t<div data-elementor-type=\"wp-page\" data-elementor-id=\"3722\" class=\"elementor elementor-3722\">\n\t\t\t\t<div class=\"elementor-element elementor-element-3541248 e-flex e-con-boxed e-con e-parent\" data-id=\"3541248\" data-element_type=\"container\">\n\t\t\t\t\t<div class=\"e-con-inner\">\n\t\t\t\t\t<\/div>\n\t\t\t\t<\/div>\n\t\t<div class=\"elementor-element elementor-element-13b99ce e-flex e-con-boxed e-con e-parent\" data-id=\"13b99ce\" data-element_type=\"container\">\n\t\t\t\t\t<div class=\"e-con-inner\">\n\t\t\t\t<div class=\"elementor-element elementor-element-99bf872 elementor-widget elementor-widget-heading\" data-id=\"99bf872\" data-element_type=\"widget\" data-widget_type=\"heading.default\">\n\t\t\t\t<div class=\"elementor-widget-container\">\n\t\t\t\t\t<h6 class=\"elementor-heading-title elementor-size-default\">Les Alliances Fran\u00e7aises de Su\u00e8de<\/h6>\t\t\t\t<\/div>\n\t\t\t\t<\/div>\n\t\t\t\t<div class=\"elementor-element elementor-element-60e6334 elementor-widget elementor-widget-text-editor\" data-id=\"60e6334\" data-element_type=\"widget\" data-widget_type=\"text-editor.default\">\n\t\t\t\t<div class=\"elementor-widget-container\">\n\t\t\t\t\t\t\t\t\t<p style=\"font-weight: 400;\">En Su\u00e8de, la premi\u00e8re Alliance Fran\u00e7aise a \u00e9t\u00e9 cr\u00e9\u00e9e \u00e0 Stockholm en 1889, et a \u00e9t\u00e9 rapidement suivie par celles d\u2019Uppsala et de G\u00f6teborg. A ce jour, le r\u00e9seau Alliance Fran\u00e7aise de Su\u00e8de compte 17 alliances, r\u00e9parties du nord au sud de Ume\u00e5 \u00e0 Lund. Elles font partie des Alliances fran\u00e7aises avec un statut particulier dans la promotion de la francophonie. En effet, en raison de la tradition tr\u00e8s ancr\u00e9e en Su\u00e8de des f\u00e9d\u00e9rations d\u2019\u00e9ducation populaire que sont Medborgarskolan et Folkh\u00f6gskolan, les Alliances su\u00e9doises ne donnent pas de cours de fran\u00e7ais. Elles proposent en revanche de nombreuses activit\u00e9s et conf\u00e9rences en fran\u00e7ais et en su\u00e9dois autour des cultures francophones. Dans le cadre de la coop\u00e9ration entres les Alliances Fran\u00e7aises de Su\u00e8de, une r\u00e9union nationale est tenue chaque ann\u00e9e dans une ville du r\u00e9seau. Sont discut\u00e9s les projets pass\u00e9s et \u00e0 venir, comme par exemple le d\u00e9veloppement des partenariats ou la circulation des conf\u00e9renciers entre les diff\u00e9rentes Alliances et villes de Su\u00e8de.<\/p>\t\t\t\t\t\t\t\t<\/div>\n\t\t\t\t<\/div>\n\t\t\t\t\t<\/div>\n\t\t\t\t<\/div>\n\t\t<div class=\"elementor-element elementor-element-4567b14 e-flex e-con-boxed e-con e-parent\" data-id=\"4567b14\" data-element_type=\"container\">\n\t\t\t\t\t<div class=\"e-con-inner\">\n\t\t\t\t<div class=\"elementor-element elementor-element-edcf094 elementor-widget elementor-widget-heading\" data-id=\"edcf094\" data-element_type=\"widget\" data-widget_type=\"heading.default\">\n\t\t\t\t<div class=\"elementor-widget-container\">\n\t\t\t\t\t<h6 class=\"elementor-heading-title elementor-size-default\">L'histoire du r\u00e9seau des Alliances<\/h6>\t\t\t\t<\/div>\n\t\t\t\t<\/div>\n\t\t\t\t\t<\/div>\n\t\t\t\t<\/div>\n\t\t<div class=\"elementor-element elementor-element-a33e609 e-flex e-con-boxed e-con e-parent\" data-id=\"a33e609\" data-element_type=\"container\">\n\t\t\t\t\t<div class=\"e-con-inner\">\n\t\t\t\t<div class=\"elementor-element elementor-element-ee371fa elementor-widget elementor-widget-text-editor\" data-id=\"ee371fa\" data-element_type=\"widget\" data-widget_type=\"text-editor.default\">\n\t\t\t\t<div class=\"elementor-widget-container\">\n\t\t\t\t\t\t\t\t\t<p style=\"font-weight: 400;\">L\u2019Alliance Fran\u00e7aise a \u00e9t\u00e9 fond\u00e9e en 1883 \u00e0 Paris, pour promouvoir la langue et la culture fran\u00e7aise \u00e0 travers le monde suite \u00e0 la d\u00e9faite de la France face \u00e0 la Prusse en 1870. Ce r\u00e9seau mondial francophone fonctionne sur un syst\u00e8me de franchise, c\u2019est \u00e0 dire que la cr\u00e9ation d\u2019une nouvelle Alliance Fran\u00e7aise provient d\u2019une initiative locale, et que les associations, qui sont r\u00e9gies par le droit local sont autonomes et se financent elles-m\u00eames. Aujourd\u2019hui le r\u00e9seau comporte plus de 800 Alliances Fran\u00e7aises r\u00e9parties dans 136 pays. Elles ont vocation \u00e0 donner des cours de fran\u00e7ais, et \u00e0 proposer un programme culturel francophone. Depuis 2007, les Alliances Fran\u00e7aises du monde entier sont r\u00e9unies autour de la Fondation Alliance Fran\u00e7aise, qui est un soutien et une r\u00e9f\u00e9rence pour toutes les associations.<\/p><p>\u00a0<\/p><p>D\u00e9couvrez-en plus sur : <a href=\"https:\/\/www.tv5mondeplus.com\/fr\/langue-francaise\/histoire\/alliance-s-francaises\">https:\/\/www.tv5mondeplus.com\/fr\/langue-francaise\/histoire\/alliance-s-francaises<\/a><\/p>\t\t\t\t\t\t\t\t<\/div>\n\t\t\t\t<\/div>\n\t\t\t\t\t<\/div>\n\t\t\t\t<\/div>\n\t\t<div class=\"elementor-element elementor-element-26f6f3a e-flex e-con-boxed e-con e-parent\" data-id=\"26f6f3a\" data-element_type=\"container\">\n\t\t\t\t\t<div class=\"e-con-inner\">\n\t\t\t\t<div class=\"elementor-element elementor-element-f944646 elementor-widget elementor-widget-html\" data-id=\"f944646\" data-element_type=\"widget\" data-widget_type=\"html.default\">\n\t\t\t\t<div class=\"elementor-widget-container\">\n\t\t\t\t\t<iframe src=\"https:\/\/www.google.com\/maps\/d\/u\/0\/embed?mid=1-Yn-iFEIDAYmm-9Ljx97FtBfG59mbLk&ehbc=2E312F&noprof=1\" width=\"640\" height=\"480\"><\/iframe>\t\t\t\t<\/div>\n\t\t\t\t<\/div>\n\t\t\t\t\t<\/div>\n\t\t\t\t<\/div>\n\t\t\t\t<\/div>\n\t\t","protected":false},"excerpt":{"rendered":"<p>Les Alliances Fran\u00e7aises de Su\u00e8de En Su\u00e8de, la premi\u00e8re Alliance Fran\u00e7aise a \u00e9t\u00e9 cr\u00e9\u00e9e \u00e0 Stockholm en 1889, et a \u00e9t\u00e9 rapidement suivie par celles d\u2019Uppsala et de G\u00f6teborg. A ce jour, le r\u00e9seau Alliance Fran\u00e7aise de Su\u00e8de compte 17 alliances, r\u00e9parties du nord au sud de Ume\u00e5 \u00e0 Lund. Elles font partie des Alliances fran\u00e7aises avec un statut particulier dans la promotion de la francophonie. En effet, en raison de la tradition tr\u00e8s ancr\u00e9e en Su\u00e8de des f\u00e9d\u00e9rations d\u2019\u00e9ducation populaire que sont Medborgarskolan et Folkh\u00f6gskolan, les Alliances su\u00e9doises ne donnent pas de cours de fran\u00e7ais. Elles proposent en revanche de nombreuses activit\u00e9s et conf\u00e9rences en fran\u00e7ais et en su\u00e9dois autour des cultures francophones. Dans le cadre de la coop\u00e9ration entres les Alliances Fran\u00e7aises de Su\u00e8de, une r\u00e9union nationale est tenue chaque ann\u00e9e dans une ville du r\u00e9seau. Sont discut\u00e9s les projets pass\u00e9s et \u00e0 venir, comme par exemple le d\u00e9veloppement des partenariats ou la circulation des conf\u00e9renciers entre les diff\u00e9rentes Alliances et villes de Su\u00e8de. L&rsquo;histoire du r\u00e9seau des Alliances L\u2019Alliance Fran\u00e7aise a \u00e9t\u00e9 fond\u00e9e en 1883 \u00e0 Paris, pour promouvoir la langue et la culture fran\u00e7aise \u00e0 travers le monde suite \u00e0 la d\u00e9faite de la France face \u00e0 la Prusse en 1870. Ce r\u00e9seau mondial francophone fonctionne sur un syst\u00e8me de franchise, c\u2019est \u00e0 dire que la cr\u00e9ation d\u2019une nouvelle Alliance Fran\u00e7aise provient d\u2019une initiative locale, et que les associations, qui sont r\u00e9gies par le droit local sont autonomes et se financent elles-m\u00eames. Aujourd\u2019hui le r\u00e9seau comporte plus de 800 Alliances Fran\u00e7aises r\u00e9parties dans 136 pays. Elles ont vocation \u00e0 donner des cours de fran\u00e7ais, et \u00e0 proposer un programme culturel francophone. Depuis 2007, les Alliances Fran\u00e7aises du monde entier sont r\u00e9unies autour de la Fondation Alliance Fran\u00e7aise, qui est un soutien et une r\u00e9f\u00e9rence pour toutes les associations. \u00a0 D\u00e9couvrez-en plus sur : https:\/\/www.tv5mondeplus.com\/fr\/langue-francaise\/histoire\/alliance-s-francaises<\/p>\n","protected":false},"author":1,"featured_media":0,"parent":0,"menu_order":0,"comment_status":"closed","ping_status":"closed","template":"","meta":{"om_disable_all_campaigns":false,"_monsterinsights_skip_tracking":false,"_monsterinsights_sitenote_active":false,"_monsterinsights_sitenote_note":"","_monsterinsights_sitenote_category":0,"_uf_show_specific_survey":0,"_uf_disable_surveys":false,"footnotes":""},"class_list":["post-3722","page","type-page","status-publish","hentry"],"aioseo_notices":[],"rttpg_featured_image_url":null,"rttpg_author":{"display_name":"Super.admin","author_link":"https:\/\/alliancefr.se\/lund-malmo\/author\/admin2174\/"},"rttpg_comment":0,"rttpg_category":" <a href=\"https:\/\/alliancefr.se\/lund-malmo\/\" rel=\"tag\">Fran\u00e7ais<\/a>","rttpg_excerpt":"Les Alliances Fran\u00e7aises de Su\u00e8de En Su\u00e8de, la premi\u00e8re Alliance Fran\u00e7aise a \u00e9t\u00e9 cr\u00e9\u00e9e \u00e0 Stockholm en 1889, et a \u00e9t\u00e9 rapidement suivie par celles d\u2019Uppsala et de G\u00f6teborg. A ce jour, le r\u00e9seau Alliance Fran\u00e7aise de Su\u00e8de compte 17 alliances, r\u00e9parties du nord au sud de Ume\u00e5 \u00e0 Lund. Elles font partie des Alliances\u2026","_links":{"self":[{"href":"https:\/\/alliancefr.se\/lund-malmo\/wp-json\/wp\/v2\/pages\/3722","targetHints":{"allow":["GET"]}}],"collection":[{"href":"https:\/\/alliancefr.se\/lund-malmo\/wp-json\/wp\/v2\/pages"}],"about":[{"href":"https:\/\/alliancefr.se\/lund-malmo\/wp-json\/wp\/v2\/types\/page"}],"author":[{"embeddable":true,"href":"https:\/\/alliancefr.se\/lund-malmo\/wp-json\/wp\/v2\/users\/1"}],"replies":[{"embeddable":true,"href":"https:\/\/alliancefr.se\/lund-malmo\/wp-json\/wp\/v2\/comments?post=3722"}],"version-history":[{"count":1,"href":"https:\/\/alliancefr.se\/lund-malmo\/wp-json\/wp\/v2\/pages\/3722\/revisions"}],"predecessor-version":[{"id":5146,"href":"https:\/\/alliancefr.se\/lund-malmo\/wp-json\/wp\/v2\/pages\/3722\/revisions\/5146"}],"wp:attachment":[{"href":"https:\/\/alliancefr.se\/lund-malmo\/wp-json\/wp\/v2\/media?parent=3722"}],"curies":[{"name":"wp","href":"https:\/\/api.w.org\/{rel}","templated":true}]}}