{"id":45,"date":"2024-10-30T11:44:00","date_gmt":"2024-10-30T10:44:00","guid":{"rendered":"https:\/\/alliancefr.se\/lulea\/?page_id=45"},"modified":"2025-03-23T19:54:32","modified_gmt":"2025-03-23T18:54:32","slug":"om-oss","status":"publish","type":"page","link":"https:\/\/alliancefr.se\/lulea\/sv\/om-oss\/","title":{"rendered":"Om oss"},"content":{"rendered":"\n<p>Alliance Fran\u00e7aise de Lule\u00e5 \u00e4r en ideell f\u00f6rening som syftar till att sprida och fr\u00e4mja det franska spr\u00e5ket och den franskspr\u00e5kiga kulturen i Lule\u00e5 och Norrbotten. Vi \u00e4r en del av det globala n\u00e4tverket Alliance Fran\u00e7aise, som grundades i Paris 1883 och idag har \u00f6ver 800 f\u00f6reningar v\u00e4rlden \u00f6ver.<\/p>\n\n\n\n<p>I Lule\u00e5 arrangerar vi kulturella och spr\u00e5kliga aktiviteter f\u00f6r att fr\u00e4mja utbyte och f\u00f6rst\u00e5else mellan fransktalande och svensktalande. Vi samarbetar med lokala och internationella akt\u00f6rer f\u00f6r att skapa en levande och dynamisk m\u00f6tesplats.<\/p>\n\n\n\n<p>V\u00e4lkommen att bli medlem och ta del av v\u00e5ra evenemang!<\/p>\n","protected":false},"excerpt":{"rendered":"<p>Alliance Fran\u00e7aise de Lule\u00e5 \u00e4r en ideell f\u00f6rening som syftar till att sprida och fr\u00e4mja det franska spr\u00e5ket och den franskspr\u00e5kiga kulturen i Lule\u00e5 och Norrbotten. Vi \u00e4r en del av det globala n\u00e4tverket Alliance Fran\u00e7aise, som grundades i Paris 1883 och idag har \u00f6ver 800 f\u00f6reningar v\u00e4rlden \u00f6ver. I Lule\u00e5 arrangerar vi kulturella och spr\u00e5kliga aktiviteter f\u00f6r att fr\u00e4mja utbyte och f\u00f6rst\u00e5else mellan fransktalande och svensktalande. Vi samarbetar med lokala och internationella akt\u00f6rer f\u00f6r att skapa en levande och dynamisk m\u00f6tesplats. V\u00e4lkommen att bli medlem och ta del av v\u00e5ra evenemang!<\/p>\n","protected":false},"author":1,"featured_media":0,"parent":0,"menu_order":0,"comment_status":"closed","ping_status":"closed","template":"","meta":{"om_disable_all_campaigns":false,"_monsterinsights_skip_tracking":false,"_monsterinsights_sitenote_active":false,"_monsterinsights_sitenote_note":"","_monsterinsights_sitenote_category":0,"_uf_show_specific_survey":0,"_uf_disable_surveys":false,"footnotes":""},"class_list":["post-45","page","type-page","status-publish","hentry"],"aioseo_notices":[],"rttpg_featured_image_url":null,"rttpg_author":{"display_name":"Super.admin","author_link":"https:\/\/alliancefr.se\/lulea\/author\/admin2174\/"},"rttpg_comment":0,"rttpg_category":" <a href=\"https:\/\/alliancefr.se\/lulea\/sv\/\" rel=\"tag\">Svenska<\/a>","rttpg_excerpt":"Alliance Fran\u00e7aise de Lule\u00e5 \u00e4r en ideell f\u00f6rening som syftar till att sprida och fr\u00e4mja det franska spr\u00e5ket och den franskspr\u00e5kiga kulturen i Lule\u00e5 och Norrbotten. Vi \u00e4r en del av det globala n\u00e4tverket Alliance Fran\u00e7aise, som grundades i Paris 1883 och idag har \u00f6ver 800 f\u00f6reningar v\u00e4rlden \u00f6ver. I Lule\u00e5 arrangerar vi kulturella och\u2026","_links":{"self":[{"href":"https:\/\/alliancefr.se\/lulea\/wp-json\/wp\/v2\/pages\/45","targetHints":{"allow":["GET"]}}],"collection":[{"href":"https:\/\/alliancefr.se\/lulea\/wp-json\/wp\/v2\/pages"}],"about":[{"href":"https:\/\/alliancefr.se\/lulea\/wp-json\/wp\/v2\/types\/page"}],"author":[{"embeddable":true,"href":"https:\/\/alliancefr.se\/lulea\/wp-json\/wp\/v2\/users\/1"}],"replies":[{"embeddable":true,"href":"https:\/\/alliancefr.se\/lulea\/wp-json\/wp\/v2\/comments?post=45"}],"version-history":[{"count":2,"href":"https:\/\/alliancefr.se\/lulea\/wp-json\/wp\/v2\/pages\/45\/revisions"}],"predecessor-version":[{"id":124,"href":"https:\/\/alliancefr.se\/lulea\/wp-json\/wp\/v2\/pages\/45\/revisions\/124"}],"wp:attachment":[{"href":"https:\/\/alliancefr.se\/lulea\/wp-json\/wp\/v2\/media?parent=45"}],"curies":[{"name":"wp","href":"https:\/\/api.w.org\/{rel}","templated":true}]}}