{"id":41,"date":"2024-10-30T11:40:48","date_gmt":"2024-10-30T10:40:48","guid":{"rendered":"https:\/\/alliancefr.se\/lulea\/?page_id=41"},"modified":"2025-03-23T20:27:39","modified_gmt":"2025-03-23T19:27:39","slug":"bli-medlem","status":"publish","type":"page","link":"https:\/\/alliancefr.se\/lulea\/sv\/bli-medlem\/","title":{"rendered":"Bli medlem"},"content":{"rendered":"\n<p>Vill du bli medlem i Alliance Fran\u00e7aise de Lule\u00e5?<\/p>\n\n\n\n<p>Medlemskap (individuellt): 150 SEK<\/p>\n\n\n\n<p>Medlemskap (familj): 250 SEK<\/p>\n\n\n\n<p>Swish: 123-194 43 62<\/p>\n\n\n\n<p>Bankgiro: 797-0288<\/p>\n\n\n\n<p>S\u00e4nd dina uppgifter till lulea@alliancefr.se&nbsp;<em>(f\u00f6r- och efternamn, epost och mobilnummer)<\/em>.<\/p>\n\n\n\n<p><a href=\"https:\/\/www.facebook.com\/profile.php?id=61562738370025\"><\/a><\/p>\n","protected":false},"excerpt":{"rendered":"<p>Vill du bli medlem i Alliance Fran\u00e7aise de Lule\u00e5? Medlemskap (individuellt): 150 SEK Medlemskap (familj): 250 SEK Swish: 123-194 43 62 Bankgiro: 797-0288 S\u00e4nd dina uppgifter till lulea@alliancefr.se&nbsp;(f\u00f6r- och efternamn, epost och mobilnummer).<\/p>\n","protected":false},"author":1,"featured_media":0,"parent":0,"menu_order":0,"comment_status":"closed","ping_status":"closed","template":"","meta":{"om_disable_all_campaigns":false,"_monsterinsights_skip_tracking":false,"_monsterinsights_sitenote_active":false,"_monsterinsights_sitenote_note":"","_monsterinsights_sitenote_category":0,"_uf_show_specific_survey":0,"_uf_disable_surveys":false,"footnotes":""},"class_list":["post-41","page","type-page","status-publish","hentry"],"aioseo_notices":[],"rttpg_featured_image_url":null,"rttpg_author":{"display_name":"Super.admin","author_link":"https:\/\/alliancefr.se\/lulea\/author\/admin2174\/"},"rttpg_comment":0,"rttpg_category":" <a href=\"https:\/\/alliancefr.se\/lulea\/sv\/\" rel=\"tag\">Svenska<\/a>","rttpg_excerpt":"Vill du bli medlem i Alliance Fran\u00e7aise de Lule\u00e5? Medlemskap (individuellt): 150 SEK Medlemskap (familj): 250 SEK Swish: 123-194 43 62 Bankgiro: 797-0288 S\u00e4nd dina uppgifter till lulea@alliancefr.se&nbsp;(f\u00f6r- och efternamn, epost och mobilnummer).","_links":{"self":[{"href":"https:\/\/alliancefr.se\/lulea\/wp-json\/wp\/v2\/pages\/41","targetHints":{"allow":["GET"]}}],"collection":[{"href":"https:\/\/alliancefr.se\/lulea\/wp-json\/wp\/v2\/pages"}],"about":[{"href":"https:\/\/alliancefr.se\/lulea\/wp-json\/wp\/v2\/types\/page"}],"author":[{"embeddable":true,"href":"https:\/\/alliancefr.se\/lulea\/wp-json\/wp\/v2\/users\/1"}],"replies":[{"embeddable":true,"href":"https:\/\/alliancefr.se\/lulea\/wp-json\/wp\/v2\/comments?post=41"}],"version-history":[{"count":3,"href":"https:\/\/alliancefr.se\/lulea\/wp-json\/wp\/v2\/pages\/41\/revisions"}],"predecessor-version":[{"id":130,"href":"https:\/\/alliancefr.se\/lulea\/wp-json\/wp\/v2\/pages\/41\/revisions\/130"}],"wp:attachment":[{"href":"https:\/\/alliancefr.se\/lulea\/wp-json\/wp\/v2\/media?parent=41"}],"curies":[{"name":"wp","href":"https:\/\/api.w.org\/{rel}","templated":true}]}}